{"id":1324,"date":"2024-10-24T23:18:24","date_gmt":"2024-10-24T15:18:24","guid":{"rendered":"https:\/\/shop.yipinqian.com\/product\/crafted-as-pixiu-light-green-natural-type-a-jadeite-jade-pendant-necklace-with-certificate-weigh-18-41-grams-measurement-38-3-21-6-11-mm-pendant178\/"},"modified":"2025-01-26T00:00:47","modified_gmt":"2025-01-25T16:00:47","slug":"crafted-as-pixiu-light-green-natural-type-a-jadeite-jade-pendant-necklace-with-certificate-weigh-18-41-grams-measurement-38-3-21-6-11-mm-pendant178","status":"publish","type":"product","link":"https:\/\/shop.yipinqian.com\/fr\/produit\/crafted-as-pixiu-light-green-natural-type-a-jadeite-jade-pendant-necklace-with-certificate-weigh-18-41-grams-measurement-38-3-21-6-11-mm-pendant178\/","title":{"rendered":"Collier pendentif en jade jad\u00e9ite naturelle de type A vert clair Pixiu avec certificat pesant 18,41 grammes, mesurant 38,3 * 21,6 * 11 mm (pendentif 178)"},"content":{"rendered":"<p>Ce collier pendentif en jade jad\u00e9ite naturelle de type A vert clair Pixiu est l&#039;accessoire parfait \u00e0 porter au quotidien. Fabriqu\u00e9 avec pr\u00e9cision, c&#039;est un bijou exquis qui rehaussera votre look.<\/p>\n<p><\/p>\n<p><strong>Num\u00e9ros de certificat : ZS24031003173<\/strong><\/p>\n<ul>\n<li>\n<strong>Authenticit\u00e9:<\/strong> Ce collier est accompagn\u00e9 d&#039;un certificat d&#039;authenticit\u00e9, garantissant que vous obtenez la vraie affaire.<\/li>\n<li>\n<strong>Qualit\u00e9:<\/strong> Fabriqu\u00e9 \u00e0 partir de jade jad\u00e9ite naturel de type A de haute qualit\u00e9, ce collier pendentif a un poids de 18,41 grammes et mesure 38,3 * 21,6 * 11 mm (pendentif178).<\/li>\n<li>\n<strong>Type de jade :<\/strong> Le jade utilis\u00e9 dans ce collier pendentif est une jad\u00e9ite de type A authentique et rare du Myanmar.<\/li>\n<\/ul>\n<p>Ce collier de style d\u00e9contract\u00e9 peut \u00eatre port\u00e9 par les hommes et les femmes pour toutes les occasions, qu&#039;elles soient formelles ou informelles.<\/p>\n<ul>\n<li>\n<strong>Con\u00e7u pour durer :<\/strong>Ce produit n&#039;est couvert par aucune garantie car il a \u00e9t\u00e9 con\u00e7u pour durer longtemps sans aucun d\u00e9faut ni dommage.<\/li>\n<\/ul>\n<p>Ajoutez une touche d&#039;\u00e9l\u00e9gance \u00e0 votre collection de bijoux aujourd&#039;hui avec ce collier pendentif en jade jad\u00e9ite naturelle de type A vert clair Pixiu !<\/p>\n<p><\/p>\n<p>Yi Pin Qian \u2013 N\u00e9gociant en pierres pr\u00e9cieuses et m\u00e9taux pr\u00e9cieux \u00e0 Singapour \u2013 Num\u00e9ro de licence PS20190000031<\/p>\n<p><\/p>\n<p>*Toutes les jad\u00e9ites achet\u00e9es chez Yi Pin Qian \u00e0 Singapour, les clients peuvent r\u00e9server des cr\u00e9neaux pour le polissage ou une r\u00e9paration mineure en cas de mauvaise manipulation - des frais s&#039;appliquent et uniquement pour les clients de Yi Pin Qian \u00e0 Singapour*<\/p>\n<p><\/p>\n<p><strong>**Types de certificats**<\/strong><\/p>\n<p><\/p>\n<p><strong>NGI (Nan Yang Gemmologie)<\/strong><\/p>\n<p>ou <strong>Certificats \u00e9trangers <\/strong>(Yi Pin Qian utilise uniquement des certificats authentiques provenant de laboratoires \u00e9trangers et contr\u00f4le \u00e9galement la qualit\u00e9 de chacun de nos produits avant de les mettre en vente \u00e0 Singapour)<\/p>\n<p><\/p>\n<p>Chaque produit sur TikTok aura le type de certificat fourni indiqu\u00e9 dans la description. Pour tout client souhaitant envoyer sa commande \u00e0 NGI Singapore, il y aura un d\u00e9lai d&#039;attente pour la livraison de la commande estim\u00e9 \u00e0 environ 4 semaines pour recevoir votre commande. <strong>Les demandes de rapport sur les pierres pr\u00e9cieuses NGI doivent \u00eatre effectu\u00e9es en envoyant un message \u00e0 la boutique TikTok de Yi Pin Qian.<\/strong> Merci, <strong><u>des frais suppl\u00e9mentaires s&#039;appliquent<\/u><\/strong>.<\/p>\n<p><\/p>\n<p><strong>La jad\u00e9ite naturelle n&#039;est pas parfaite, juste un petit rappel : notre jad\u00e9ite naturelle, comme toutes les belles choses de la nature, poss\u00e8de ses caract\u00e9ristiques et ses variations uniques. Nous invitons nos pr\u00e9cieux clients \u00e0 adopter ces variations naturelles. Bon shopping !<\/strong><\/p>\n<p><\/p>\n<p><strong><u>Aucune des photos et des s\u00e9quences vid\u00e9o n&#039;a \u00e9t\u00e9 filtr\u00e9e. Nous encourageons nos clients \u00e0 regarder \u00e9galement les vid\u00e9os d&#039;accompagnement pour une vue plus compl\u00e8te de nos produits<\/u><\/strong><\/p>","protected":false},"excerpt":{"rendered":"<p>Ce collier pendentif en jade jad\u00e9ite naturelle de type A vert clair Pixiu est l&#039;accessoire parfait \u00e0 porter au quotidien. Fabriqu\u00e9 avec pr\u00e9cision, c&#039;est un bijou exquis qui rehaussera votre look. Num\u00e9ros de certificat : ZS24031003173 Authenticit\u00e9 : Ce collier est accompagn\u00e9 d&#039;un certificat d&#039;authenticit\u00e9, vous garantissant ainsi un produit authentique. Qualit\u00e9 : Fabriqu\u00e9 [\u2026]<\/p>","protected":false},"featured_media":3187,"comment_status":"open","ping_status":"closed","template":"","meta":[],"product_brand":[],"product_cat":[48],"product_tag":[],"class_list":{"0":"post-1324","1":"product","2":"type-product","3":"status-publish","4":"has-post-thumbnail","6":"product_cat-pendants","8":"first","9":"instock","10":"sale","11":"shipping-taxable","12":"purchasable","13":"product-type-simple"},"_links":{"self":[{"href":"https:\/\/shop.yipinqian.com\/fr\/wp-json\/wp\/v2\/product\/1324","targetHints":{"allow":["GET"]}}],"collection":[{"href":"https:\/\/shop.yipinqian.com\/fr\/wp-json\/wp\/v2\/product"}],"about":[{"href":"https:\/\/shop.yipinqian.com\/fr\/wp-json\/wp\/v2\/types\/product"}],"replies":[{"embeddable":true,"href":"https:\/\/shop.yipinqian.com\/fr\/wp-json\/wp\/v2\/comments?post=1324"}],"version-history":[{"count":0,"href":"https:\/\/shop.yipinqian.com\/fr\/wp-json\/wp\/v2\/product\/1324\/revisions"}],"wp:featuredmedia":[{"embeddable":true,"href":"https:\/\/shop.yipinqian.com\/fr\/wp-json\/wp\/v2\/media\/3187"}],"wp:attachment":[{"href":"https:\/\/shop.yipinqian.com\/fr\/wp-json\/wp\/v2\/media?parent=1324"}],"wp:term":[{"taxonomy":"product_brand","embeddable":true,"href":"https:\/\/shop.yipinqian.com\/fr\/wp-json\/wp\/v2\/product_brand?post=1324"},{"taxonomy":"product_cat","embeddable":true,"href":"https:\/\/shop.yipinqian.com\/fr\/wp-json\/wp\/v2\/product_cat?post=1324"},{"taxonomy":"product_tag","embeddable":true,"href":"https:\/\/shop.yipinqian.com\/fr\/wp-json\/wp\/v2\/product_tag?post=1324"}],"curies":[{"name":"wp","href":"https:\/\/api.w.org\/{rel}","templated":true}]}}