{"id":1322,"date":"2024-10-24T23:18:23","date_gmt":"2024-10-24T15:18:23","guid":{"rendered":"https:\/\/shop.yipinqian.com\/product\/crafted-as-pixiu-icy-translucent-natural-type-a-jadeite-jade-set-with-18k-gold-clasp-as-pendant-certificate-weighs-3-4-grams-measurement-24-3-13-6-5-9-mm-18kp66\/"},"modified":"2025-02-24T00:49:58","modified_gmt":"2025-02-23T16:49:58","slug":"crafted-as-pixiu-icy-translucent-natural-type-a-jadeite-jade-set-with-18k-gold-clasp-as-pendant-certificate-weighs-3-4-grams-measurement-24-3-13-6-5-9-mm-18kp66","status":"publish","type":"product","link":"https:\/\/shop.yipinqian.com\/fr\/produit\/crafted-as-pixiu-icy-translucent-natural-type-a-jadeite-jade-set-with-18k-gold-clasp-as-pendant-certificate-weighs-3-4-grams-measurement-24-3-13-6-5-9-mm-18kp66\/","title":{"rendered":"Fabriqu\u00e9 en jade jad\u00e9ite naturelle translucide de type A Pixiu glac\u00e9 serti d&#039;un fermoir en or 18 carats en guise de pendentif, le certificat p\u00e8se 3,4 grammes, mesure 24,3 * 13,6 * 5,9 mm (18kp66)"},"content":{"rendered":"<p>Ce pendentif exquis pr\u00e9sente un design Pixiu fabriqu\u00e9 \u00e0 partir de jad\u00e9ite-jade naturelle translucide glac\u00e9e de type A, \u00e9l\u00e9gamment serti d&#039;un fermoir en or 18 carats.<\/p>\n<p><\/p>\n<p>Num\u00e9ro de certificat : SJ2312017070<\/p>\n<p><img fetchpriority=\"high\" decoding=\"async\" src=\"https:\/\/shop.yipinqian.com\/wp-content\/uploads\/2024\/10\/d17dc2d99fdb4defa556e3586caf3f84tplv-aphluv4xwc-origin-jpeg.jpeg?from=476444299\" width=\"1080\" height=\"1080\"><\/p>\n<ul>\n<li>Pesant 3,4 grammes, ce pendentif met en valeur un savoir-faire raffin\u00e9 et une attention aux d\u00e9tails.<\/li>\n<li>La jad\u00e9ite-jade mesure 24,3 * 13,6 * 5,9 mm, ce qui en fait un bijou magnifique et frappant.<\/li>\n<\/ul>\n<p><img decoding=\"async\" src=\"https:\/\/shop.yipinqian.com\/wp-content\/uploads\/2024\/10\/ad832382a82149bd835c71b5603e10detplv-aphluv4xwc-origin-jpeg.jpeg?from=476444299\" width=\"1080\" height=\"1080\"><\/p>\n<p>Avec un certificat inclus, vous pouvez \u00eatre assur\u00e9 de l&#039;authenticit\u00e9 et de la qualit\u00e9 de ce superbe accessoire de collier.<\/p>\n<ul>\n<li>\n<strong>Avec certificat :<\/strong> Oui<\/li>\n<li>\n<strong>Mat\u00e9riau de r\u00e9glage :<\/strong> Or PT\/Carat<\/li>\n<li>\n<strong>Pays d&#039;origine :<\/strong> Birmanie<\/li>\n<\/ul>\n<p><\/p>\n<p>Cette pi\u00e8ce unique allie l&#039;artisanat traditionnel \u00e0 l&#039;\u00e9l\u00e9gance moderne, la rendant parfaite pour un usage quotidien d\u00e9contract\u00e9 ou pour des occasions sp\u00e9ciales.<\/p>\n<ul>\n<li>\n<strong>Type de jade :<\/strong> Jad\u00e9ite<\/li>\n<li>Occasionnel<\/li>\n<\/ul>\n<p>Yi Pin Qian \u2013 N\u00e9gociant en pierres pr\u00e9cieuses et m\u00e9taux pr\u00e9cieux \u00e0 Singapour \u2013 Num\u00e9ro de licence PS20190000031<\/p>\n<p><\/p>\n<p>*Toutes les jad\u00e9ites achet\u00e9es chez Yi Pin Qian \u00e0 Singapour, les clients peuvent r\u00e9server des cr\u00e9neaux pour le polissage ou une r\u00e9paration mineure en cas de mauvaise manipulation - des frais s&#039;appliquent et uniquement pour les clients de Yi Pin Qian \u00e0 Singapour*<\/p>\n<p><\/p>\n<p><strong>**Types de certificats**<\/strong><\/p>\n<p><\/p>\n<p><strong>NGI (Nan Yang Gemmologie)<\/strong><\/p>\n<p>ou <strong>Certificats \u00e9trangers <\/strong>(Yi Pin Qian utilise uniquement des certificats authentiques provenant de laboratoires \u00e9trangers et contr\u00f4le \u00e9galement la qualit\u00e9 de chacun de nos produits avant de les mettre en vente \u00e0 Singapour)<\/p>\n<p><\/p>\n<p>Chaque produit sur TikTok aura le type de certificat fourni indiqu\u00e9 dans la description. Pour tout client souhaitant envoyer sa commande \u00e0 NGI Singapore, il y aura un d\u00e9lai d&#039;attente pour la livraison de la commande estim\u00e9 \u00e0 environ 4 semaines pour recevoir votre commande. <strong>Les demandes de rapport NGI Gemstone doivent \u00eatre effectu\u00e9es en nous envoyant un message.<\/strong> Merci, <strong><u>des frais suppl\u00e9mentaires s&#039;appliquent<\/u><\/strong>.<\/p>\n<p><\/p>\n<p><strong>La jad\u00e9ite naturelle n&#039;est pas parfaite, juste un petit rappel : notre jad\u00e9ite naturelle, comme toutes les belles choses de la nature, poss\u00e8de ses caract\u00e9ristiques et ses variations uniques. Nous invitons nos pr\u00e9cieux clients \u00e0 adopter ces variations naturelles. Bon shopping !<\/strong><\/p>\n<p><\/p>\n<p><strong><u>Aucune des photos et des s\u00e9quences vid\u00e9o n&#039;a \u00e9t\u00e9 filtr\u00e9e. Nous encourageons nos clients \u00e0 regarder \u00e9galement les vid\u00e9os d&#039;accompagnement pour une vue plus compl\u00e8te de nos produits<\/u><\/strong><\/p>\n<p><\/p>\n<ul>\n<li>Diff\u00e9rentes plates-formes ne peuvent visionner des vid\u00e9os que via le bureau<\/li>\n<\/ul>","protected":false},"excerpt":{"rendered":"<p>This exquisite pendant features a Pixiu design crafted from Icy Translucent Natural Type-A Jadeite-Jade, elegantly set with an 18k Gold Clasp. Certificate number: SJ2312017070 Weighing in at 3.4 grams, this pendant showcases fine craftsmanship and attention to detail. The jadeite-jade measures 24.3 * 13.6 * 5.9 mm, making it a beautiful and striking piece of [&hellip;]<\/p>","protected":false},"featured_media":3158,"comment_status":"open","ping_status":"closed","template":"","meta":[],"product_brand":[],"product_cat":[194],"product_tag":[50,52,69,65,54,55,58,85,61,62],"class_list":{"0":"post-1322","1":"product","2":"type-product","3":"status-publish","4":"has-post-thumbnail","6":"product_cat-value-picks","7":"product_tag-18k-gold","8":"product_tag-certified","9":"product_tag-clasp","10":"product_tag-high-quality","11":"product_tag-icy","12":"product_tag-jadeite","13":"product_tag-new-arrivals","14":"product_tag-pixiu","15":"product_tag-unisex","16":"product_tag-yi-pin-qian-exclusive","18":"first","19":"instock","20":"sale","21":"shipping-taxable","22":"purchasable","23":"product-type-simple"},"_links":{"self":[{"href":"https:\/\/shop.yipinqian.com\/fr\/wp-json\/wp\/v2\/product\/1322","targetHints":{"allow":["GET"]}}],"collection":[{"href":"https:\/\/shop.yipinqian.com\/fr\/wp-json\/wp\/v2\/product"}],"about":[{"href":"https:\/\/shop.yipinqian.com\/fr\/wp-json\/wp\/v2\/types\/product"}],"replies":[{"embeddable":true,"href":"https:\/\/shop.yipinqian.com\/fr\/wp-json\/wp\/v2\/comments?post=1322"}],"version-history":[{"count":0,"href":"https:\/\/shop.yipinqian.com\/fr\/wp-json\/wp\/v2\/product\/1322\/revisions"}],"wp:featuredmedia":[{"embeddable":true,"href":"https:\/\/shop.yipinqian.com\/fr\/wp-json\/wp\/v2\/media\/3158"}],"wp:attachment":[{"href":"https:\/\/shop.yipinqian.com\/fr\/wp-json\/wp\/v2\/media?parent=1322"}],"wp:term":[{"taxonomy":"product_brand","embeddable":true,"href":"https:\/\/shop.yipinqian.com\/fr\/wp-json\/wp\/v2\/product_brand?post=1322"},{"taxonomy":"product_cat","embeddable":true,"href":"https:\/\/shop.yipinqian.com\/fr\/wp-json\/wp\/v2\/product_cat?post=1322"},{"taxonomy":"product_tag","embeddable":true,"href":"https:\/\/shop.yipinqian.com\/fr\/wp-json\/wp\/v2\/product_tag?post=1322"}],"curies":[{"name":"wp","href":"https:\/\/api.w.org\/{rel}","templated":true}]}}