{"id":1321,"date":"2024-10-24T23:18:23","date_gmt":"2024-10-24T15:18:23","guid":{"rendered":"https:\/\/shop.yipinqian.com\/product\/crafted-as-milo-buddha-on-high-quality-icy-translucent-natural-type-a-jadeite-jade-set-on-18k-gold-as-pendant-certificate-weighs-3-85-grams-measurement-21-8-19-9-8-2-grams-18kp65\/"},"modified":"2025-02-24T01:17:33","modified_gmt":"2025-02-23T17:17:33","slug":"crafted-as-milo-buddha-on-high-quality-icy-translucent-natural-type-a-jadeite-jade-set-on-18k-gold-as-pendant-certificate-weighs-3-85-grams-measurement-21-8-19-9-8-2-grams-18kp65","status":"publish","type":"product","link":"https:\/\/shop.yipinqian.com\/fr\/produit\/crafted-as-milo-buddha-on-high-quality-icy-translucent-natural-type-a-jadeite-jade-set-on-18k-gold-as-pendant-certificate-weighs-3-85-grams-measurement-21-8-19-9-8-2-grams-18kp65\/","title":{"rendered":"Fabriqu\u00e9 en tant que Bouddha Milo sur du jade jad\u00e9ite-jade naturel translucide glac\u00e9 de type A de haute qualit\u00e9, serti sur de l&#039;or 18 carats en tant que pendentif, le certificat p\u00e8se 3,85 grammes, mesure 21,8 * 19,9 * 8,2 grammes (18kp65)"},"content":{"rendered":"<p>Ce pendentif exquis pr\u00e9sente un motif de Bouddha Milo r\u00e9alis\u00e9 en jad\u00e9ite-jade naturelle translucide glac\u00e9e de type A de haute qualit\u00e9, \u00e9l\u00e9gamment serti sur de l&#039;or 18 carats.<\/p>\n<p><img fetchpriority=\"high\" decoding=\"async\" src=\"https:\/\/shop.yipinqian.com\/wp-content\/uploads\/2024\/10\/3a187796ee704287bcf75d584a78a940tplv-aphluv4xwc-origin-jpeg.jpeg?from=476444299\" width=\"1080\" height=\"1080\"><img decoding=\"async\" src=\"https:\/\/shop.yipinqian.com\/wp-content\/uploads\/2024\/10\/8f91ecdffba54a3aa1077c24e1611af8tplv-aphluv4xwc-origin-jpeg.jpeg?from=476444299\" width=\"1080\" height=\"1080\"><br \/><img decoding=\"async\" src=\"https:\/\/shop.yipinqian.com\/wp-content\/uploads\/2024\/10\/4cf027bc068c4c72a89288e2f4a9cfbbtplv-aphluv4xwc-origin-jpeg.jpeg?from=476444299\" width=\"1080\" height=\"1080\"><\/p>\n<p>Num\u00e9ros de certificat : GD2205H004652<\/p>\n<p>Or 18 carats : 1,45 gramme<\/p>\n<p>Mesure de la jad\u00e9ite : 15,7 * 19,9 * 6,2 mm<\/p>\n<p>Avec mesure de r\u00e9glage : 21,8 * 19,9 * 8,2 mm<\/p>\n<ul>\n<li>\n<strong>Mat\u00e9riel:<\/strong> Or PT\/Carat<\/li>\n<li>\n<strong>Type de jade :<\/strong> Jad\u00e9ite<\/li>\n<li>\n<strong>Certificat:<\/strong> Oui<\/li>\n<li>\n<strong>Pays d&#039;origine :<\/strong> Birmanie<\/li>\n<li><strong>Poids du pendentif : 3,85 grammes<\/strong><\/li>\n<\/ul>\n<p><strong>Le pendentif est con\u00e7u avec soin et pr\u00e9sente des d\u00e9tails complexes, mettant en valeur la beaut\u00e9 de la pierre de jade. Il d\u00e9gage un sentiment d&#039;\u00e9l\u00e9gance et de sophistication.<\/strong><\/p>\n<p><strong>Le style du collier est d\u00e9contract\u00e9, ce qui le rend id\u00e9al pour un usage quotidien ou pour des occasions sp\u00e9ciales. Ajoutez une touche de charme unique \u00e0 votre ensemble avec cette pi\u00e8ce fascinante.<\/strong><\/p>\n<p><\/p>\n<p>Yi Pin Qian \u2013 N\u00e9gociant en pierres pr\u00e9cieuses et m\u00e9taux pr\u00e9cieux \u00e0 Singapour \u2013 Num\u00e9ro de licence PS20190000031<\/p>\n<p><\/p>\n<p>*Toutes les jad\u00e9ites achet\u00e9es chez Yi Pin Qian \u00e0 Singapour, les clients peuvent r\u00e9server des cr\u00e9neaux pour le polissage ou une r\u00e9paration mineure en cas de mauvaise manipulation - des frais s&#039;appliquent et uniquement pour les clients de Yi Pin Qian \u00e0 Singapour*<\/p>\n<p><\/p>\n<p><strong>**Types de certificats**<\/strong><\/p>\n<p><\/p>\n<p><strong>NGI (Nan Yang Gemmologie)<\/strong><\/p>\n<p>ou <strong>Certificats \u00e9trangers <\/strong>(Yi Pin Qian utilise uniquement des certificats authentiques provenant de laboratoires \u00e9trangers et contr\u00f4le \u00e9galement la qualit\u00e9 de chacun de nos produits avant de les mettre en vente \u00e0 Singapour)<\/p>\n<p><\/p>\n<p>Chaque produit sur TikTok aura le type de certificat fourni indiqu\u00e9 dans la description. Pour tout client souhaitant envoyer sa commande \u00e0 NGI Singapore, il y aura un d\u00e9lai d&#039;attente pour la livraison de la commande estim\u00e9 \u00e0 environ 4 semaines pour recevoir votre commande. <strong>Les demandes de rapport NGI Gemstone doivent \u00eatre effectu\u00e9es en nous envoyant un message.<\/strong> Merci, <strong><u>des frais suppl\u00e9mentaires s&#039;appliquent<\/u><\/strong>.<\/p>\n<p><\/p>\n<p><strong>La jad\u00e9ite naturelle n&#039;est pas parfaite, juste un petit rappel : notre jad\u00e9ite naturelle, comme toutes les belles choses de la nature, poss\u00e8de ses caract\u00e9ristiques et ses variations uniques. Nous invitons nos pr\u00e9cieux clients \u00e0 adopter ces variations naturelles. Bon shopping !<\/strong><\/p>\n<p><\/p>\n<p><strong><u>Aucune des photos et des s\u00e9quences vid\u00e9o n&#039;a \u00e9t\u00e9 filtr\u00e9e. Nous encourageons nos clients \u00e0 regarder \u00e9galement les vid\u00e9os d&#039;accompagnement pour une vue plus compl\u00e8te de nos produits<\/u><\/strong><\/p>\n<p><\/p>\n<ul>\n<li>Diff\u00e9rentes plates-formes ne peuvent visionner des vid\u00e9os que via le bureau<\/li>\n<\/ul>","protected":false},"excerpt":{"rendered":"<p>This exquisite pendant features a Milo Buddha design crafted on high-quality icy translucent natural Type-A Jadeite-Jade, elegantly set on 18k gold. Certificate numbers: GD2205H004652 18k Gold: 1.45 grams Jadeite measurement: 15.7 * 19.9 * 6.2 mm With Setting measurement: 21.8 * 19.9 * 8.2 mm Material: PT\/Carat Gold Jade Type: Jadeite Certificate: Yes Country of [&hellip;]<\/p>","protected":false},"featured_media":3105,"comment_status":"open","ping_status":"closed","template":"","meta":[],"product_brand":[],"product_cat":[195],"product_tag":[50,51,52,53,54,55,56,57,58,73,59,60,61,62],"class_list":{"0":"post-1321","1":"product","2":"type-product","3":"status-publish","4":"has-post-thumbnail","6":"product_cat-heirloom-grade","7":"product_tag-18k-gold","8":"product_tag-buddha","9":"product_tag-certified","10":"product_tag-fine-quality","11":"product_tag-icy","12":"product_tag-jadeite","13":"product_tag-limited-editions","14":"product_tag-milo-buddha","15":"product_tag-new-arrivals","16":"product_tag-pendant","17":"product_tag-translucent","18":"product_tag-type-a-jadeite","19":"product_tag-unisex","20":"product_tag-yi-pin-qian-exclusive","22":"first","23":"instock","24":"sale","25":"shipping-taxable","26":"purchasable","27":"product-type-simple"},"_links":{"self":[{"href":"https:\/\/shop.yipinqian.com\/fr\/wp-json\/wp\/v2\/product\/1321","targetHints":{"allow":["GET"]}}],"collection":[{"href":"https:\/\/shop.yipinqian.com\/fr\/wp-json\/wp\/v2\/product"}],"about":[{"href":"https:\/\/shop.yipinqian.com\/fr\/wp-json\/wp\/v2\/types\/product"}],"replies":[{"embeddable":true,"href":"https:\/\/shop.yipinqian.com\/fr\/wp-json\/wp\/v2\/comments?post=1321"}],"version-history":[{"count":0,"href":"https:\/\/shop.yipinqian.com\/fr\/wp-json\/wp\/v2\/product\/1321\/revisions"}],"wp:featuredmedia":[{"embeddable":true,"href":"https:\/\/shop.yipinqian.com\/fr\/wp-json\/wp\/v2\/media\/3105"}],"wp:attachment":[{"href":"https:\/\/shop.yipinqian.com\/fr\/wp-json\/wp\/v2\/media?parent=1321"}],"wp:term":[{"taxonomy":"product_brand","embeddable":true,"href":"https:\/\/shop.yipinqian.com\/fr\/wp-json\/wp\/v2\/product_brand?post=1321"},{"taxonomy":"product_cat","embeddable":true,"href":"https:\/\/shop.yipinqian.com\/fr\/wp-json\/wp\/v2\/product_cat?post=1321"},{"taxonomy":"product_tag","embeddable":true,"href":"https:\/\/shop.yipinqian.com\/fr\/wp-json\/wp\/v2\/product_tag?post=1321"}],"curies":[{"name":"wp","href":"https:\/\/api.w.org\/{rel}","templated":true}]}}