{"id":1320,"date":"2024-10-24T23:18:22","date_gmt":"2024-10-24T15:18:22","guid":{"rendered":"https:\/\/shop.yipinqian.com\/product\/crafted-as-lizard-type-a-natural-jadeite-jade-with-yellow-and-light-green-for-display-or-hand-piece-certificate-weighs-32-52-grams-measurement-58-1-24-5-13-2-mm-hand9\/"},"modified":"2025-02-24T00:49:58","modified_gmt":"2025-02-23T16:49:58","slug":"crafted-as-lizard-type-a-natural-jadeite-jade-with-yellow-and-light-green-for-display-or-hand-piece-certificate-weighs-32-52-grams-measurement-58-1-24-5-13-2-mm-hand9","status":"publish","type":"product","link":"https:\/\/shop.yipinqian.com\/fr\/produit\/crafted-as-lizard-type-a-natural-jadeite-jade-with-yellow-and-light-green-for-display-or-hand-piece-certificate-weighs-32-52-grams-measurement-58-1-24-5-13-2-mm-hand9\/","title":{"rendered":"Fabriqu\u00e9 en jade jad\u00e9ite naturel de type A de type l\u00e9zard avec du jaune et du vert clair pour l&#039;affichage ou la pi\u00e8ce \u00e0 main, le certificat p\u00e8se 32,52 grammes, mesure 58,1 * 24,5 * 13,2 mm (main9)"},"content":{"rendered":"<p>Cette d\u00e9coration en jade exquise pr\u00e9sente un motif de l\u00e9zard m\u00e9ticuleusement con\u00e7u, mettant en valeur la beaut\u00e9 naturelle du jade jad\u00e9ite naturel de type A dans des teintes jaunes et vert clair.<\/p>\n<p><\/p>\n<p>Num\u00e9ros de certificat : GZ903107866<\/p>\n<p><img fetchpriority=\"high\" decoding=\"async\" src=\"https:\/\/shop.yipinqian.com\/wp-content\/uploads\/2024\/10\/d86db24481ea485cb02f232503854660tplv-aphluv4xwc-origin-jpeg.jpeg?from=476444299\" width=\"1080\" height=\"1080\"><\/p>\n<ul>\n<li>\n<strong>Poids et mesures :<\/strong> Pesant 32,52 grammes, cette pi\u00e8ce mesure 58,1 * 24,5 * 13,2 mm, ce qui la rend adapt\u00e9e \u00e0 l&#039;affichage ou comme pi\u00e8ce \u00e0 main.<\/li>\n<li>\n<strong>Certificat:<\/strong> Livr\u00e9 avec un certificat d&#039;authenticit\u00e9 et d&#039;assurance qualit\u00e9.<\/li>\n<li>\n<strong>Pays d&#039;origine :<\/strong> Originaire du Myanmar, connu pour ses riches gisements de jad\u00e9ite.<\/li>\n<li>\n<strong>Type de d\u00e9coration :<\/strong> Parfait comme d\u00e9coration d&#039;int\u00e9rieur pour ajouter une touche \u00e9l\u00e9gante \u00e0 n&#039;importe quel espace.<\/li>\n<\/ul>\n<p>\u00c9levez votre espace avec cette d\u00e9coration en jade unique qui respire le charme et la sophistication tout en apportant une \u00e9nergie positive dans votre maison ou votre bureau.<\/p>\n<p><\/p>\n<p><strong>La jad\u00e9ite naturelle n&#039;est pas parfaite, juste un petit rappel : notre jad\u00e9ite naturelle, comme toutes les belles choses de la nature, poss\u00e8de ses caract\u00e9ristiques et ses variations uniques. Nous invitons nos pr\u00e9cieux clients \u00e0 adopter ces variations naturelles. Bon shopping !<\/strong><\/p>\n<p><\/p>\n<p><strong><u>Aucune des photos et des s\u00e9quences vid\u00e9o n&#039;a \u00e9t\u00e9 filtr\u00e9e. Nous encourageons nos clients \u00e0 regarder \u00e9galement les vid\u00e9os d&#039;accompagnement pour une vue plus compl\u00e8te de nos produits<\/u><\/strong><\/p>","protected":false},"excerpt":{"rendered":"<p>This exquisite Jade decoration features a meticulously crafted Lizard design, showcasing the natural beauty of Type A Natural Jadeite Jade in yellow and light green hues. Certificate numbers: GZ903107866 Weight and Measurement: Weighing 32.52 grams, this piece measures 58.1 * 24.5 * 13.2 mm, making it suitable for display or as a hand piece. Certificate: [&hellip;]<\/p>","protected":false},"featured_media":3072,"comment_status":"open","ping_status":"closed","template":"","meta":[],"product_brand":[],"product_cat":[194],"product_tag":[52,93,94,82,58,75,60,68,62],"class_list":{"0":"post-1320","1":"product","2":"type-product","3":"status-publish","4":"has-post-thumbnail","6":"product_cat-value-picks","7":"product_tag-certified","8":"product_tag-display","9":"product_tag-hand-piece","10":"product_tag-light-green","11":"product_tag-new-arrivals","12":"product_tag-traditional","13":"product_tag-type-a-jadeite","14":"product_tag-yellow","15":"product_tag-yi-pin-qian-exclusive","17":"first","18":"instock","19":"sale","20":"shipping-taxable","21":"purchasable","22":"product-type-simple"},"_links":{"self":[{"href":"https:\/\/shop.yipinqian.com\/fr\/wp-json\/wp\/v2\/product\/1320","targetHints":{"allow":["GET"]}}],"collection":[{"href":"https:\/\/shop.yipinqian.com\/fr\/wp-json\/wp\/v2\/product"}],"about":[{"href":"https:\/\/shop.yipinqian.com\/fr\/wp-json\/wp\/v2\/types\/product"}],"replies":[{"embeddable":true,"href":"https:\/\/shop.yipinqian.com\/fr\/wp-json\/wp\/v2\/comments?post=1320"}],"version-history":[{"count":0,"href":"https:\/\/shop.yipinqian.com\/fr\/wp-json\/wp\/v2\/product\/1320\/revisions"}],"wp:featuredmedia":[{"embeddable":true,"href":"https:\/\/shop.yipinqian.com\/fr\/wp-json\/wp\/v2\/media\/3072"}],"wp:attachment":[{"href":"https:\/\/shop.yipinqian.com\/fr\/wp-json\/wp\/v2\/media?parent=1320"}],"wp:term":[{"taxonomy":"product_brand","embeddable":true,"href":"https:\/\/shop.yipinqian.com\/fr\/wp-json\/wp\/v2\/product_brand?post=1320"},{"taxonomy":"product_cat","embeddable":true,"href":"https:\/\/shop.yipinqian.com\/fr\/wp-json\/wp\/v2\/product_cat?post=1320"},{"taxonomy":"product_tag","embeddable":true,"href":"https:\/\/shop.yipinqian.com\/fr\/wp-json\/wp\/v2\/product_tag?post=1320"}],"curies":[{"name":"wp","href":"https:\/\/api.w.org\/{rel}","templated":true}]}}