{"id":1319,"date":"2024-10-24T23:18:22","date_gmt":"2024-10-24T15:18:22","guid":{"rendered":"https:\/\/shop.yipinqian.com\/product\/crafted-as-cicada-using-natural-type-a-jadeite-jade-as-a-pendant-necklace-with-certificate-weigh-9-25-grams-measurement-40-3-23-2-9-5-mm-pendant185\/"},"modified":"2025-02-24T00:49:58","modified_gmt":"2025-02-23T16:49:58","slug":"crafted-as-cicada-using-natural-type-a-jadeite-jade-as-a-pendant-necklace-with-certificate-weigh-9-25-grams-measurement-40-3-23-2-9-5-mm-pendant185","status":"publish","type":"product","link":"https:\/\/shop.yipinqian.com\/fr\/produit\/crafted-as-cicada-using-natural-type-a-jadeite-jade-as-a-pendant-necklace-with-certificate-weigh-9-25-grams-measurement-40-3-23-2-9-5-mm-pendant185\/","title":{"rendered":"Fabriqu\u00e9 en cigale en utilisant du jade jad\u00e9ite naturel de type A comme collier pendentif avec certificat pesant 9,25 grammes, mesurant 40,3 * 23,2 * 9,5 mm (pendentif 185)"},"content":{"rendered":"<p>Rehaussez votre style avec ce superbe collier pendentif cigale, fabriqu\u00e9 en jade jad\u00e9ite naturel de type A 100%.<\/p>\n<p><\/p>\n<p><strong>Num\u00e9ros de certificat : SZ21244538<\/strong><\/p>\n<ul>\n<li>Pesant 9,25 grammes, ce collier pendentif est l\u00e9ger et confortable \u00e0 porter.<\/li>\n<li>Mesurant 40,3 * 23,2 * 9,5 mm (pendentif 185), c&#039;est la taille parfaite pour faire une d\u00e9claration sans \u00eatre trop flashy.<\/li>\n<li>Chaque collier est accompagn\u00e9 d&#039;un certificat d&#039;authenticit\u00e9 garantissant la qualit\u00e9 et l&#039;authenticit\u00e9 du jade utilis\u00e9 dans la fabrication du pendentif cigale<\/li>\n<\/ul>\n<p>Les d\u00e9tails complexes du motif de la cigale en font une pi\u00e8ce unique qui se d\u00e9marquera s\u00fbrement parmi votre collection de bijoux. On pense \u00e9galement que le port du jade apporte chance et prosp\u00e9rit\u00e9, ce qui rend ce collier non seulement \u00e9l\u00e9gant mais aussi significatif. Associez-le \u00e0 votre tenue pr\u00e9f\u00e9r\u00e9e pour un look chic sans effort ou offrez-le en cadeau \u00e0 une personne sp\u00e9ciale qui appr\u00e9cie le bel artisanat et le symbolisme.<\/p>\n<p><\/p>\n<p>Yi Pin Qian \u2013 N\u00e9gociant en pierres pr\u00e9cieuses et m\u00e9taux pr\u00e9cieux \u00e0 Singapour \u2013 Num\u00e9ro de licence PS20190000031<\/p>\n<p><\/p>\n<p>*Toutes les jad\u00e9ites achet\u00e9es chez Yi Pin Qian \u00e0 Singapour, les clients peuvent r\u00e9server des cr\u00e9neaux pour le polissage ou une r\u00e9paration mineure en cas de mauvaise manipulation - des frais s&#039;appliquent et uniquement pour les clients de Yi Pin Qian \u00e0 Singapour*<\/p>\n<p><\/p>\n<p><strong>**Types de certificats**<\/strong><\/p>\n<p><\/p>\n<p><strong>NGI (Nan Yang Gemmologie)<\/strong><\/p>\n<p>ou <strong>Certificats \u00e9trangers <\/strong>(Yi Pin Qian utilise uniquement des certificats authentiques provenant de laboratoires \u00e9trangers et contr\u00f4le \u00e9galement la qualit\u00e9 de chacun de nos produits avant de les mettre en vente \u00e0 Singapour)<\/p>\n<p><\/p>\n<p>Chaque produit sur TikTok aura le type de certificat fourni indiqu\u00e9 dans la description. Pour tout client souhaitant envoyer sa commande \u00e0 NGI Singapore, il y aura un d\u00e9lai d&#039;attente pour la livraison de la commande estim\u00e9 \u00e0 environ 4 semaines pour recevoir votre commande. <strong>Les demandes de rapport sur les pierres pr\u00e9cieuses NGI doivent \u00eatre effectu\u00e9es en envoyant un message \u00e0 la boutique TikTok de Yi Pin Qian.<\/strong> Merci, <strong><u>des frais suppl\u00e9mentaires s&#039;appliquent<\/u><\/strong>.<\/p>\n<p><\/p>\n<p><strong>La jad\u00e9ite naturelle n&#039;est pas parfaite, juste un petit rappel : notre jad\u00e9ite naturelle, comme toutes les belles choses de la nature, poss\u00e8de ses caract\u00e9ristiques et ses variations uniques. Nous invitons nos pr\u00e9cieux clients \u00e0 adopter ces variations naturelles. Bon shopping !<\/strong><\/p>\n<p><\/p>\n<p><strong><u>Aucune des photos et des s\u00e9quences vid\u00e9o n&#039;a \u00e9t\u00e9 filtr\u00e9e. Nous encourageons nos clients \u00e0 regarder \u00e9galement les vid\u00e9os d&#039;accompagnement pour une vue plus compl\u00e8te de nos produits<\/u><\/strong><\/p>","protected":false},"excerpt":{"rendered":"<p>Elevate your style with this exquisite cicada pendant necklace, crafted from 100% natural Type A Jadeite Jade. Certificate numbers: SZ21244538 Weighing at 9.25 grams, this pendant necklace is lightweight and comfortable to wear. Measuring at 40.3 * 23.2 * 9.5 mm (pendant185), it is the perfect size to make a statement without being too flashy. [&hellip;]<\/p>","protected":false},"featured_media":3042,"comment_status":"open","ping_status":"closed","template":"","meta":[],"product_brand":[],"product_cat":[194],"product_tag":[],"class_list":{"0":"post-1319","1":"product","2":"type-product","3":"status-publish","4":"has-post-thumbnail","6":"product_cat-value-picks","8":"first","9":"instock","10":"sale","11":"shipping-taxable","12":"purchasable","13":"product-type-simple"},"_links":{"self":[{"href":"https:\/\/shop.yipinqian.com\/fr\/wp-json\/wp\/v2\/product\/1319","targetHints":{"allow":["GET"]}}],"collection":[{"href":"https:\/\/shop.yipinqian.com\/fr\/wp-json\/wp\/v2\/product"}],"about":[{"href":"https:\/\/shop.yipinqian.com\/fr\/wp-json\/wp\/v2\/types\/product"}],"replies":[{"embeddable":true,"href":"https:\/\/shop.yipinqian.com\/fr\/wp-json\/wp\/v2\/comments?post=1319"}],"version-history":[{"count":0,"href":"https:\/\/shop.yipinqian.com\/fr\/wp-json\/wp\/v2\/product\/1319\/revisions"}],"wp:featuredmedia":[{"embeddable":true,"href":"https:\/\/shop.yipinqian.com\/fr\/wp-json\/wp\/v2\/media\/3042"}],"wp:attachment":[{"href":"https:\/\/shop.yipinqian.com\/fr\/wp-json\/wp\/v2\/media?parent=1319"}],"wp:term":[{"taxonomy":"product_brand","embeddable":true,"href":"https:\/\/shop.yipinqian.com\/fr\/wp-json\/wp\/v2\/product_brand?post=1319"},{"taxonomy":"product_cat","embeddable":true,"href":"https:\/\/shop.yipinqian.com\/fr\/wp-json\/wp\/v2\/product_cat?post=1319"},{"taxonomy":"product_tag","embeddable":true,"href":"https:\/\/shop.yipinqian.com\/fr\/wp-json\/wp\/v2\/product_tag?post=1319"}],"curies":[{"name":"wp","href":"https:\/\/api.w.org\/{rel}","templated":true}]}}