{"id":1316,"date":"2024-10-24T23:18:21","date_gmt":"2024-10-24T15:18:21","guid":{"rendered":"https:\/\/shop.yipinqian.com\/product\/crafted-as-cabochon-size-10-7-8-3mm-on-light-green-natural-type-a-jadeite-jade-set-with-s925-adjustable-as-ring-qic-approved-certificate-weighs-2-25-grams-s925ring18\/"},"modified":"2025-01-10T06:29:38","modified_gmt":"2025-01-09T22:29:38","slug":"crafted-as-cabochon-size-10-7-8-3mm-on-light-green-natural-type-a-jadeite-jade-set-with-s925-adjustable-as-ring-qic-approved-certificate-weighs-2-25-grams-s925ring18","status":"publish","type":"product","link":"https:\/\/shop.yipinqian.com\/fr\/produit\/crafted-as-cabochon-size-10-7-8-3mm-on-light-green-natural-type-a-jadeite-jade-set-with-s925-adjustable-as-ring-qic-approved-certificate-weighs-2-25-grams-s925ring18\/","title":{"rendered":"Fabriqu\u00e9 en cabochon de taille 10,7 * 8 * 3 mm sur un jade jad\u00e9ite-jade naturel vert clair de type A serti de S925 r\u00e9glable comme bague, certificat approuv\u00e9 par QIC p\u00e8se 2,25 grammes (s925ring18)"},"content":{"rendered":"<p>Cette bague en jade exquise pr\u00e9sente un morceau de jad\u00e9ite-jade naturelle de type A vert clair taill\u00e9 en cabochon, mesurant 10,7 * 8 * 3 mm.<\/p>\n<p><\/p>\n<p>Num\u00e9ros de certificat : YJC2309183269<\/p>\n<p><img fetchpriority=\"high\" decoding=\"async\" src=\"https:\/\/shop.yipinqian.com\/wp-content\/uploads\/2024\/10\/38139dc5b5e745d8ae00dd7ea795069btplv-aphluv4xwc-origin-jpeg.jpeg?from=476444299\" width=\"1080\" height=\"1080\"><\/p>\n<ul>\n<li>Magnifique design : Fabriqu\u00e9e avec pr\u00e9cision et soin, cette bague met en valeur la beaut\u00e9 naturelle du jade.<\/li>\n<li>Ajustement r\u00e9glable : Sertie en argent S925, la bague est r\u00e9glable pour assurer un ajustement confortable et parfait.<\/li>\n<li>Certificat approuv\u00e9 QIC : Livr\u00e9 avec un certificat approuv\u00e9 QIC pour l&#039;authenticit\u00e9 et l&#039;assurance qualit\u00e9.<\/li>\n<li>L\u00e9ger : pesant seulement 2,25 grammes, cette bague est confortable \u00e0 porter au quotidien.<\/li>\n<\/ul>\n<p><img decoding=\"async\" src=\"https:\/\/shop.yipinqian.com\/wp-content\/uploads\/2024\/10\/d782de3258194258b1787aeb224a9016tplv-aphluv4xwc-origin-jpeg.jpeg?from=476444299\" width=\"1080\" height=\"1080\"><\/p>\n<p>Cette superbe pi\u00e8ce est parfaite pour un usage quotidien et constitue un joli cadeau pour toute passionn\u00e9e de bijoux. Originaire du Myanmar, elle allie \u00e9l\u00e9gance et beaut\u00e9 naturelle dans un design intemporel qui sera s\u00fbrement appr\u00e9ci\u00e9.<\/p>\n<p><\/p>\n<p><strong>La jad\u00e9ite naturelle n&#039;est pas parfaite, juste un petit rappel : notre jad\u00e9ite naturelle, comme toutes les belles choses de la nature, poss\u00e8de ses caract\u00e9ristiques et ses variations uniques. Nous invitons nos pr\u00e9cieux clients \u00e0 adopter ces variations naturelles. Bon shopping !<\/strong><\/p>\n<p><\/p>\n<p><strong><u>Aucune des photos et des s\u00e9quences vid\u00e9o n&#039;a \u00e9t\u00e9 filtr\u00e9e. Nous encourageons nos clients \u00e0 regarder \u00e9galement les vid\u00e9os d&#039;accompagnement pour une vue plus compl\u00e8te de nos produits<\/u><\/strong><\/p>\n<p><\/p>\n<ul>\n<li>Diff\u00e9rentes plates-formes ne peuvent visionner des vid\u00e9os que via le bureau<\/li>\n<\/ul>","protected":false},"excerpt":{"rendered":"<p>Cette bague en jade exquise est dot\u00e9e d&#039;une pi\u00e8ce de jad\u00e9ite-jade naturelle de type A vert clair taill\u00e9e en cabochon, mesurant 10,7 * 8 * 3 mm. Num\u00e9ros de certificat : YJC2309183269 Beau design : Fabriqu\u00e9e avec pr\u00e9cision et soin, cette bague met en valeur la beaut\u00e9 naturelle du jade. Ajustement r\u00e9glable : Sertie en argent S925, la bague est r\u00e9glable pour assurer un ajustement confortable et parfait [\u2026]<\/p>","protected":false},"featured_media":3003,"comment_status":"open","ping_status":"closed","template":"","meta":[],"product_brand":[],"product_cat":[80,126,149,125],"product_tag":[64,52,72,92,66,82,58,67,59,60,62],"class_list":{"0":"post-1316","1":"product","2":"type-product","3":"status-publish","4":"has-post-thumbnail","6":"product_cat-jade-rings","7":"product_cat-new-arrivals","8":"product_cat-s925-rings","9":"product_cat-s925-settings-jadeites","10":"product_tag-cabochon","11":"product_tag-certified","12":"product_tag-female","13":"product_tag-free-size","14":"product_tag-jade-ring","15":"product_tag-light-green","16":"product_tag-new-arrivals","17":"product_tag-s925","18":"product_tag-translucent","19":"product_tag-type-a-jadeite","20":"product_tag-yi-pin-qian-exclusive","22":"first","23":"instock","24":"sale","25":"shipping-taxable","26":"purchasable","27":"product-type-simple"},"_links":{"self":[{"href":"https:\/\/shop.yipinqian.com\/fr\/wp-json\/wp\/v2\/product\/1316","targetHints":{"allow":["GET"]}}],"collection":[{"href":"https:\/\/shop.yipinqian.com\/fr\/wp-json\/wp\/v2\/product"}],"about":[{"href":"https:\/\/shop.yipinqian.com\/fr\/wp-json\/wp\/v2\/types\/product"}],"replies":[{"embeddable":true,"href":"https:\/\/shop.yipinqian.com\/fr\/wp-json\/wp\/v2\/comments?post=1316"}],"version-history":[{"count":0,"href":"https:\/\/shop.yipinqian.com\/fr\/wp-json\/wp\/v2\/product\/1316\/revisions"}],"wp:featuredmedia":[{"embeddable":true,"href":"https:\/\/shop.yipinqian.com\/fr\/wp-json\/wp\/v2\/media\/3003"}],"wp:attachment":[{"href":"https:\/\/shop.yipinqian.com\/fr\/wp-json\/wp\/v2\/media?parent=1316"}],"wp:term":[{"taxonomy":"product_brand","embeddable":true,"href":"https:\/\/shop.yipinqian.com\/fr\/wp-json\/wp\/v2\/product_brand?post=1316"},{"taxonomy":"product_cat","embeddable":true,"href":"https:\/\/shop.yipinqian.com\/fr\/wp-json\/wp\/v2\/product_cat?post=1316"},{"taxonomy":"product_tag","embeddable":true,"href":"https:\/\/shop.yipinqian.com\/fr\/wp-json\/wp\/v2\/product_tag?post=1316"}],"curies":[{"name":"wp","href":"https:\/\/api.w.org\/{rel}","templated":true}]}}