{"id":1312,"date":"2024-10-24T23:18:19","date_gmt":"2024-10-24T15:18:19","guid":{"rendered":"https:\/\/shop.yipinqian.com\/product\/collectible-yellow-with-light-green-natural-type-a-jadeite-jade-pendant-necklace-crafted-as-milo-buddha-certificate-included-weigh-38-28-grams-measurement-48-7-42-8-11-mm-pendant184\/"},"modified":"2025-02-24T01:17:33","modified_gmt":"2025-02-23T17:17:33","slug":"collectible-yellow-with-light-green-natural-type-a-jadeite-jade-pendant-necklace-crafted-as-milo-buddha-certificate-included-weigh-38-28-grams-measurement-48-7-42-8-11-mm-pendant184","status":"publish","type":"product","link":"https:\/\/shop.yipinqian.com\/fr\/produit\/collectible-yellow-with-light-green-natural-type-a-jadeite-jade-pendant-necklace-crafted-as-milo-buddha-certificate-included-weigh-38-28-grams-measurement-48-7-42-8-11-mm-pendant184\/","title":{"rendered":"Collier pendentif en jade jad\u00e9ite naturelle de type A jaune et vert clair de collection, fabriqu\u00e9 en forme de Bouddha Milo, certificat inclus, p\u00e8se 38,28 grammes, mesure 48,7 * 42,8 * 11 mm (pendentif184)"},"content":{"rendered":"<p>Rehaussez votre collection de bijoux avec ce superbe collier pendentif en jade jad\u00e9ite naturelle jaune de type A de collection. Le collier est con\u00e7u avec un motif Bouddha Milo, lui donnant une touche unique et spirituelle.<\/p>\n<p><\/p>\n<p><strong>Num\u00e9ros de certificat : 920660034123<\/strong><\/p>\n<ul>\n<li>\n<strong>Mat\u00e9riel:<\/strong> Fabriqu\u00e9 \u00e0 partir de jade jad\u00e9ite de type A de haute qualit\u00e9, ce collier est \u00e0 la fois durable et \u00e9l\u00e9gant.<\/li>\n<li>\n<strong>Certificat inclus :<\/strong> Ce collier est accompagn\u00e9 d&#039;un certificat d&#039;authenticit\u00e9, garantissant sa qualit\u00e9 et sa valeur.<\/li>\n<li>\n<strong>Mesures:<\/strong> Le pendentif mesure 48,7 * 42,8 * 11 mm (pendentif 184), ce qui en fait la taille parfaite pour un usage quotidien ou des occasions sp\u00e9ciales.<\/li>\n<\/ul>\n<p>Cette \u00e9l\u00e9gante pi\u00e8ce de style collier p\u00e8se 38,28 grammes, ce qui la rend \u00e0 la fois l\u00e9g\u00e8re et confortable \u00e0 porter toute la journ\u00e9e.<\/p>\n<ul>\n<li><strong>Type de jade :<\/strong><\/li>\n<li><strong>La jad\u00e9ite est connue pour sa superbe vari\u00e9t\u00e9 de couleurs et ses niveaux de translucidit\u00e9 \u00e9lev\u00e9s qui cr\u00e9ent une brillance s\u00e9duisante.<\/strong><\/li>\n<li><strong>L&#039;occasion : Cette pi\u00e8ce s&#039;adapte parfaitement comme accessoire \u00e0 votre look quotidien ajoutant de l&#039;\u00e9l\u00e9gance \u00e0 votre tenue.<\/strong><\/li>\n<li><strong>Le genre : Ce pendentif unisexe constitue une option de cadeau polyvalente pour tous ceux qui cherchent \u00e0 ajouter quelque chose de sp\u00e9cial \u00e0 leur collection de bijoux.<\/strong><\/li>\n<\/ul>\n<p><strong>Ajoutez d\u00e8s aujourd&#039;hui \u00e0 votre collection ce collier pendentif en jade jad\u00e9ite naturelle jaune de type A de collection, con\u00e7u avec le design du Bouddha Milo du Myanmar\u00a0!<\/strong><\/p>\n<p><\/p>\n<p>Yi Pin Qian \u2013 N\u00e9gociant en pierres pr\u00e9cieuses et m\u00e9taux pr\u00e9cieux \u00e0 Singapour \u2013 Num\u00e9ro de licence PS20190000031<\/p>\n<p><\/p>\n<p>*Toutes les jad\u00e9ites achet\u00e9es chez Yi Pin Qian \u00e0 Singapour, les clients peuvent r\u00e9server des cr\u00e9neaux pour le polissage ou une r\u00e9paration mineure en cas de mauvaise manipulation - des frais s&#039;appliquent et uniquement pour les clients de Yi Pin Qian \u00e0 Singapour*<\/p>\n<p><\/p>\n<p><strong>**Types de certificats**<\/strong><\/p>\n<p><\/p>\n<p><strong>NGI (Nan Yang Gemmologie)<\/strong><\/p>\n<p>ou <strong>Certificats \u00e9trangers <\/strong>(Yi Pin Qian utilise uniquement des certificats authentiques provenant de laboratoires \u00e9trangers et contr\u00f4le \u00e9galement la qualit\u00e9 de chacun de nos produits avant de les mettre en vente \u00e0 Singapour)<\/p>\n<p><\/p>\n<p>Chaque produit sur TikTok aura le type de certificat fourni indiqu\u00e9 dans la description. Pour tout client souhaitant envoyer sa commande \u00e0 NGI Singapore, il y aura un d\u00e9lai d&#039;attente pour la livraison de la commande estim\u00e9 \u00e0 environ 4 semaines pour recevoir votre commande. <strong>Les demandes de rapport sur les pierres pr\u00e9cieuses NGI doivent \u00eatre effectu\u00e9es en envoyant un message \u00e0 la boutique TikTok de Yi Pin Qian.<\/strong> Merci, <strong><u>des frais suppl\u00e9mentaires s&#039;appliquent<\/u><\/strong>.<\/p>\n<p><\/p>\n<p><strong>La jad\u00e9ite naturelle n&#039;est pas parfaite, juste un petit rappel : notre jad\u00e9ite naturelle, comme toutes les belles choses de la nature, poss\u00e8de ses caract\u00e9ristiques et ses variations uniques. Nous invitons nos pr\u00e9cieux clients \u00e0 adopter ces variations naturelles. Bon shopping !<\/strong><\/p>\n<p><\/p>\n<p><strong><u>Aucune des photos et des s\u00e9quences vid\u00e9o n&#039;a \u00e9t\u00e9 filtr\u00e9e. Nous encourageons nos clients \u00e0 regarder \u00e9galement les vid\u00e9os d&#039;accompagnement pour une vue plus compl\u00e8te de nos produits<\/u><\/strong><\/p>","protected":false},"excerpt":{"rendered":"<p>Elevate your jewelry collection with this stunning Collectible Yellow Natural Type A Jadeite Jade Pendant Necklace. The necklace is crafted with a Milo Buddha design, giving it a unique and spiritual touch. Certificate numbers: 920660034123 Material: Made from high-quality Type A jadeite jade, this necklace is both durable and elegant. Certificate Included: This necklace comes [&hellip;]<\/p>","protected":false},"featured_media":2912,"comment_status":"open","ping_status":"closed","template":"","meta":[],"product_brand":[],"product_cat":[195],"product_tag":[],"class_list":{"0":"post-1312","1":"product","2":"type-product","3":"status-publish","4":"has-post-thumbnail","6":"product_cat-heirloom-grade","8":"first","9":"instock","10":"sale","11":"shipping-taxable","12":"purchasable","13":"product-type-simple"},"_links":{"self":[{"href":"https:\/\/shop.yipinqian.com\/fr\/wp-json\/wp\/v2\/product\/1312","targetHints":{"allow":["GET"]}}],"collection":[{"href":"https:\/\/shop.yipinqian.com\/fr\/wp-json\/wp\/v2\/product"}],"about":[{"href":"https:\/\/shop.yipinqian.com\/fr\/wp-json\/wp\/v2\/types\/product"}],"replies":[{"embeddable":true,"href":"https:\/\/shop.yipinqian.com\/fr\/wp-json\/wp\/v2\/comments?post=1312"}],"version-history":[{"count":0,"href":"https:\/\/shop.yipinqian.com\/fr\/wp-json\/wp\/v2\/product\/1312\/revisions"}],"wp:featuredmedia":[{"embeddable":true,"href":"https:\/\/shop.yipinqian.com\/fr\/wp-json\/wp\/v2\/media\/2912"}],"wp:attachment":[{"href":"https:\/\/shop.yipinqian.com\/fr\/wp-json\/wp\/v2\/media?parent=1312"}],"wp:term":[{"taxonomy":"product_brand","embeddable":true,"href":"https:\/\/shop.yipinqian.com\/fr\/wp-json\/wp\/v2\/product_brand?post=1312"},{"taxonomy":"product_cat","embeddable":true,"href":"https:\/\/shop.yipinqian.com\/fr\/wp-json\/wp\/v2\/product_cat?post=1312"},{"taxonomy":"product_tag","embeddable":true,"href":"https:\/\/shop.yipinqian.com\/fr\/wp-json\/wp\/v2\/product_tag?post=1312"}],"curies":[{"name":"wp","href":"https:\/\/api.w.org\/{rel}","templated":true}]}}