{"id":1310,"date":"2024-10-24T23:18:19","date_gmt":"2024-10-24T15:18:19","guid":{"rendered":"https:\/\/shop.yipinqian.com\/product\/collectible-authentic-type-a-jadeite-jade-crafted-as-53mm-green-with-brown-and-redish-patches-chaise-oval-bracelet-bangle-certificate-weighs-44-36-width-13-9mm-thickness-6-8mm-bangle13\/"},"modified":"2025-01-10T06:31:07","modified_gmt":"2025-01-09T22:31:07","slug":"collectible-authentic-type-a-jadeite-jade-crafted-as-53mm-green-with-brown-and-redish-patches-chaise-oval-bracelet-bangle-certificate-weighs-44-36-width-13-9mm-thickness-6-8mm-bangle13","status":"publish","type":"product","link":"https:\/\/shop.yipinqian.com\/fr\/produit\/collectible-authentic-type-a-jadeite-jade-crafted-as-53mm-green-with-brown-and-redish-patches-chaise-oval-bracelet-bangle-certificate-weighs-44-36-width-13-9mm-thickness-6-8mm-bangle13\/","title":{"rendered":"Bracelet jonc ovale en jad\u00e9ite-jade de type A naturel authentique de collection de 53 mm de couleur verte avec des taches brunes et rouge\u00e2tres, certificat pesant 44,36, largeur : 13,9 mm, \u00e9paisseur : 6,8 mm (bracelet 13)"},"content":{"rendered":"<p>Ce superbe bracelet de collection en jad\u00e9ite-jade authentique de type A pr\u00e9sente un superbe diam\u00e8tre de 53 mm <strong>Vert avec des taches brunes et rouge\u00e2tres<\/strong> Chaise de conception ovale, ce qui en fait un accessoire unique et accrocheur.<\/p>\n<p><\/p>\n<p>Num\u00e9ros de certificat : GD2110H008709<\/p>\n<p><img fetchpriority=\"high\" decoding=\"async\" src=\"https:\/\/shop.yipinqian.com\/wp-content\/uploads\/2024\/10\/3ab35205be264fe38e7fc8386e798ae0tplv-aphluv4xwc-origin-jpeg.jpeg?dr=15568&amp;nonce=79105&amp;refresh_token=703913d290eb033435b0ae3680d10d62&amp;from=476444299&amp;idc=my&amp;ps=933b5bde&amp;shcp=9b759fb9&amp;shp=1c65f68b&amp;t=555f072d\" width=\"526\" height=\"362\"><\/p>\n<p>Remarque\u00a0: taille du bracelet chaise de forme ovale <strong>53 mm<\/strong> est adapt\u00e9 pour <strong>50 ~ 52 mm (convient uniquement aux petites mains)<\/strong><\/p>\n<ul>\n<li>\n<strong>Mat\u00e9riel:<\/strong> Fabriqu\u00e9 \u00e0 partir de jad\u00e9ite-jade de type A de haute qualit\u00e9<\/li>\n<li>\n<strong>Dimensions:<\/strong> <strong>Largeur:<\/strong> 13,9 mm <strong>\u00c9paisseur:<\/strong> 6,8 mm<\/li>\n<\/ul>\n<p>Le bracelet est accompagn\u00e9 d&#039;un certificat pesant 44,36, garantissant son authenticit\u00e9 et sa qualit\u00e9.<\/p>\n<ul>\n<li>\n<strong>Certificat inclus : <\/strong>Oui<\/li>\n<li>\n<strong>Fabriqu\u00e9 en: <\/strong>Mandalay, Birmanie<\/li>\n<\/ul>\n<p>Ce bracelet est parfait pour un usage quotidien, ajoutant une touche \u00e9l\u00e9gante \u00e0 n&#039;importe quelle tenue avec son style classique mais distinctif.<\/p>\n<ul>\n<li><strong>Occasion : \u00c0 porter au quotidien<\/strong><\/li>\n<li><strong>Un choix id\u00e9al pour la femme moderne, ce bracelet jonc est con\u00e7u pour mettre en valeur la beaut\u00e9 de la jad\u00e9ite tout en offrant un ajustement confortable pour un usage quotidien.<\/strong><\/li>\n<\/ul>\n<p><img decoding=\"async\" src=\"https:\/\/shop.yipinqian.com\/wp-content\/uploads\/2024\/10\/98c491d3b15e484e80766b2b367d70a2tplv-aphluv4xwc-origin-jpeg.jpeg?from=476444299\" width=\"1080\" height=\"1080\"><img decoding=\"async\" src=\"https:\/\/shop.yipinqian.com\/wp-content\/uploads\/2024\/10\/7c815bb052f84dca8e6258d19ac71141tplv-aphluv4xwc-origin-jpeg.jpeg?from=476444299\" width=\"1080\" height=\"1080\"><\/p>\n<p>Yi Pin Qian \u2013 N\u00e9gociant en pierres pr\u00e9cieuses et m\u00e9taux pr\u00e9cieux \u00e0 Singapour \u2013 Num\u00e9ro de licence PS20190000031<\/p>\n<p><\/p>\n<p>*Toutes les jad\u00e9ites achet\u00e9es chez Yi Pin Qian \u00e0 Singapour, les clients peuvent r\u00e9server des cr\u00e9neaux pour le polissage ou une r\u00e9paration mineure en cas de mauvaise manipulation - des frais s&#039;appliquent et uniquement pour les clients de Yi Pin Qian \u00e0 Singapour*<\/p>\n<p><\/p>\n<p><strong>**Types de certificats**<\/strong><\/p>\n<p><\/p>\n<p><strong>NGI (Nan Yang Gemmologie)<\/strong><\/p>\n<p>ou <strong>Certificats \u00e9trangers <\/strong>(Yi Pin Qian utilise uniquement des certificats authentiques provenant de laboratoires \u00e9trangers et contr\u00f4le \u00e9galement la qualit\u00e9 de chacun de nos produits avant de les mettre en vente \u00e0 Singapour)<\/p>\n<p><\/p>\n<p>Chaque produit sur TikTok aura le type de certificat fourni indiqu\u00e9 dans la description. Pour tout client souhaitant envoyer sa commande \u00e0 NGI Singapore, il y aura un d\u00e9lai d&#039;attente pour la livraison de la commande estim\u00e9 \u00e0 environ 4 semaines pour recevoir votre commande. <strong>Les demandes de rapport NGI Gemstone doivent \u00eatre effectu\u00e9es en nous envoyant un message.<\/strong> Merci, <strong><u>des frais suppl\u00e9mentaires s&#039;appliquent<\/u><\/strong>.<\/p>\n<p><\/p>\n<p><strong>La jad\u00e9ite naturelle n&#039;est pas parfaite, juste un petit rappel : notre jad\u00e9ite naturelle, comme toutes les belles choses de la nature, poss\u00e8de ses caract\u00e9ristiques et ses variations uniques. Nous invitons nos pr\u00e9cieux clients \u00e0 adopter ces variations naturelles. Bon shopping !<\/strong><\/p>\n<p><\/p>\n<p><strong><u>Aucune des photos et des s\u00e9quences vid\u00e9o n&#039;a \u00e9t\u00e9 filtr\u00e9e. Nous encourageons nos clients \u00e0 regarder \u00e9galement les vid\u00e9os d&#039;accompagnement pour une vue plus compl\u00e8te de nos produits<\/u><\/strong><\/p>\n<p><\/p>\n<ul>\n<li>Diff\u00e9rentes plates-formes ne peuvent visionner des vid\u00e9os que via le bureau<\/li>\n<\/ul>","protected":false},"excerpt":{"rendered":"<p>Ce bracelet exquis en jad\u00e9ite-jade authentique de type A de collection pr\u00e9sente un superbe design ovale Chaise de 53 mm vert avec des taches brunes et rouge\u00e2tres, ce qui en fait un accessoire unique et accrocheur. Num\u00e9ros de certificat : GD2110H008709 Remarque : le bracelet Chaise de forme ovale de taille 53 mm convient aux mains de 50 \u00e0 52 mm (convient uniquement aux petites mains) Mat\u00e9riau : fabriqu\u00e9 en jad\u00e9ite-jade de type A de haute qualit\u00e9 Dimensions : [\u2026]<\/p>","protected":false},"featured_media":2871,"comment_status":"open","ping_status":"closed","template":"","meta":[],"product_brand":[],"product_cat":[121,87,126],"product_tag":[86,52,90,72,70,65,55,56,58,91,75,60,68,62],"class_list":{"0":"post-1310","1":"product","2":"type-product","3":"status-publish","4":"has-post-thumbnail","6":"product_cat-bracelets-bangles","7":"product_cat-jade-bracelets-anklets","8":"product_cat-new-arrivals","9":"product_tag-bangle","10":"product_tag-certified","11":"product_tag-chaise-oval-bracelet","12":"product_tag-female","13":"product_tag-green","14":"product_tag-high-quality","15":"product_tag-jadeite","16":"product_tag-limited-editions","17":"product_tag-new-arrivals","18":"product_tag-red-patches","19":"product_tag-traditional","20":"product_tag-type-a-jadeite","21":"product_tag-yellow","22":"product_tag-yi-pin-qian-exclusive","24":"first","25":"instock","26":"sale","27":"shipping-taxable","28":"purchasable","29":"product-type-simple"},"_links":{"self":[{"href":"https:\/\/shop.yipinqian.com\/fr\/wp-json\/wp\/v2\/product\/1310","targetHints":{"allow":["GET"]}}],"collection":[{"href":"https:\/\/shop.yipinqian.com\/fr\/wp-json\/wp\/v2\/product"}],"about":[{"href":"https:\/\/shop.yipinqian.com\/fr\/wp-json\/wp\/v2\/types\/product"}],"replies":[{"embeddable":true,"href":"https:\/\/shop.yipinqian.com\/fr\/wp-json\/wp\/v2\/comments?post=1310"}],"version-history":[{"count":0,"href":"https:\/\/shop.yipinqian.com\/fr\/wp-json\/wp\/v2\/product\/1310\/revisions"}],"wp:featuredmedia":[{"embeddable":true,"href":"https:\/\/shop.yipinqian.com\/fr\/wp-json\/wp\/v2\/media\/2871"}],"wp:attachment":[{"href":"https:\/\/shop.yipinqian.com\/fr\/wp-json\/wp\/v2\/media?parent=1310"}],"wp:term":[{"taxonomy":"product_brand","embeddable":true,"href":"https:\/\/shop.yipinqian.com\/fr\/wp-json\/wp\/v2\/product_brand?post=1310"},{"taxonomy":"product_cat","embeddable":true,"href":"https:\/\/shop.yipinqian.com\/fr\/wp-json\/wp\/v2\/product_cat?post=1310"},{"taxonomy":"product_tag","embeddable":true,"href":"https:\/\/shop.yipinqian.com\/fr\/wp-json\/wp\/v2\/product_tag?post=1310"}],"curies":[{"name":"wp","href":"https:\/\/api.w.org\/{rel}","templated":true}]}}