{"id":1301,"date":"2024-10-24T23:18:18","date_gmt":"2024-10-24T15:18:18","guid":{"rendered":"https:\/\/shop.yipinqian.com\/product\/casual-daily-wear-natural-type-a-jadeite-jade-crafted-as-standing-buddha-to-use-as-a-pendant-no-certitficate-with-s990-clasp-choose-1-to-8\/"},"modified":"2025-02-17T00:01:51","modified_gmt":"2025-02-16T16:01:51","slug":"casual-daily-wear-natural-type-a-jadeite-jade-crafted-as-standing-buddha-to-use-as-a-pendant-no-certitficate-with-s990-clasp-choose-1-to-8","status":"publish","type":"product","link":"https:\/\/shop.yipinqian.com\/fr\/produit\/casual-daily-wear-natural-type-a-jadeite-jade-crafted-as-standing-buddha-to-use-as-a-pendant-no-certitficate-with-s990-clasp-choose-1-to-8\/","title":{"rendered":"Tenue d\u00e9contract\u00e9e au quotidien \u2013 Jade jad\u00e9ite naturelle de type A \u2013 fa\u00e7onn\u00e9 en forme de Bouddha debout pour \u00eatre utilis\u00e9 comme pendentif \u2013 Pas de certificat \u2013 avec fermoir S990 (choisissez #1 \u00e0 #8)"},"content":{"rendered":"<p>Ce pendentif Bouddha debout en jad\u00e9ite naturelle de type A \u00e0 porter au quotidien est un accessoire parfait pour un usage quotidien. Fabriqu\u00e9 au Myanmar, ce pendentif unisexe est livr\u00e9 avec un fermoir en argent S990 (choisissez #1 \u00e0 #8) pour offrir un ajustement tendance et confortable.<\/p>\n<p><strong>Le prix est pour une seule jad\u00e9ite, le client peut choisir entre #1 et #8, merci.<\/strong><\/p>\n<p><strong>La jad\u00e9ite naturelle n&#039;est pas parfaite, juste un petit rappel : notre jad\u00e9ite naturelle, comme toutes les belles choses de la nature, poss\u00e8de ses caract\u00e9ristiques et ses variations uniques. Nous invitons nos pr\u00e9cieux clients \u00e0 adopter ces variations naturelles. Bon shopping !<\/strong><\/p>\n<p>*Remarque\u00a0: le client recevra la jad\u00e9ite exactement comme sur la photo avec des fermoirs en argent S990, <strong>vous pouvez utiliser votre propre cha\u00eene pour un usage quotidien. <\/strong><\/p>\n<p>Coffret cadeau = Oui<\/p>\n<p>Taille, veuillez consulter l&#039;image des variations ci-jointe.<\/p>\n<ul>\n<li>\n<strong>Jade jad\u00e9ite naturelle de type A :<\/strong> Ce pendentif d\u00e9contract\u00e9 \u00e0 porter au quotidien est fabriqu\u00e9 \u00e0 partir de jade jad\u00e9ite naturel de type A, qui symbolise la puret\u00e9 et la s\u00e9r\u00e9nit\u00e9.<\/li>\n<li>\n<strong>Conception de Bouddha debout :<\/strong> La conception du Bouddha debout de ce pendentif rehausse la beaut\u00e9 globale du produit.<\/li>\n<li>\n<strong>Aucun certificat :<\/strong> Ce produit n&#039;est accompagn\u00e9 d&#039;aucun certificat prouvant son authenticit\u00e9<\/li>\n<li>\n<strong>Fermoir en argent S990 : <\/strong>Le fermoir en argent S990 ajoute de l&#039;\u00e9l\u00e9gance et de la durabilit\u00e9 \u00e0 ce collier d\u00e9contract\u00e9<\/li>\n<\/ul>\n<p>Ce superbe collier d\u00e9contract\u00e9 est id\u00e9al pour un usage quotidien. Son design simple mais \u00e9l\u00e9gant le rend parfait pour toutes les occasions. Procurez-vous le v\u00f4tre d\u00e8s aujourd&#039;hui\u00a0!<\/p>\n<p><strong>La jad\u00e9ite naturelle n&#039;est pas parfaite, juste un petit rappel : notre jad\u00e9ite naturelle, comme toutes les belles choses de la nature, poss\u00e8de ses caract\u00e9ristiques et ses variations uniques. Nous invitons nos pr\u00e9cieux clients \u00e0 adopter ces variations naturelles. Bon shopping !<\/strong><\/p>\n<p><strong><u>Aucune des photos et des s\u00e9quences vid\u00e9o n&#039;a \u00e9t\u00e9 filtr\u00e9e. Nous encourageons nos clients \u00e0 regarder \u00e9galement les vid\u00e9os d&#039;accompagnement pour une vue plus compl\u00e8te de nos produits<\/u><\/strong><\/p>","protected":false},"excerpt":{"rendered":"<p>This Casual Daily Wear natural Type A Jadeite Jade Standing Buddha Pendant is a perfect accessory for daily use. Crafted in Myanmar, this unisex pendant comes with S990 Silver clasp (Choose #1 to #8) to provide a fashionable and comfortable fit. Price is for one jadeite only, customer can choose from #1 to #8 , [&hellip;]<\/p>","protected":false},"featured_media":2816,"comment_status":"open","ping_status":"closed","template":"","meta":[],"product_brand":[],"product_cat":[48],"product_tag":[],"class_list":{"0":"post-1301","1":"product","2":"type-product","3":"status-publish","4":"has-post-thumbnail","6":"product_cat-pendants","8":"first","9":"instock","10":"sale","11":"shipping-taxable","12":"purchasable","13":"product-type-variable"},"_links":{"self":[{"href":"https:\/\/shop.yipinqian.com\/fr\/wp-json\/wp\/v2\/product\/1301","targetHints":{"allow":["GET"]}}],"collection":[{"href":"https:\/\/shop.yipinqian.com\/fr\/wp-json\/wp\/v2\/product"}],"about":[{"href":"https:\/\/shop.yipinqian.com\/fr\/wp-json\/wp\/v2\/types\/product"}],"replies":[{"embeddable":true,"href":"https:\/\/shop.yipinqian.com\/fr\/wp-json\/wp\/v2\/comments?post=1301"}],"version-history":[{"count":0,"href":"https:\/\/shop.yipinqian.com\/fr\/wp-json\/wp\/v2\/product\/1301\/revisions"}],"wp:featuredmedia":[{"embeddable":true,"href":"https:\/\/shop.yipinqian.com\/fr\/wp-json\/wp\/v2\/media\/2816"}],"wp:attachment":[{"href":"https:\/\/shop.yipinqian.com\/fr\/wp-json\/wp\/v2\/media?parent=1301"}],"wp:term":[{"taxonomy":"product_brand","embeddable":true,"href":"https:\/\/shop.yipinqian.com\/fr\/wp-json\/wp\/v2\/product_brand?post=1301"},{"taxonomy":"product_cat","embeddable":true,"href":"https:\/\/shop.yipinqian.com\/fr\/wp-json\/wp\/v2\/product_cat?post=1301"},{"taxonomy":"product_tag","embeddable":true,"href":"https:\/\/shop.yipinqian.com\/fr\/wp-json\/wp\/v2\/product_tag?post=1301"}],"curies":[{"name":"wp","href":"https:\/\/api.w.org\/{rel}","templated":true}]}}