{"id":1290,"date":"2024-10-24T23:18:13","date_gmt":"2024-10-24T15:18:13","guid":{"rendered":"https:\/\/shop.yipinqian.com\/product\/black-wuji-natural-type-a-jadeite-pendant-does-not-carved-with-any-patterns-represent-peace-and-safety-and-jadeite-symbolizes-luck-eternity-and-balance-with-certificate-weigh-16-55-grams-39-16-2-11-mm\/"},"modified":"2025-02-17T00:01:33","modified_gmt":"2025-02-16T16:01:33","slug":"black-wuji-natural-type-a-jadeite-pendant-does-not-carved-with-any-patterns-represent-peace-and-safety-and-jadeite-symbolizes-luck-eternity-and-balance-with-certificate-weigh-16-55-grams-39-16-2-11-mm","status":"publish","type":"product","link":"https:\/\/shop.yipinqian.com\/fr\/produit\/black-wuji-natural-type-a-jadeite-pendant-does-not-carved-with-any-patterns-represent-peace-and-safety-and-jadeite-symbolizes-luck-eternity-and-balance-with-certificate-weigh-16-55-grams-39-16-2-11-mm\/","title":{"rendered":"Le pendentif en jad\u00e9ite naturelle de type A Wuji noir n&#039;est sculpt\u00e9 avec aucun motif repr\u00e9sentant la paix et la s\u00e9curit\u00e9 et la jad\u00e9ite symbolise la chance, l&#039;\u00e9ternit\u00e9 et l&#039;\u00e9quilibre, avec certificat p\u00e8se 16,55 grammes, 39 * 16,2 * 11 mm, convient \u00e0 un usage quotidien (pendentif79)"},"content":{"rendered":"<p>Rehaussez votre style avec ce superbe pendentif en jad\u00e9ite naturelle de type A Wuji noir, un ajout parfait \u00e0 votre collection de bijoux.<\/p>\n<ul>\n<li>\n<strong>Symbole de paix et de s\u00e9curit\u00e9 :<\/strong> Ce pendentif ne comporte aucun motif sculpt\u00e9, repr\u00e9sentant la paix et la s\u00e9curit\u00e9.<\/li>\n<li>\n<strong>Jad\u00e9ite :<\/strong> Le pendentif est fait de jad\u00e9ite, qui symbolise la chance, l&#039;\u00e9ternit\u00e9 et l&#039;\u00e9quilibre.<\/li>\n<li>\n<strong>Certificat inclus :<\/strong> Ce pendentif est accompagn\u00e9 d&#039;un certificat garantissant son authenticit\u00e9.<\/li>\n<\/ul>\n<p><strong>Num\u00e9ros de certificat : ZS24011407118<\/strong><\/p>\n<p><img fetchpriority=\"high\" decoding=\"async\" height=\"1080\" src=\"https:\/\/shop.yipinqian.com\/wp-content\/uploads\/2024\/10\/52408226be4f8e0fc2c5b32bd5c4f3cd.jpg?from=476444299\" width=\"1080\"><img decoding=\"async\" height=\"1080\" src=\"https:\/\/shop.yipinqian.com\/wp-content\/uploads\/2024\/10\/be7e815d2e97ea8f590ce6ef288dc822.jpg?from=476444299\" width=\"1080\"><\/p>\n<p>Pesant 16,55 grammes et mesurant 39 * 16,2 * 11 mm, il convient \u00e0 un usage quotidien pour les hommes et les femmes qui aiment les styles de bijoux d\u00e9contract\u00e9s.<\/p>\n<ul>\n<li>\n<strong>Type de jade :<\/strong> Fabriqu\u00e9 en jad\u00e9ite naturelle de type A provenant du Myanmar.<\/li>\n<\/ul>\n<p>Ajoutez cet \u00e9l\u00e9gant pendentif en jad\u00e9ite naturelle de type A Wuji noir \u00e0 votre collection aujourd&#039;hui, ce qui constitue une excellente option de cadeau pour toute occasion !<\/p>\n<p>\u00a0<\/p>\n<p>Yi Pin Qian \u2013 N\u00e9gociant en pierres pr\u00e9cieuses et m\u00e9taux pr\u00e9cieux \u00e0 Singapour \u2013 Num\u00e9ro de licence PS20190000031<\/p>\n<p>\u00a0<\/p>\n<p>*Toutes les jad\u00e9ites achet\u00e9es chez Yi Pin Qian \u00e0 Singapour, les clients peuvent r\u00e9server des cr\u00e9neaux pour le polissage ou une r\u00e9paration mineure en cas de mauvaise manipulation - des frais s&#039;appliquent et uniquement pour les clients de Yi Pin Qian \u00e0 Singapour*<\/p>\n<p>\u00a0<\/p>\n<p><strong>**Types de certificats**<\/strong><\/p>\n<p>\u00a0<\/p>\n<p><strong>NGI (Nan Yang Gemmologie)<\/strong><\/p>\n<p>ou <strong>Certificats \u00e9trangers <\/strong>(Yi Pin Qian utilise uniquement des certificats authentiques provenant de laboratoires \u00e9trangers et contr\u00f4le \u00e9galement la qualit\u00e9 de chacun de nos produits avant de les mettre en vente \u00e0 Singapour)<\/p>\n<p>\u00a0<\/p>\n<p>Chaque produit sur TikTok aura le type de certificat fourni indiqu\u00e9 dans la description. Pour tout client souhaitant envoyer sa commande \u00e0 NGI Singapore, il y aura un d\u00e9lai d&#039;attente pour la livraison de la commande estim\u00e9 \u00e0 environ 4 semaines pour recevoir votre commande. <strong>Les demandes de rapport sur les pierres pr\u00e9cieuses NGI doivent \u00eatre effectu\u00e9es en envoyant un message \u00e0 la boutique TikTok de Yi Pin Qian.<\/strong> Merci, <strong><u>des frais suppl\u00e9mentaires s&#039;appliquent<\/u><\/strong>.<\/p>\n<p>\u00a0<\/p>\n<p><strong>La jad\u00e9ite naturelle n&#039;est pas parfaite, juste un petit rappel : notre jad\u00e9ite naturelle, comme toutes les belles choses de la nature, poss\u00e8de ses caract\u00e9ristiques et ses variations uniques. Nous invitons nos pr\u00e9cieux clients \u00e0 adopter ces variations naturelles. Bon shopping !<\/strong><\/p>\n<p>\u00a0<\/p>\n<p><strong><u>Aucune des photos et des s\u00e9quences vid\u00e9o n&#039;a \u00e9t\u00e9 filtr\u00e9e. Nous encourageons nos clients \u00e0 regarder \u00e9galement les vid\u00e9os d&#039;accompagnement pour une vue plus compl\u00e8te de nos produits<\/u><\/strong><\/p>","protected":false},"excerpt":{"rendered":"<p>Elevate your style with this stunning Black Wuji Natural Type A Jadeite Pendant, a perfect addition to your jewelry collection. Symbol of Peace and Safety: This pendant does not have any patterns carved on it, representing peace and safety. Jadeite: The pendant is made of Jadeite, which symbolizes luck, eternity and balance. Certificate Included: This [&hellip;]<\/p>","protected":false},"featured_media":2668,"comment_status":"open","ping_status":"closed","template":"","meta":[],"product_brand":[],"product_cat":[48],"product_tag":[],"class_list":{"0":"post-1290","1":"product","2":"type-product","3":"status-publish","4":"has-post-thumbnail","6":"product_cat-pendants","8":"first","9":"instock","10":"sale","11":"shipping-taxable","12":"purchasable","13":"product-type-simple"},"_links":{"self":[{"href":"https:\/\/shop.yipinqian.com\/fr\/wp-json\/wp\/v2\/product\/1290","targetHints":{"allow":["GET"]}}],"collection":[{"href":"https:\/\/shop.yipinqian.com\/fr\/wp-json\/wp\/v2\/product"}],"about":[{"href":"https:\/\/shop.yipinqian.com\/fr\/wp-json\/wp\/v2\/types\/product"}],"replies":[{"embeddable":true,"href":"https:\/\/shop.yipinqian.com\/fr\/wp-json\/wp\/v2\/comments?post=1290"}],"version-history":[{"count":0,"href":"https:\/\/shop.yipinqian.com\/fr\/wp-json\/wp\/v2\/product\/1290\/revisions"}],"wp:featuredmedia":[{"embeddable":true,"href":"https:\/\/shop.yipinqian.com\/fr\/wp-json\/wp\/v2\/media\/2668"}],"wp:attachment":[{"href":"https:\/\/shop.yipinqian.com\/fr\/wp-json\/wp\/v2\/media?parent=1290"}],"wp:term":[{"taxonomy":"product_brand","embeddable":true,"href":"https:\/\/shop.yipinqian.com\/fr\/wp-json\/wp\/v2\/product_brand?post=1290"},{"taxonomy":"product_cat","embeddable":true,"href":"https:\/\/shop.yipinqian.com\/fr\/wp-json\/wp\/v2\/product_cat?post=1290"},{"taxonomy":"product_tag","embeddable":true,"href":"https:\/\/shop.yipinqian.com\/fr\/wp-json\/wp\/v2\/product_tag?post=1290"}],"curies":[{"name":"wp","href":"https:\/\/api.w.org\/{rel}","templated":true}]}}