{"id":1287,"date":"2024-10-24T23:18:12","date_gmt":"2024-10-24T15:18:12","guid":{"rendered":"https:\/\/shop.yipinqian.com\/product\/black-wuji-natural-type-a-jadeite-jade-crafted-with-16-13mm-beads-as-a-bracelet-with-qic-labs-approved-certificate-weigh-60-39-grams-bracelet19\/"},"modified":"2025-02-17T00:01:33","modified_gmt":"2025-02-16T16:01:33","slug":"black-wuji-natural-type-a-jadeite-jade-crafted-with-16-13mm-beads-as-a-bracelet-with-qic-labs-approved-certificate-weigh-60-39-grams-bracelet19","status":"publish","type":"product","link":"https:\/\/shop.yipinqian.com\/fr\/produit\/black-wuji-natural-type-a-jadeite-jade-crafted-with-16-13mm-beads-as-a-bracelet-with-qic-labs-approved-certificate-weigh-60-39-grams-bracelet19\/","title":{"rendered":"Bracelet en jade jad\u00e9ite naturelle de type A Wuji noir fabriqu\u00e9 avec des perles de 16 * 13 mm avec certificat approuv\u00e9 par les laboratoires QIC pesant 60,39 grammes (bracelet19)"},"content":{"rendered":"<p>Ce bracelet en jade jad\u00e9ite naturelle de type A Wuji noir est un superbe accessoire \u00e0 porter au quotidien. Fabriqu\u00e9 avec des perles de 16 x 13 mm et pesant 60,39 grammes, ce bracelet respire le luxe et la sophistication. Caract\u00e9ristiques principales :<\/p>\n<p>\u00a0<\/p>\n<p>Num\u00e9ros de certificat : 5824011602362<\/p>\n<ul>\n<li>Fabriqu\u00e9 avec du jade jad\u00e9ite naturel de type A<\/li>\n<li>Certificat d&#039;authenticit\u00e9 approuv\u00e9 par les laboratoires QIC<\/li>\n<li>P\u00e8se 60,39 grammes<\/li>\n<li>Design Wuji noir \u00e9l\u00e9gant<\/li>\n<\/ul>\n<p>Ce bracelet est le compl\u00e9ment parfait \u00e0 toute collection de bijoux, avec un design unique qui le distingue des autres. Le motif Wuji noir ajoute un \u00e9l\u00e9ment d&#039;intrigue aux luxueuses perles de jade. Que vous soyez habill\u00e9 ou non, ce bracelet est suffisamment polyvalent pour toutes les occasions. De plus, il est livr\u00e9 avec un certificat d&#039;authenticit\u00e9 des laboratoires QIC pour que vous puissiez \u00eatre s\u00fbr de votre achat. Dans l&#039;ensemble, ce bracelet en jade jad\u00e9ite naturel de type A Wuji noir est un accessoire exquis qui respire la sophistication et la classe, ce qui en fait le choix parfait pour un usage quotidien ou pour des occasions sp\u00e9ciales !<\/p>\n<p>\u00a0<\/p>\n<p><strong>La jad\u00e9ite naturelle n&#039;est pas parfaite, juste un petit rappel : notre jad\u00e9ite naturelle, comme toutes les belles choses de la nature, poss\u00e8de ses caract\u00e9ristiques et ses variations uniques. Nous invitons nos pr\u00e9cieux clients \u00e0 adopter ces variations naturelles. Bon shopping !<\/strong><\/p>\n<p>\u00a0<\/p>\n<p><strong><u>Aucune des photos et des s\u00e9quences vid\u00e9o n&#039;a \u00e9t\u00e9 filtr\u00e9e. Nous encourageons nos clients \u00e0 regarder \u00e9galement les vid\u00e9os d&#039;accompagnement pour une vue plus compl\u00e8te de nos produits<\/u><\/strong><\/p>","protected":false},"excerpt":{"rendered":"<p>Ce bracelet en jade jad\u00e9ite naturelle de type A Wuji noir est un superbe accessoire \u00e0 porter au quotidien. Fabriqu\u00e9 avec des perles de 16 * 13 mm et pesant 60,39 grammes, ce bracelet respire le luxe et la sophistication. Principales caract\u00e9ristiques : Num\u00e9ros de certificat : 5824011602362 Fabriqu\u00e9 avec du jade jad\u00e9ite naturel de type A Certificat d&#039;authenticit\u00e9 approuv\u00e9 par les laboratoires QIC P\u00e8se 60,39 [\u2026]<\/p>","protected":false},"featured_media":2647,"comment_status":"open","ping_status":"closed","template":"","meta":[],"product_brand":[],"product_cat":[121,84],"product_tag":[],"class_list":{"0":"post-1287","1":"product","2":"type-product","3":"status-publish","4":"has-post-thumbnail","6":"product_cat-bracelets-bangles","7":"product_cat-charms-and-charm-bracelet","9":"first","10":"instock","11":"sale","12":"shipping-taxable","13":"purchasable","14":"product-type-simple"},"_links":{"self":[{"href":"https:\/\/shop.yipinqian.com\/fr\/wp-json\/wp\/v2\/product\/1287","targetHints":{"allow":["GET"]}}],"collection":[{"href":"https:\/\/shop.yipinqian.com\/fr\/wp-json\/wp\/v2\/product"}],"about":[{"href":"https:\/\/shop.yipinqian.com\/fr\/wp-json\/wp\/v2\/types\/product"}],"replies":[{"embeddable":true,"href":"https:\/\/shop.yipinqian.com\/fr\/wp-json\/wp\/v2\/comments?post=1287"}],"version-history":[{"count":0,"href":"https:\/\/shop.yipinqian.com\/fr\/wp-json\/wp\/v2\/product\/1287\/revisions"}],"wp:featuredmedia":[{"embeddable":true,"href":"https:\/\/shop.yipinqian.com\/fr\/wp-json\/wp\/v2\/media\/2647"}],"wp:attachment":[{"href":"https:\/\/shop.yipinqian.com\/fr\/wp-json\/wp\/v2\/media?parent=1287"}],"wp:term":[{"taxonomy":"product_brand","embeddable":true,"href":"https:\/\/shop.yipinqian.com\/fr\/wp-json\/wp\/v2\/product_brand?post=1287"},{"taxonomy":"product_cat","embeddable":true,"href":"https:\/\/shop.yipinqian.com\/fr\/wp-json\/wp\/v2\/product_cat?post=1287"},{"taxonomy":"product_tag","embeddable":true,"href":"https:\/\/shop.yipinqian.com\/fr\/wp-json\/wp\/v2\/product_tag?post=1287"}],"curies":[{"name":"wp","href":"https:\/\/api.w.org\/{rel}","templated":true}]}}