{"id":1285,"date":"2024-10-24T23:18:11","date_gmt":"2024-10-24T15:18:11","guid":{"rendered":"https:\/\/shop.yipinqian.com\/product\/big-jadeite-jade-green-with-brown-natural-type-a-crafted-with-sceneries-as-pendant-good-for-fengshui-certificate-weighs-76-47-grams-measurement-67-6-50-10-8-mm-pendant305\/"},"modified":"2025-02-24T01:17:33","modified_gmt":"2025-02-23T17:17:33","slug":"big-jadeite-jade-green-with-brown-natural-type-a-crafted-with-sceneries-as-pendant-good-for-fengshui-certificate-weighs-76-47-grams-measurement-67-6-50-10-8-mm-pendant305","status":"publish","type":"product","link":"https:\/\/shop.yipinqian.com\/fr\/produit\/big-jadeite-jade-green-with-brown-natural-type-a-crafted-with-sceneries-as-pendant-good-for-fengshui-certificate-weighs-76-47-grams-measurement-67-6-50-10-8-mm-pendant305\/","title":{"rendered":"Grande jad\u00e9ite-jade, verte et brune, naturelle de type A, fabriqu\u00e9e avec des paysages comme pendentif, id\u00e9ale pour le Feng Shui, le certificat p\u00e8se 76,47 grammes, mesure 67,6 * 50 * 10,8 mm (pendentif 305)"},"content":{"rendered":"<p>Ce grand pendentif en jad\u00e9ite-jade pr\u00e9sente un superbe jade naturel de type A vert et brun, m\u00e9ticuleusement con\u00e7u avec des d\u00e9cors complexes, ce qui en fait un accessoire parfait pour ceux qui recherchent un bon Fengshui.<\/p>\n<p><\/p>\n<p>Num\u00e9ros de certificat : GD2110H004315<\/p>\n<p><img fetchpriority=\"high\" decoding=\"async\" src=\"https:\/\/shop.yipinqian.com\/wp-content\/uploads\/2024\/10\/1b68788861614c1b8ca86a7a38374a69tplv-aphluv4xwc-origin-jpeg.jpeg?dr=15568&amp;nonce=78975&amp;refresh_token=4b2171d6d286cf562a94eb8f37a25231&amp;from=476444299&amp;idc=my&amp;ps=933b5bde&amp;shcp=9b759fb9&amp;shp=1c65f68b&amp;t=555f072d\" width=\"1080\" height=\"1080\"><\/p>\n<ul>\n<li><strong>Poids et mesures :<\/strong><\/li>\n<li>Pesant 76,47 grammes, ce pendentif mesure 67,6 * 50 * 10,8 mm (pendentif305), ce qui en fait une pi\u00e8ce substantielle et accrocheuse.<\/li>\n<\/ul>\n<p><img decoding=\"async\" src=\"https:\/\/shop.yipinqian.com\/wp-content\/uploads\/2024\/10\/cf8b13f1b5d14ed8895a13317bad40a0tplv-aphluv4xwc-origin-jpeg.jpeg?dr=15568&amp;nonce=17810&amp;refresh_token=092d1f3ac0bcd48842122adc221a2187&amp;from=476444299&amp;idc=my&amp;ps=933b5bde&amp;shcp=9b759fb9&amp;shp=1c65f68b&amp;t=555f072d\" width=\"1080\" height=\"1080\"><\/p>\n<p>Am\u00e9liorez votre \u00e9nergie et votre style avec cette pi\u00e8ce de bon augure accompagn\u00e9e d&#039;un certificat d&#039;authenticit\u00e9, garantissant sa qualit\u00e9.<\/p>\n<ul>\n<li><strong>Attributs du produit :<\/strong><\/li>\n<li>\n<strong>Certificat:<\/strong> Oui<\/li>\n<li>\n<strong>Pays d&#039;origine :<\/strong> Birmanie<\/li>\n<li><strong>Occasion : propice<\/strong><\/li>\n<li><strong>Type de garantie : NON<\/strong><\/li>\n<li><strong>GENRE : UNISEXE<\/strong><\/li>\n<li><strong>TYPE DE JADE : JAD\u00c9ITE<\/strong><\/li>\n<li><strong>STYLE DE LACETS : D\u00c9CONTRACT\u00c9<\/strong><\/li>\n<\/ul>\n<p><strong>Ce collier unisexe est fabriqu\u00e9 \u00e0 partir de jade jad\u00e9ite de haute qualit\u00e9, ajoutant \u00e0 la fois \u00e9l\u00e9gance et \u00e9nergie positive \u00e0 n&#039;importe quelle tenue d\u00e9contract\u00e9e ou occasion.<\/strong><\/p>\n<p><\/p>\n<p>Yi Pin Qian \u2013 N\u00e9gociant en pierres pr\u00e9cieuses et m\u00e9taux pr\u00e9cieux \u00e0 Singapour \u2013 Num\u00e9ro de licence PS20190000031<\/p>\n<p><\/p>\n<p>*Toutes les jad\u00e9ites achet\u00e9es chez Yi Pin Qian \u00e0 Singapour, les clients peuvent r\u00e9server des cr\u00e9neaux pour le polissage ou une r\u00e9paration mineure en cas de mauvaise manipulation - des frais s&#039;appliquent et uniquement pour les clients de Yi Pin Qian \u00e0 Singapour*<\/p>\n<p><\/p>\n<p><strong>**Types de certificats**<\/strong><\/p>\n<p><\/p>\n<p><strong>NGI (Nan Yang Gemmologie)<\/strong><\/p>\n<p>ou <strong>Certificats \u00e9trangers <\/strong>(Yi Pin Qian utilise uniquement des certificats authentiques provenant de laboratoires \u00e9trangers et contr\u00f4le \u00e9galement la qualit\u00e9 de chacun de nos produits avant de les mettre en vente \u00e0 Singapour)<\/p>\n<p><\/p>\n<p>Chaque produit sur TikTok aura le type de certificat fourni indiqu\u00e9 dans la description. Pour tout client souhaitant envoyer sa commande \u00e0 NGI Singapore, il y aura un d\u00e9lai d&#039;attente pour la livraison de la commande estim\u00e9 \u00e0 environ 4 semaines pour recevoir votre commande. <strong>Les demandes de rapport NGI Gemstone doivent \u00eatre effectu\u00e9es en nous envoyant un message.<\/strong> Merci, <strong><u>des frais suppl\u00e9mentaires s&#039;appliquent<\/u><\/strong>.<\/p>\n<p><\/p>\n<p><strong>La jad\u00e9ite naturelle n&#039;est pas parfaite, juste un petit rappel : notre jad\u00e9ite naturelle, comme toutes les belles choses de la nature, poss\u00e8de ses caract\u00e9ristiques et ses variations uniques. Nous invitons nos pr\u00e9cieux clients \u00e0 adopter ces variations naturelles. Bon shopping !<\/strong><\/p>\n<p><\/p>\n<p><strong><u>Aucune des photos et des s\u00e9quences vid\u00e9o n&#039;a \u00e9t\u00e9 filtr\u00e9e. Nous encourageons nos clients \u00e0 regarder \u00e9galement les vid\u00e9os d&#039;accompagnement pour une vue plus compl\u00e8te de nos produits<\/u><\/strong><\/p>\n<p><\/p>\n<ul>\n<li>Diff\u00e9rentes plates-formes ne peuvent visionner des vid\u00e9os que via le bureau<\/li>\n<\/ul>","protected":false},"excerpt":{"rendered":"<p>This Big Jadeite-Jade pendant features a stunning Green with Brown Natural Type A jade, meticulously crafted with intricate sceneries, making it a perfect accessory for those seeking good Fengshui. Certificate numbers: GD2110H004315 Weight and Measurement: Weighing 76.47 grams, these pendant measures 67.6 * 50 * 10.8 mm (pendant305), making it a substantial and eye-catching piece. [&hellip;]<\/p>","protected":false},"featured_media":2581,"comment_status":"open","ping_status":"closed","template":"","meta":[],"product_brand":[],"product_cat":[195],"product_tag":[52,89,70,79,65,55,56,58,73,75,60,61,68,62],"class_list":{"0":"post-1285","1":"product","2":"type-product","3":"status-publish","4":"has-post-thumbnail","6":"product_cat-heirloom-grade","7":"product_tag-certified","8":"product_tag-fengshui","9":"product_tag-green","10":"product_tag-green-hue","11":"product_tag-high-quality","12":"product_tag-jadeite","13":"product_tag-limited-editions","14":"product_tag-new-arrivals","15":"product_tag-pendant","16":"product_tag-traditional","17":"product_tag-type-a-jadeite","18":"product_tag-unisex","19":"product_tag-yellow","20":"product_tag-yi-pin-qian-exclusive","22":"first","23":"instock","24":"sale","25":"shipping-taxable","26":"purchasable","27":"product-type-simple"},"_links":{"self":[{"href":"https:\/\/shop.yipinqian.com\/fr\/wp-json\/wp\/v2\/product\/1285","targetHints":{"allow":["GET"]}}],"collection":[{"href":"https:\/\/shop.yipinqian.com\/fr\/wp-json\/wp\/v2\/product"}],"about":[{"href":"https:\/\/shop.yipinqian.com\/fr\/wp-json\/wp\/v2\/types\/product"}],"replies":[{"embeddable":true,"href":"https:\/\/shop.yipinqian.com\/fr\/wp-json\/wp\/v2\/comments?post=1285"}],"version-history":[{"count":0,"href":"https:\/\/shop.yipinqian.com\/fr\/wp-json\/wp\/v2\/product\/1285\/revisions"}],"wp:featuredmedia":[{"embeddable":true,"href":"https:\/\/shop.yipinqian.com\/fr\/wp-json\/wp\/v2\/media\/2581"}],"wp:attachment":[{"href":"https:\/\/shop.yipinqian.com\/fr\/wp-json\/wp\/v2\/media?parent=1285"}],"wp:term":[{"taxonomy":"product_brand","embeddable":true,"href":"https:\/\/shop.yipinqian.com\/fr\/wp-json\/wp\/v2\/product_brand?post=1285"},{"taxonomy":"product_cat","embeddable":true,"href":"https:\/\/shop.yipinqian.com\/fr\/wp-json\/wp\/v2\/product_cat?post=1285"},{"taxonomy":"product_tag","embeddable":true,"href":"https:\/\/shop.yipinqian.com\/fr\/wp-json\/wp\/v2\/product_tag?post=1285"}],"curies":[{"name":"wp","href":"https:\/\/api.w.org\/{rel}","templated":true}]}}