{"id":1280,"date":"2024-10-24T23:18:10","date_gmt":"2024-10-24T15:18:10","guid":{"rendered":"https:\/\/shop.yipinqian.com\/product\/beautifully-designed-rare-yellow-natural-type-a-jadeite-jade-crafted-as-swan-set-on-18k-gold-with-diamonds-certificate-weighs-5-36-grams-18kp38\/"},"modified":"2025-06-07T00:36:00","modified_gmt":"2025-06-06T16:36:00","slug":"beautifully-designed-rare-yellow-natural-type-a-jadeite-jade-crafted-as-swan-set-on-18k-gold-with-diamonds-certificate-weighs-5-36-grams-18kp38","status":"publish","type":"product","link":"https:\/\/shop.yipinqian.com\/fr\/produit\/beautifully-designed-rare-yellow-natural-type-a-jadeite-jade-crafted-as-swan-set-on-18k-gold-with-diamonds-certificate-weighs-5-36-grams-18kp38\/","title":{"rendered":"Magnifiquement con\u00e7u, un jade jad\u00e9ite naturel rare de type A jaune, fabriqu\u00e9 en forme de cygne, serti sur or 18 carats avec diamants, le certificat p\u00e8se 5,36 grammes (18kp38)"},"content":{"rendered":"<p>This exquisite necklace features a beautifully designed Rare Yellow Natural Type A Jadeite Jade crafted as a Swan, set on 18k gold with diamonds.<\/p>\n<p>\u00a0<\/p>\n<p>Certificate numbers: GD2110H017967<\/p>\n<p>Swan Jadeite measurement: 35.3 * 26.2 *6.8 mm<\/p>\n<p>Green Cabochon measurement: 18.7 *<em> 19.7 *<\/em> 4.6 mm<\/p>\n<p>Rubies: 2 Red * 0.005, 2 Green * 0.005<\/p>\n<p>Diamonds: 3 * 0.005 = 0.015carats, 20 * 0.003 = 0.06carats<\/p>\n<p>18k Gold = 2.75 grams<\/p>\n<p>\u00a0<\/p>\n<ul>\n<li>\n<strong>Rare Yellow Natural Type A Jadeite:<\/strong> Crafted with a rare and precious yellow jadeite, known for its stunning color and quality.<\/li>\n<li>\n<strong>18k Gold Setting:<\/strong> Luxuriously set on 18k gold for an elegant and timeless look.<\/li>\n<li>\n<strong>Accents de diamant\u00a0:<\/strong> Adorned with diamonds that add a touch of sparkle and sophistication to the piece.<\/li>\n<\/ul>\n<p>Weighing 5.36 grams, this necklace comes with a certificate (18kp38) to guarantee its authenticity. Perfect for daily wear or special occasions, this necklace is designed for the modern woman who appreciates fine jewelry.<\/p>\n<ul>\n<li>\n<strong>Certificat inclus :<\/strong> Each purchase comes with a certificate verifying the authenticity of the jadeite jade.<\/li>\n<li>\u00a0<\/li>\n<\/ul>\n<ul>\n<li>The beautifully crafted Swan design makes it an elegant piece that will complement any outfit effortlessly. Originating from Myanmar, this necklace is specifically designed for women who appreciate unique jewelry pieces.<\/li>\n<\/ul>\n<p>Yi Pin Qian \u2013 N\u00e9gociant en pierres pr\u00e9cieuses et m\u00e9taux pr\u00e9cieux \u00e0 Singapour \u2013 Num\u00e9ro de licence PS20190000031<\/p>\n<p>\u00a0<\/p>\n<p>*Toutes les jad\u00e9ites achet\u00e9es chez Yi Pin Qian \u00e0 Singapour, les clients peuvent r\u00e9server des cr\u00e9neaux pour le polissage ou une r\u00e9paration mineure en cas de mauvaise manipulation - des frais s&#039;appliquent et uniquement pour les clients de Yi Pin Qian \u00e0 Singapour*<\/p>\n<p>\u00a0<\/p>\n<p><strong>**Types de certificats**<\/strong><\/p>\n<p>\u00a0<\/p>\n<p><strong>NGI (Nan Yang Gemmologie)<\/strong><\/p>\n<p>ou <strong>Certificats \u00e9trangers <\/strong>(Yi Pin Qian utilise uniquement des certificats authentiques provenant de laboratoires \u00e9trangers et contr\u00f4le \u00e9galement la qualit\u00e9 de chacun de nos produits avant de les mettre en vente \u00e0 Singapour)<\/p>\n<p>\u00a0<\/p>\n<p>Chaque produit sur TikTok aura le type de certificat fourni indiqu\u00e9 dans la description. Pour tout client souhaitant envoyer sa commande \u00e0 NGI Singapore, il y aura un d\u00e9lai d&#039;attente pour la livraison de la commande estim\u00e9 \u00e0 environ 4 semaines pour recevoir votre commande. <strong>Les demandes de rapport sur les pierres pr\u00e9cieuses NGI doivent \u00eatre effectu\u00e9es en envoyant un message \u00e0 la boutique TikTok de Yi Pin Qian.<\/strong> Merci, <strong><u>des frais suppl\u00e9mentaires s&#039;appliquent<\/u><\/strong>.<\/p>\n<p>\u00a0<\/p>\n<p><strong>La jad\u00e9ite naturelle n&#039;est pas parfaite, juste un petit rappel : notre jad\u00e9ite naturelle, comme toutes les belles choses de la nature, poss\u00e8de ses caract\u00e9ristiques et ses variations uniques. Nous invitons nos pr\u00e9cieux clients \u00e0 adopter ces variations naturelles. Bon shopping !<\/strong><\/p>\n<p>\u00a0<\/p>\n<p><strong><u>Aucune des photos et des s\u00e9quences vid\u00e9o n&#039;a \u00e9t\u00e9 filtr\u00e9e. Nous encourageons nos clients \u00e0 regarder \u00e9galement les vid\u00e9os d&#039;accompagnement pour une vue plus compl\u00e8te de nos produits<\/u><\/strong><\/p>","protected":false},"excerpt":{"rendered":"<p>This exquisite necklace features a beautifully designed Rare Yellow Natural Type A Jadeite Jade crafted as a Swan, set on 18k gold with diamonds. \u00a0 Certificate numbers: GD2110H017967 Swan Jadeite measurement: 35.3 * 26.2 *6.8 mm Green Cabochon measurement: 18.7 * 19.7 * 4.6 mm Rubies: 2 Red * 0.005, 2 Green * 0.005 Diamonds: [&hellip;]<\/p>","protected":false},"featured_media":2443,"comment_status":"open","ping_status":"closed","template":"","meta":[],"product_brand":[],"product_cat":[120,48],"product_tag":[50,52,88,53,55,56,59,60,61,68,62],"class_list":{"0":"post-1280","1":"product","2":"type-product","3":"status-publish","4":"has-post-thumbnail","6":"product_cat-18k-gold-setting-pendants","7":"product_cat-pendants","8":"product_tag-18k-gold","9":"product_tag-certified","10":"product_tag-diamonds","11":"product_tag-fine-quality","12":"product_tag-jadeite","13":"product_tag-limited-editions","14":"product_tag-translucent","15":"product_tag-type-a-jadeite","16":"product_tag-unisex","17":"product_tag-yellow","18":"product_tag-yi-pin-qian-exclusive","20":"first","21":"outofstock","22":"sale","23":"shipping-taxable","24":"purchasable","25":"product-type-simple"},"_links":{"self":[{"href":"https:\/\/shop.yipinqian.com\/fr\/wp-json\/wp\/v2\/product\/1280","targetHints":{"allow":["GET"]}}],"collection":[{"href":"https:\/\/shop.yipinqian.com\/fr\/wp-json\/wp\/v2\/product"}],"about":[{"href":"https:\/\/shop.yipinqian.com\/fr\/wp-json\/wp\/v2\/types\/product"}],"replies":[{"embeddable":true,"href":"https:\/\/shop.yipinqian.com\/fr\/wp-json\/wp\/v2\/comments?post=1280"}],"version-history":[{"count":0,"href":"https:\/\/shop.yipinqian.com\/fr\/wp-json\/wp\/v2\/product\/1280\/revisions"}],"wp:featuredmedia":[{"embeddable":true,"href":"https:\/\/shop.yipinqian.com\/fr\/wp-json\/wp\/v2\/media\/2443"}],"wp:attachment":[{"href":"https:\/\/shop.yipinqian.com\/fr\/wp-json\/wp\/v2\/media?parent=1280"}],"wp:term":[{"taxonomy":"product_brand","embeddable":true,"href":"https:\/\/shop.yipinqian.com\/fr\/wp-json\/wp\/v2\/product_brand?post=1280"},{"taxonomy":"product_cat","embeddable":true,"href":"https:\/\/shop.yipinqian.com\/fr\/wp-json\/wp\/v2\/product_cat?post=1280"},{"taxonomy":"product_tag","embeddable":true,"href":"https:\/\/shop.yipinqian.com\/fr\/wp-json\/wp\/v2\/product_tag?post=1280"}],"curies":[{"name":"wp","href":"https:\/\/api.w.org\/{rel}","templated":true}]}}