{"id":1276,"date":"2024-10-24T23:18:09","date_gmt":"2024-10-24T15:18:09","guid":{"rendered":"https:\/\/shop.yipinqian.com\/product\/beautifully-crafted-with-sceneries-on-yellow-natural-type-a-jadeite-jade-as-a-pendant-necklace-with-certificate-weigh-27-75-grams-measurement-52-1-25-7-12-7-mm-pendant206\/"},"modified":"2025-02-24T00:49:58","modified_gmt":"2025-02-23T16:49:58","slug":"beautifully-crafted-with-sceneries-on-yellow-natural-type-a-jadeite-jade-as-a-pendant-necklace-with-certificate-weigh-27-75-grams-measurement-52-1-25-7-12-7-mm-pendant206","status":"publish","type":"product","link":"https:\/\/shop.yipinqian.com\/fr\/produit\/beautifully-crafted-with-sceneries-on-yellow-natural-type-a-jadeite-jade-as-a-pendant-necklace-with-certificate-weigh-27-75-grams-measurement-52-1-25-7-12-7-mm-pendant206\/","title":{"rendered":"Magnifiquement con\u00e7u avec des paysages sur du jade jad\u00e9ite naturel jaune de type A comme collier pendentif avec certificat pesant 27,75 grammes, mesurant 52,1 * 25,7 * 12,7 mm (pendentif206)"},"content":{"rendered":"<p>Ce magnifique collier pendentif en jad\u00e9ite naturelle jaune de type A pr\u00e9sente une beaut\u00e9 pittoresque dans les moindres d\u00e9tails. Il p\u00e8se 27,75 grammes et mesure 52,1 * 25,7 * 12,7 mm (pendentif206).<\/p>\n<p><\/p>\n<p>Num\u00e9ros de certificat : GD2207H000316<\/p>\n<ul>\n<li>\n<strong>Artisanat exquis :<\/strong> Les d\u00e9tails complexes des magnifiques paysages sont r\u00e9alis\u00e9s de mani\u00e8re artistique sur la jad\u00e9ite naturelle jaune de type A, ce qui en fait une pi\u00e8ce \u00e9poustouflante \u00e0 ajouter \u00e0 votre collection de bijoux.<\/li>\n<li>\n<strong>Qualit\u00e9 certifi\u00e9e :<\/strong> Le collier pendentif est accompagn\u00e9 d&#039;un certificat d&#039;authenticit\u00e9, garantissant qu&#039;il est fabriqu\u00e9 \u00e0 partir de jad\u00e9ite naturelle de haute qualit\u00e9 provenant du Myanmar.<\/li>\n<li>\n<strong>Style polyvalent :<\/strong> Ce collier pendentif unisexe est parfait pour un usage quotidien et peut compl\u00e9ter n&#039;importe quelle tenue d\u00e9contract\u00e9e sans effort.<\/li>\n<\/ul>\n<p>Rehaussez votre jeu de bijoux avec ce collier pendentif en jad\u00e9ite naturelle jaune de type A magnifiquement con\u00e7u qui met en valeur la beaut\u00e9 des paysages dans les moindres d\u00e9tails\u00a0!<\/p>\n<p><\/p>\n<p>Yi Pin Qian \u2013 N\u00e9gociant en pierres pr\u00e9cieuses et m\u00e9taux pr\u00e9cieux \u00e0 Singapour \u2013 Num\u00e9ro de licence PS20190000031<\/p>\n<p><\/p>\n<p>*Toutes les jad\u00e9ites achet\u00e9es chez Yi Pin Qian \u00e0 Singapour, les clients peuvent r\u00e9server des cr\u00e9neaux pour le polissage ou une r\u00e9paration mineure en cas de mauvaise manipulation - des frais s&#039;appliquent et uniquement pour les clients de Yi Pin Qian \u00e0 Singapour*<\/p>\n<p><\/p>\n<p><strong>**Types de certificats**<\/strong><\/p>\n<p><\/p>\n<p><strong>NGI (Nan Yang Gemmologie)<\/strong><\/p>\n<p>ou <strong>Certificats \u00e9trangers <\/strong>(Yi Pin Qian utilise uniquement des certificats authentiques provenant de laboratoires \u00e9trangers et contr\u00f4le \u00e9galement la qualit\u00e9 de chacun de nos produits avant de les mettre en vente \u00e0 Singapour)<\/p>\n<p><\/p>\n<p>Chaque produit sur TikTok aura le type de certificat fourni indiqu\u00e9 dans la description. Pour tout client souhaitant envoyer sa commande \u00e0 NGI Singapore, il y aura un d\u00e9lai d&#039;attente pour la livraison de la commande estim\u00e9 \u00e0 environ 4 semaines pour recevoir votre commande. <strong>Les demandes de rapport sur les pierres pr\u00e9cieuses NGI doivent \u00eatre effectu\u00e9es en envoyant un message \u00e0 la boutique TikTok de Yi Pin Qian.<\/strong> Merci, <strong><u>des frais suppl\u00e9mentaires s&#039;appliquent<\/u><\/strong>.<\/p>\n<p><\/p>\n<p><strong>La jad\u00e9ite naturelle n&#039;est pas parfaite, juste un petit rappel : notre jad\u00e9ite naturelle, comme toutes les belles choses de la nature, poss\u00e8de ses caract\u00e9ristiques et ses variations uniques. Nous invitons nos pr\u00e9cieux clients \u00e0 adopter ces variations naturelles. Bon shopping !<\/strong><\/p>\n<p><\/p>\n<p><strong><u>Aucune des photos et des s\u00e9quences vid\u00e9o n&#039;a \u00e9t\u00e9 filtr\u00e9e. Nous encourageons nos clients \u00e0 regarder \u00e9galement les vid\u00e9os d&#039;accompagnement pour une vue plus compl\u00e8te de nos produits<\/u><\/strong><\/p>","protected":false},"excerpt":{"rendered":"<p>This Beautifully crafted Yellow Natural Type A Jadeite Pendant Necklace showcases scenic beauty in great detail. It weighs 27.75 grams and measures 52.1 * 25.7 * 12.7 mm (pendant206). Certificate numbers: GD2207H000316 Exquisite Craftsmanship: The intricate details of the beautiful sceneries are artistically crafted on the Yellow Natural Type A Jadeite, making it a stunning [&hellip;]<\/p>","protected":false},"featured_media":2367,"comment_status":"open","ping_status":"closed","template":"","meta":[],"product_brand":[],"product_cat":[194],"product_tag":[],"class_list":{"0":"post-1276","1":"product","2":"type-product","3":"status-publish","4":"has-post-thumbnail","6":"product_cat-value-picks","8":"first","9":"instock","10":"sale","11":"shipping-taxable","12":"purchasable","13":"product-type-simple"},"_links":{"self":[{"href":"https:\/\/shop.yipinqian.com\/fr\/wp-json\/wp\/v2\/product\/1276","targetHints":{"allow":["GET"]}}],"collection":[{"href":"https:\/\/shop.yipinqian.com\/fr\/wp-json\/wp\/v2\/product"}],"about":[{"href":"https:\/\/shop.yipinqian.com\/fr\/wp-json\/wp\/v2\/types\/product"}],"replies":[{"embeddable":true,"href":"https:\/\/shop.yipinqian.com\/fr\/wp-json\/wp\/v2\/comments?post=1276"}],"version-history":[{"count":0,"href":"https:\/\/shop.yipinqian.com\/fr\/wp-json\/wp\/v2\/product\/1276\/revisions"}],"wp:featuredmedia":[{"embeddable":true,"href":"https:\/\/shop.yipinqian.com\/fr\/wp-json\/wp\/v2\/media\/2367"}],"wp:attachment":[{"href":"https:\/\/shop.yipinqian.com\/fr\/wp-json\/wp\/v2\/media?parent=1276"}],"wp:term":[{"taxonomy":"product_brand","embeddable":true,"href":"https:\/\/shop.yipinqian.com\/fr\/wp-json\/wp\/v2\/product_brand?post=1276"},{"taxonomy":"product_cat","embeddable":true,"href":"https:\/\/shop.yipinqian.com\/fr\/wp-json\/wp\/v2\/product_cat?post=1276"},{"taxonomy":"product_tag","embeddable":true,"href":"https:\/\/shop.yipinqian.com\/fr\/wp-json\/wp\/v2\/product_tag?post=1276"}],"curies":[{"name":"wp","href":"https:\/\/api.w.org\/{rel}","templated":true}]}}