{"id":1270,"date":"2024-10-24T23:18:07","date_gmt":"2024-10-24T15:18:07","guid":{"rendered":"https:\/\/shop.yipinqian.com\/product\/authentic-high-quality-light-green-and-brown-natural-type-a-jadeite-jade-crafted-as-pixiu-for-pendant-certificate-weighs-54-18-grams-measurement-56-25-2-26-2-mm-pendant303\/"},"modified":"2025-01-10T06:45:49","modified_gmt":"2025-01-09T22:45:49","slug":"authentic-high-quality-light-green-and-brown-natural-type-a-jadeite-jade-crafted-as-pixiu-for-pendant-certificate-weighs-54-18-grams-measurement-56-25-2-26-2-mm-pendant303","status":"publish","type":"product","link":"https:\/\/shop.yipinqian.com\/fr\/produit\/authentic-high-quality-light-green-and-brown-natural-type-a-jadeite-jade-crafted-as-pixiu-for-pendant-certificate-weighs-54-18-grams-measurement-56-25-2-26-2-mm-pendant303\/","title":{"rendered":"Jade jad\u00e9ite-jade naturel de type A vert clair et marron authentique de haute qualit\u00e9 fabriqu\u00e9 comme Pixiu pour pendentif, certificat p\u00e8se 54,18 grammes, mesure 56 * 25,2 * 26,2 mm (pendentif303)"},"content":{"rendered":"<p>Ce pendentif authentique en jad\u00e9ite-jade naturelle de type A vert clair et marron de haute qualit\u00e9 est une superbe pi\u00e8ce con\u00e7ue sous la forme d&#039;un Pixiu, symbolisant la richesse et la protection.<\/p>\n<p><\/p>\n<p>Num\u00e9ros de certificat : SW22082200777<\/p>\n<p><img fetchpriority=\"high\" decoding=\"async\" src=\"https:\/\/shop.yipinqian.com\/wp-content\/uploads\/2024\/10\/d230c764015a41188db229e381bf1c7dtplv-aphluv4xwc-origin-jpeg.jpeg?from=476444299\" width=\"1080\" height=\"1080\"><\/p>\n<ul>\n<li>Mat\u00e9riau : Jadeite-Jade naturelle de type A<\/li>\n<li>Poids : 54,18 grammes<\/li>\n<li>Dimensions : 56 * 25,2 * 26,2 mm (pendentif 303)<\/li>\n<\/ul>\n<p><img decoding=\"async\" src=\"https:\/\/shop.yipinqian.com\/wp-content\/uploads\/2024\/10\/d66aaf69d56e474d88597d9e93675ab8tplv-aphluv4xwc-origin-jpeg.jpeg?dr=15568&amp;nonce=23504&amp;refresh_token=0e625e4385d9376b3d794d0c896b259b&amp;from=476444299&amp;idc=my&amp;ps=933b5bde&amp;shcp=9b759fb9&amp;shp=1c65f68b&amp;t=555f072d\" width=\"1080\" height=\"1080\"><img decoding=\"async\" src=\"https:\/\/shop.yipinqian.com\/wp-content\/uploads\/2024\/10\/ec4e9d88f9894eedbbb52a74a964b979tplv-aphluv4xwc-origin-jpeg.jpeg?from=476444299\" width=\"1080\" height=\"1080\"><\/p>\n<p>Le jade utilis\u00e9 dans ce pendentif est de premi\u00e8re qualit\u00e9, avec une belle combinaison de teintes vert clair et marron qui rehaussent son \u00e9l\u00e9gance.<\/p>\n<ul>\n<li>Certificat inclus : Oui<\/li>\n<li>Pays d&#039;origine : Myanmar<\/li>\n<li>Le design unisexe le rend id\u00e9al pour tous ceux qui cherchent \u00e0 ajouter une touche de bon augure \u00e0 leur collection d&#039;accessoires.<\/li>\n<\/ul>\n<p>Ce pendentif Pixiu est \u00e0 la fois une parure \u00e9l\u00e9gante et un symbole de bonne fortune, ce qui le rend parfait pour une tenue d\u00e9contract\u00e9e en toute occasion.<\/p>\n<p><\/p>\n<p>Yi Pin Qian \u2013 N\u00e9gociant en pierres pr\u00e9cieuses et m\u00e9taux pr\u00e9cieux \u00e0 Singapour \u2013 Num\u00e9ro de licence PS20190000031<\/p>\n<p><\/p>\n<p>*Toutes les jad\u00e9ites achet\u00e9es chez Yi Pin Qian \u00e0 Singapour, les clients peuvent r\u00e9server des cr\u00e9neaux pour le polissage ou une r\u00e9paration mineure en cas de mauvaise manipulation - des frais s&#039;appliquent et uniquement pour les clients de Yi Pin Qian \u00e0 Singapour*<\/p>\n<p><\/p>\n<p><strong>**Types de certificats**<\/strong><\/p>\n<p><\/p>\n<p><strong>NGI (Nan Yang Gemmologie)<\/strong><\/p>\n<p>ou <strong>Certificats \u00e9trangers <\/strong>(Yi Pin Qian utilise uniquement des certificats authentiques provenant de laboratoires \u00e9trangers et contr\u00f4le \u00e9galement la qualit\u00e9 de chacun de nos produits avant de les mettre en vente \u00e0 Singapour)<\/p>\n<p><\/p>\n<p>Chaque produit sur TikTok aura le type de certificat fourni indiqu\u00e9 dans la description. Pour tout client souhaitant envoyer sa commande \u00e0 NGI Singapore, il y aura un d\u00e9lai d&#039;attente pour la livraison de la commande estim\u00e9 \u00e0 environ 4 semaines pour recevoir votre commande. <strong>Les demandes de rapport NGI Gemstone doivent \u00eatre effectu\u00e9es en nous envoyant un message.<\/strong> Merci, <strong><u>des frais suppl\u00e9mentaires s&#039;appliquent<\/u><\/strong>.<\/p>\n<p><\/p>\n<p><strong>La jad\u00e9ite naturelle n&#039;est pas parfaite, juste un petit rappel : notre jad\u00e9ite naturelle, comme toutes les belles choses de la nature, poss\u00e8de ses caract\u00e9ristiques et ses variations uniques. Nous invitons nos pr\u00e9cieux clients \u00e0 adopter ces variations naturelles. Bon shopping !<\/strong><\/p>\n<p><\/p>\n<p><strong><u>Aucune des photos et des s\u00e9quences vid\u00e9o n&#039;a \u00e9t\u00e9 filtr\u00e9e. Nous encourageons nos clients \u00e0 regarder \u00e9galement les vid\u00e9os d&#039;accompagnement pour une vue plus compl\u00e8te de nos produits<\/u><\/strong><\/p>\n<p><\/p>\n<ul>\n<li>Diff\u00e9rentes plates-formes ne peuvent visionner des vid\u00e9os que via le bureau<\/li>\n<\/ul>","protected":false},"excerpt":{"rendered":"<p>This Authentic High-Quality Light Green and Brown Natural Type-A Jadeite-Jade pendant is a stunning piece crafted in the shape of a Pixiu, symbolizing wealth and protection. Certificate numbers: SW22082200777 Material: Natural Type-A Jadeite-Jade Weight: 54.18 grams Measurements: 56 * 25.2 *26.2 mm (pendant303) The jade used in this pendant is of premium quality, with a [&hellip;]<\/p>","protected":false},"featured_media":2208,"comment_status":"open","ping_status":"closed","template":"","meta":[],"product_brand":[],"product_cat":[83,126,48],"product_tag":[52,65,55,56,58,73,85,60,61,68,62],"class_list":{"0":"post-1270","1":"product","2":"type-product","3":"status-publish","4":"has-post-thumbnail","6":"product_cat-jade-necklaces-pendants","7":"product_cat-new-arrivals","8":"product_cat-pendants","9":"product_tag-certified","10":"product_tag-high-quality","11":"product_tag-jadeite","12":"product_tag-limited-editions","13":"product_tag-new-arrivals","14":"product_tag-pendant","15":"product_tag-pixiu","16":"product_tag-type-a-jadeite","17":"product_tag-unisex","18":"product_tag-yellow","19":"product_tag-yi-pin-qian-exclusive","21":"first","22":"instock","23":"sale","24":"shipping-taxable","25":"purchasable","26":"product-type-simple"},"_links":{"self":[{"href":"https:\/\/shop.yipinqian.com\/fr\/wp-json\/wp\/v2\/product\/1270","targetHints":{"allow":["GET"]}}],"collection":[{"href":"https:\/\/shop.yipinqian.com\/fr\/wp-json\/wp\/v2\/product"}],"about":[{"href":"https:\/\/shop.yipinqian.com\/fr\/wp-json\/wp\/v2\/types\/product"}],"replies":[{"embeddable":true,"href":"https:\/\/shop.yipinqian.com\/fr\/wp-json\/wp\/v2\/comments?post=1270"}],"version-history":[{"count":0,"href":"https:\/\/shop.yipinqian.com\/fr\/wp-json\/wp\/v2\/product\/1270\/revisions"}],"wp:featuredmedia":[{"embeddable":true,"href":"https:\/\/shop.yipinqian.com\/fr\/wp-json\/wp\/v2\/media\/2208"}],"wp:attachment":[{"href":"https:\/\/shop.yipinqian.com\/fr\/wp-json\/wp\/v2\/media?parent=1270"}],"wp:term":[{"taxonomy":"product_brand","embeddable":true,"href":"https:\/\/shop.yipinqian.com\/fr\/wp-json\/wp\/v2\/product_brand?post=1270"},{"taxonomy":"product_cat","embeddable":true,"href":"https:\/\/shop.yipinqian.com\/fr\/wp-json\/wp\/v2\/product_cat?post=1270"},{"taxonomy":"product_tag","embeddable":true,"href":"https:\/\/shop.yipinqian.com\/fr\/wp-json\/wp\/v2\/product_tag?post=1270"}],"curies":[{"name":"wp","href":"https:\/\/api.w.org\/{rel}","templated":true}]}}