{"id":1267,"date":"2024-10-24T23:18:06","date_gmt":"2024-10-24T15:18:06","guid":{"rendered":"https:\/\/shop.yipinqian.com\/product\/apple-green-natural-jadeite-jade-cabochon-13-9-14-2-6-2-mm-set-on-s925-as-a-ring-for-men-with-qic-labs-approved-certificate-weigh-7-03-grams-s925ring5\/"},"modified":"2025-02-24T00:49:58","modified_gmt":"2025-02-23T16:49:58","slug":"apple-green-natural-jadeite-jade-cabochon-13-9-14-2-6-2-mm-set-on-s925-as-a-ring-for-men-with-qic-labs-approved-certificate-weigh-7-03-grams-s925ring5","status":"publish","type":"product","link":"https:\/\/shop.yipinqian.com\/fr\/produit\/apple-green-natural-jadeite-jade-cabochon-13-9-14-2-6-2-mm-set-on-s925-as-a-ring-for-men-with-qic-labs-approved-certificate-weigh-7-03-grams-s925ring5\/","title":{"rendered":"Cabochon de jade jad\u00e9ite naturel vert pomme 13,9 * 14,2 * 6,2 mm serti sur S925 comme bague pour homme avec certificat approuv\u00e9 par les laboratoires QIC pesant 7,03 grammes (s925ring5)"},"content":{"rendered":"<p>This Apple Green Natural Jadeite Jade Cabochon Ring is a stunning accessory for men, perfect for daily wear. The jade stone, sourced from Myanmar, is 13.9 * 14.2 * 6.2 mm in size and weighs 7.03 grams. Finger size is adjustable<\/p>\n<p><\/p>\n<p>Num\u00e9ros de certificat : <strong>Y-BICR714141<\/strong><\/p>\n<ul>\n<li>\n<strong>Mat\u00e9riau de haute qualit\u00e9 :<\/strong> The cabochon is set on S925 silver material that ensures durability and longevity.<\/li>\n<li>\n<strong>Certifi\u00e9 authentique :<\/strong> This ring comes with a QIC labs approved certificate that confirms the authenticity of the jade stone.<\/li>\n<li>\n<strong>Masculine Design:<\/strong> With its sleek design and masculine appeal, this ring makes for a great addition to any man&#8217;s jewelry collection.<\/li>\n<\/ul>\n<p>This Apple Green Natural Jadeite Jade Cabochon Ring comes with all the features that make it an irresistible piece of jewelry to own and flaunt!<\/p>\n<p><\/p>\n<p>Yi Pin Qian \u2013 N\u00e9gociant en pierres pr\u00e9cieuses et m\u00e9taux pr\u00e9cieux \u00e0 Singapour \u2013 Num\u00e9ro de licence PS20190000031<\/p>\n<p><\/p>\n<p>*Toutes les jad\u00e9ites achet\u00e9es chez Yi Pin Qian \u00e0 Singapour, les clients peuvent r\u00e9server des cr\u00e9neaux pour le polissage ou une r\u00e9paration mineure en cas de mauvaise manipulation - des frais s&#039;appliquent et uniquement pour les clients de Yi Pin Qian \u00e0 Singapour*<\/p>\n<p><\/p>\n<p><strong>**Types de certificats**<\/strong><\/p>\n<p><\/p>\n<p><strong>NGI (Nan Yang Gemmologie)<\/strong><\/p>\n<p>ou <strong>Certificats \u00e9trangers <\/strong>(Yi Pin Qian utilise uniquement des certificats authentiques provenant de laboratoires \u00e9trangers et contr\u00f4le \u00e9galement la qualit\u00e9 de chacun de nos produits avant de les mettre en vente \u00e0 Singapour)<\/p>\n<p><\/p>\n<p>Chaque produit sur TikTok aura le type de certificat fourni indiqu\u00e9 dans la description. Pour tout client souhaitant envoyer sa commande \u00e0 NGI Singapore, il y aura un d\u00e9lai d&#039;attente pour la livraison de la commande estim\u00e9 \u00e0 environ 4 semaines pour recevoir votre commande. <strong>Les demandes de rapport sur les pierres pr\u00e9cieuses NGI doivent \u00eatre effectu\u00e9es en envoyant un message \u00e0 la boutique TikTok de Yi Pin Qian.<\/strong> Merci, <strong><u>des frais suppl\u00e9mentaires s&#039;appliquent<\/u><\/strong>.<\/p>\n<p><\/p>\n<p><strong>La jad\u00e9ite naturelle n&#039;est pas parfaite, juste un petit rappel : notre jad\u00e9ite naturelle, comme toutes les belles choses de la nature, poss\u00e8de ses caract\u00e9ristiques et ses variations uniques. Nous invitons nos pr\u00e9cieux clients \u00e0 adopter ces variations naturelles. Bon shopping !<\/strong><\/p>\n<p><\/p>\n<p><strong><u>Aucune des photos et des s\u00e9quences vid\u00e9o n&#039;a \u00e9t\u00e9 filtr\u00e9e. Nous encourageons nos clients \u00e0 regarder \u00e9galement les vid\u00e9os d&#039;accompagnement pour une vue plus compl\u00e8te de nos produits<\/u><\/strong><\/p>","protected":false},"excerpt":{"rendered":"<p>Cette bague cabochon en jade jad\u00e9ite naturelle vert pomme est un superbe accessoire pour homme, parfait pour un usage quotidien. La pierre de jade, provenant du Myanmar, mesure 13,9 * 14,2 * 6,2 mm et p\u00e8se 7,03 grammes. La taille du doigt est r\u00e9glable Num\u00e9ros de certificat : Y-BICR714141 Mat\u00e9riau de haute qualit\u00e9 : le cabochon est serti sur un mat\u00e9riau en argent S925 qui [\u2026]<\/p>","protected":false},"featured_media":2174,"comment_status":"open","ping_status":"closed","template":"","meta":[],"product_brand":[],"product_cat":[194],"product_tag":[],"class_list":{"0":"post-1267","1":"product","2":"type-product","3":"status-publish","4":"has-post-thumbnail","6":"product_cat-value-picks","8":"first","9":"instock","10":"sale","11":"shipping-taxable","12":"purchasable","13":"product-type-simple"},"_links":{"self":[{"href":"https:\/\/shop.yipinqian.com\/fr\/wp-json\/wp\/v2\/product\/1267","targetHints":{"allow":["GET"]}}],"collection":[{"href":"https:\/\/shop.yipinqian.com\/fr\/wp-json\/wp\/v2\/product"}],"about":[{"href":"https:\/\/shop.yipinqian.com\/fr\/wp-json\/wp\/v2\/types\/product"}],"replies":[{"embeddable":true,"href":"https:\/\/shop.yipinqian.com\/fr\/wp-json\/wp\/v2\/comments?post=1267"}],"version-history":[{"count":0,"href":"https:\/\/shop.yipinqian.com\/fr\/wp-json\/wp\/v2\/product\/1267\/revisions"}],"wp:featuredmedia":[{"embeddable":true,"href":"https:\/\/shop.yipinqian.com\/fr\/wp-json\/wp\/v2\/media\/2174"}],"wp:attachment":[{"href":"https:\/\/shop.yipinqian.com\/fr\/wp-json\/wp\/v2\/media?parent=1267"}],"wp:term":[{"taxonomy":"product_brand","embeddable":true,"href":"https:\/\/shop.yipinqian.com\/fr\/wp-json\/wp\/v2\/product_brand?post=1267"},{"taxonomy":"product_cat","embeddable":true,"href":"https:\/\/shop.yipinqian.com\/fr\/wp-json\/wp\/v2\/product_cat?post=1267"},{"taxonomy":"product_tag","embeddable":true,"href":"https:\/\/shop.yipinqian.com\/fr\/wp-json\/wp\/v2\/product_tag?post=1267"}],"curies":[{"name":"wp","href":"https:\/\/api.w.org\/{rel}","templated":true}]}}