{"id":1264,"date":"2024-10-24T23:18:06","date_gmt":"2024-10-24T15:18:06","guid":{"rendered":"https:\/\/shop.yipinqian.com\/product\/another-excellent-old-collection-with-yellow-and-green-natural-type-a-jadeite-jade-pendant-necklace-crafted-as-gourd-with-two-bats-with-certificate-weigh-34-42-grams-55-5-29-5-12-3-mm-pendant173\/"},"modified":"2025-02-24T00:49:58","modified_gmt":"2025-02-23T16:49:58","slug":"another-excellent-old-collection-with-yellow-and-green-natural-type-a-jadeite-jade-pendant-necklace-crafted-as-gourd-with-two-bats-with-certificate-weigh-34-42-grams-55-5-29-5-12-3-mm-pendant173","status":"publish","type":"product","link":"https:\/\/shop.yipinqian.com\/fr\/produit\/another-excellent-old-collection-with-yellow-and-green-natural-type-a-jadeite-jade-pendant-necklace-crafted-as-gourd-with-two-bats-with-certificate-weigh-34-42-grams-55-5-29-5-12-3-mm-pendant173\/","title":{"rendered":"Une autre excellente ancienne collection avec un collier pendentif en jade jad\u00e9ite naturelle de type A jaune et vert fabriqu\u00e9 en gourde avec deux chauves-souris avec certificat pesant 34,42 grammes, 55,5 * 29,5 * 12,3 mm (pendentif173)"},"content":{"rendered":"<p>Rehaussez votre style avec ce superbe collier pendentif en jade jad\u00e9ite naturelle de type A jaune et vert, de la collection Another Excellent Old. Le pendentif est con\u00e7u en forme de gourde avec deux chauves-souris, symbolisant la chance et la fortune. <strong>bonne chance et fortune<\/strong>.<\/p>\n<p><\/p>\n<p><strong>Num\u00e9ros de certificat : CQT910469007151<\/strong><\/p>\n<ul>\n<li>Le pendentif p\u00e8se <strong>34,42 grammes<\/strong> et mesures <strong>55.5 * 29.5 * 12.3<\/strong> mm (pendentif173).<\/li>\n<li>Le collier est con\u00e7u dans un style d\u00e9contract\u00e9 \u00e0 porter au quotidien.<\/li>\n<li>Ce collier unisexe est fabriqu\u00e9 \u00e0 partir de jade jad\u00e9ite de haute qualit\u00e9 provenant du Myanmar.<\/li>\n<\/ul>\n<p>Chaque bijou est accompagn\u00e9 d&#039;un certificat d&#039;authenticit\u00e9, vous pouvez donc \u00eatre s\u00fbr d&#039;obtenir un produit authentique. Commandez d\u00e8s maintenant pour ajouter cette pi\u00e8ce intemporelle \u00e0 votre collection de bijoux !<\/p>\n<p><\/p>\n<p>Yi Pin Qian \u2013 N\u00e9gociant en pierres pr\u00e9cieuses et m\u00e9taux pr\u00e9cieux \u00e0 Singapour \u2013 Num\u00e9ro de licence PS20190000031<\/p>\n<p><\/p>\n<p>*Toutes les jad\u00e9ites achet\u00e9es chez Yi Pin Qian \u00e0 Singapour, les clients peuvent r\u00e9server des cr\u00e9neaux pour le polissage ou une r\u00e9paration mineure en cas de mauvaise manipulation - des frais s&#039;appliquent et uniquement pour les clients de Yi Pin Qian \u00e0 Singapour*<\/p>\n<p><\/p>\n<p><strong>**Types de certificats**<\/strong><\/p>\n<p><\/p>\n<p><strong>NGI (Nan Yang Gemmologie)<\/strong><\/p>\n<p>ou <strong>Certificats \u00e9trangers <\/strong>(Yi Pin Qian utilise uniquement des certificats authentiques provenant de laboratoires \u00e9trangers et contr\u00f4le \u00e9galement la qualit\u00e9 de chacun de nos produits avant de les mettre en vente \u00e0 Singapour)<\/p>\n<p><\/p>\n<p>Chaque produit sur TikTok aura le type de certificat fourni indiqu\u00e9 dans la description. Pour tout client souhaitant envoyer sa commande \u00e0 NGI Singapore, il y aura un d\u00e9lai d&#039;attente pour la livraison de la commande estim\u00e9 \u00e0 environ 4 semaines pour recevoir votre commande. <strong>Les demandes de rapport sur les pierres pr\u00e9cieuses NGI doivent \u00eatre effectu\u00e9es en envoyant un message \u00e0 la boutique TikTok de Yi Pin Qian.<\/strong> Merci, <strong><u>des frais suppl\u00e9mentaires s&#039;appliquent<\/u><\/strong>.<\/p>\n<p><\/p>\n<p><strong>La jad\u00e9ite naturelle n&#039;est pas parfaite, juste un petit rappel : notre jad\u00e9ite naturelle, comme toutes les belles choses de la nature, poss\u00e8de ses caract\u00e9ristiques et ses variations uniques. Nous invitons nos pr\u00e9cieux clients \u00e0 adopter ces variations naturelles. Bon shopping !<\/strong><\/p>\n<p><\/p>\n<p><strong><u>Aucune des photos et des s\u00e9quences vid\u00e9o n&#039;a \u00e9t\u00e9 filtr\u00e9e. Nous encourageons nos clients \u00e0 regarder \u00e9galement les vid\u00e9os d&#039;accompagnement pour une vue plus compl\u00e8te de nos produits<\/u><\/strong><\/p>","protected":false},"excerpt":{"rendered":"<p>Elevate your style with this exquisite Yellow and Green Natural Type A Jadeite Jade Pendant Necklace, from the Another Excellent Old Collection. The pendant is crafted in the shape of a Gourd with two bats, symbolizing good luck and fortune. Certificate numbers: CQT910469007151 The pendant weighs 34.42 grams and measures 55.5 * 29.5 * 12.3 [&hellip;]<\/p>","protected":false},"featured_media":2134,"comment_status":"open","ping_status":"closed","template":"","meta":[],"product_brand":[],"product_cat":[194],"product_tag":[],"class_list":{"0":"post-1264","1":"product","2":"type-product","3":"status-publish","4":"has-post-thumbnail","6":"product_cat-value-picks","8":"first","9":"instock","10":"sale","11":"shipping-taxable","12":"purchasable","13":"product-type-simple"},"_links":{"self":[{"href":"https:\/\/shop.yipinqian.com\/fr\/wp-json\/wp\/v2\/product\/1264","targetHints":{"allow":["GET"]}}],"collection":[{"href":"https:\/\/shop.yipinqian.com\/fr\/wp-json\/wp\/v2\/product"}],"about":[{"href":"https:\/\/shop.yipinqian.com\/fr\/wp-json\/wp\/v2\/types\/product"}],"replies":[{"embeddable":true,"href":"https:\/\/shop.yipinqian.com\/fr\/wp-json\/wp\/v2\/comments?post=1264"}],"version-history":[{"count":0,"href":"https:\/\/shop.yipinqian.com\/fr\/wp-json\/wp\/v2\/product\/1264\/revisions"}],"wp:featuredmedia":[{"embeddable":true,"href":"https:\/\/shop.yipinqian.com\/fr\/wp-json\/wp\/v2\/media\/2134"}],"wp:attachment":[{"href":"https:\/\/shop.yipinqian.com\/fr\/wp-json\/wp\/v2\/media?parent=1264"}],"wp:term":[{"taxonomy":"product_brand","embeddable":true,"href":"https:\/\/shop.yipinqian.com\/fr\/wp-json\/wp\/v2\/product_brand?post=1264"},{"taxonomy":"product_cat","embeddable":true,"href":"https:\/\/shop.yipinqian.com\/fr\/wp-json\/wp\/v2\/product_cat?post=1264"},{"taxonomy":"product_tag","embeddable":true,"href":"https:\/\/shop.yipinqian.com\/fr\/wp-json\/wp\/v2\/product_tag?post=1264"}],"curies":[{"name":"wp","href":"https:\/\/api.w.org\/{rel}","templated":true}]}}