{"id":1262,"date":"2024-10-24T23:18:05","date_gmt":"2024-10-24T15:18:05","guid":{"rendered":"https:\/\/shop.yipinqian.com\/product\/an-old-collection-not-to-be-missed-semi-icy-natural-type-a-jadeite-jade-pendant-necklace-crafted-as-leaf-with-certificate-included-weigh-10-85-grams-43-3-26-1-5-9-mm-pendant172\/"},"modified":"2025-02-24T00:49:58","modified_gmt":"2025-02-23T16:49:58","slug":"an-old-collection-not-to-be-missed-semi-icy-natural-type-a-jadeite-jade-pendant-necklace-crafted-as-leaf-with-certificate-included-weigh-10-85-grams-43-3-26-1-5-9-mm-pendant172","status":"publish","type":"product","link":"https:\/\/shop.yipinqian.com\/fr\/produit\/an-old-collection-not-to-be-missed-semi-icy-natural-type-a-jadeite-jade-pendant-necklace-crafted-as-leaf-with-certificate-included-weigh-10-85-grams-43-3-26-1-5-9-mm-pendant172\/","title":{"rendered":"Une ancienne collection \u00e0 ne pas manquer ! Collier pendentif en jade jad\u00e9ite de type A naturel semi-glac\u00e9 fabriqu\u00e9 en forme de feuille avec certificat inclus p\u00e8se 10,85 grammes, 43,3 * 26,1 * 5,9 mm (pendentif172)"},"content":{"rendered":"<p>Ce collier pendentif en jade jad\u00e9ite de type A naturel semi-glac\u00e9, fabriqu\u00e9 en forme de feuille, fait partie d&#039;une ancienne collection que vous ne voudrez pas manquer ! Le collier est accompagn\u00e9 d&#039;un certificat garantissant l&#039;authenticit\u00e9 du jade. Pesant 10,85 grammes et mesurant 43,3 * 26,1 * 5,9 mm (pendentif 172), ce collier est un ajout \u00e9l\u00e9gant \u00e0 votre collection de bijoux.<\/p>\n<p><\/p>\n<p><strong>Num\u00e9ros de certificat : 920350023595<\/strong><\/p>\n<ul>\n<li>\n<strong>Jad\u00e9ite naturelle semi-glac\u00e9e de type A :<\/strong> Ce collier pendentif est dot\u00e9 d&#039;une magnifique jad\u00e9ite naturelle semi-glac\u00e9e de type A, qui ajoute une touche d&#039;\u00e9l\u00e9gance et de sophistication.<\/li>\n<li>\n<strong>Avec certificat :<\/strong> Cette pi\u00e8ce est accompagn\u00e9e d&#039;un certificat, vous pouvez donc \u00eatre assur\u00e9 qu&#039;il s&#039;agit de v\u00e9ritable jade.<\/li>\n<li>\n<strong>Style de collier \u00e9l\u00e9gant :<\/strong> Le design \u00e9l\u00e9gant ajoute de la sophistication tout en gardant le look simple et intemporel pour un usage quotidien.<\/li>\n<\/ul>\n<p>Ce collier pendentif unisexe serait un excellent bijou \u00e0 porter au quotidien ou un cadeau \u00e0 offrir \u00e0 quelqu&#039;un de sp\u00e9cial en toute occasion !<\/p>\n<ul>\n<li>\n<strong>Fabriqu\u00e9 au Myanmar :<\/strong> Le pays d&#039;origine de ce produit est le Myanmar, o\u00f9 l&#039;artisanat complexe rencontre la beaut\u00e9 naturelle dans chaque pi\u00e8ce de jade cr\u00e9\u00e9e.<\/li>\n<\/ul>\n<p>Veuillez noter que ce produit n&#039;est accompagn\u00e9 d&#039;aucun type de garantie offert par le fabricant, mais notre \u00e9quipe s&#039;assure que vous n&#039;obtenez que des pi\u00e8ces authentiques \u00e0 chaque fois !<\/p>\n<p><\/p>\n<p>Yi Pin Qian \u2013 N\u00e9gociant en pierres pr\u00e9cieuses et m\u00e9taux pr\u00e9cieux \u00e0 Singapour \u2013 Num\u00e9ro de licence PS20190000031<\/p>\n<p><\/p>\n<p>*Toutes les jad\u00e9ites achet\u00e9es chez Yi Pin Qian \u00e0 Singapour, les clients peuvent r\u00e9server des cr\u00e9neaux pour le polissage ou une r\u00e9paration mineure en cas de mauvaise manipulation - des frais s&#039;appliquent et uniquement pour les clients de Yi Pin Qian \u00e0 Singapour*<\/p>\n<p><\/p>\n<p><strong>**Types de certificats**<\/strong><\/p>\n<p><\/p>\n<p><strong>NGI (Nan Yang Gemmologie)<\/strong><\/p>\n<p>ou <strong>Certificats \u00e9trangers <\/strong>(Yi Pin Qian utilise uniquement des certificats authentiques provenant de laboratoires \u00e9trangers et contr\u00f4le \u00e9galement la qualit\u00e9 de chacun de nos produits avant de les mettre en vente \u00e0 Singapour)<\/p>\n<p><\/p>\n<p>Chaque produit sur TikTok aura le type de certificat fourni indiqu\u00e9 dans la description. Pour tout client souhaitant envoyer sa commande \u00e0 NGI Singapore, il y aura un d\u00e9lai d&#039;attente pour la livraison de la commande estim\u00e9 \u00e0 environ 4 semaines pour recevoir votre commande. <strong>Les demandes de rapport sur les pierres pr\u00e9cieuses NGI doivent \u00eatre effectu\u00e9es en envoyant un message \u00e0 la boutique TikTok de Yi Pin Qian.<\/strong> Merci, <strong><u>des frais suppl\u00e9mentaires s&#039;appliquent<\/u><\/strong>.<\/p>\n<p><\/p>\n<p><strong>La jad\u00e9ite naturelle n&#039;est pas parfaite, juste un petit rappel : notre jad\u00e9ite naturelle, comme toutes les belles choses de la nature, poss\u00e8de ses caract\u00e9ristiques et ses variations uniques. Nous invitons nos pr\u00e9cieux clients \u00e0 adopter ces variations naturelles. Bon shopping !<\/strong><\/p>\n<p><\/p>\n<p><strong><u>Aucune des photos et des s\u00e9quences vid\u00e9o n&#039;a \u00e9t\u00e9 filtr\u00e9e. Nous encourageons nos clients \u00e0 regarder \u00e9galement les vid\u00e9os d&#039;accompagnement pour une vue plus compl\u00e8te de nos produits<\/u><\/strong><\/p>","protected":false},"excerpt":{"rendered":"<p>This Semi Icy Natural Type A Jadeite Jade Pendant Necklace crafted as Leaf is a part of an Old Collection that you won&#8217;t want to miss! The necklace comes with a certificate to ensure the authenticity of the jade. Weighing at 10.85 grams and measuring at 43.3 * 26.1 * 5.9 mm (pendant172), this necklace [&hellip;]<\/p>","protected":false},"featured_media":2106,"comment_status":"open","ping_status":"closed","template":"","meta":[],"product_brand":[],"product_cat":[194],"product_tag":[],"class_list":{"0":"post-1262","1":"product","2":"type-product","3":"status-publish","4":"has-post-thumbnail","6":"product_cat-value-picks","8":"first","9":"instock","10":"sale","11":"shipping-taxable","12":"purchasable","13":"product-type-simple"},"_links":{"self":[{"href":"https:\/\/shop.yipinqian.com\/fr\/wp-json\/wp\/v2\/product\/1262","targetHints":{"allow":["GET"]}}],"collection":[{"href":"https:\/\/shop.yipinqian.com\/fr\/wp-json\/wp\/v2\/product"}],"about":[{"href":"https:\/\/shop.yipinqian.com\/fr\/wp-json\/wp\/v2\/types\/product"}],"replies":[{"embeddable":true,"href":"https:\/\/shop.yipinqian.com\/fr\/wp-json\/wp\/v2\/comments?post=1262"}],"version-history":[{"count":0,"href":"https:\/\/shop.yipinqian.com\/fr\/wp-json\/wp\/v2\/product\/1262\/revisions"}],"wp:featuredmedia":[{"embeddable":true,"href":"https:\/\/shop.yipinqian.com\/fr\/wp-json\/wp\/v2\/media\/2106"}],"wp:attachment":[{"href":"https:\/\/shop.yipinqian.com\/fr\/wp-json\/wp\/v2\/media?parent=1262"}],"wp:term":[{"taxonomy":"product_brand","embeddable":true,"href":"https:\/\/shop.yipinqian.com\/fr\/wp-json\/wp\/v2\/product_brand?post=1262"},{"taxonomy":"product_cat","embeddable":true,"href":"https:\/\/shop.yipinqian.com\/fr\/wp-json\/wp\/v2\/product_cat?post=1262"},{"taxonomy":"product_tag","embeddable":true,"href":"https:\/\/shop.yipinqian.com\/fr\/wp-json\/wp\/v2\/product_tag?post=1262"}],"curies":[{"name":"wp","href":"https:\/\/api.w.org\/{rel}","templated":true}]}}