{"id":1254,"date":"2024-10-24T23:18:03","date_gmt":"2024-10-24T15:18:03","guid":{"rendered":"https:\/\/shop.yipinqian.com\/product\/a-type-natural-jadeite-jade-light-green-with-green-crafted-as-fish-pendant-collection-certificate-weighs-8-69-grams-measurement-59-23-6-4-6-mm-pendant299\/"},"modified":"2025-03-31T06:53:02","modified_gmt":"2025-03-30T22:53:02","slug":"a-type-natural-jadeite-jade-light-green-with-green-crafted-as-fish-pendant-collection-certificate-weighs-8-69-grams-measurement-59-23-6-4-6-mm-pendant299","status":"publish","type":"product","link":"https:\/\/shop.yipinqian.com\/fr\/produit\/a-type-natural-jadeite-jade-light-green-with-green-crafted-as-fish-pendant-collection-certificate-weighs-8-69-grams-measurement-59-23-6-4-6-mm-pendant299\/","title":{"rendered":"Un (type) Jade jad\u00e9ite naturel vert clair avec vert fabriqu\u00e9 comme pendentif poisson [Collection], certificat p\u00e8se 8,69 grammes, mesure 59 * 23,6 * 4,6 mm (pendentif299)"},"content":{"rendered":"<p>Ce pendentif en jade jad\u00e9ite naturel pr\u00e9sente une teinte vert clair avec des accents verts, soigneusement con\u00e7u en forme de poisson. Un ajout \u00e9tonnant \u00e0 toute collection de bijoux.<\/p>\n<p>&nbsp;<\/p>\n<p><strong>Ce pendentif peut \u00eatre port\u00e9 tel quel, cependant, nous recommandons vivement \u00e0 l&#039;acheteur de rechercher un orf\u00e8vre exp\u00e9riment\u00e9 et r\u00e9put\u00e9 pour le sertissage en or 18 carats \u00e0 Singapour, un bijou que le collectionneur ne veut pas manquer. <\/strong><\/p>\n<p>&nbsp;<\/p>\n<p><strong>Num\u00e9ros de certificat : 920770039695<\/strong><\/p>\n<p><img fetchpriority=\"high\" decoding=\"async\" src=\"https:\/\/shop.yipinqian.com\/wp-content\/uploads\/2024\/10\/023324626f0a4d1f9068afc6f0cd715btplv-aphluv4xwc-origin-jpeg.jpeg?from=476444299\" width=\"1080\" height=\"1080\" \/><\/p>\n<ul>\n<li><strong>Mat\u00e9riel:<\/strong> Jade jad\u00e9ite naturelle<\/li>\n<li><strong>Poids:<\/strong> 8,69 grammes<\/li>\n<li><strong>Mesures:<\/strong> 59 x 23,6 x 4,6 mm<\/li>\n<li><strong>Certificat:<\/strong> Oui (inclus)<\/li>\n<li>Type de jade : jad\u00e9ite naturelle de type A<\/li>\n<\/ul>\n<p>Ce pendentif unique provient du Myanmar, connu pour sa production de jade de haute qualit\u00e9, ce qui en fait une pi\u00e8ce sp\u00e9ciale pour les collectionneurs ou un cadeau attentionn\u00e9 pour toute occasion.<\/p>\n<ul>\n<li>Ce pendentif en forme de poisson offre une polyvalence de style, adapt\u00e9 aussi bien aux hommes qu&#039;aux femmes avec son design de collier d\u00e9contract\u00e9.<\/li>\n<\/ul>\n<p>Yi Pin Qian \u2013 N\u00e9gociant en pierres pr\u00e9cieuses et m\u00e9taux pr\u00e9cieux \u00e0 Singapour \u2013 Num\u00e9ro de licence PS20190000031<\/p>\n<p>&nbsp;<\/p>\n<p>*Toutes les jad\u00e9ites achet\u00e9es chez Yi Pin Qian \u00e0 Singapour, les clients peuvent r\u00e9server des cr\u00e9neaux pour le polissage ou une r\u00e9paration mineure en cas de mauvaise manipulation - des frais s&#039;appliquent et uniquement pour les clients de Yi Pin Qian \u00e0 Singapour*<\/p>\n<p>&nbsp;<\/p>\n<p><strong>**Types de certificats**<\/strong><\/p>\n<p>&nbsp;<\/p>\n<p><strong>NGI (Nan Yang Gemmologie)<\/strong><\/p>\n<p>ou <strong>Certificats \u00e9trangers <\/strong>(Yi Pin Qian utilise uniquement des certificats authentiques provenant de laboratoires \u00e9trangers et contr\u00f4le \u00e9galement la qualit\u00e9 de chacun de nos produits avant de les mettre en vente \u00e0 Singapour)<\/p>\n<p>&nbsp;<\/p>\n<p>Chaque produit sur TikTok aura le type de certificat fourni indiqu\u00e9 dans la description. Pour tout client souhaitant envoyer sa commande \u00e0 NGI Singapore, il y aura un d\u00e9lai d&#039;attente pour la livraison de la commande estim\u00e9 \u00e0 environ 4 semaines pour recevoir votre commande. <strong>Les demandes de rapport sur les pierres pr\u00e9cieuses NGI doivent \u00eatre effectu\u00e9es en envoyant un message \u00e0 la boutique TikTok de Yi Pin Qian.<\/strong> Merci, <strong><u>des frais suppl\u00e9mentaires s&#039;appliquent<\/u><\/strong>.<\/p>\n<p>&nbsp;<\/p>\n<p><strong>La jad\u00e9ite naturelle n&#039;est pas parfaite, juste un petit rappel : notre jad\u00e9ite naturelle, comme toutes les belles choses de la nature, poss\u00e8de ses caract\u00e9ristiques et ses variations uniques. Nous invitons nos pr\u00e9cieux clients \u00e0 adopter ces variations naturelles. Bon shopping !<\/strong><\/p>\n<p>&nbsp;<\/p>\n<p><strong><u>Aucune des photos et des s\u00e9quences vid\u00e9o n&#039;a \u00e9t\u00e9 filtr\u00e9e. Nous encourageons nos clients \u00e0 regarder \u00e9galement les vid\u00e9os d&#039;accompagnement pour une vue plus compl\u00e8te de nos produits<\/u><\/strong><\/p>\n<p>&nbsp;<\/p>","protected":false},"excerpt":{"rendered":"<p>This Natural Jadeite Jade pendant features a light green hue with green accents, expertly crafted in the shape of a fish. A stunning addition to any jewelry collection. &nbsp; This pendant can be worn as it is, however, we highly recommend buyer to look for reputable experience&#8217;s gold smith for 18k gold setting in Singapore, [&hellip;]<\/p>","protected":false},"featured_media":2009,"comment_status":"open","ping_status":"closed","template":"","meta":[],"product_brand":[],"product_cat":[83,126,48],"product_tag":[52,81,70,65,55,82,56,58,73,75,60,61,62],"class_list":{"0":"post-1254","1":"product","2":"type-product","3":"status-publish","4":"has-post-thumbnail","6":"product_cat-jade-necklaces-pendants","7":"product_cat-new-arrivals","8":"product_cat-pendants","9":"product_tag-certified","10":"product_tag-fish","11":"product_tag-green","12":"product_tag-high-quality","13":"product_tag-jadeite","14":"product_tag-light-green","15":"product_tag-limited-editions","16":"product_tag-new-arrivals","17":"product_tag-pendant","18":"product_tag-traditional","19":"product_tag-type-a-jadeite","20":"product_tag-unisex","21":"product_tag-yi-pin-qian-exclusive","23":"first","24":"instock","25":"sale","26":"shipping-taxable","27":"purchasable","28":"product-type-simple"},"_links":{"self":[{"href":"https:\/\/shop.yipinqian.com\/fr\/wp-json\/wp\/v2\/product\/1254","targetHints":{"allow":["GET"]}}],"collection":[{"href":"https:\/\/shop.yipinqian.com\/fr\/wp-json\/wp\/v2\/product"}],"about":[{"href":"https:\/\/shop.yipinqian.com\/fr\/wp-json\/wp\/v2\/types\/product"}],"replies":[{"embeddable":true,"href":"https:\/\/shop.yipinqian.com\/fr\/wp-json\/wp\/v2\/comments?post=1254"}],"version-history":[{"count":0,"href":"https:\/\/shop.yipinqian.com\/fr\/wp-json\/wp\/v2\/product\/1254\/revisions"}],"wp:featuredmedia":[{"embeddable":true,"href":"https:\/\/shop.yipinqian.com\/fr\/wp-json\/wp\/v2\/media\/2009"}],"wp:attachment":[{"href":"https:\/\/shop.yipinqian.com\/fr\/wp-json\/wp\/v2\/media?parent=1254"}],"wp:term":[{"taxonomy":"product_brand","embeddable":true,"href":"https:\/\/shop.yipinqian.com\/fr\/wp-json\/wp\/v2\/product_brand?post=1254"},{"taxonomy":"product_cat","embeddable":true,"href":"https:\/\/shop.yipinqian.com\/fr\/wp-json\/wp\/v2\/product_cat?post=1254"},{"taxonomy":"product_tag","embeddable":true,"href":"https:\/\/shop.yipinqian.com\/fr\/wp-json\/wp\/v2\/product_tag?post=1254"}],"curies":[{"name":"wp","href":"https:\/\/api.w.org\/{rel}","templated":true}]}}