{"id":1253,"date":"2024-10-24T23:18:02","date_gmt":"2024-10-24T15:18:02","guid":{"rendered":"https:\/\/shop.yipinqian.com\/product\/20mm-finger-size-type-a-natural-jadeite-jade-crafted-with-dragon-as-ring-certificate-weighs-22-13-grams-measurement-88-7-28-3-13-8-mm-ring11\/"},"modified":"2025-02-24T00:49:58","modified_gmt":"2025-02-23T16:49:58","slug":"20mm-finger-size-type-a-natural-jadeite-jade-crafted-with-dragon-as-ring-certificate-weighs-22-13-grams-measurement-88-7-28-3-13-8-mm-ring11","status":"publish","type":"product","link":"https:\/\/shop.yipinqian.com\/fr\/produit\/20mm-finger-size-type-a-natural-jadeite-jade-crafted-with-dragon-as-ring-certificate-weighs-22-13-grams-measurement-88-7-28-3-13-8-mm-ring11\/","title":{"rendered":"Jadeite naturelle de type A de 20 mm de taille de doigt fabriqu\u00e9e avec un dragon comme anneau, le certificat p\u00e8se 22,13 grammes, mesure 88,7 * 28,3 * 13,8 mm (anneau 11)"},"content":{"rendered":"<p>Cette exquise <strong>Taille de doigt 20 mm <\/strong>La bague en jad\u00e9ite-jade naturelle de type A est une superbe pi\u00e8ce con\u00e7ue avec un motif de dragon, symbolisant la force et la protection.<\/p>\n<p><\/p>\n<p>Num\u00e9ros de certificat : SH19060301684<\/p>\n<p><img fetchpriority=\"high\" decoding=\"async\" src=\"https:\/\/shop.yipinqian.com\/wp-content\/uploads\/2024\/10\/8638a0c98e67440883b155f86590ede2tplv-aphluv4xwc-origin-jpeg.jpeg?from=476444299\" width=\"1080\" height=\"1080\"><\/p>\n<ul>\n<li>Avec certificat : Oui<\/li>\n<li>Pays d&#039;origine : Myanmar<\/li>\n<li>Occasion : Quotidien<\/li>\n<li>Type de garantie : Non<\/li>\n<li>Genre : Unisexe<\/li>\n<li>Type de jade : Jad\u00e9ite<\/li>\n<\/ul>\n<p><img decoding=\"async\" src=\"https:\/\/shop.yipinqian.com\/wp-content\/uploads\/2024\/10\/00b15ca402054b93841a562fa9749ab7tplv-aphluv4xwc-origin-jpeg.jpeg?from=476444299\" width=\"1080\" height=\"1080\"><\/p>\n<p>Pesant 22,13 grammes et mesurant 88,7 * 28,3 * 13,8 mm (bague11), cette bague est un accessoire unique et \u00e9l\u00e9gant qui ajoute une touche de sophistication \u00e0 n&#039;importe quelle tenue.<\/p>\n<p>Id\u00e9ale pour un usage quotidien, cette bague en jad\u00e9ite est non seulement visuellement attrayante, mais porte \u00e9galement le puissant symbolisme associ\u00e9 au jade dans de nombreuses cultures.<\/p>\n<p><\/p>\n<p><strong>La jad\u00e9ite naturelle n&#039;est pas parfaite, juste un petit rappel : notre jad\u00e9ite naturelle, comme toutes les belles choses de la nature, poss\u00e8de ses caract\u00e9ristiques et ses variations uniques. Nous invitons nos pr\u00e9cieux clients \u00e0 adopter ces variations naturelles. Bon shopping !<\/strong><\/p>\n<p><\/p>\n<p><strong><u>Aucune des photos et des s\u00e9quences vid\u00e9o n&#039;a \u00e9t\u00e9 filtr\u00e9e. Nous encourageons nos clients \u00e0 regarder \u00e9galement les vid\u00e9os d&#039;accompagnement pour une vue plus compl\u00e8te de nos produits<\/u><\/strong><\/p>\n<p><\/p>\n<ul>\n<li>Diff\u00e9rentes plates-formes ne peuvent visionner des vid\u00e9os que via le bureau<\/li>\n<\/ul>","protected":false},"excerpt":{"rendered":"<p>Cette superbe bague en jad\u00e9ite-jade naturelle de type A de 20 mm de taille de doigt est une pi\u00e8ce \u00e9poustouflante con\u00e7ue avec un motif de dragon, symbolisant la force et la protection. Num\u00e9ros de certificat : SH19060301684 Avec certificat : Oui Pays d&#039;origine : Myanmar Occasion : Quotidien Type de garantie : Non Sexe : Unisexe Type de jade : Jad\u00e9ite Pesant 22,13 grammes et mesurant 88,7 * 28,3 * 13,8 mm (anneau 11), cette [\u2026]<\/p>","protected":false},"featured_media":1928,"comment_status":"open","ping_status":"closed","template":"","meta":[],"product_brand":[],"product_cat":[194],"product_tag":[52,78,70,79,65,66,55,56,58,71,75,60,61,62],"class_list":{"0":"post-1253","1":"product","2":"type-product","3":"status-publish","4":"has-post-thumbnail","6":"product_cat-value-picks","7":"product_tag-certified","8":"product_tag-dragon","9":"product_tag-green","10":"product_tag-green-hue","11":"product_tag-high-quality","12":"product_tag-jade-ring","13":"product_tag-jadeite","14":"product_tag-limited-editions","15":"product_tag-new-arrivals","16":"product_tag-ring","17":"product_tag-traditional","18":"product_tag-type-a-jadeite","19":"product_tag-unisex","20":"product_tag-yi-pin-qian-exclusive","22":"first","23":"instock","24":"sale","25":"shipping-taxable","26":"purchasable","27":"product-type-simple"},"_links":{"self":[{"href":"https:\/\/shop.yipinqian.com\/fr\/wp-json\/wp\/v2\/product\/1253","targetHints":{"allow":["GET"]}}],"collection":[{"href":"https:\/\/shop.yipinqian.com\/fr\/wp-json\/wp\/v2\/product"}],"about":[{"href":"https:\/\/shop.yipinqian.com\/fr\/wp-json\/wp\/v2\/types\/product"}],"replies":[{"embeddable":true,"href":"https:\/\/shop.yipinqian.com\/fr\/wp-json\/wp\/v2\/comments?post=1253"}],"version-history":[{"count":0,"href":"https:\/\/shop.yipinqian.com\/fr\/wp-json\/wp\/v2\/product\/1253\/revisions"}],"wp:featuredmedia":[{"embeddable":true,"href":"https:\/\/shop.yipinqian.com\/fr\/wp-json\/wp\/v2\/media\/1928"}],"wp:attachment":[{"href":"https:\/\/shop.yipinqian.com\/fr\/wp-json\/wp\/v2\/media?parent=1253"}],"wp:term":[{"taxonomy":"product_brand","embeddable":true,"href":"https:\/\/shop.yipinqian.com\/fr\/wp-json\/wp\/v2\/product_brand?post=1253"},{"taxonomy":"product_cat","embeddable":true,"href":"https:\/\/shop.yipinqian.com\/fr\/wp-json\/wp\/v2\/product_cat?post=1253"},{"taxonomy":"product_tag","embeddable":true,"href":"https:\/\/shop.yipinqian.com\/fr\/wp-json\/wp\/v2\/product_tag?post=1253"}],"curies":[{"name":"wp","href":"https:\/\/api.w.org\/{rel}","templated":true}]}}