{"id":1250,"date":"2024-10-24T23:18:01","date_gmt":"2024-10-24T15:18:01","guid":{"rendered":"https:\/\/shop.yipinqian.com\/product\/18k-setting-natural-type-a-jadeite-ring-crafted-with-two-premium-fine-green-gourd-and-diamonds-with-certificate-weigh-1-50-grams-8-4-8-2-1-mm-finger-size-16-1-mm-18kring12\/"},"modified":"2025-02-24T01:17:33","modified_gmt":"2025-02-23T17:17:33","slug":"18k-setting-natural-type-a-jadeite-ring-crafted-with-two-premium-fine-green-gourd-and-diamonds-with-certificate-weigh-1-50-grams-8-4-8-2-1-mm-finger-size-16-1-mm-18kring12","status":"publish","type":"product","link":"https:\/\/shop.yipinqian.com\/fr\/produit\/18k-setting-natural-type-a-jadeite-ring-crafted-with-two-premium-fine-green-gourd-and-diamonds-with-certificate-weigh-1-50-grams-8-4-8-2-1-mm-finger-size-16-1-mm-18kring12\/","title":{"rendered":"Bague en jad\u00e9ite naturelle de type A sertie de 18 carats Fabriqu\u00e9e avec deux gourdes vertes fines de premi\u00e8re qualit\u00e9 et des diamants, avec certificat pesant 1,50 gramme, 8 * 4,8 * 2,1 mm, taille de doigt 16,1 mm (18kring12)"},"content":{"rendered":"<p>Cette bague en jad\u00e9ite naturelle de type A sertie de 18 carats est un superbe bijou qui fera ressortir n&#039;importe quelle tenue. Fabriqu\u00e9e avec deux gourdes vertes fines de premi\u00e8re qualit\u00e9 et des diamants, cette bague est livr\u00e9e avec un certificat et p\u00e8se <strong>1,50 grammes<\/strong>, le rendant \u00e0 la fois \u00e9l\u00e9gant et l\u00e9ger.<\/p>\n<ul>\n<li><strong><em>La qualit\u00e9 est importante pour quelqu&#039;un que vous aimez ou pour vous-m\u00eame <\/em><\/strong><\/li>\n<li><strong><em>Obtenez de v\u00e9ritables jad\u00e9ites du Myanmar <\/em><\/strong><\/li>\n<li><strong><em>Investissez dans le meilleur<\/em><\/strong><\/li>\n<\/ul>\n<p><strong>Num\u00e9ros de certificat : GD2201H013008<\/strong><\/p>\n<p><strong>Diamants :<\/strong> 0.006 * 2<\/p>\n<p><strong>Poids de l&#039;or 18 carats :<\/strong> 1,29 grammes<\/p>\n<p><strong>Poids de la jad\u00e9ite :<\/strong> 0,21 grammes<\/p>\n<ul>\n<li><strong>Caract\u00e9ristiques principales :<\/strong><\/li>\n<li>R\u00e9glage 18k<\/li>\n<li>Jad\u00e9ite naturelle de type A<\/li>\n<li>Fabriqu\u00e9 avec deux gourdes vertes fines de premi\u00e8re qualit\u00e9 et des diamants<\/li>\n<li>P\u00e8se 1,50 grammes<\/li>\n<li>Taille de doigt de 16,1 mm (18kring12)<\/li>\n<\/ul>\n<p>Le jade utilis\u00e9 dans cette bague est de la jad\u00e9ite de type A du Myanmar, ce qui ajoute \u00e0 son caract\u00e8re unique et \u00e0 sa valeur.<\/p>\n<ul>\n<li><strong>Attributs du produit :<\/strong><\/li>\n<\/ul>\n<ul>\n<li>\n<strong>Certificat:<\/strong> Oui<\/li>\n<li>Pays d&#039;origine : Myanmar\u00a0<\/li>\n<li>Occasion : Quotidien\u00a0<\/li>\n<li>Type de garantie : Non<\/li>\n<li>\n<strong>Genre:<\/strong> Femme<\/li>\n<li><strong>Cette pi\u00e8ce exquise constitue un accessoire quotidien id\u00e9al ou un cadeau pour toute occasion sp\u00e9ciale\u00a0!.<\/strong><\/li>\n<\/ul>\n<p>Yi Pin Qian \u2013 N\u00e9gociant en pierres pr\u00e9cieuses et m\u00e9taux pr\u00e9cieux \u00e0 Singapour \u2013 Num\u00e9ro de licence PS20190000031<\/p>\n<p>\u00a0<\/p>\n<p>*Toutes les jad\u00e9ites achet\u00e9es chez Yi Pin Qian \u00e0 Singapour, les clients peuvent r\u00e9server des cr\u00e9neaux pour le polissage ou une r\u00e9paration mineure en cas de mauvaise manipulation - des frais s&#039;appliquent et uniquement pour les clients de Yi Pin Qian \u00e0 Singapour*<\/p>\n<p>\u00a0<\/p>\n<p><strong>**Types de certificats**<\/strong><\/p>\n<p>\u00a0<\/p>\n<p><strong>NGI (Nan Yang Gemmologie)<\/strong><\/p>\n<p>ou <strong>Certificats \u00e9trangers <\/strong>(Yi Pin Qian utilise uniquement des certificats authentiques provenant de laboratoires \u00e9trangers et contr\u00f4le \u00e9galement la qualit\u00e9 de chacun de nos produits avant de les mettre en vente \u00e0 Singapour)<\/p>\n<p>\u00a0<\/p>\n<p>Chaque produit sur TikTok aura le type de certificat fourni indiqu\u00e9 dans la description. Pour tout client souhaitant envoyer sa commande \u00e0 NGI Singapore, il y aura un d\u00e9lai d&#039;attente pour la livraison de la commande estim\u00e9 \u00e0 environ 4 semaines pour recevoir votre commande. <strong>Les demandes de rapport sur les pierres pr\u00e9cieuses NGI doivent \u00eatre effectu\u00e9es en envoyant un message \u00e0 la boutique TikTok de Yi Pin Qian.<\/strong> Merci, <strong><u>des frais suppl\u00e9mentaires s&#039;appliquent<\/u><\/strong>.<\/p>\n<p>\u00a0<\/p>\n<p><strong>La jad\u00e9ite naturelle n&#039;est pas parfaite, juste un petit rappel : notre jad\u00e9ite naturelle, comme toutes les belles choses de la nature, poss\u00e8de ses caract\u00e9ristiques et ses variations uniques. Nous invitons nos pr\u00e9cieux clients \u00e0 adopter ces variations naturelles. Bon shopping !<\/strong><\/p>\n<p>\u00a0<\/p>\n<p><strong><u>Aucune des photos et des s\u00e9quences vid\u00e9o n&#039;a \u00e9t\u00e9 filtr\u00e9e. Nous encourageons nos clients \u00e0 regarder \u00e9galement les vid\u00e9os d&#039;accompagnement pour une vue plus compl\u00e8te de nos produits<\/u><\/strong><\/p>","protected":false},"excerpt":{"rendered":"<p>Cette bague en jad\u00e9ite naturelle de type A sertie de 18 carats est un superbe bijou qui fera ressortir n&#039;importe quelle tenue. Fabriqu\u00e9e avec deux gourdes vertes fines de premi\u00e8re qualit\u00e9 et des diamants, cette bague est accompagn\u00e9e d&#039;un certificat et p\u00e8se 1,50 gramme, ce qui la rend \u00e0 la fois \u00e9l\u00e9gante et l\u00e9g\u00e8re. La qualit\u00e9 compte pour quelqu&#039;un que vous aimez ou pour [\u2026]<\/p>","protected":false},"featured_media":1916,"comment_status":"open","ping_status":"closed","template":"","meta":[],"product_brand":[],"product_cat":[195],"product_tag":[],"class_list":{"0":"post-1250","1":"product","2":"type-product","3":"status-publish","4":"has-post-thumbnail","6":"product_cat-heirloom-grade","8":"first","9":"instock","10":"sale","11":"shipping-taxable","12":"purchasable","13":"product-type-simple"},"_links":{"self":[{"href":"https:\/\/shop.yipinqian.com\/fr\/wp-json\/wp\/v2\/product\/1250","targetHints":{"allow":["GET"]}}],"collection":[{"href":"https:\/\/shop.yipinqian.com\/fr\/wp-json\/wp\/v2\/product"}],"about":[{"href":"https:\/\/shop.yipinqian.com\/fr\/wp-json\/wp\/v2\/types\/product"}],"replies":[{"embeddable":true,"href":"https:\/\/shop.yipinqian.com\/fr\/wp-json\/wp\/v2\/comments?post=1250"}],"version-history":[{"count":0,"href":"https:\/\/shop.yipinqian.com\/fr\/wp-json\/wp\/v2\/product\/1250\/revisions"}],"wp:featuredmedia":[{"embeddable":true,"href":"https:\/\/shop.yipinqian.com\/fr\/wp-json\/wp\/v2\/media\/1916"}],"wp:attachment":[{"href":"https:\/\/shop.yipinqian.com\/fr\/wp-json\/wp\/v2\/media?parent=1250"}],"wp:term":[{"taxonomy":"product_brand","embeddable":true,"href":"https:\/\/shop.yipinqian.com\/fr\/wp-json\/wp\/v2\/product_brand?post=1250"},{"taxonomy":"product_cat","embeddable":true,"href":"https:\/\/shop.yipinqian.com\/fr\/wp-json\/wp\/v2\/product_cat?post=1250"},{"taxonomy":"product_tag","embeddable":true,"href":"https:\/\/shop.yipinqian.com\/fr\/wp-json\/wp\/v2\/product_tag?post=1250"}],"curies":[{"name":"wp","href":"https:\/\/api.w.org\/{rel}","templated":true}]}}