{"id":1247,"date":"2024-10-24T23:18:01","date_gmt":"2024-10-24T15:18:01","guid":{"rendered":"https:\/\/shop.yipinqian.com\/product\/18k-gold-weigh-2-grams-setting-with-natural-type-a-jadeite-green-cabochon-size-10-7-8-3-3-8-mm-with-35-0-003-and-2-0-03-pear-cut-diamonds-certificate-included-weigh-2-65-grams-finger-ring-size-17-3-mm\/"},"modified":"2025-02-24T01:34:20","modified_gmt":"2025-02-23T17:34:20","slug":"18k-gold-weigh-2-grams-setting-with-natural-type-a-jadeite-green-cabochon-size-10-7-8-3-3-8-mm-with-35-0-003-and-2-0-03-pear-cut-diamonds-certificate-included-weigh-2-65-grams-finger-ring-size-17-3-mm","status":"publish","type":"product","link":"https:\/\/shop.yipinqian.com\/fr\/produit\/18k-gold-weigh-2-grams-setting-with-natural-type-a-jadeite-green-cabochon-size-10-7-8-3-3-8-mm-with-35-0-003-and-2-0-03-pear-cut-diamonds-certificate-included-weigh-2-65-grams-finger-ring-size-17-3-mm\/","title":{"rendered":"Or 18 carats pesant 2 grammes, monture avec cabochon en jad\u00e9ite verte naturelle de type A de taille 10,7 * 8,3 * 3,8 mm avec 35 * 0,003 et 2 * 0,03 diamants taille poire, certificat inclus pesant 2,65 grammes, taille de bague 17,3 mm,"},"content":{"rendered":"<p>Cette bague en or 18 carats pr\u00e9sente un superbe cabochon vert en jad\u00e9ite naturelle de type A <strong>10,7 * 8,3 * 3,8 mm<\/strong> en son centre, accentu\u00e9 par deux diamants taille poire et entour\u00e9 d&#039;un halo de diamants plus petits.<\/p>\n<ul>\n<li>Pes\u00e9e uniquement <strong>2 grammes d&#039;or 18 carats<\/strong>, cette bague est l\u00e9g\u00e8re et confortable \u00e0 porter au quotidien.<\/li>\n<li>Le cabochon vert jad\u00e9ite naturel de type A provient du Myanmar, ce qui lui donne une touche exotique.<\/li>\n<li>Les diamants sur la bague p\u00e8sent au total <strong>0,06 carat<\/strong> et ajoutez juste la bonne quantit\u00e9 d&#039;\u00e9clat \u00e0 cette pi\u00e8ce \u00e9l\u00e9gante.<\/li>\n<li>Taille des doigts = <strong>17,3 mm<\/strong>\n<\/li>\n<\/ul>\n<p>Pour votre tranquillit\u00e9 d&#039;esprit, cette bague cabochon en jad\u00e9ite verte est accompagn\u00e9e d&#039;un certificat confirmant son authenticit\u00e9 et son assurance qualit\u00e9.<\/p>\n<p>\u00a0<\/p>\n<ul>\n<li>Cette superbe pi\u00e8ce constitue un excellent choix pour un usage quotidien ou pour des occasions sp\u00e9ciales<\/li>\n<\/ul>\n<p>Fabriqu\u00e9 avec des mat\u00e9riaux de haute qualit\u00e9 tels que des mat\u00e9riaux de sertissage en or qui lui conf\u00e8rent une durabilit\u00e9 \u00e0 long terme sans compromettre le style ou le confort.<\/p>\n<p>\u00a0<\/p>\n<ul>\n<li>Type de jade : Jad\u00e9ite<\/li>\n<li>Certificat inclus : Oui<\/li>\n<\/ul>\n<p><strong>Num\u00e9ros de certificat : GD2202H009127<\/strong><\/p>\n<p><img fetchpriority=\"high\" decoding=\"async\" height=\"1080\" src=\"https:\/\/shop.yipinqian.com\/wp-content\/uploads\/2024\/10\/78e40f19b8d40f7e06b731aba6a69e34.jpg?from=476444299\" width=\"1080\"><\/p>\n<p>\u00a0<\/p>\n<p>Cette exquise bague en diamant cabochon vert jad\u00e9ite est con\u00e7ue pour compl\u00e9ter n&#039;importe quelle tenue tout en vous faisant sentir radieuse \u00e0 chaque fois que vous la portez !<\/p>\n<p>\u00a0<\/p>\n<p>Yi Pin Qian \u2013 N\u00e9gociant en pierres pr\u00e9cieuses et m\u00e9taux pr\u00e9cieux \u00e0 Singapour \u2013 Num\u00e9ro de licence PS20190000031<\/p>\n<p>\u00a0<\/p>\n<p>*Toutes les jad\u00e9ites achet\u00e9es chez Yi Pin Qian \u00e0 Singapour, les clients peuvent r\u00e9server des cr\u00e9neaux pour le polissage ou une r\u00e9paration mineure en cas de mauvaise manipulation - des frais s&#039;appliquent et uniquement pour les clients de Yi Pin Qian \u00e0 Singapour*<\/p>\n<p>\u00a0<\/p>\n<p><strong>**Types de certificats**<\/strong><\/p>\n<p>\u00a0<\/p>\n<p><strong>NGI (Nan Yang Gemmologie)<\/strong><\/p>\n<p>ou <strong>Certificats \u00e9trangers <\/strong>(Yi Pin Qian utilise uniquement des certificats authentiques provenant de laboratoires \u00e9trangers et contr\u00f4le \u00e9galement la qualit\u00e9 de chacun de nos produits avant de les mettre en vente \u00e0 Singapour)<\/p>\n<p>\u00a0<\/p>\n<p>Chaque produit sur TikTok aura le type de certificat fourni indiqu\u00e9 dans la description. Pour tout client souhaitant envoyer sa commande \u00e0 NGI Singapore, il y aura un d\u00e9lai d&#039;attente pour la livraison de la commande estim\u00e9 \u00e0 environ 4 semaines pour recevoir votre commande. <strong>Les demandes de rapport sur les pierres pr\u00e9cieuses NGI doivent \u00eatre effectu\u00e9es en envoyant un message \u00e0 la boutique TikTok de Yi Pin Qian.<\/strong> Merci, <strong><u>des frais suppl\u00e9mentaires s&#039;appliquent<\/u><\/strong>.<\/p>\n<p>\u00a0<\/p>\n<p><strong>La jad\u00e9ite naturelle n&#039;est pas parfaite, juste un petit rappel : notre jad\u00e9ite naturelle, comme toutes les belles choses de la nature, poss\u00e8de ses caract\u00e9ristiques et ses variations uniques. Nous invitons nos pr\u00e9cieux clients \u00e0 adopter ces variations naturelles. Bon shopping !<\/strong><\/p>\n<p>\u00a0<\/p>\n<p><strong><u>Aucune des photos et des s\u00e9quences vid\u00e9o n&#039;a \u00e9t\u00e9 filtr\u00e9e. Nous encourageons nos clients \u00e0 regarder \u00e9galement les vid\u00e9os d&#039;accompagnement pour une vue plus compl\u00e8te de nos produits<\/u><\/strong><\/p>","protected":false},"excerpt":{"rendered":"<p>Cette bague en or 18 carats est orn\u00e9e d&#039;un superbe cabochon vert en jad\u00e9ite naturelle de type A mesurant 10,7 * 8,3 * 3,8 mm en son centre, accentu\u00e9 par deux diamants taille poire et entour\u00e9 d&#039;un halo de diamants plus petits. Pesant seulement 2 grammes d&#039;or 18 carats, cette bague est l\u00e9g\u00e8re et confortable \u00e0 porter au quotidien. Le type naturel [\u2026]<\/p>","protected":false},"featured_media":1908,"comment_status":"open","ping_status":"closed","template":"","meta":[],"product_brand":[],"product_cat":[196],"product_tag":[],"class_list":{"0":"post-1247","1":"product","2":"type-product","3":"status-publish","4":"has-post-thumbnail","6":"product_cat-vault-collection","8":"first","9":"instock","10":"sale","11":"shipping-taxable","12":"purchasable","13":"product-type-simple"},"_links":{"self":[{"href":"https:\/\/shop.yipinqian.com\/fr\/wp-json\/wp\/v2\/product\/1247","targetHints":{"allow":["GET"]}}],"collection":[{"href":"https:\/\/shop.yipinqian.com\/fr\/wp-json\/wp\/v2\/product"}],"about":[{"href":"https:\/\/shop.yipinqian.com\/fr\/wp-json\/wp\/v2\/types\/product"}],"replies":[{"embeddable":true,"href":"https:\/\/shop.yipinqian.com\/fr\/wp-json\/wp\/v2\/comments?post=1247"}],"version-history":[{"count":0,"href":"https:\/\/shop.yipinqian.com\/fr\/wp-json\/wp\/v2\/product\/1247\/revisions"}],"wp:featuredmedia":[{"embeddable":true,"href":"https:\/\/shop.yipinqian.com\/fr\/wp-json\/wp\/v2\/media\/1908"}],"wp:attachment":[{"href":"https:\/\/shop.yipinqian.com\/fr\/wp-json\/wp\/v2\/media?parent=1247"}],"wp:term":[{"taxonomy":"product_brand","embeddable":true,"href":"https:\/\/shop.yipinqian.com\/fr\/wp-json\/wp\/v2\/product_brand?post=1247"},{"taxonomy":"product_cat","embeddable":true,"href":"https:\/\/shop.yipinqian.com\/fr\/wp-json\/wp\/v2\/product_cat?post=1247"},{"taxonomy":"product_tag","embeddable":true,"href":"https:\/\/shop.yipinqian.com\/fr\/wp-json\/wp\/v2\/product_tag?post=1247"}],"curies":[{"name":"wp","href":"https:\/\/api.w.org\/{rel}","templated":true}]}}