{"id":1245,"date":"2024-10-24T23:18:00","date_gmt":"2024-10-24T15:18:00","guid":{"rendered":"https:\/\/shop.yipinqian.com\/product\/18k-gold-setting-natural-type-a-jadeite-pendant-carved-with-nothing-symbols-of-safe-smooth-and-steady-certificate-included-weigh-6-85-grams-35-7-9-2-7-7-mm-very-suitable-for-daily-wear-18kp1\/"},"modified":"2025-02-24T00:49:58","modified_gmt":"2025-02-23T16:49:58","slug":"18k-gold-setting-natural-type-a-jadeite-pendant-carved-with-nothing-symbols-of-safe-smooth-and-steady-certificate-included-weigh-6-85-grams-35-7-9-2-7-7-mm-very-suitable-for-daily-wear-18kp1","status":"publish","type":"product","link":"https:\/\/shop.yipinqian.com\/fr\/produit\/18k-gold-setting-natural-type-a-jadeite-pendant-carved-with-nothing-symbols-of-safe-smooth-and-steady-certificate-included-weigh-6-85-grams-35-7-9-2-7-7-mm-very-suitable-for-daily-wear-18kp1\/","title":{"rendered":"Pendentif en jad\u00e9ite naturelle de type A avec monture en or 18 carats sculpt\u00e9 sans rien, symboles de s\u00e9curit\u00e9, de douceur et de stabilit\u00e9, certificat inclus p\u00e8se 6,85 grammes, 35,7 * 9,2 * 7,7 mm, tr\u00e8s appropri\u00e9 pour un usage quotidien (18kp1)"},"content":{"rendered":"<p>Ce collier \u00e9l\u00e9gant en jade est le compl\u00e9ment parfait \u00e0 vos accessoires de tous les jours. Le pendentif en jad\u00e9ite naturelle de type A en or 18 carats AU750 est sculpt\u00e9 de symboles de s\u00e9curit\u00e9, de douceur et de stabilit\u00e9. Ce collier est livr\u00e9 avec un certificat d&#039;authenticit\u00e9 et p\u00e8se 6,85 grammes.<\/p>\n<ul>\n<li>\n<strong>Mat\u00e9riel:<\/strong> Or 18 carats<\/li>\n<li>\n<strong>Type de jade :<\/strong> Jad\u00e9ite<\/li>\n<li>\n<strong>Style de collier :<\/strong> \u00c9l\u00e9gant<\/li>\n<li>\n<strong>Certificat inclus :<\/strong> Oui<\/li>\n<\/ul>\n<p><strong>Num\u00e9ros de certificat : GD2112H003876<\/strong><\/p>\n<p><img fetchpriority=\"high\" decoding=\"async\" height=\"1080\" src=\"https:\/\/shop.yipinqian.com\/wp-content\/uploads\/2024\/10\/fc9de871c7588a4d2eeccea5f8598036.jpg?from=476444299\" width=\"1080\"><\/p>\n<ul>\n<li>\n<strong>Fabriqu\u00e9 en:<\/strong> Birmanie<\/li>\n<li>\n<strong>Occasion: <\/strong>\u00c0 porter au quotidien<\/li>\n<\/ul>\n<p>Les dimensions du pendentif sont de 35,7 * 9,2 * 7,7 mm, ce qui en fait la taille parfaite pour un usage quotidien par tous ceux qui souhaitent un look et une sensation \u00e9l\u00e9gants.<\/p>\n<p>Ce pendentif unisexe n&#039;a pas de sculpture, ce qui le rend adapt\u00e9 \u00e0 une vari\u00e9t\u00e9 de tenues et d&#039;occasions tout en ajoutant une touche de classe \u00e0 votre look.<\/p>\n<p>Veuillez noter que ce produit n&#039;est accompagn\u00e9 d&#039;aucun type de garantie offert par le fabricant ou le vendeur.<\/p>\n<p>\u00a0<\/p>\n<p>Yi Pin Qian \u2013 N\u00e9gociant en pierres pr\u00e9cieuses et m\u00e9taux pr\u00e9cieux \u00e0 Singapour \u2013 Num\u00e9ro de licence PS20190000031<\/p>\n<p>\u00a0<\/p>\n<p>*Toutes les jad\u00e9ites achet\u00e9es chez Yi Pin Qian \u00e0 Singapour, les clients peuvent r\u00e9server des cr\u00e9neaux pour le polissage ou une r\u00e9paration mineure en cas de mauvaise manipulation - des frais s&#039;appliquent et uniquement pour les clients de Yi Pin Qian \u00e0 Singapour*<\/p>\n<p>\u00a0<\/p>\n<p><strong>**Types de certificats**<\/strong><\/p>\n<p>\u00a0<\/p>\n<p><strong>NGI (Nan Yang Gemmologie)<\/strong><\/p>\n<p>ou <strong>Certificats \u00e9trangers <\/strong>(Yi Pin Qian utilise uniquement des certificats authentiques provenant de laboratoires \u00e9trangers et contr\u00f4le \u00e9galement la qualit\u00e9 de chacun de nos produits avant de les mettre en vente \u00e0 Singapour)<\/p>\n<p>\u00a0<\/p>\n<p>Chaque produit sur TikTok aura le type de certificat fourni indiqu\u00e9 dans la description. Pour tout client souhaitant envoyer sa commande \u00e0 NGI Singapore, il y aura un d\u00e9lai d&#039;attente pour la livraison de la commande estim\u00e9 \u00e0 environ 4 semaines pour recevoir votre commande. <strong>Les demandes de rapport sur les pierres pr\u00e9cieuses NGI doivent \u00eatre effectu\u00e9es en envoyant un message \u00e0 la boutique TikTok de Yi Pin Qian.<\/strong> Merci, <strong><u>des frais suppl\u00e9mentaires s&#039;appliquent<\/u><\/strong>.<\/p>\n<p>\u00a0<\/p>\n<p><strong>La jad\u00e9ite naturelle n&#039;est pas parfaite, juste un petit rappel : notre jad\u00e9ite naturelle, comme toutes les belles choses de la nature, poss\u00e8de ses caract\u00e9ristiques et ses variations uniques. Nous invitons nos pr\u00e9cieux clients \u00e0 adopter ces variations naturelles. Bon shopping !<\/strong><\/p>\n<p>\u00a0<\/p>\n<p><strong><u>Aucune des photos et des s\u00e9quences vid\u00e9o n&#039;a \u00e9t\u00e9 filtr\u00e9e. Nous encourageons nos clients \u00e0 regarder \u00e9galement les vid\u00e9os d&#039;accompagnement pour une vue plus compl\u00e8te de nos produits<\/u><\/strong><\/p>","protected":false},"excerpt":{"rendered":"<p>This elegant jade necklace is the perfect addition to your daily wear accessories. The 18k Gold AU750 Setting Natural Type A Jadeite Pendant is carved with nothing symbols of Safe, Smooth, and Steady. This necklace comes with a certificate of authenticity and weighs 6.85 grams. Material: 18k Gold Jade Type: Jadeite Necklace Style: Elegant Certificate [&hellip;]<\/p>","protected":false},"featured_media":1891,"comment_status":"open","ping_status":"closed","template":"","meta":[],"product_brand":[],"product_cat":[194],"product_tag":[50,52,53,54,55,56,73,59,60,61,62],"class_list":{"0":"post-1245","1":"product","2":"type-product","3":"status-publish","4":"has-post-thumbnail","6":"product_cat-value-picks","7":"product_tag-18k-gold","8":"product_tag-certified","9":"product_tag-fine-quality","10":"product_tag-icy","11":"product_tag-jadeite","12":"product_tag-limited-editions","13":"product_tag-pendant","14":"product_tag-translucent","15":"product_tag-type-a-jadeite","16":"product_tag-unisex","17":"product_tag-yi-pin-qian-exclusive","19":"first","20":"instock","21":"sale","22":"shipping-taxable","23":"purchasable","24":"product-type-simple"},"_links":{"self":[{"href":"https:\/\/shop.yipinqian.com\/fr\/wp-json\/wp\/v2\/product\/1245","targetHints":{"allow":["GET"]}}],"collection":[{"href":"https:\/\/shop.yipinqian.com\/fr\/wp-json\/wp\/v2\/product"}],"about":[{"href":"https:\/\/shop.yipinqian.com\/fr\/wp-json\/wp\/v2\/types\/product"}],"replies":[{"embeddable":true,"href":"https:\/\/shop.yipinqian.com\/fr\/wp-json\/wp\/v2\/comments?post=1245"}],"version-history":[{"count":0,"href":"https:\/\/shop.yipinqian.com\/fr\/wp-json\/wp\/v2\/product\/1245\/revisions"}],"wp:featuredmedia":[{"embeddable":true,"href":"https:\/\/shop.yipinqian.com\/fr\/wp-json\/wp\/v2\/media\/1891"}],"wp:attachment":[{"href":"https:\/\/shop.yipinqian.com\/fr\/wp-json\/wp\/v2\/media?parent=1245"}],"wp:term":[{"taxonomy":"product_brand","embeddable":true,"href":"https:\/\/shop.yipinqian.com\/fr\/wp-json\/wp\/v2\/product_brand?post=1245"},{"taxonomy":"product_cat","embeddable":true,"href":"https:\/\/shop.yipinqian.com\/fr\/wp-json\/wp\/v2\/product_cat?post=1245"},{"taxonomy":"product_tag","embeddable":true,"href":"https:\/\/shop.yipinqian.com\/fr\/wp-json\/wp\/v2\/product_tag?post=1245"}],"curies":[{"name":"wp","href":"https:\/\/api.w.org\/{rel}","templated":true}]}}