{"id":1239,"date":"2024-10-24T23:17:59","date_gmt":"2024-10-24T15:17:59","guid":{"rendered":"https:\/\/shop.yipinqian.com\/product\/18k-gold-pendant-setting-with-1-green-cabochon-and-small-diamonds-with-1-cz-old-mine-natural-type-a-jadeite-with-ngi-gemstone-report-weight-4-94-grams-15-66-12-60-6-00-mm-which-is-highly-translucent-i\/"},"modified":"2025-07-17T11:08:04","modified_gmt":"2025-07-17T03:08:04","slug":"18k-gold-pendant-setting-with-1-green-cabochon-and-small-diamonds-with-1-cz-old-mine-natural-type-a-jadeite-with-ngi-gemstone-report-weight-4-94-grams-15-66-12-60-6-00-mm-which-is-highly-translucent-i","status":"publish","type":"product","link":"https:\/\/shop.yipinqian.com\/fr\/produit\/18k-gold-pendant-setting-with-1-green-cabochon-and-small-diamonds-with-1-cz-old-mine-natural-type-a-jadeite-with-ngi-gemstone-report-weight-4-94-grams-15-66-12-60-6-00-mm-which-is-highly-translucent-i\/","title":{"rendered":"Pendentif en or 18 carats avec 1 cabochon vert et petits diamants avec 1 CZ, jad\u00e9ite naturelle de type A de l&#039;ancienne mine avec rapport de pierres pr\u00e9cieuses NGI, poids de 4,94 grammes, 15,66 * 12,60 * 6,00 mm qui est un agr\u00e9gat de cristal glac\u00e9 hautement translucide et \u00e0 grains tr\u00e8s fins (18kp8)"},"content":{"rendered":"<h2>18k Gold Pendant Setting with 1 green cabochon<\/h2>\n<h2><iframe title=\"18k Gold Pendant Setting with 1 green cabochon\" src=\"https:\/\/youtube.com\/embed\/MdGN3nhOXEM\/\" width=\"330\" height=\"300\"><br \/>\n<span data-mce-type=\"bookmark\" style=\"display: inline-block; width: 0px; overflow: hidden; line-height: 0;\" class=\"mce_SELRES_start\"><span data-mce-type=\"bookmark\" style=\"display: inline-block; width: 0px; overflow: hidden; line-height: 0;\" class=\"mce_SELRES_start\"><\/span><\/span><\/iframe><\/h2>\n<p>Ajoutez une touche d&#039;\u00e9l\u00e9gance \u00e0 votre collection de bijoux avec ce pendentif en or 18 carats orn\u00e9 de petits diamants et d&#039;une pierre cabochon verte. Le pendentif est compos\u00e9 de jad\u00e9ite naturelle de type A provenant du Myanmar, qui a \u00e9t\u00e9 certifi\u00e9e par le rapport NGI Gemstone pesant 4,94 grammes et mesurant 15,66 * 12,60 * 6,00 mm.<\/p>\n<p><strong>Num\u00e9ros de rapport NGI : 63837053<\/strong><\/p>\n<ul>\n<li><strong>Vari\u00e9t\u00e9 glac\u00e9e hautement translucide :<\/strong> La jad\u00e9ite utilis\u00e9e dans ce pendentif est de la vari\u00e9t\u00e9 glac\u00e9e hautement translucide, ce qui lui donne une apparence unique et \u00e9poustouflante.<\/li>\n<li><strong>Agr\u00e9gats de cristaux \u00e0 grains fins :<\/strong> Cette jad\u00e9ite poss\u00e8de \u00e9galement un agr\u00e9gat de cristaux \u00e0 grains tr\u00e8s fins, am\u00e9liorant encore son attrait visuel.<\/li>\n<li><strong>Accents de diamant\u00a0:<\/strong> Le pendentif est serti de petits diamants qui ajoutent de l&#039;\u00e9clat \u00e0 la pi\u00e8ce et compl\u00e8tent la beaut\u00e9 naturelle de la pierre de jad\u00e9ite.<\/li>\n<\/ul>\n<p>Cette pi\u00e8ce \u00e9l\u00e9gante est propos\u00e9e dans un style de collier \u00e9l\u00e9gant qui peut \u00eatre port\u00e9 en toute occasion, ce qui la rend parfaite pour un usage quotidien ou des \u00e9v\u00e9nements sp\u00e9ciaux.<\/p>\n<p><img fetchpriority=\"high\" decoding=\"async\" class=\"alignnone\" src=\"https:\/\/shop.yipinqian.com\/wp-content\/uploads\/2024\/10\/5c3d926f76fd1f316a4af381f485c80a.jpg?from=476444299\" alt=\"18k Gold Pendant Setting with 1 green cabochon\" width=\"1080\" height=\"1080\" \/><img decoding=\"async\" class=\"aligncenter\" src=\"https:\/\/shop.yipinqian.com\/wp-content\/uploads\/2024\/10\/090e75c0b3d37659d9e40d0a50d39b85.jpg?from=476444299\" alt=\"18k Gold Pendant Setting with 1 green cabochon\" width=\"1080\" height=\"1080\" \/><\/p>\n<ul>\n<li><strong>Certificat inclus :<\/strong> Ce collier est accompagn\u00e9 d&#039;une certification du rapport NGI Gemstone afin que vous puissiez \u00eatre s\u00fbr de son authenticit\u00e9<\/li>\n<li><strong>Fabriqu\u00e9 \u00e0 partir de mat\u00e9riaux de haute qualit\u00e9 : <\/strong>Le mat\u00e9riau de montage est en or tandis que le mat\u00e9riau secondaire utilis\u00e9 est le diamant, garantissant que vous n&#039;obtenez que des produits de haute qualit\u00e9<\/li>\n<\/ul>\n<p>Le r\u00e9glage combin\u00e9 garantit que tous les mat\u00e9riaux sont parfaitement fix\u00e9s ensemble tout en \u00e9tant beaux en m\u00eame temps.<\/p>\n<ul>\n<li>Ce collier constitue un excellent cadeau pour tout amateur ou collectionneur de bijoux qui appr\u00e9cie l&#039;artisanat de qualit\u00e9 et le beau design.<\/li>\n<\/ul>\n<p>Vous adorerez ajouter cette pi\u00e8ce exquise \u00e0 votre collection\u00a0!<\/p>\n<p>.<\/p>\n<p>Yi Pin Qian \u2013 N\u00e9gociant en pierres pr\u00e9cieuses et m\u00e9taux pr\u00e9cieux \u00e0 Singapour \u2013 Num\u00e9ro de licence PS20190000031<\/p>\n<p><em>*Toutes les jad\u00e9ites achet\u00e9es chez Yi Pin Qian \u00e0 Singapour, les clients peuvent r\u00e9server des cr\u00e9neaux pour le polissage ou une r\u00e9paration mineure en cas de mauvaise manipulation - des frais s&#039;appliquent et uniquement pour les clients de Yi Pin Qian \u00e0 Singapour*<\/em><\/p>\n<ul>\n<li><\/li>\n<\/ul>\n<p>NGI (Nan Yang Gemmologie)<\/p>\n<p>ou des certificats \u00e9trangers (Yi Pin Qian utilise uniquement des certificats authentiques provenant de laboratoires \u00e9trangers et contr\u00f4le \u00e9galement la qualit\u00e9 de chacun de nos produits avant de les mettre en vente \u00e0 Singapour)<\/p>\n<p>Chaque produit sur TikTok aura le type de certificat fourni indiqu\u00e9 dans la description. Pour tout client souhaitant envoyer sa commande \u00e0 NGI Singapore, il y aura un d\u00e9lai d&#039;attente pour la livraison de la commande estim\u00e9 \u00e0 environ 4 semaines pour recevoir votre commande. Les demandes de rapport sur les pierres pr\u00e9cieuses NGI doivent \u00eatre effectu\u00e9es en envoyant un message \u00e0 la boutique TikTok Yi Pin Qian. Merci, des frais suppl\u00e9mentaires s&#039;appliquent.<\/p>","protected":false},"excerpt":{"rendered":"<h2>18k Gold Pendant Setting with 1 green cabochon<\/h2>\n<p><img decoding=\"async\" class=\"aligncenter size-medium wp-image-22229\" src=\"https:\/\/shop.yipinqian.com\/wp-content\/uploads\/2024\/10\/WhatsApp-Image-2024-05-14-at-19.37.38_76d83e79-300x300.jpg\" alt=\"18k Gold Pendant Setting with 1 green cabochon\" width=\"300\" height=\"300\" srcset=\"https:\/\/shop.yipinqian.com\/wp-content\/uploads\/2024\/10\/WhatsApp-Image-2024-05-14-at-19.37.38_76d83e79-300x300.jpg 300w, https:\/\/shop.yipinqian.com\/wp-content\/uploads\/2024\/10\/WhatsApp-Image-2024-05-14-at-19.37.38_76d83e79-1024x1024.jpg 1024w, https:\/\/shop.yipinqian.com\/wp-content\/uploads\/2024\/10\/WhatsApp-Image-2024-05-14-at-19.37.38_76d83e79-150x150.jpg 150w, https:\/\/shop.yipinqian.com\/wp-content\/uploads\/2024\/10\/WhatsApp-Image-2024-05-14-at-19.37.38_76d83e79-768x768.jpg 768w, https:\/\/shop.yipinqian.com\/wp-content\/uploads\/2024\/10\/WhatsApp-Image-2024-05-14-at-19.37.38_76d83e79-12x12.jpg 12w, https:\/\/shop.yipinqian.com\/wp-content\/uploads\/2024\/10\/WhatsApp-Image-2024-05-14-at-19.37.38_76d83e79-500x500.jpg 500w, https:\/\/shop.yipinqian.com\/wp-content\/uploads\/2024\/10\/WhatsApp-Image-2024-05-14-at-19.37.38_76d83e79-100x100.jpg 100w, https:\/\/shop.yipinqian.com\/wp-content\/uploads\/2024\/10\/WhatsApp-Image-2024-05-14-at-19.37.38_76d83e79.jpg 1080w\" sizes=\"(max-width: 300px) 100vw, 300px\" \/><\/p>","protected":false},"featured_media":1781,"comment_status":"open","ping_status":"closed","template":"","meta":[],"product_brand":[],"product_cat":[196],"product_tag":[50,64,53,70,54,55,56,73,74,75,60,62],"class_list":{"0":"post-1239","1":"product","2":"type-product","3":"status-publish","4":"has-post-thumbnail","6":"product_cat-vault-collection","7":"product_tag-18k-gold","8":"product_tag-cabochon","9":"product_tag-fine-quality","10":"product_tag-green","11":"product_tag-icy","12":"product_tag-jadeite","13":"product_tag-limited-editions","14":"product_tag-pendant","15":"product_tag-qic-approved-certificate","16":"product_tag-traditional","17":"product_tag-type-a-jadeite","18":"product_tag-yi-pin-qian-exclusive","20":"first","21":"instock","22":"sale","23":"shipping-taxable","24":"purchasable","25":"product-type-simple"},"_links":{"self":[{"href":"https:\/\/shop.yipinqian.com\/fr\/wp-json\/wp\/v2\/product\/1239","targetHints":{"allow":["GET"]}}],"collection":[{"href":"https:\/\/shop.yipinqian.com\/fr\/wp-json\/wp\/v2\/product"}],"about":[{"href":"https:\/\/shop.yipinqian.com\/fr\/wp-json\/wp\/v2\/types\/product"}],"replies":[{"embeddable":true,"href":"https:\/\/shop.yipinqian.com\/fr\/wp-json\/wp\/v2\/comments?post=1239"}],"version-history":[{"count":0,"href":"https:\/\/shop.yipinqian.com\/fr\/wp-json\/wp\/v2\/product\/1239\/revisions"}],"wp:featuredmedia":[{"embeddable":true,"href":"https:\/\/shop.yipinqian.com\/fr\/wp-json\/wp\/v2\/media\/1781"}],"wp:attachment":[{"href":"https:\/\/shop.yipinqian.com\/fr\/wp-json\/wp\/v2\/media?parent=1239"}],"wp:term":[{"taxonomy":"product_brand","embeddable":true,"href":"https:\/\/shop.yipinqian.com\/fr\/wp-json\/wp\/v2\/product_brand?post=1239"},{"taxonomy":"product_cat","embeddable":true,"href":"https:\/\/shop.yipinqian.com\/fr\/wp-json\/wp\/v2\/product_cat?post=1239"},{"taxonomy":"product_tag","embeddable":true,"href":"https:\/\/shop.yipinqian.com\/fr\/wp-json\/wp\/v2\/product_tag?post=1239"}],"curies":[{"name":"wp","href":"https:\/\/api.w.org\/{rel}","templated":true}]}}