{"id":1232,"date":"2024-10-24T23:17:58","date_gmt":"2024-10-24T15:17:58","guid":{"rendered":"https:\/\/shop.yipinqian.com\/product\/18k-gold-clasp-added-to-this-icy-translucent-natural-type-a-jadeite-pendant-leaf-symbols-of-health-longevity-and-prosperity-with-certificate-included-for-this-jadeite-weigh-5-22-grams-34-8-19-7-4-3-mm\/"},"modified":"2025-02-24T01:17:33","modified_gmt":"2025-02-23T17:17:33","slug":"18k-gold-clasp-added-to-this-icy-translucent-natural-type-a-jadeite-pendant-leaf-symbols-of-health-longevity-and-prosperity-with-certificate-included-for-this-jadeite-weigh-5-22-grams-34-8-19-7-4-3-mm","status":"publish","type":"product","link":"https:\/\/shop.yipinqian.com\/fr\/produit\/18k-gold-clasp-added-to-this-icy-translucent-natural-type-a-jadeite-pendant-leaf-symbols-of-health-longevity-and-prosperity-with-certificate-included-for-this-jadeite-weigh-5-22-grams-34-8-19-7-4-3-mm\/","title":{"rendered":"Fermoir en or 18 carats ajout\u00e9 \u00e0 ce pendentif en jad\u00e9ite naturelle translucide glac\u00e9e de type A, symboles de feuille de sant\u00e9, de long\u00e9vit\u00e9 et de prosp\u00e9rit\u00e9, avec certificat inclus pour cette jad\u00e9ite pesant 5,22 grammes, 34,8 * 19,7 * 4,3 mm, convient \u00e0 un usage quotidien (18kp2)"},"content":{"rendered":"<p>This Icy Translucent Natural Type A Jadeite Pendant is a stunning jewelry piece that represents Health, Longevity, and Prosperity with its beautiful leaf symbols. Perfect for daily wear, this pendant comes with an 18k Gold Clasp and a certificate of authenticity.<\/p>\n<ul>\n<li>\n<strong>Type de jade :<\/strong> Jad\u00e9ite<\/li>\n<li>\n<strong>Mat\u00e9riau de r\u00e9glage :<\/strong> Or PT\/Carat<\/li>\n<li>\n<strong>Pays d&#039;origine :<\/strong> Birmanie<\/li>\n<li>\n<strong>Occasions:<\/strong> \u00c0 porter au quotidien<\/li>\n<li>Jade Weight &#038; Dimensions: This jadeite weighs 5.22 grams and measures 34.8 * 19.7 *4.3 mm.<\/li>\n<\/ul>\n<p><strong>(Note: the total weight 5.22 grams is for jadeite only as the 18k gold clasp was added when it arrived in Singapore)<\/strong><\/p>\n<p>\u00a0<\/p>\n<p><strong>Certificate Numbers: GD2203H017672<\/strong><\/p>\n<p><img fetchpriority=\"high\" decoding=\"async\" width=\"1080\" src=\"https:\/\/shop.yipinqian.com\/wp-content\/uploads\/2024\/10\/d66af0238559e0de6e787e8823bfa6da.jpg?from=476444299\" height=\"1080\"><img decoding=\"async\" width=\"1080\" src=\"https:\/\/shop.yipinqian.com\/wp-content\/uploads\/2024\/10\/b253437ec9c4fb5267050df73bd0525c.jpg?from=476444299\" height=\"1080\"><\/p>\n<p>Elegantly designed to suit both men and women, this pendant is perfect for adding a touch of sophistication to any outfit.<\/p>\n<p>Add this elegant piece to your jewelry collection today!<\/p>\n<p>\u00a0<\/p>\n<p>Yi Pin Qian \u2013 N\u00e9gociant en pierres pr\u00e9cieuses et m\u00e9taux pr\u00e9cieux \u00e0 Singapour \u2013 Num\u00e9ro de licence PS20190000031<\/p>\n<p>\u00a0<\/p>\n<p>*Toutes les jad\u00e9ites achet\u00e9es chez Yi Pin Qian \u00e0 Singapour, les clients peuvent r\u00e9server des cr\u00e9neaux pour le polissage ou une r\u00e9paration mineure en cas de mauvaise manipulation - des frais s&#039;appliquent et uniquement pour les clients de Yi Pin Qian \u00e0 Singapour*<\/p>\n<p>\u00a0<\/p>\n<p><strong>**Types de certificats**<\/strong><\/p>\n<p>\u00a0<\/p>\n<p><strong>NGI (Nan Yang Gemmologie)<\/strong><\/p>\n<p>ou <strong>Certificats \u00e9trangers <\/strong>(Yi Pin Qian utilise uniquement des certificats authentiques provenant de laboratoires \u00e9trangers et contr\u00f4le \u00e9galement la qualit\u00e9 de chacun de nos produits avant de les mettre en vente \u00e0 Singapour)<\/p>\n<p>\u00a0<\/p>\n<p>Chaque produit sur TikTok aura le type de certificat fourni indiqu\u00e9 dans la description. Pour tout client souhaitant envoyer sa commande \u00e0 NGI Singapore, il y aura un d\u00e9lai d&#039;attente pour la livraison de la commande estim\u00e9 \u00e0 environ 4 semaines pour recevoir votre commande. <strong>Les demandes de rapport sur les pierres pr\u00e9cieuses NGI doivent \u00eatre effectu\u00e9es en envoyant un message \u00e0 la boutique TikTok de Yi Pin Qian.<\/strong> Merci, <strong><u>des frais suppl\u00e9mentaires s&#039;appliquent<\/u><\/strong>.<\/p>\n<p>\u00a0<\/p>\n<p><strong>La jad\u00e9ite naturelle n&#039;est pas parfaite, juste un petit rappel : notre jad\u00e9ite naturelle, comme toutes les belles choses de la nature, poss\u00e8de ses caract\u00e9ristiques et ses variations uniques. Nous invitons nos pr\u00e9cieux clients \u00e0 adopter ces variations naturelles. Bon shopping !<\/strong><\/p>\n<p>\u00a0<\/p>\n<p><strong><u>Aucune des photos et des s\u00e9quences vid\u00e9o n&#039;a \u00e9t\u00e9 filtr\u00e9e. Nous encourageons nos clients \u00e0 regarder \u00e9galement les vid\u00e9os d&#039;accompagnement pour une vue plus compl\u00e8te de nos produits<\/u><\/strong><\/p>","protected":false},"excerpt":{"rendered":"<p>This Icy Translucent Natural Type A Jadeite Pendant is a stunning jewelry piece that represents Health, Longevity, and Prosperity with its beautiful leaf symbols. Perfect for daily wear, this pendant comes with an 18k Gold Clasp and a certificate of authenticity. Jade Type: Jadeite Setting Material: PT\/Carat Gold Country of Origin: Myanmar Occasions: Daily Wear [&hellip;]<\/p>","protected":false},"featured_media":1669,"comment_status":"open","ping_status":"closed","template":"","meta":[],"product_brand":[],"product_cat":[195],"product_tag":[50,52,69,53,54,55,56,59,60,62],"class_list":{"0":"post-1232","1":"product","2":"type-product","3":"status-publish","4":"has-post-thumbnail","6":"product_cat-heirloom-grade","7":"product_tag-18k-gold","8":"product_tag-certified","9":"product_tag-clasp","10":"product_tag-fine-quality","11":"product_tag-icy","12":"product_tag-jadeite","13":"product_tag-limited-editions","14":"product_tag-translucent","15":"product_tag-type-a-jadeite","16":"product_tag-yi-pin-qian-exclusive","18":"first","19":"instock","20":"sale","21":"shipping-taxable","22":"purchasable","23":"product-type-simple"},"_links":{"self":[{"href":"https:\/\/shop.yipinqian.com\/fr\/wp-json\/wp\/v2\/product\/1232","targetHints":{"allow":["GET"]}}],"collection":[{"href":"https:\/\/shop.yipinqian.com\/fr\/wp-json\/wp\/v2\/product"}],"about":[{"href":"https:\/\/shop.yipinqian.com\/fr\/wp-json\/wp\/v2\/types\/product"}],"replies":[{"embeddable":true,"href":"https:\/\/shop.yipinqian.com\/fr\/wp-json\/wp\/v2\/comments?post=1232"}],"version-history":[{"count":0,"href":"https:\/\/shop.yipinqian.com\/fr\/wp-json\/wp\/v2\/product\/1232\/revisions"}],"wp:featuredmedia":[{"embeddable":true,"href":"https:\/\/shop.yipinqian.com\/fr\/wp-json\/wp\/v2\/media\/1669"}],"wp:attachment":[{"href":"https:\/\/shop.yipinqian.com\/fr\/wp-json\/wp\/v2\/media?parent=1232"}],"wp:term":[{"taxonomy":"product_brand","embeddable":true,"href":"https:\/\/shop.yipinqian.com\/fr\/wp-json\/wp\/v2\/product_brand?post=1232"},{"taxonomy":"product_cat","embeddable":true,"href":"https:\/\/shop.yipinqian.com\/fr\/wp-json\/wp\/v2\/product_cat?post=1232"},{"taxonomy":"product_tag","embeddable":true,"href":"https:\/\/shop.yipinqian.com\/fr\/wp-json\/wp\/v2\/product_tag?post=1232"}],"curies":[{"name":"wp","href":"https:\/\/api.w.org\/{rel}","templated":true}]}}