{"id":1228,"date":"2024-10-24T23:17:57","date_gmt":"2024-10-24T15:17:57","guid":{"rendered":"https:\/\/shop.yipinqian.com\/product\/yellow-cabochon-natural-type-a-jadeite-ring-set-with-s925-silver-qic-approved-labs-certificate-s925ring3\/"},"modified":"2025-01-26T00:00:47","modified_gmt":"2025-01-25T16:00:47","slug":"yellow-cabochon-natural-type-a-jadeite-ring-set-with-s925-silver-qic-approved-labs-certificate-s925ring3","status":"publish","type":"product","link":"https:\/\/shop.yipinqian.com\/fr\/produit\/yellow-cabochon-natural-type-a-jadeite-ring-set-with-s925-silver-qic-approved-labs-certificate-s925ring3\/","title":{"rendered":"#Sold \u2013 Bague en jad\u00e9ite naturelle de type A \u00e0 cabochon jaune sertie d&#039;argent S925, certificat de laboratoire approuv\u00e9 par QIC (s925ring3)"},"content":{"rendered":"<p>This Yellow Cabochon Natural Type A Jadeite Ring is a stunning piece of jewelry that will elevate your style to the next level. The ring is set with S925 silver and has an adjustable ring size, making it a perfect fit for anyone.<\/p>\n<p>\u2022 Natural Type A Jadeite: The stunning yellow cabochon natural type A jadeite is the highlight of this beautiful ring. <br \/>\u2022 Certificate Included: With the purchase of this jadeite ring, you will receive a certificate to authenticate its quality.<\/p>\n<p>Certificate numbers: Y-BICL822028<\/p>\n<p>\u2022 Adjustable Ring Size: This feature makes it easy for you to find your perfect fit and ensure maximum comfort throughout the day.<\/p>\n<p>The Yellow Cabochon Natural Type A Jadeite Ring weighs 5.55 grams and measures 12.80 * 11.00 * 5.60 mm, making it an ideal size for everyday wear or special occasions.<\/p>\n<p>\u2022 Suitable For All Occasions: This beautiful piece of jewelry can add style and elegance to any outfit, whether you&#8217;re dressing up or down.<\/p>\n<p>The silver setting complements the jade stone perfectly while adding durability and longevity so that you can enjoy wearing this exquisite piece for years to come.<\/p>\n<p>\u2022 Made in Myanmar:This stunning jewelry accessory has been crafted with care in Myanmar- renowned worldwide as one of the best sources for high-quality natural type-A jadeites <br \/>\u2022 .<br \/>This Yellow Cabochon Natural Type A Jadeite Ring would make an ideal gift option or as part of your personal collection- perfect as an investment grade asset!<br \/>.<br \/>Yi Pin Qian \u2013 N\u00e9gociant en pierres pr\u00e9cieuses et m\u00e9taux pr\u00e9cieux \u00e0 Singapour \u2013 Num\u00e9ro de licence PS20190000031<br \/>*Toutes les jad\u00e9ites achet\u00e9es chez Yi Pin Qian \u00e0 Singapour, les clients peuvent r\u00e9server des cr\u00e9neaux pour le polissage ou une r\u00e9paration mineure en cas de mauvaise manipulation - des frais s&#039;appliquent et uniquement pour les clients de Yi Pin Qian \u00e0 Singapour*<\/p>\n<p>**Types de certificats**<br \/>NGI (Nan Yang Gemmologie)<br \/>ou des certificats \u00e9trangers (Yi Pin Qian utilise uniquement des certificats authentiques provenant de laboratoires \u00e9trangers et contr\u00f4le \u00e9galement la qualit\u00e9 de chacun de nos produits avant de les mettre en vente \u00e0 Singapour)<\/p>\n<p>Chaque produit sur TikTok aura le type de certificat fourni indiqu\u00e9 dans la description. Pour tout client souhaitant envoyer sa commande \u00e0 NGI Singapore, il y aura un d\u00e9lai d&#039;attente pour la livraison de la commande estim\u00e9 \u00e0 environ 4 semaines pour recevoir votre commande. Les demandes de rapport sur les pierres pr\u00e9cieuses NGI doivent \u00eatre effectu\u00e9es en envoyant un message \u00e0 la boutique TikTok Yi Pin Qian. Merci, des frais suppl\u00e9mentaires s&#039;appliquent.<\/p>\n<p>Natural jadeite is not flawless, just a gentle reminder, our natural jadeite, like all beautiful things in nature, comes with its unique characteristics and variations. <\/p>\n<p>We invite our valued customers to embrace these natural variations. Happy shopping!<br \/>Aucune des photos et des s\u00e9quences vid\u00e9o n&#039;a \u00e9t\u00e9 filtr\u00e9e. Nous encourageons nos clients \u00e0 regarder \u00e9galement les vid\u00e9os d&#039;accompagnement pour une vue plus compl\u00e8te de nos produits<\/p>","protected":false},"excerpt":{"rendered":"<p>Cette bague en jad\u00e9ite naturelle de type A \u00e0 cabochon jaune est un superbe bijou qui rehaussera votre style. La bague est sertie d&#039;argent S925 et poss\u00e8de une taille de bague r\u00e9glable, ce qui en fait un ajustement parfait pour tout le monde. \u2022 Jad\u00e9ite naturelle de type A : La superbe bague en jad\u00e9ite naturelle de type A \u00e0 cabochon jaune [\u2026]<\/p>","protected":false},"featured_media":1599,"comment_status":"open","ping_status":"closed","template":"","meta":[],"product_brand":[],"product_cat":[126,49,149,125],"product_tag":[64,52,65,66,55,56,58,67,60,68,62],"class_list":{"0":"post-1228","1":"product","2":"type-product","3":"status-publish","4":"has-post-thumbnail","6":"product_cat-new-arrivals","7":"product_cat-rings","8":"product_cat-s925-rings","9":"product_cat-s925-settings-jadeites","10":"product_tag-cabochon","11":"product_tag-certified","12":"product_tag-high-quality","13":"product_tag-jade-ring","14":"product_tag-jadeite","15":"product_tag-limited-editions","16":"product_tag-new-arrivals","17":"product_tag-s925","18":"product_tag-type-a-jadeite","19":"product_tag-yellow","20":"product_tag-yi-pin-qian-exclusive","22":"first","23":"outofstock","24":"sale","25":"shipping-taxable","26":"purchasable","27":"product-type-simple"},"_links":{"self":[{"href":"https:\/\/shop.yipinqian.com\/fr\/wp-json\/wp\/v2\/product\/1228","targetHints":{"allow":["GET"]}}],"collection":[{"href":"https:\/\/shop.yipinqian.com\/fr\/wp-json\/wp\/v2\/product"}],"about":[{"href":"https:\/\/shop.yipinqian.com\/fr\/wp-json\/wp\/v2\/types\/product"}],"replies":[{"embeddable":true,"href":"https:\/\/shop.yipinqian.com\/fr\/wp-json\/wp\/v2\/comments?post=1228"}],"version-history":[{"count":0,"href":"https:\/\/shop.yipinqian.com\/fr\/wp-json\/wp\/v2\/product\/1228\/revisions"}],"wp:featuredmedia":[{"embeddable":true,"href":"https:\/\/shop.yipinqian.com\/fr\/wp-json\/wp\/v2\/media\/1599"}],"wp:attachment":[{"href":"https:\/\/shop.yipinqian.com\/fr\/wp-json\/wp\/v2\/media?parent=1228"}],"wp:term":[{"taxonomy":"product_brand","embeddable":true,"href":"https:\/\/shop.yipinqian.com\/fr\/wp-json\/wp\/v2\/product_brand?post=1228"},{"taxonomy":"product_cat","embeddable":true,"href":"https:\/\/shop.yipinqian.com\/fr\/wp-json\/wp\/v2\/product_cat?post=1228"},{"taxonomy":"product_tag","embeddable":true,"href":"https:\/\/shop.yipinqian.com\/fr\/wp-json\/wp\/v2\/product_tag?post=1228"}],"curies":[{"name":"wp","href":"https:\/\/api.w.org\/{rel}","templated":true}]}}