{"id":11595,"date":"2024-11-14T04:09:55","date_gmt":"2024-11-13T20:09:55","guid":{"rendered":"https:\/\/shop.yipinqian.com\/new-sg-arrival-crafted-as-dragon-on-natural-type-a-jadeite-jade-as-pendant-weighs-58-34-grams-measurement-75-28-7-12-3-mm-pendant327\/"},"modified":"2025-02-24T01:17:24","modified_gmt":"2025-02-23T17:17:24","slug":"new-sg-arrival-crafted-as-dragon-on-natural-type-a-jadeite-jade-as-pendant-weighs-58-34-grams-measurement-75-28-7-12-3-mm-pendant327","status":"publish","type":"product","link":"https:\/\/shop.yipinqian.com\/fr\/produit\/new-sg-arrival-crafted-as-dragon-on-natural-type-a-jadeite-jade-as-pendant-weighs-58-34-grams-measurement-75-28-7-12-3-mm-pendant327\/","title":{"rendered":"Nouvel arrivage SG Fabriqu\u00e9 en pendentif Dragon sur Jadeite Naturelle de Type A comme Pendentif p\u00e8se 58,34 grammes, mesure 75 * 28,7 * 12,3 mm (pendentif327)"},"content":{"rendered":"<p>Ce nouveau pendentif SG Arrival pr\u00e9sente un motif de dragon magnifiquement con\u00e7u sur du jade jad\u00e9ite naturel de type A, ce qui en fait un superbe bijou.<\/p>\n<p><\/p>\n<p>Num\u00e9ros de certificat : GD2110H017369<\/p>\n<p><\/p>\n<ul>\n<li>\n<strong>Poids:<\/strong> 58,34 grammes<\/li>\n<li>\n<strong>Mesures:<\/strong> 75 x 28,7 x 12,3 mm<\/li>\n<\/ul>\n<p><img fetchpriority=\"high\" decoding=\"async\" src=\"https:\/\/shop.yipinqian.com\/wp-content\/uploads\/2024\/11\/14f2094afe3546b38f64d4bebf9c11ddtplv-aphluv4xwc-origin-jpeg.jpeg?dr=15568&amp;nonce=96073&amp;refresh_token=fc0f079befb4eb15e5e3b88c7b21bc44&amp;from=476444299&amp;idc=my&amp;ps=933b5bde&amp;shcp=9b759fb9&amp;shp=1c65f68b&amp;t=555f072d\" width=\"1080\" height=\"1080\"><img decoding=\"async\" src=\"https:\/\/shop.yipinqian.com\/wp-content\/uploads\/2024\/11\/af91adec92754f859318d0047e79b3a9tplv-aphluv4xwc-origin-jpeg.jpeg?dr=15568&amp;nonce=71272&amp;refresh_token=dd44ead7f42504f5a261514519fb98e8&amp;from=476444299&amp;idc=my&amp;ps=933b5bde&amp;shcp=9b759fb9&amp;shp=1c65f68b&amp;t=555f072d\" width=\"1080\" height=\"1080\"><\/p>\n<p>Le pendentif est con\u00e7u pour apporter une touche de bon augure \u00e0 toute occasion, parfait pour les hommes et les femmes avec son attrait unisexe.<\/p>\n<ul>\n<li>\n<strong>Certificat:<\/strong> Oui<\/li>\n<li>\n<strong>R\u00e9gion d&#039;origine :<\/strong> Birmanie<\/li>\n<li>\n<strong>Type de jade : <\/strong>Jad\u00e9ite<\/li>\n<li>\n<strong>Style de collier : <\/strong>Occasionnel<\/li>\n<\/ul>\n<p>Yi Pin Qian \u2013 N\u00e9gociant en pierres pr\u00e9cieuses et m\u00e9taux pr\u00e9cieux \u00e0 Singapour \u2013 Num\u00e9ro de licence PS20190000031<\/p>\n<p><\/p>\n<p>*Toutes les jad\u00e9ites achet\u00e9es chez Yi Pin Qian \u00e0 Singapour, les clients peuvent r\u00e9server des cr\u00e9neaux pour le polissage ou une r\u00e9paration mineure en cas de mauvaise manipulation - des frais s&#039;appliquent et uniquement pour les clients de Yi Pin Qian \u00e0 Singapour*<\/p>\n<p><\/p>\n<p><strong>**Types de certificats**<\/strong><\/p>\n<p><\/p>\n<p><strong>NGI (Nan Yang Gemmologie)<\/strong><\/p>\n<p>ou <strong>Certificats \u00e9trangers <\/strong>(Yi Pin Qian utilise uniquement des certificats authentiques provenant de laboratoires \u00e9trangers et contr\u00f4le \u00e9galement la qualit\u00e9 de chacun de nos produits avant de les mettre en vente \u00e0 Singapour)<\/p>\n<p><\/p>\n<p>Chaque produit sur TikTok aura le type de certificat fourni indiqu\u00e9 dans la description. Pour tout client souhaitant envoyer sa commande \u00e0 NGI Singapore, il y aura un d\u00e9lai d&#039;attente pour la livraison de la commande estim\u00e9 \u00e0 environ 4 semaines pour recevoir votre commande. <strong>Les demandes de rapport NGI Gemstone doivent \u00eatre effectu\u00e9es en nous envoyant un message.<\/strong> Merci, <strong><u>des frais suppl\u00e9mentaires s&#039;appliquent<\/u><\/strong>.<\/p>\n<p><\/p>\n<p><strong>La jad\u00e9ite naturelle n&#039;est pas parfaite, juste un petit rappel : notre jad\u00e9ite naturelle, comme toutes les belles choses de la nature, poss\u00e8de ses caract\u00e9ristiques et ses variations uniques. Nous invitons nos pr\u00e9cieux clients \u00e0 adopter ces variations naturelles. Bon shopping !<\/strong><\/p>\n<p><\/p>\n<p><strong><u>Aucune des photos et des s\u00e9quences vid\u00e9o n&#039;a \u00e9t\u00e9 filtr\u00e9e. Nous encourageons nos clients \u00e0 regarder \u00e9galement les vid\u00e9os d&#039;accompagnement pour une vue plus compl\u00e8te de nos produits<\/u><\/strong><\/p>\n<p><\/p>\n<ul>\n<li>Diff\u00e9rentes plates-formes ne peuvent visionner des vid\u00e9os que via le bureau<\/li>\n<\/ul>","protected":false},"excerpt":{"rendered":"<p>This New SG Arrival pendant features a beautifully crafted dragon design on natural Type A Jadeite Jade, making it a stunning piece of jewelry. Certificate numbers: GD2110H017369 Weight: 58.34 grams Measurement: 75 x 28.7 x 12.3 mm The pendant is designed to bring an auspicious touch to any occasion, perfect for both men and women [&hellip;]<\/p>","protected":false},"featured_media":11643,"comment_status":"open","ping_status":"closed","template":"","meta":[],"product_brand":[],"product_cat":[195],"product_tag":[52,78,65,54,58,73,59,60,61,62],"class_list":{"0":"post-11595","1":"product","2":"type-product","3":"status-publish","4":"has-post-thumbnail","6":"product_cat-heirloom-grade","7":"product_tag-certified","8":"product_tag-dragon","9":"product_tag-high-quality","10":"product_tag-icy","11":"product_tag-new-arrivals","12":"product_tag-pendant","13":"product_tag-translucent","14":"product_tag-type-a-jadeite","15":"product_tag-unisex","16":"product_tag-yi-pin-qian-exclusive","18":"first","19":"instock","20":"sale","21":"shipping-taxable","22":"purchasable","23":"product-type-simple"},"_links":{"self":[{"href":"https:\/\/shop.yipinqian.com\/fr\/wp-json\/wp\/v2\/product\/11595","targetHints":{"allow":["GET"]}}],"collection":[{"href":"https:\/\/shop.yipinqian.com\/fr\/wp-json\/wp\/v2\/product"}],"about":[{"href":"https:\/\/shop.yipinqian.com\/fr\/wp-json\/wp\/v2\/types\/product"}],"replies":[{"embeddable":true,"href":"https:\/\/shop.yipinqian.com\/fr\/wp-json\/wp\/v2\/comments?post=11595"}],"version-history":[{"count":0,"href":"https:\/\/shop.yipinqian.com\/fr\/wp-json\/wp\/v2\/product\/11595\/revisions"}],"wp:featuredmedia":[{"embeddable":true,"href":"https:\/\/shop.yipinqian.com\/fr\/wp-json\/wp\/v2\/media\/11643"}],"wp:attachment":[{"href":"https:\/\/shop.yipinqian.com\/fr\/wp-json\/wp\/v2\/media?parent=11595"}],"wp:term":[{"taxonomy":"product_brand","embeddable":true,"href":"https:\/\/shop.yipinqian.com\/fr\/wp-json\/wp\/v2\/product_brand?post=11595"},{"taxonomy":"product_cat","embeddable":true,"href":"https:\/\/shop.yipinqian.com\/fr\/wp-json\/wp\/v2\/product_cat?post=11595"},{"taxonomy":"product_tag","embeddable":true,"href":"https:\/\/shop.yipinqian.com\/fr\/wp-json\/wp\/v2\/product_tag?post=11595"}],"curies":[{"name":"wp","href":"https:\/\/api.w.org\/{rel}","templated":true}]}}