{"id":11592,"date":"2024-11-15T07:50:39","date_gmt":"2024-11-14T23:50:39","guid":{"rendered":"https:\/\/shop.yipinqian.com\/new-arrival-in-singapore-premium-high-quality-natural-type-a-jadeite-jade-18k-gold-pendant-crafted-as-ruyi-certificate-weighs-5-51-grams-measurement-27-1-24-6-7-3-mm-18kp74\/"},"modified":"2025-02-24T01:17:24","modified_gmt":"2025-02-23T17:17:24","slug":"new-arrival-in-singapore-premium-high-quality-natural-type-a-jadeite-jade-18k-gold-pendant-crafted-as-ruyi-certificate-weighs-5-51-grams-measurement-27-1-24-6-7-3-mm-18kp74","status":"publish","type":"product","link":"https:\/\/shop.yipinqian.com\/fr\/produit\/new-arrival-in-singapore-premium-high-quality-natural-type-a-jadeite-jade-18k-gold-pendant-crafted-as-ruyi-certificate-weighs-5-51-grams-measurement-27-1-24-6-7-3-mm-18kp74\/","title":{"rendered":"Nouvel arrivage \u00e0 Singapour Pendentif en or 18 carats en jade jad\u00e9ite naturelle de type A de qualit\u00e9 sup\u00e9rieure fabriqu\u00e9 sous le nom de Ruyi, certificat p\u00e8se 5,51 grammes mesurant 27,1 * 24,6 * 7,3 mm (18kp74)"},"content":{"rendered":"<p>Ce nouveau produit arriv\u00e9 \u00e0 Singapour est un pendentif en or 18 carats en jade jad\u00e9ite naturelle de type A de qualit\u00e9 sup\u00e9rieure fabriqu\u00e9 par Ruyi. Il est livr\u00e9 avec un certificat et p\u00e8se 5,51 grammes avec des mesures de 27,1 * 24,6 * 7,3 mm (18kp74).<\/p>\n<p><\/p>\n<p>Num\u00e9ros de certificat : GD2109H014858<\/p>\n<p>Or 18 carats : 2 grammes<\/p>\n<p>Diamants : 91 * 0,003 = 0,273 carats<\/p>\n<p>Jad\u00e9ite Taille : 15,9 * 22,5 * 4 mm<\/p>\n<p>Avec taille de r\u00e9glage : 27,1 * 24,6 * 7,3 mm<\/p>\n<p><img fetchpriority=\"high\" decoding=\"async\" src=\"https:\/\/shop.yipinqian.com\/wp-content\/uploads\/2024\/11\/5daf890306254c2abca3048f24b00255tplv-aphluv4xwc-origin-jpeg.jpeg?dr=15568&amp;nonce=84109&amp;refresh_token=b831d4a2c0665ccac7cd454de5de2429&amp;from=476444299&amp;idc=my2&amp;ps=933b5bde&amp;shcp=9b759fb9&amp;shp=1c65f68b&amp;t=555f072d\" width=\"1536\" height=\"2048\"><\/p>\n<ul>\n<li>\n<strong>Avec certificat :<\/strong> Oui<\/li>\n<li>\n<strong>Mat\u00e9riel secondaire :<\/strong> Diamant<\/li>\n<li>\n<strong>Mat\u00e9riau de r\u00e9glage :<\/strong> Or PT\/Carat<\/li>\n<li>\n<strong>Type de jade :<\/strong> Jad\u00e9ite<\/li>\n<\/ul>\n<p><strong>Sertie d&#039;un cabochon vert pomme, la jad\u00e9ite est translucide de qualit\u00e9 sup\u00e9rieure avec des taches vertes<\/strong><\/p>\n<ul>\n<li>La r\u00e9gion d&#039;origine :&gt; L&#039;occasion : Quotidien Le sexe : Unisexe Style de collier : D\u00e9contract\u00e9 Ce pendentif exquis est parfait pour un usage quotidien et convient aussi bien aux hommes qu&#039;aux femmes gr\u00e2ce \u00e0 son design unisexe. Rehaussez votre collection de bijoux avec cette superbe pi\u00e8ce qui met en valeur la beaut\u00e9 du jade jad\u00e9ite naturel de type A associ\u00e9e \u00e0 un savoir-faire luxueux en or.<\/li>\n<\/ul>\n<p><img decoding=\"async\" src=\"https:\/\/shop.yipinqian.com\/wp-content\/uploads\/2024\/11\/19ccc6eb7a774870961eaf52a1b874aetplv-aphluv4xwc-origin-jpeg.jpeg?dr=15568&amp;nonce=16046&amp;refresh_token=6e8491b61aaf78153a33c8afd181c847&amp;from=476444299&amp;idc=my2&amp;ps=933b5bde&amp;shcp=9b759fb9&amp;shp=1c65f68b&amp;t=555f072d\" width=\"1536\" height=\"2048\"><\/p>\n<p>Yi Pin Qian \u2013 N\u00e9gociant en pierres pr\u00e9cieuses et m\u00e9taux pr\u00e9cieux \u00e0 Singapour \u2013 Num\u00e9ro de licence PS20190000031<\/p>\n<p><\/p>\n<p>*Toutes les jad\u00e9ites achet\u00e9es chez Yi Pin Qian \u00e0 Singapour, les clients peuvent r\u00e9server des cr\u00e9neaux pour le polissage ou une r\u00e9paration mineure en cas de mauvaise manipulation - des frais s&#039;appliquent et uniquement pour les clients de Yi Pin Qian \u00e0 Singapour*<\/p>\n<p><\/p>\n<p><strong>**Types de certificats**<\/strong><\/p>\n<p><\/p>\n<p><strong>NGI (Nan Yang Gemmologie)<\/strong><\/p>\n<p>ou <strong>Certificats \u00e9trangers <\/strong>(Yi Pin Qian utilise uniquement des certificats authentiques provenant de laboratoires \u00e9trangers et contr\u00f4le \u00e9galement la qualit\u00e9 de chacun de nos produits avant de les mettre en vente \u00e0 Singapour)<\/p>\n<p><\/p>\n<p>Chaque produit sur TikTok aura le type de certificat fourni indiqu\u00e9 dans la description. Pour tout client souhaitant envoyer sa commande \u00e0 NGI Singapore, il y aura un d\u00e9lai d&#039;attente pour la livraison de la commande estim\u00e9 \u00e0 environ 4 semaines pour recevoir votre commande. <strong>Les demandes de rapport NGI Gemstone doivent \u00eatre effectu\u00e9es en nous envoyant un message.<\/strong> Merci, <strong><u>des frais suppl\u00e9mentaires s&#039;appliquent<\/u><\/strong>.<\/p>\n<p><\/p>\n<p><strong>La jad\u00e9ite naturelle n&#039;est pas parfaite, juste un petit rappel : notre jad\u00e9ite naturelle, comme toutes les belles choses de la nature, poss\u00e8de ses caract\u00e9ristiques et ses variations uniques. Nous invitons nos pr\u00e9cieux clients \u00e0 adopter ces variations naturelles. Bon shopping !<\/strong><\/p>\n<p><\/p>\n<p><strong><u>Aucune des photos et des s\u00e9quences vid\u00e9o n&#039;a \u00e9t\u00e9 filtr\u00e9e. Nous encourageons nos clients \u00e0 regarder \u00e9galement les vid\u00e9os d&#039;accompagnement pour une vue plus compl\u00e8te de nos produits<\/u><\/strong><\/p>\n<p><\/p>\n<ul>\n<li>Diff\u00e9rentes plates-formes ne peuvent visionner des vid\u00e9os que via le bureau<\/li>\n<\/ul>","protected":false},"excerpt":{"rendered":"<p>This New Arrival in Singapore is a Premium High Quality Natural Type A Jadeite Jade 18k Gold Pendant crafted as Ruyi. It comes with a certificate and weighs 5.51 grams with measurements of 27.1 * 24.6 * 7.3 mm (18kp74). Certificate numbers: GD2109H014858 18k Gold: 2 grams Diamonds: 91 * 0.003 = 0.273 Carats Jadeite [&hellip;]<\/p>","protected":false},"featured_media":11634,"comment_status":"open","ping_status":"closed","template":"","meta":[],"product_brand":[],"product_cat":[195],"product_tag":[50,64,52,88,53,79,96,54,55,82,56,58,73,59,60,61,62],"class_list":{"0":"post-11592","1":"product","2":"type-product","3":"status-publish","4":"has-post-thumbnail","6":"product_cat-heirloom-grade","7":"product_tag-18k-gold","8":"product_tag-cabochon","9":"product_tag-certified","10":"product_tag-diamonds","11":"product_tag-fine-quality","12":"product_tag-green-hue","13":"product_tag-green-patches","14":"product_tag-icy","15":"product_tag-jadeite","16":"product_tag-light-green","17":"product_tag-limited-editions","18":"product_tag-new-arrivals","19":"product_tag-pendant","20":"product_tag-translucent","21":"product_tag-type-a-jadeite","22":"product_tag-unisex","23":"product_tag-yi-pin-qian-exclusive","25":"first","26":"instock","27":"sale","28":"shipping-taxable","29":"purchasable","30":"product-type-simple"},"_links":{"self":[{"href":"https:\/\/shop.yipinqian.com\/fr\/wp-json\/wp\/v2\/product\/11592","targetHints":{"allow":["GET"]}}],"collection":[{"href":"https:\/\/shop.yipinqian.com\/fr\/wp-json\/wp\/v2\/product"}],"about":[{"href":"https:\/\/shop.yipinqian.com\/fr\/wp-json\/wp\/v2\/types\/product"}],"replies":[{"embeddable":true,"href":"https:\/\/shop.yipinqian.com\/fr\/wp-json\/wp\/v2\/comments?post=11592"}],"version-history":[{"count":0,"href":"https:\/\/shop.yipinqian.com\/fr\/wp-json\/wp\/v2\/product\/11592\/revisions"}],"wp:featuredmedia":[{"embeddable":true,"href":"https:\/\/shop.yipinqian.com\/fr\/wp-json\/wp\/v2\/media\/11634"}],"wp:attachment":[{"href":"https:\/\/shop.yipinqian.com\/fr\/wp-json\/wp\/v2\/media?parent=11592"}],"wp:term":[{"taxonomy":"product_brand","embeddable":true,"href":"https:\/\/shop.yipinqian.com\/fr\/wp-json\/wp\/v2\/product_brand?post=11592"},{"taxonomy":"product_cat","embeddable":true,"href":"https:\/\/shop.yipinqian.com\/fr\/wp-json\/wp\/v2\/product_cat?post=11592"},{"taxonomy":"product_tag","embeddable":true,"href":"https:\/\/shop.yipinqian.com\/fr\/wp-json\/wp\/v2\/product_tag?post=11592"}],"curies":[{"name":"wp","href":"https:\/\/api.w.org\/{rel}","templated":true}]}}