{"id":11589,"date":"2024-11-15T07:09:41","date_gmt":"2024-11-14T23:09:41","guid":{"rendered":"https:\/\/shop.yipinqian.com\/new-arrival-diy-gf14k-wrapping-on-this-natural-type-a-jadeite-jade-pendant-crafted-as-nothing-sg-ready-stock-with-certificate-weighs-16-26-grams-measurement-66-9-29-5-pendant329\/"},"modified":"2025-01-09T01:22:57","modified_gmt":"2025-01-08T17:22:57","slug":"new-arrival-diy-gf14k-wrapping-on-this-natural-type-a-jadeite-jade-pendant-crafted-as-nothing-sg-ready-stock-with-certificate-weighs-16-26-grams-measurement-66-9-29-5-pendant329","status":"publish","type":"product","link":"https:\/\/shop.yipinqian.com\/fr\/produit\/new-arrival-diy-gf14k-wrapping-on-this-natural-type-a-jadeite-jade-pendant-crafted-as-nothing-sg-ready-stock-with-certificate-weighs-16-26-grams-measurement-66-9-29-5-pendant329\/","title":{"rendered":"Nouvel arrivage \u2013 Emballage DIY GF14k sur ce pendentif en jade jad\u00e9ite de type A naturel fabriqu\u00e9 en stock pr\u00eat \u00e0 l&#039;emploi Nothing, SG avec certificat p\u00e8se 16,26 grammes, mesure 66,9 * 29 * 5 (pendentif329)"},"content":{"rendered":"<p>D\u00e9couvrez notre nouvelle arriv\u00e9e \u2013 un superbe pendentif en jade jad\u00e9ite naturelle de type A envelopp\u00e9 dans du GF14k DIY, fabriqu\u00e9 avec pr\u00e9cision et soin. Cette pi\u00e8ce pr\u00eate \u00e0 l&#039;emploi SG est accompagn\u00e9e d&#039;un certificat, garantissant son authenticit\u00e9.<\/p>\n<p><\/p>\n<p><strong>Si vous aimez le bricolage local, c&#039;est quelque chose que vous ne voulez pas manquer car l&#039;emballage est fait \u00e0 la main 100% et a pris de nombreuses heures \u00e0 terminer - veuillez noter que GF14k n&#039;est pas de l&#039;or, il est simplement ajout\u00e9 avec un pourcentage minimal de 14k sur le mat\u00e9riau.<\/strong><\/p>\n<p><\/p>\n<p><strong>Num\u00e9ros de certificat : GD2110H013567<\/strong><\/p>\n<p><img fetchpriority=\"high\" decoding=\"async\" src=\"https:\/\/shop.yipinqian.com\/wp-content\/uploads\/2024\/11\/58c39ba5cfd646298cda49397dcd5271tplv-aphluv4xwc-origin-jpeg.jpeg?dr=15568&amp;nonce=70160&amp;refresh_token=5c351564c883369d5a4f4151a8a4350f&amp;from=476444299&amp;idc=my2&amp;ps=933b5bde&amp;shcp=9b759fb9&amp;shp=1c65f68b&amp;t=555f072d\" width=\"1536\" height=\"2048\"><\/p>\n<ul>\n<li>\n<strong>Poids:<\/strong> 16,26 grammes<\/li>\n<li>\n<strong>Mesures:<\/strong> <strong>66,9 * 29 * 5 mm <\/strong>(pendentif329)<\/li>\n<li><strong>Jad\u00e9ite Taille originale : 48,9 * 25 * 5 mm<\/strong><\/li>\n<\/ul>\n<p><img decoding=\"async\" src=\"https:\/\/shop.yipinqian.com\/wp-content\/uploads\/2024\/11\/75bcb93c6b2d4916b64a686b47c19f2atplv-aphluv4xwc-origin-jpeg.jpeg?dr=15568&amp;nonce=68273&amp;refresh_token=37cc583edbc5755e44a344b1adc58c77&amp;from=476444299&amp;idc=my2&amp;ps=933b5bde&amp;shcp=9b759fb9&amp;shp=1c65f68b&amp;t=555f072d\" width=\"1536\" height=\"2048\"><\/p>\n<p>Ce pendentif exquis est un accessoire polyvalent adapt\u00e9 \u00e0 un usage quotidien, ce qui le rend parfait pour toutes les occasions. Son design unisexe pla\u00eet \u00e0 tous les sexes et le style d\u00e9contract\u00e9 du collier ajoute une touche d&#039;\u00e9l\u00e9gance \u00e0 n&#039;importe quelle tenue.<\/p>\n<ul>\n<li>\n<strong>Certificat:<\/strong> Oui<\/li>\n<li>\n<strong>R\u00e9gion d&#039;origine :<\/strong> Birmanie<\/li>\n<li>Occasionnalit\u00e9<\/li>\n<li>Le type de garantie : Non<\/li>\n<li>Le genre : Le jade Type : Le collier Style d\u00e9contract\u00e9 Ajoutez ce pendentif en jade unique \u00e0 votre collection de bijoux et mettez en valeur sa beaut\u00e9 sans effort<\/li>\n<\/ul>\n<p><strong>La jad\u00e9ite naturelle n&#039;est pas parfaite, juste un petit rappel : notre jad\u00e9ite naturelle, comme toutes les belles choses de la nature, poss\u00e8de ses caract\u00e9ristiques et ses variations uniques. Nous invitons nos pr\u00e9cieux clients \u00e0 adopter ces variations naturelles. Bon shopping !<\/strong><\/p>\n<p><\/p>\n<p><strong><u>Aucune des photos et des s\u00e9quences vid\u00e9o n&#039;a \u00e9t\u00e9 filtr\u00e9e. Nous encourageons nos clients \u00e0 regarder \u00e9galement les vid\u00e9os d&#039;accompagnement pour une vue plus compl\u00e8te de nos produits<\/u><\/strong><\/p>\n<p><\/p>\n<ul>\n<li>Diff\u00e9rentes plates-formes ne peuvent visionner des vid\u00e9os que via le bureau<\/li>\n<\/ul>","protected":false},"excerpt":{"rendered":"<p>D\u00e9couvrez notre nouvelle arriv\u00e9e \u2013 un superbe pendentif en jade jad\u00e9ite naturelle de type A envelopp\u00e9 dans du GF14k DIY, fabriqu\u00e9 avec pr\u00e9cision et soin. Cette pi\u00e8ce pr\u00eate \u00e0 l&#039;emploi SG est accompagn\u00e9e d&#039;un certificat, garantissant son authenticit\u00e9. Si vous aimez le bricolage local, c&#039;est quelque chose que vous ne voulez pas manquer car l&#039;emballage est fait \u00e0 la main 100% et [\u2026]<\/p>","protected":false},"featured_media":11659,"comment_status":"open","ping_status":"closed","template":"","meta":[],"product_brand":[],"product_cat":[83,126,48],"product_tag":[52,138,55,58,73,75,60,61,62],"class_list":{"0":"post-11589","1":"product","2":"type-product","3":"status-publish","4":"has-post-thumbnail","6":"product_cat-jade-necklaces-pendants","7":"product_cat-new-arrivals","8":"product_cat-pendants","9":"product_tag-certified","10":"product_tag-diy","11":"product_tag-jadeite","12":"product_tag-new-arrivals","13":"product_tag-pendant","14":"product_tag-traditional","15":"product_tag-type-a-jadeite","16":"product_tag-unisex","17":"product_tag-yi-pin-qian-exclusive","19":"first","20":"instock","21":"sale","22":"shipping-taxable","23":"purchasable","24":"product-type-simple"},"_links":{"self":[{"href":"https:\/\/shop.yipinqian.com\/fr\/wp-json\/wp\/v2\/product\/11589","targetHints":{"allow":["GET"]}}],"collection":[{"href":"https:\/\/shop.yipinqian.com\/fr\/wp-json\/wp\/v2\/product"}],"about":[{"href":"https:\/\/shop.yipinqian.com\/fr\/wp-json\/wp\/v2\/types\/product"}],"replies":[{"embeddable":true,"href":"https:\/\/shop.yipinqian.com\/fr\/wp-json\/wp\/v2\/comments?post=11589"}],"version-history":[{"count":0,"href":"https:\/\/shop.yipinqian.com\/fr\/wp-json\/wp\/v2\/product\/11589\/revisions"}],"wp:featuredmedia":[{"embeddable":true,"href":"https:\/\/shop.yipinqian.com\/fr\/wp-json\/wp\/v2\/media\/11659"}],"wp:attachment":[{"href":"https:\/\/shop.yipinqian.com\/fr\/wp-json\/wp\/v2\/media?parent=11589"}],"wp:term":[{"taxonomy":"product_brand","embeddable":true,"href":"https:\/\/shop.yipinqian.com\/fr\/wp-json\/wp\/v2\/product_brand?post=11589"},{"taxonomy":"product_cat","embeddable":true,"href":"https:\/\/shop.yipinqian.com\/fr\/wp-json\/wp\/v2\/product_cat?post=11589"},{"taxonomy":"product_tag","embeddable":true,"href":"https:\/\/shop.yipinqian.com\/fr\/wp-json\/wp\/v2\/product_tag?post=11589"}],"curies":[{"name":"wp","href":"https:\/\/api.w.org\/{rel}","templated":true}]}}