{"id":11577,"date":"2024-11-08T00:59:07","date_gmt":"2024-11-07T16:59:07","guid":{"rendered":"https:\/\/shop.yipinqian.com\/latest-arrival-in-sg-lots-of-ruyi-crafted-on-light-green-hue-with-brown-natural-type-a-jadeite-jade-as-pendant-certificate-weighs-35-21-grams-measurement-54-6-31-3-14-8-mm-pendant321\/"},"modified":"2025-02-24T00:49:48","modified_gmt":"2025-02-23T16:49:48","slug":"latest-arrival-in-sg-lots-of-ruyi-crafted-on-light-green-hue-with-brown-natural-type-a-jadeite-jade-as-pendant-certificate-weighs-35-21-grams-measurement-54-6-31-3-14-8-mm-pendant321","status":"publish","type":"product","link":"https:\/\/shop.yipinqian.com\/fr\/produit\/latest-arrival-in-sg-lots-of-ruyi-crafted-on-light-green-hue-with-brown-natural-type-a-jadeite-jade-as-pendant-certificate-weighs-35-21-grams-measurement-54-6-31-3-14-8-mm-pendant321\/","title":{"rendered":"Dernier arrivage \u00e0 SG \u2013 Beaucoup de Ruyi fabriqu\u00e9s dans une teinte vert clair avec du jade jad\u00e9ite naturel de type A marron comme pendentif, le certificat p\u00e8se 35,21 grammes, mesure 54,6 * 31,3 * 14,8 mm (pendentif321)"},"content":{"rendered":"<p>Introducing the latest addition to our collection &#8211; a stunning jade pendant featuring lots of Ruyi crafted on a light green hue with brown natural Type A Jadeite Jade.<\/p>\n<p><\/p>\n<p>Certificate numbers: ZS24031902028<\/p>\n<p><img fetchpriority=\"high\" decoding=\"async\" src=\"https:\/\/shop.yipinqian.com\/wp-content\/uploads\/2024\/11\/c0f6624fa2804dc5863d76630307de97tplv-aphluv4xwc-origin-jpeg.jpeg?dr=15568&amp;nonce=31541&amp;refresh_token=198991184af711b6ca9b1815460f2081&amp;from=476444299&amp;idc=my&amp;ps=933b5bde&amp;shcp=9b759fb9&amp;shp=1c65f68b&amp;t=555f072d\" width=\"1080\" height=\"1080\"><\/p>\n<ul>\n<li>\n<strong>Artisanat exquis :<\/strong> The pendant is meticulously crafted with intricate Ruyi designs, symbolizing good luck and prosperity.<\/li>\n<li>\n<strong>Qualit\u00e9 sup\u00e9rieure :<\/strong> Made from genuine Type A Jadeite Jade, this piece is of exceptional quality and beauty.<\/li>\n<li>\n<strong>Certificat inclus :<\/strong> Comes with a certificate verifying the authenticity and quality of the jade pendant, weighing 35.21 grams.<\/li>\n<li>\n<strong>Design \u00e9l\u00e9gant :<\/strong> The pendant measures 54.6 * 31.3 * 14.8 mm, making it a versatile piece suitable for daily wear or special occasions.<\/li>\n<\/ul>\n<p><img decoding=\"async\" src=\"https:\/\/shop.yipinqian.com\/wp-content\/uploads\/2024\/11\/998cff758def405b97ec24d3f1fe60fatplv-aphluv4xwc-origin-jpeg.jpeg?dr=15568&amp;nonce=66563&amp;refresh_token=1b3dbc76952aa0a46122aeeb75e2fe54&amp;from=476444299&amp;idc=my&amp;ps=933b5bde&amp;shcp=9b759fb9&amp;shp=1c65f68b&amp;t=555f072d\" width=\"1080\" height=\"1080\"><\/p>\n<p>This unisex necklace accessory from Myanmar is perfect for those seeking a touch of elegance in their casual style. Please note that this product does not come with a warranty but guarantees timeless charm and sophistication.<\/p>\n<p><\/p>\n<p><strong>La jad\u00e9ite naturelle n&#039;est pas parfaite, juste un petit rappel : notre jad\u00e9ite naturelle, comme toutes les belles choses de la nature, poss\u00e8de ses caract\u00e9ristiques et ses variations uniques. Nous invitons nos pr\u00e9cieux clients \u00e0 adopter ces variations naturelles. Bon shopping !<\/strong><\/p>\n<p><\/p>\n<p><strong><u>Aucune des photos et des s\u00e9quences vid\u00e9o n&#039;a \u00e9t\u00e9 filtr\u00e9e. Nous encourageons nos clients \u00e0 regarder \u00e9galement les vid\u00e9os d&#039;accompagnement pour une vue plus compl\u00e8te de nos produits<\/u><\/strong><\/p>\n<p><\/p>\n<ul>\n<li>Diff\u00e9rentes plates-formes ne peuvent visionner des vid\u00e9os que via le bureau<\/li>\n<\/ul>","protected":false},"excerpt":{"rendered":"<p>Introducing the latest addition to our collection &#8211; a stunning jade pendant featuring lots of Ruyi crafted on a light green hue with brown natural Type A Jadeite Jade. Certificate numbers: ZS24031902028 Exquisite Craftsmanship: The pendant is meticulously crafted with intricate Ruyi designs, symbolizing good luck and prosperity. Premium Quality: Made from genuine Type A [&hellip;]<\/p>","protected":false},"featured_media":11662,"comment_status":"open","ping_status":"closed","template":"","meta":[],"product_brand":[],"product_cat":[194],"product_tag":[52,55,82,56,58,73,60,61,62],"class_list":{"0":"post-11577","1":"product","2":"type-product","3":"status-publish","4":"has-post-thumbnail","6":"product_cat-value-picks","7":"product_tag-certified","8":"product_tag-jadeite","9":"product_tag-light-green","10":"product_tag-limited-editions","11":"product_tag-new-arrivals","12":"product_tag-pendant","13":"product_tag-type-a-jadeite","14":"product_tag-unisex","15":"product_tag-yi-pin-qian-exclusive","17":"first","18":"instock","19":"sale","20":"shipping-taxable","21":"purchasable","22":"product-type-simple"},"_links":{"self":[{"href":"https:\/\/shop.yipinqian.com\/fr\/wp-json\/wp\/v2\/product\/11577","targetHints":{"allow":["GET"]}}],"collection":[{"href":"https:\/\/shop.yipinqian.com\/fr\/wp-json\/wp\/v2\/product"}],"about":[{"href":"https:\/\/shop.yipinqian.com\/fr\/wp-json\/wp\/v2\/types\/product"}],"replies":[{"embeddable":true,"href":"https:\/\/shop.yipinqian.com\/fr\/wp-json\/wp\/v2\/comments?post=11577"}],"version-history":[{"count":0,"href":"https:\/\/shop.yipinqian.com\/fr\/wp-json\/wp\/v2\/product\/11577\/revisions"}],"wp:featuredmedia":[{"embeddable":true,"href":"https:\/\/shop.yipinqian.com\/fr\/wp-json\/wp\/v2\/media\/11662"}],"wp:attachment":[{"href":"https:\/\/shop.yipinqian.com\/fr\/wp-json\/wp\/v2\/media?parent=11577"}],"wp:term":[{"taxonomy":"product_brand","embeddable":true,"href":"https:\/\/shop.yipinqian.com\/fr\/wp-json\/wp\/v2\/product_brand?post=11577"},{"taxonomy":"product_cat","embeddable":true,"href":"https:\/\/shop.yipinqian.com\/fr\/wp-json\/wp\/v2\/product_cat?post=11577"},{"taxonomy":"product_tag","embeddable":true,"href":"https:\/\/shop.yipinqian.com\/fr\/wp-json\/wp\/v2\/product_tag?post=11577"}],"curies":[{"name":"wp","href":"https:\/\/api.w.org\/{rel}","templated":true}]}}