{"id":11576,"date":"2024-11-14T03:17:44","date_gmt":"2024-11-13T19:17:44","guid":{"rendered":"https:\/\/shop.yipinqian.com\/latest-arrival-crafted-as-milo-buddha-on-high-quality-natural-type-a-jadeite-jade-as-pendant-necklace-with-certificate-weighs-39-75-grams-measurement-59-6-36-8-10-8-pendant325\/"},"modified":"2025-02-24T01:17:24","modified_gmt":"2025-02-23T17:17:24","slug":"latest-arrival-crafted-as-milo-buddha-on-high-quality-natural-type-a-jadeite-jade-as-pendant-necklace-with-certificate-weighs-39-75-grams-measurement-59-6-36-8-10-8-pendant325","status":"publish","type":"product","link":"https:\/\/shop.yipinqian.com\/fr\/produit\/latest-arrival-crafted-as-milo-buddha-on-high-quality-natural-type-a-jadeite-jade-as-pendant-necklace-with-certificate-weighs-39-75-grams-measurement-59-6-36-8-10-8-pendant325\/","title":{"rendered":"Dernier arrivage fabriqu\u00e9 en tant que Bouddha Milo sur du jade jad\u00e9ite naturel de type A de haute qualit\u00e9 comme collier pendentif avec certificat p\u00e8se 39,75 grammes, mesure 59,6 * 36,8 * 10,8 (pendentif325)"},"content":{"rendered":"<p>Pr\u00e9sentation de notre derni\u00e8re arriv\u00e9e : un superbe collier pendentif Bouddha Milo fabriqu\u00e9 \u00e0 partir de jade jad\u00e9ite naturel de type A de haute qualit\u00e9. <\/p>\n<p><\/p>\n<p>(<strong>Ce mat\u00e9riau est exactement le m\u00eame qu&#039;une autre pi\u00e8ce que nous vendons avec le sku : (pendentif323), de haute qualit\u00e9 et de grande taille, id\u00e9al pour la collection<\/strong>)<\/p>\n<p><\/p>\n<p>Num\u00e9ros de certificat : 920660034120<\/p>\n<ul>\n<li>Pesant 39,75 grammes, ce pendentif exquis mesure 59,6 * 36,8 * 10,8 mm.<\/li>\n<\/ul>\n<p>Cette pi\u00e8ce unique est accompagn\u00e9e d&#039;un certificat d&#039;authenticit\u00e9, ce qui en fait un ajout pr\u00e9cieux \u00e0 votre collection.<\/p>\n<ul>\n<li>\n<strong>Occasion:<\/strong> Tous les jours<\/li>\n<li>\n<strong>Type de jade :<\/strong> Jad\u00e9ite<\/li>\n<li>\n<strong>Style de collier :<\/strong> Occasionnel<\/li>\n<li>\n<strong>Genre:<\/strong> Unisexe<\/li>\n<\/ul>\n<p>Rehaussez votre style avec ce magnifique collier pendentif Bouddha Milo, parfait pour un usage quotidien et mettant en valeur un savoir-faire exceptionnel dans chaque d\u00e9tail.<\/p>\n<p>.<\/p>\n<p>Yi Pin Qian \u2013 N\u00e9gociant en pierres pr\u00e9cieuses et m\u00e9taux pr\u00e9cieux \u00e0 Singapour \u2013 Num\u00e9ro de licence PS20190000031<\/p>\n<p><\/p>\n<p>*Toutes les jad\u00e9ites achet\u00e9es chez Yi Pin Qian \u00e0 Singapour, les clients peuvent r\u00e9server des cr\u00e9neaux pour le polissage ou une r\u00e9paration mineure en cas de mauvaise manipulation - des frais s&#039;appliquent et uniquement pour les clients de Yi Pin Qian \u00e0 Singapour*<\/p>\n<p><\/p>\n<p><strong>**Types de certificats**<\/strong><\/p>\n<p><\/p>\n<p><strong>NGI (Nan Yang Gemmologie)<\/strong><\/p>\n<p>ou <strong>Certificats \u00e9trangers <\/strong>(Yi Pin Qian utilise uniquement des certificats authentiques provenant de laboratoires \u00e9trangers et contr\u00f4le \u00e9galement la qualit\u00e9 de chacun de nos produits avant de les mettre en vente \u00e0 Singapour)<\/p>\n<p><\/p>\n<p>Chaque produit sur TikTok aura le type de certificat fourni indiqu\u00e9 dans la description. Pour tout client souhaitant envoyer sa commande \u00e0 NGI Singapore, il y aura un d\u00e9lai d&#039;attente pour la livraison de la commande estim\u00e9 \u00e0 environ 4 semaines pour recevoir votre commande. <strong>Les demandes de rapport NGI Gemstone doivent \u00eatre effectu\u00e9es en nous envoyant un message.<\/strong> Merci, <strong><u>des frais suppl\u00e9mentaires s&#039;appliquent<\/u><\/strong>.<\/p>\n<p><\/p>\n<p><strong>La jad\u00e9ite naturelle n&#039;est pas parfaite, juste un petit rappel : notre jad\u00e9ite naturelle, comme toutes les belles choses de la nature, poss\u00e8de ses caract\u00e9ristiques et ses variations uniques. Nous invitons nos pr\u00e9cieux clients \u00e0 adopter ces variations naturelles. Bon shopping !<\/strong><\/p>\n<p><\/p>\n<p><strong><u>Aucune des photos et des s\u00e9quences vid\u00e9o n&#039;a \u00e9t\u00e9 filtr\u00e9e. Nous encourageons nos clients \u00e0 regarder \u00e9galement les vid\u00e9os d&#039;accompagnement pour une vue plus compl\u00e8te de nos produits<\/u><\/strong><\/p>\n<p><\/p>\n<ul>\n<li>Diff\u00e9rentes plates-formes ne peuvent visionner des vid\u00e9os que via le bureau<\/li>\n<\/ul>","protected":false},"excerpt":{"rendered":"<p>Introducing our latest arrival: a stunning Milo Buddha pendant necklace crafted from high-quality natural Type A Jadeite Jade. (This material is exactly same as another piece that we are selling with the sku: (pendant323), high quality and Hugh in size, good for collection) Certificate numbers: 920660034120 Weighing 39.75 grams, these exquisite pendant measures 59.6 * [&hellip;]<\/p>","protected":false},"featured_media":11665,"comment_status":"open","ping_status":"closed","template":"","meta":[],"product_brand":[],"product_cat":[195],"product_tag":[51,52,70,65,55,57,98,58,60,61,68,62],"class_list":{"0":"post-11576","1":"product","2":"type-product","3":"status-publish","4":"has-post-thumbnail","6":"product_cat-heirloom-grade","7":"product_tag-buddha","8":"product_tag-certified","9":"product_tag-green","10":"product_tag-high-quality","11":"product_tag-jadeite","12":"product_tag-milo-buddha","13":"product_tag-necklace","14":"product_tag-new-arrivals","15":"product_tag-type-a-jadeite","16":"product_tag-unisex","17":"product_tag-yellow","18":"product_tag-yi-pin-qian-exclusive","20":"first","21":"instock","22":"sale","23":"shipping-taxable","24":"purchasable","25":"product-type-simple"},"_links":{"self":[{"href":"https:\/\/shop.yipinqian.com\/fr\/wp-json\/wp\/v2\/product\/11576","targetHints":{"allow":["GET"]}}],"collection":[{"href":"https:\/\/shop.yipinqian.com\/fr\/wp-json\/wp\/v2\/product"}],"about":[{"href":"https:\/\/shop.yipinqian.com\/fr\/wp-json\/wp\/v2\/types\/product"}],"replies":[{"embeddable":true,"href":"https:\/\/shop.yipinqian.com\/fr\/wp-json\/wp\/v2\/comments?post=11576"}],"version-history":[{"count":0,"href":"https:\/\/shop.yipinqian.com\/fr\/wp-json\/wp\/v2\/product\/11576\/revisions"}],"wp:featuredmedia":[{"embeddable":true,"href":"https:\/\/shop.yipinqian.com\/fr\/wp-json\/wp\/v2\/media\/11665"}],"wp:attachment":[{"href":"https:\/\/shop.yipinqian.com\/fr\/wp-json\/wp\/v2\/media?parent=11576"}],"wp:term":[{"taxonomy":"product_brand","embeddable":true,"href":"https:\/\/shop.yipinqian.com\/fr\/wp-json\/wp\/v2\/product_brand?post=11576"},{"taxonomy":"product_cat","embeddable":true,"href":"https:\/\/shop.yipinqian.com\/fr\/wp-json\/wp\/v2\/product_cat?post=11576"},{"taxonomy":"product_tag","embeddable":true,"href":"https:\/\/shop.yipinqian.com\/fr\/wp-json\/wp\/v2\/product_tag?post=11576"}],"curies":[{"name":"wp","href":"https:\/\/api.w.org\/{rel}","templated":true}]}}