{"id":11574,"date":"2024-11-17T05:41:46","date_gmt":"2024-11-16T21:41:46","guid":{"rendered":"https:\/\/shop.yipinqian.com\/latest-added-sg-seller-crafted-as-scenery-on-natural-type-a-jadeite-jade-white-with-light-green-hue-as-pendant-certificate-weighs-11-07-grams-measurement-48-3-27-9-4-8-mm-pendant331\/"},"modified":"2025-02-24T00:49:48","modified_gmt":"2025-02-23T16:49:48","slug":"latest-added-sg-seller-crafted-as-scenery-on-natural-type-a-jadeite-jade-white-with-light-green-hue-as-pendant-certificate-weighs-11-07-grams-measurement-48-3-27-9-4-8-mm-pendant331","status":"publish","type":"product","link":"https:\/\/shop.yipinqian.com\/fr\/produit\/latest-added-sg-seller-crafted-as-scenery-on-natural-type-a-jadeite-jade-white-with-light-green-hue-as-pendant-certificate-weighs-11-07-grams-measurement-48-3-27-9-4-8-mm-pendant331\/","title":{"rendered":"Dernier vendeur SG ajout\u00e9 - Fabriqu\u00e9 comme d\u00e9cor sur du jade jad\u00e9ite naturel de type A, blanc avec une teinte vert clair comme pendentif, le certificat p\u00e8se 11,07 grammes, mesure 48,3 * 27,9 * 4,8 mm (pendentif331)"},"content":{"rendered":"<p>Ce superbe pendentif est une v\u00e9ritable \u0153uvre d&#039;art, r\u00e9alis\u00e9e en jade jad\u00e9ite naturel de type A avec une teinte blanche et vert clair. Le motif de paysage complexe ajoute une touche d&#039;\u00e9l\u00e9gance \u00e0 n&#039;importe quelle tenue.<\/p>\n<p><\/p>\n<p>Num\u00e9ros de certificat : GD2202H006839<\/p>\n<p><img fetchpriority=\"high\" decoding=\"async\" src=\"https:\/\/shop.yipinqian.com\/wp-content\/uploads\/2024\/11\/038821b4892440ffac37425f949477a6tplv-aphluv4xwc-origin-jpeg.jpeg?dr=15568&amp;nonce=80496&amp;refresh_token=f8abf9eec30166291c2999c3b87cfba2&amp;from=476444299&amp;idc=my&amp;ps=933b5bde&amp;shcp=9b759fb9&amp;shp=1c65f68b&amp;t=555f072d\" width=\"1080\" height=\"1080\"><\/p>\n<ul>\n<li>\n<strong>Poids:<\/strong> 11,07 grammes<\/li>\n<li>\n<strong>Mesures:<\/strong> 48,3 * 27,9 * 4,8 mm<\/li>\n<li>\n<strong>Certificat:<\/strong> Oui<\/li>\n<li>\n<strong>Type de jade :<\/strong> Jad\u00e9ite<\/li>\n<li>Style de collier : d\u00e9contract\u00e9 Originaire du Myanmar, ce pendentif respire la sophistication et le charme, ce qui le rend parfait pour un usage quotidien, aussi bien par les hommes que par les femmes. Ajoutez cette pi\u00e8ce exquise \u00e0 votre collection ou offrez-la \u00e0 une personne sp\u00e9ciale qui appr\u00e9cie la beaut\u00e9 des bijoux en jade fin.<\/li>\n<\/ul>\n<p><img decoding=\"async\" src=\"https:\/\/shop.yipinqian.com\/wp-content\/uploads\/2024\/11\/04aaf75e79cf4c0681fdff8e4af82deetplv-aphluv4xwc-origin-jpeg.jpeg?dr=15568&amp;nonce=18596&amp;refresh_token=770882c93400f62c2d11150784562251&amp;from=476444299&amp;idc=my&amp;ps=933b5bde&amp;shcp=9b759fb9&amp;shp=1c65f68b&amp;t=555f072d\" width=\"1080\" height=\"1080\"><\/p>\n<p><strong>La jad\u00e9ite naturelle n&#039;est pas parfaite, juste un petit rappel : notre jad\u00e9ite naturelle, comme toutes les belles choses de la nature, poss\u00e8de ses caract\u00e9ristiques et ses variations uniques. Nous invitons nos pr\u00e9cieux clients \u00e0 adopter ces variations naturelles. Bon shopping !<\/strong><\/p>\n<p><\/p>\n<p><strong><u>Aucune des photos et des s\u00e9quences vid\u00e9o n&#039;a \u00e9t\u00e9 filtr\u00e9e. Nous encourageons nos clients \u00e0 regarder \u00e9galement les vid\u00e9os d&#039;accompagnement pour une vue plus compl\u00e8te de nos produits<\/u><\/strong><\/p>\n<p><\/p>\n<ul>\n<li>Diff\u00e9rentes plates-formes ne peuvent visionner des vid\u00e9os que via le bureau<\/li>\n<\/ul>","protected":false},"excerpt":{"rendered":"<p>This stunning pendant is a true work of art, crafted on natural Type A Jadeite Jade with a white and light green hue. The intricate scenery design adds a touch of elegance to any outfit. Certificate numbers: GD2202H006839 Weight: 11.07 grams Measurement: 48.3 * 27.9 * 4.8 mm Certificate: Yes Jade Type: Jadeite Neklace Style:Casual [&hellip;]<\/p>","protected":false},"featured_media":11667,"comment_status":"open","ping_status":"closed","template":"","meta":[],"product_brand":[],"product_cat":[194],"product_tag":[52,89,82,98,58,73,75,60,61,62],"class_list":{"0":"post-11574","1":"product","2":"type-product","3":"status-publish","4":"has-post-thumbnail","6":"product_cat-value-picks","7":"product_tag-certified","8":"product_tag-fengshui","9":"product_tag-light-green","10":"product_tag-necklace","11":"product_tag-new-arrivals","12":"product_tag-pendant","13":"product_tag-traditional","14":"product_tag-type-a-jadeite","15":"product_tag-unisex","16":"product_tag-yi-pin-qian-exclusive","18":"first","19":"instock","20":"sale","21":"shipping-taxable","22":"purchasable","23":"product-type-simple"},"_links":{"self":[{"href":"https:\/\/shop.yipinqian.com\/fr\/wp-json\/wp\/v2\/product\/11574","targetHints":{"allow":["GET"]}}],"collection":[{"href":"https:\/\/shop.yipinqian.com\/fr\/wp-json\/wp\/v2\/product"}],"about":[{"href":"https:\/\/shop.yipinqian.com\/fr\/wp-json\/wp\/v2\/types\/product"}],"replies":[{"embeddable":true,"href":"https:\/\/shop.yipinqian.com\/fr\/wp-json\/wp\/v2\/comments?post=11574"}],"version-history":[{"count":0,"href":"https:\/\/shop.yipinqian.com\/fr\/wp-json\/wp\/v2\/product\/11574\/revisions"}],"wp:featuredmedia":[{"embeddable":true,"href":"https:\/\/shop.yipinqian.com\/fr\/wp-json\/wp\/v2\/media\/11667"}],"wp:attachment":[{"href":"https:\/\/shop.yipinqian.com\/fr\/wp-json\/wp\/v2\/media?parent=11574"}],"wp:term":[{"taxonomy":"product_brand","embeddable":true,"href":"https:\/\/shop.yipinqian.com\/fr\/wp-json\/wp\/v2\/product_brand?post=11574"},{"taxonomy":"product_cat","embeddable":true,"href":"https:\/\/shop.yipinqian.com\/fr\/wp-json\/wp\/v2\/product_cat?post=11574"},{"taxonomy":"product_tag","embeddable":true,"href":"https:\/\/shop.yipinqian.com\/fr\/wp-json\/wp\/v2\/product_tag?post=11574"}],"curies":[{"name":"wp","href":"https:\/\/api.w.org\/{rel}","templated":true}]}}