{"id":11567,"date":"2024-11-14T03:41:30","date_gmt":"2024-11-13T19:41:30","guid":{"rendered":"https:\/\/shop.yipinqian.com\/green-high-quality-natural-type-a-jadeite-jade-new-arrival-crafted-as-phoenix-pendant-certificate-weighs-32-81-grams-measurement-58-6-34-5-12-3-mm-pendant326\/"},"modified":"2025-02-24T01:17:24","modified_gmt":"2025-02-23T17:17:24","slug":"green-high-quality-natural-type-a-jadeite-jade-new-arrival-crafted-as-phoenix-pendant-certificate-weighs-32-81-grams-measurement-58-6-34-5-12-3-mm-pendant326","status":"publish","type":"product","link":"https:\/\/shop.yipinqian.com\/fr\/produit\/green-high-quality-natural-type-a-jadeite-jade-new-arrival-crafted-as-phoenix-pendant-certificate-weighs-32-81-grams-measurement-58-6-34-5-12-3-mm-pendant326\/","title":{"rendered":"Jade jad\u00e9ite naturelle de type A de haute qualit\u00e9 verte Nouvelle arriv\u00e9e fabriqu\u00e9e en tant que Phoenix, pendentif, certificat p\u00e8se 32,81 grammes, mesure 58,6 * 34,5 * 12,3 mm (pendentif326)"},"content":{"rendered":"<p>Introducing our new arrival: a Green High Quality Natural Type A Jadeite Jade pendant crafted in the shape of a Phoenix.<\/p>\n<p><\/p>\n<p>Certificate numbers: GD2112H009370<\/p>\n<p><img fetchpriority=\"high\" decoding=\"async\" src=\"https:\/\/shop.yipinqian.com\/wp-content\/uploads\/2024\/11\/a8605e5455e245d9833de76a6286bfdctplv-aphluv4xwc-origin-jpeg.jpeg?dr=15568&amp;nonce=86469&amp;refresh_token=9f42a3db81bb312e3a1254cfe6bbea92&amp;from=476444299&amp;idc=my&amp;ps=933b5bde&amp;shcp=9b759fb9&amp;shp=1c65f68b&amp;t=555f072d\" width=\"1200\" height=\"1600\"><\/p>\n<ul>\n<li>Weighing at 32.81 grams, this exquisite piece measures 58.6 * 34.5 * 12.3 mm.<\/li>\n<li>Livr\u00e9 avec un certificat d&#039;authenticit\u00e9.<\/li>\n<\/ul>\n<p><img decoding=\"async\" src=\"https:\/\/shop.yipinqian.com\/wp-content\/uploads\/2024\/11\/50fba4032b464856bbd51632e2cff448tplv-aphluv4xwc-origin-jpeg.jpeg?dr=15568&amp;nonce=29461&amp;refresh_token=38a30180c908bc2975fd160559896803&amp;from=476444299&amp;idc=my&amp;ps=933b5bde&amp;shcp=9b759fb9&amp;shp=1c65f68b&amp;t=555f072d\" width=\"1200\" height=\"1600\"><\/p>\n<p>This stunning pendant originates from Myanmar, known for its rich jadeite deposits, making it an ideal accessory for daily wear.<\/p>\n<ul>\n<li>Gender-neutral design perfect for both men and women.<\/li>\n<li>The necklace style is casual and versatile, suitable for various occasions.<\/li>\n<\/ul>\n<p>Yi Pin Qian \u2013 N\u00e9gociant en pierres pr\u00e9cieuses et m\u00e9taux pr\u00e9cieux \u00e0 Singapour \u2013 Num\u00e9ro de licence PS20190000031<\/p>\n<p><\/p>\n<p>*Toutes les jad\u00e9ites achet\u00e9es chez Yi Pin Qian \u00e0 Singapour, les clients peuvent r\u00e9server des cr\u00e9neaux pour le polissage ou une r\u00e9paration mineure en cas de mauvaise manipulation - des frais s&#039;appliquent et uniquement pour les clients de Yi Pin Qian \u00e0 Singapour*<\/p>\n<p><\/p>\n<p><strong>**Types de certificats**<\/strong><\/p>\n<p><\/p>\n<p><strong>NGI (Nan Yang Gemmologie)<\/strong><\/p>\n<p>ou <strong>Certificats \u00e9trangers <\/strong>(Yi Pin Qian utilise uniquement des certificats authentiques provenant de laboratoires \u00e9trangers et contr\u00f4le \u00e9galement la qualit\u00e9 de chacun de nos produits avant de les mettre en vente \u00e0 Singapour)<\/p>\n<p><\/p>\n<p>Chaque produit sur TikTok aura le type de certificat fourni indiqu\u00e9 dans la description. Pour tout client souhaitant envoyer sa commande \u00e0 NGI Singapore, il y aura un d\u00e9lai d&#039;attente pour la livraison de la commande estim\u00e9 \u00e0 environ 4 semaines pour recevoir votre commande. <strong>Les demandes de rapport NGI Gemstone doivent \u00eatre effectu\u00e9es en nous envoyant un message.<\/strong> Merci, <strong><u>des frais suppl\u00e9mentaires s&#039;appliquent<\/u><\/strong>.<\/p>\n<p><\/p>\n<p><strong>La jad\u00e9ite naturelle n&#039;est pas parfaite, juste un petit rappel : notre jad\u00e9ite naturelle, comme toutes les belles choses de la nature, poss\u00e8de ses caract\u00e9ristiques et ses variations uniques. Nous invitons nos pr\u00e9cieux clients \u00e0 adopter ces variations naturelles. Bon shopping !<\/strong><\/p>\n<p><\/p>\n<p><strong><u>Aucune des photos et des s\u00e9quences vid\u00e9o n&#039;a \u00e9t\u00e9 filtr\u00e9e. Nous encourageons nos clients \u00e0 regarder \u00e9galement les vid\u00e9os d&#039;accompagnement pour une vue plus compl\u00e8te de nos produits<\/u><\/strong><\/p>\n<p><\/p>\n<ul>\n<li>Diff\u00e9rentes plates-formes ne peuvent visionner des vid\u00e9os que via le bureau<\/li>\n<\/ul>","protected":false},"excerpt":{"rendered":"<p>Introducing our new arrival: a Green High Quality Natural Type A Jadeite Jade pendant crafted in the shape of a Phoenix. Certificate numbers: GD2112H009370 Weighing at 32.81 grams, this exquisite piece measures 58.6 * 34.5 * 12.3 mm. Comes with a certificate for authenticity. This stunning pendant originates from Myanmar, known for its rich jadeite [&hellip;]<\/p>","protected":false},"featured_media":11658,"comment_status":"open","ping_status":"closed","template":"","meta":[],"product_brand":[],"product_cat":[195],"product_tag":[52,70,65,55,98,58,73,60,61,62],"class_list":{"0":"post-11567","1":"product","2":"type-product","3":"status-publish","4":"has-post-thumbnail","6":"product_cat-heirloom-grade","7":"product_tag-certified","8":"product_tag-green","9":"product_tag-high-quality","10":"product_tag-jadeite","11":"product_tag-necklace","12":"product_tag-new-arrivals","13":"product_tag-pendant","14":"product_tag-type-a-jadeite","15":"product_tag-unisex","16":"product_tag-yi-pin-qian-exclusive","18":"first","19":"instock","20":"sale","21":"shipping-taxable","22":"purchasable","23":"product-type-simple"},"_links":{"self":[{"href":"https:\/\/shop.yipinqian.com\/fr\/wp-json\/wp\/v2\/product\/11567","targetHints":{"allow":["GET"]}}],"collection":[{"href":"https:\/\/shop.yipinqian.com\/fr\/wp-json\/wp\/v2\/product"}],"about":[{"href":"https:\/\/shop.yipinqian.com\/fr\/wp-json\/wp\/v2\/types\/product"}],"replies":[{"embeddable":true,"href":"https:\/\/shop.yipinqian.com\/fr\/wp-json\/wp\/v2\/comments?post=11567"}],"version-history":[{"count":0,"href":"https:\/\/shop.yipinqian.com\/fr\/wp-json\/wp\/v2\/product\/11567\/revisions"}],"wp:featuredmedia":[{"embeddable":true,"href":"https:\/\/shop.yipinqian.com\/fr\/wp-json\/wp\/v2\/media\/11658"}],"wp:attachment":[{"href":"https:\/\/shop.yipinqian.com\/fr\/wp-json\/wp\/v2\/media?parent=11567"}],"wp:term":[{"taxonomy":"product_brand","embeddable":true,"href":"https:\/\/shop.yipinqian.com\/fr\/wp-json\/wp\/v2\/product_brand?post=11567"},{"taxonomy":"product_cat","embeddable":true,"href":"https:\/\/shop.yipinqian.com\/fr\/wp-json\/wp\/v2\/product_cat?post=11567"},{"taxonomy":"product_tag","embeddable":true,"href":"https:\/\/shop.yipinqian.com\/fr\/wp-json\/wp\/v2\/product_tag?post=11567"}],"curies":[{"name":"wp","href":"https:\/\/api.w.org\/{rel}","templated":true}]}}