{"id":11560,"date":"2024-11-17T07:07:46","date_gmt":"2024-11-16T23:07:46","guid":{"rendered":"https:\/\/shop.yipinqian.com\/a-ding-ding-circular-bangle-57-9-mm-new-arrival-sg-natural-type-a-jadeite-jade-bracelet-certificate-weighs-22-58-grams-width-6-1-thick-6-6-mm-bangle19\/"},"modified":"2025-02-24T00:49:48","modified_gmt":"2025-02-23T16:49:48","slug":"a-ding-ding-circular-bangle-57-9-mm-new-arrival-sg-natural-type-a-jadeite-jade-bracelet-certificate-weighs-22-58-grams-width-6-1-thick-6-6-mm-bangle19","status":"publish","type":"product","link":"https:\/\/shop.yipinqian.com\/fr\/produit\/a-ding-ding-circular-bangle-57-9-mm-new-arrival-sg-natural-type-a-jadeite-jade-bracelet-certificate-weighs-22-58-grams-width-6-1-thick-6-6-mm-bangle19\/","title":{"rendered":"Un bracelet circulaire Ding Ding 57,9 mm Nouvel arrivage SG - Bracelet en jade jad\u00e9ite naturelle de type A, certificat pesant 22,58 grammes, largeur 6,1 * \u00e9paisseur 6,6 mm (bracelet19)"},"content":{"rendered":"<p>Ce bracelet en jade exquis est un ajout \u00e9tonnant \u00e0 votre collection de bijoux. Fabriqu\u00e9 \u00e0 partir de jade jad\u00e9ite de type A naturel, il pr\u00e9sente un design circulaire d&#039;une largeur de 6,1 mm et d&#039;une \u00e9paisseur de 6,6 mm, ce qui en fait un accessoire \u00e9l\u00e9gant \u00e0 porter au quotidien.<\/p>\n<p><\/p>\n<p>PS\u00a0: La s\u00e9rie de bracelets Ding Ding est souvent achet\u00e9e en plusieurs exemplaires, ce qui permet aux porteurs de cr\u00e9er un d\u00e9licieux son \u00ab\u00a0Ding Ding\u00a0\u00bb, qui leur vaut leur charmant surnom.<\/p>\n<p><\/p>\n<p>Num\u00e9ros de certificat : GD2110H010566<\/p>\n<p><img fetchpriority=\"high\" decoding=\"async\" src=\"https:\/\/shop.yipinqian.com\/wp-content\/uploads\/2024\/11\/bfe099307b254bc8a1d9f74cbf701e24tplv-aphluv4xwc-origin-jpeg.jpeg?dr=15568&#038;nonce=35304&#038;refresh_token=f6de1f26da03e894085927b84985aa95&#038;from=476444299&#038;idc=my&#038;ps=933b5bde&#038;shcp=9b759fb9&#038;shp=1c65f68b&#038;t=555f072d\" width=\"1080\" height=\"1080\"><\/p>\n<ul>\n<li>\n<strong>Mat\u00e9riel:<\/strong> Jade jad\u00e9ite naturelle de type A<\/li>\n<li>\n<strong>Poids:<\/strong> 22,58 grammes<\/li>\n<li>\n<strong>Certificat:<\/strong> Oui<\/li>\n<li>\n<strong>Type de jade :<\/strong> Jad\u00e9ite<\/li>\n<li>Taille du bracelet : Bracelet circulaire 57,9 mm (bangle19)<\/li>\n<\/ul>\n<p><img decoding=\"async\" src=\"https:\/\/shop.yipinqian.com\/wp-content\/uploads\/2024\/11\/21da6cce96134bbeac801982169ff2aetplv-aphluv4xwc-origin-jpeg.jpeg?dr=15568&#038;nonce=11004&#038;refresh_token=e6b647da0383ccb523b3dce69f41e499&#038;from=476444299&#038;idc=my&#038;ps=933b5bde&#038;shcp=9b759fb9&#038;shp=1c65f68b&#038;t=555f072d\" width=\"1080\" height=\"1080\"><\/p>\n<p>Ce bracelet provient du Myanmar et est sp\u00e9cialement con\u00e7u pour la femme moderne qui appr\u00e9cie la beaut\u00e9 classique avec une touche de sophistication.<\/p>\n<ul>\n<li>Occasion : \u00c0 porter au quotidien<\/li>\n<\/ul>\n<p>\u00c9l\u00e9gamment polyvalent, ce bracelet est le cadeau parfait pour vous-m\u00eame ou pour une personne sp\u00e9ciale qui aime les bijoux uniques et de haute qualit\u00e9.<\/p>\n<p><\/p>\n<p><strong>La jad\u00e9ite naturelle n&#039;est pas parfaite, juste un petit rappel : notre jad\u00e9ite naturelle, comme toutes les belles choses de la nature, poss\u00e8de ses caract\u00e9ristiques et ses variations uniques. Nous invitons nos pr\u00e9cieux clients \u00e0 adopter ces variations naturelles. Bon shopping !<\/strong><\/p>\n<p><\/p>\n<p><strong><u>Aucune des photos et des s\u00e9quences vid\u00e9o n&#039;a \u00e9t\u00e9 filtr\u00e9e. Nous encourageons nos clients \u00e0 regarder \u00e9galement les vid\u00e9os d&#039;accompagnement pour une vue plus compl\u00e8te de nos produits<\/u><\/strong><\/p>\n<p><\/p>\n<ul>\n<li>Diff\u00e9rentes plates-formes ne peuvent visionner des vid\u00e9os que via le bureau<\/li>\n<\/ul>\n<p><img decoding=\"async\" src=\"https:\/\/shop.yipinqian.com\/wp-content\/uploads\/2024\/11\/46a9aef9cbff426494d287565b430b6atplv-aphluv4xwc-origin-jpeg.jpeg?dr=15568&#038;nonce=44572&#038;refresh_token=f8a4006a632dbc0ca6c7bf0bf8486241&#038;from=476444299&#038;idc=my&#038;ps=933b5bde&#038;shcp=9b759fb9&#038;shp=1c65f68b&#038;t=555f072d\" width=\"526\" height=\"362\"><\/p>","protected":false},"excerpt":{"rendered":"<p>Ce bracelet en jade exquis est un ajout \u00e9tonnant \u00e0 votre collection de bijoux. Fabriqu\u00e9 \u00e0 partir de jade jad\u00e9ite de type A naturel, il pr\u00e9sente un design circulaire d&#039;une largeur de 6,1 mm et d&#039;une \u00e9paisseur de 6,6 mm, ce qui en fait un accessoire \u00e9l\u00e9gant \u00e0 porter au quotidien. PS : La s\u00e9rie de bracelets Ding Ding est souvent achet\u00e9e en plusieurs exemplaires, ce qui permet aux porteurs de [\u2026]<\/p>","protected":false},"featured_media":11602,"comment_status":"open","ping_status":"closed","template":"","meta":[],"product_brand":[],"product_cat":[194],"product_tag":[86,140,102,52,72,55,58,75,60,62],"class_list":{"0":"post-11560","1":"product","2":"type-product","3":"status-publish","4":"has-post-thumbnail","6":"product_cat-value-picks","7":"product_tag-bangle","8":"product_tag-black-wuji","9":"product_tag-bracelet","10":"product_tag-certified","11":"product_tag-female","12":"product_tag-jadeite","13":"product_tag-new-arrivals","14":"product_tag-traditional","15":"product_tag-type-a-jadeite","16":"product_tag-yi-pin-qian-exclusive","18":"first","19":"instock","20":"sale","21":"shipping-taxable","22":"purchasable","23":"product-type-simple"},"_links":{"self":[{"href":"https:\/\/shop.yipinqian.com\/fr\/wp-json\/wp\/v2\/product\/11560","targetHints":{"allow":["GET"]}}],"collection":[{"href":"https:\/\/shop.yipinqian.com\/fr\/wp-json\/wp\/v2\/product"}],"about":[{"href":"https:\/\/shop.yipinqian.com\/fr\/wp-json\/wp\/v2\/types\/product"}],"replies":[{"embeddable":true,"href":"https:\/\/shop.yipinqian.com\/fr\/wp-json\/wp\/v2\/comments?post=11560"}],"version-history":[{"count":0,"href":"https:\/\/shop.yipinqian.com\/fr\/wp-json\/wp\/v2\/product\/11560\/revisions"}],"wp:featuredmedia":[{"embeddable":true,"href":"https:\/\/shop.yipinqian.com\/fr\/wp-json\/wp\/v2\/media\/11602"}],"wp:attachment":[{"href":"https:\/\/shop.yipinqian.com\/fr\/wp-json\/wp\/v2\/media?parent=11560"}],"wp:term":[{"taxonomy":"product_brand","embeddable":true,"href":"https:\/\/shop.yipinqian.com\/fr\/wp-json\/wp\/v2\/product_brand?post=11560"},{"taxonomy":"product_cat","embeddable":true,"href":"https:\/\/shop.yipinqian.com\/fr\/wp-json\/wp\/v2\/product_cat?post=11560"},{"taxonomy":"product_tag","embeddable":true,"href":"https:\/\/shop.yipinqian.com\/fr\/wp-json\/wp\/v2\/product_tag?post=11560"}],"curies":[{"name":"wp","href":"https:\/\/api.w.org\/{rel}","templated":true}]}}