{"id":11557,"date":"2024-11-17T07:07:43","date_gmt":"2024-11-16T23:07:43","guid":{"rendered":"https:\/\/shop.yipinqian.com\/18k-gold-crasp-added-for-pendant-crafted-as-milo-buddha-with-green-patch-natural-type-a-jadeite-jade-certificate-weighs-5-01-grams-measurement-24-3-25-8-5-8-mm-18kp73\/"},"modified":"2025-02-24T00:49:48","modified_gmt":"2025-02-23T16:49:48","slug":"18k-gold-crasp-added-for-pendant-crafted-as-milo-buddha-with-green-patch-natural-type-a-jadeite-jade-certificate-weighs-5-01-grams-measurement-24-3-25-8-5-8-mm-18kp73","status":"publish","type":"product","link":"https:\/\/shop.yipinqian.com\/fr\/produit\/18k-gold-crasp-added-for-pendant-crafted-as-milo-buddha-with-green-patch-natural-type-a-jadeite-jade-certificate-weighs-5-01-grams-measurement-24-3-25-8-5-8-mm-18kp73\/","title":{"rendered":"Fermoir en or 18 carats ajout\u00e9 pour le pendentif fabriqu\u00e9 en tant que Bouddha Milo avec une tache verte en jade jad\u00e9ite naturelle de type A, le certificat p\u00e8se 5,01 grammes, mesure 24,3 * 25,8 * 5,8 mm (18kp73)"},"content":{"rendered":"<p>Ce pendentif Bouddha Milo en or 18 carats pr\u00e9sente un superbe jade jad\u00e9ite naturel de type A \u00e0 patch vert, ajoutant une touche d&#039;\u00e9l\u00e9gance et de spiritualit\u00e9 \u00e0 votre look.<\/p>\n<p><\/p>\n<p>Num\u00e9ros de certificat : GD2202H001253<\/p>\n<p><img fetchpriority=\"high\" decoding=\"async\" src=\"https:\/\/shop.yipinqian.com\/wp-content\/uploads\/2024\/11\/595ab28727364d748fa748a6252bd8a7tplv-aphluv4xwc-origin-jpeg.jpeg?dr=15568&#038;nonce=41279&#038;refresh_token=2e14a40f96ceea06d42442363c7f2d49&#038;from=476444299&#038;idc=my2&#038;ps=933b5bde&#038;shcp=9b759fb9&#038;shp=1c65f68b&#038;t=555f072d\" width=\"1080\" height=\"1080\"><\/p>\n<ul>\n<li>\n<strong>Mat\u00e9riel:<\/strong> Fabriqu\u00e9 en or 18 carats et en v\u00e9ritable jade jad\u00e9ite de type A<\/li>\n<li>\n<strong>Poids:<\/strong> P\u00e8se 5,01 grammes<\/li>\n<li>\n<strong>Mesures:<\/strong> Le pendentif mesure 24,3 * 25,8 * 5,8 mm<\/li>\n<li>\n<strong>Certificat:<\/strong> Livr\u00e9 avec un certificat d&#039;authenticit\u00e9<\/li>\n<li>Ce pendentif exquis est parfait pour les hommes et les femmes, ce qui en fait un accessoire polyvalent pour toutes les occasions.<\/li>\n<li>Ajoutez ce pendentif unique Milo Buddha \u00e0 votre collection aujourd&#039;hui et adoptez l&#039;\u00e9nergie auspicieuse qu&#039;il apporte, originaire du Myanmar.<\/li>\n<\/ul>\n<p><img decoding=\"async\" src=\"https:\/\/shop.yipinqian.com\/wp-content\/uploads\/2024\/11\/8f42072c8cb44ac79dee6c095218d86btplv-aphluv4xwc-origin-jpeg.jpeg?dr=15568&#038;nonce=34187&#038;refresh_token=38a917496ede35e999ec38964dc9bfd6&#038;from=476444299&#038;idc=my2&#038;ps=933b5bde&#038;shcp=9b759fb9&#038;shp=1c65f68b&#038;t=555f072d\" width=\"1080\" height=\"1080\"><\/p>\n<p><strong>La jad\u00e9ite naturelle n&#039;est pas parfaite, juste un petit rappel : notre jad\u00e9ite naturelle, comme toutes les belles choses de la nature, poss\u00e8de ses caract\u00e9ristiques et ses variations uniques. Nous invitons nos pr\u00e9cieux clients \u00e0 adopter ces variations naturelles. Bon shopping !<\/strong><\/p>\n<p><\/p>\n<p><strong><u>Aucune des photos et des s\u00e9quences vid\u00e9o n&#039;a \u00e9t\u00e9 filtr\u00e9e. Nous encourageons nos clients \u00e0 regarder \u00e9galement les vid\u00e9os d&#039;accompagnement pour une vue plus compl\u00e8te de nos produits<\/u><\/strong><\/p>\n<p><\/p>\n<ul>\n<li>Diff\u00e9rentes plates-formes ne peuvent visionner des vid\u00e9os que via le bureau<\/li>\n<\/ul>","protected":false},"excerpt":{"rendered":"<p>This 18k Gold Milo Buddha Pendant features a stunning Green Patch Natural Type A Jadeite Jade, adding a touch of elegance and spirituality to your look. Certificate numbers: GD2202H001253 Material: Crafted with 18k gold and genuine Type A Jadeite Jade Weight: Weighs 5.01 grams Measurements: Pendant measures 24.3 * 25.8 * 5.8 mm Certificate: Comes [&hellip;]<\/p>","protected":false},"featured_media":11582,"comment_status":"open","ping_status":"closed","template":"","meta":[],"product_brand":[],"product_cat":[194],"product_tag":[50,51,52,69,79,96,65,55,57,58,75,60,61,62],"class_list":{"0":"post-11557","1":"product","2":"type-product","3":"status-publish","4":"has-post-thumbnail","6":"product_cat-value-picks","7":"product_tag-18k-gold","8":"product_tag-buddha","9":"product_tag-certified","10":"product_tag-clasp","11":"product_tag-green-hue","12":"product_tag-green-patches","13":"product_tag-high-quality","14":"product_tag-jadeite","15":"product_tag-milo-buddha","16":"product_tag-new-arrivals","17":"product_tag-traditional","18":"product_tag-type-a-jadeite","19":"product_tag-unisex","20":"product_tag-yi-pin-qian-exclusive","22":"first","23":"instock","24":"sale","25":"shipping-taxable","26":"purchasable","27":"product-type-simple"},"_links":{"self":[{"href":"https:\/\/shop.yipinqian.com\/fr\/wp-json\/wp\/v2\/product\/11557","targetHints":{"allow":["GET"]}}],"collection":[{"href":"https:\/\/shop.yipinqian.com\/fr\/wp-json\/wp\/v2\/product"}],"about":[{"href":"https:\/\/shop.yipinqian.com\/fr\/wp-json\/wp\/v2\/types\/product"}],"replies":[{"embeddable":true,"href":"https:\/\/shop.yipinqian.com\/fr\/wp-json\/wp\/v2\/comments?post=11557"}],"version-history":[{"count":0,"href":"https:\/\/shop.yipinqian.com\/fr\/wp-json\/wp\/v2\/product\/11557\/revisions"}],"wp:featuredmedia":[{"embeddable":true,"href":"https:\/\/shop.yipinqian.com\/fr\/wp-json\/wp\/v2\/media\/11582"}],"wp:attachment":[{"href":"https:\/\/shop.yipinqian.com\/fr\/wp-json\/wp\/v2\/media?parent=11557"}],"wp:term":[{"taxonomy":"product_brand","embeddable":true,"href":"https:\/\/shop.yipinqian.com\/fr\/wp-json\/wp\/v2\/product_brand?post=11557"},{"taxonomy":"product_cat","embeddable":true,"href":"https:\/\/shop.yipinqian.com\/fr\/wp-json\/wp\/v2\/product_cat?post=11557"},{"taxonomy":"product_tag","embeddable":true,"href":"https:\/\/shop.yipinqian.com\/fr\/wp-json\/wp\/v2\/product_tag?post=11557"}],"curies":[{"name":"wp","href":"https:\/\/api.w.org\/{rel}","templated":true}]}}