{"id":11555,"date":"2024-11-17T07:07:41","date_gmt":"2024-11-16T23:07:41","guid":{"rendered":"https:\/\/shop.yipinqian.com\/15-5mm-bracelet-sg-seller-store-light-green-with-brownish-yellow-natural-type-a-jadeite-jade-certificate-weighs-81-97-grams-bracelet30\/"},"modified":"2025-02-24T00:49:48","modified_gmt":"2025-02-23T16:49:48","slug":"15-5mm-bracelet-sg-seller-store-light-green-with-brownish-yellow-natural-type-a-jadeite-jade-certificate-weighs-81-97-grams-bracelet30","status":"publish","type":"product","link":"https:\/\/shop.yipinqian.com\/fr\/produit\/15-5mm-bracelet-sg-seller-store-light-green-with-brownish-yellow-natural-type-a-jadeite-jade-certificate-weighs-81-97-grams-bracelet30\/","title":{"rendered":"Bracelet 15,5 mm SG Seller Store - Jade jad\u00e9ite naturelle de type A vert clair avec jaune brun\u00e2tre Le certificat p\u00e8se 81,97 grammes (bracelet30)"},"content":{"rendered":"<p>Ce bracelet de 15,5 mm * 13 perles de la boutique SG Seller est compos\u00e9 de jade jad\u00e9ite naturel de type A vert clair avec jaune brun\u00e2tre, certifi\u00e9 pour peser 81,97 grammes (bracelet30).<\/p>\n<p><\/p>\n<p>Num\u00e9ros de certificat : GD2112H014145<\/p>\n<p><img fetchpriority=\"high\" decoding=\"async\" src=\"https:\/\/shop.yipinqian.com\/wp-content\/uploads\/2024\/11\/2383b841951c425cbbe7e6bae9425948tplv-aphluv4xwc-origin-jpeg.jpeg?dr=15568&#038;nonce=4515&#038;refresh_token=ca87d065cb58ae91a46d2149fee0253e&#038;from=476444299&#038;idc=my2&#038;ps=933b5bde&#038;shcp=9b759fb9&#038;shp=1c65f68b&#038;t=555f072d\" width=\"1080\" height=\"1080\"><\/p>\n<ul>\n<li>\n<strong>Qualit\u00e9 certifi\u00e9e :<\/strong> Ce bracelet est accompagn\u00e9 d&#039;un certificat garantissant l&#039;authenticit\u00e9 du Jade Jad\u00e9ite de Type A.<\/li>\n<li>\n<strong>Design \u00e9poustouflant :<\/strong> Les teintes vert clair et jaune brun\u00e2tre cr\u00e9ent une esth\u00e9tique unique et accrocheuse.<\/li>\n<li>\n<strong>Bracelet unisexe :<\/strong> Convient aussi bien aux hommes qu&#039;aux femmes, ce qui en fait un accessoire polyvalent pour toute garde-robe.<\/li>\n<\/ul>\n<p><img decoding=\"async\" src=\"https:\/\/shop.yipinqian.com\/wp-content\/uploads\/2024\/11\/fe303f2b30774fa8a7a09b6a01000df3tplv-aphluv4xwc-origin-jpeg.jpeg?dr=15568&#038;nonce=16013&#038;refresh_token=73ae9bcb3e458b957dc1fbe263d66c87&#038;from=476444299&#038;idc=my2&#038;ps=933b5bde&#038;shcp=9b759fb9&#038;shp=1c65f68b&#038;t=555f072d\" width=\"1080\" height=\"1080\"><\/p>\n<p>Ajoutez une touche d&#039;\u00e9l\u00e9gance birmane \u00e0 votre tenue avec ce superbe bracelet en jade, parfait pour toutes les occasions. Bien que cette pi\u00e8ce ne soit pas couverte par une garantie, son savoir-faire de qualit\u00e9 garantit une beaut\u00e9 durable.<\/p>\n<p><\/p>\n<p><strong>La jad\u00e9ite naturelle n&#039;est pas parfaite, juste un petit rappel : notre jad\u00e9ite naturelle, comme toutes les belles choses de la nature, poss\u00e8de ses caract\u00e9ristiques et ses variations uniques. Nous invitons nos pr\u00e9cieux clients \u00e0 adopter ces variations naturelles. Bon shopping !<\/strong><\/p>\n<p><\/p>\n<p><strong><u>Aucune des photos et des s\u00e9quences vid\u00e9o n&#039;a \u00e9t\u00e9 filtr\u00e9e. Nous encourageons nos clients \u00e0 regarder \u00e9galement les vid\u00e9os d&#039;accompagnement pour une vue plus compl\u00e8te de nos produits<\/u><\/strong><\/p>\n<p><\/p>\n<ul>\n<li>Diff\u00e9rentes plates-formes ne peuvent visionner des vid\u00e9os que via le bureau<\/li>\n<\/ul>","protected":false},"excerpt":{"rendered":"<p>Ce bracelet de 15,5 mm x 13 perles de la boutique SG Seller est compos\u00e9 de jade jad\u00e9ite de type A naturel vert clair et jaune brun\u00e2tre, certifi\u00e9 pour peser 81,97 grammes (bracelet30). Num\u00e9ros de certificat : GD2112H014145 Qualit\u00e9 certifi\u00e9e : Ce bracelet est accompagn\u00e9 d&#039;un certificat garantissant l&#039;authenticit\u00e9 du jade jad\u00e9ite de type A. Superbe design : Le jade jad\u00e9ite de type A vert clair et jaune brun\u00e2tre [\u2026]<\/p>","protected":false},"featured_media":11562,"comment_status":"open","ping_status":"closed","template":"","meta":[],"product_brand":[],"product_cat":[194],"product_tag":[102,139,52,82,56,58,60,61,68,62],"class_list":{"0":"post-11555","1":"product","2":"type-product","3":"status-publish","4":"has-post-thumbnail","6":"product_cat-value-picks","7":"product_tag-bracelet","8":"product_tag-brown","9":"product_tag-certified","10":"product_tag-light-green","11":"product_tag-limited-editions","12":"product_tag-new-arrivals","13":"product_tag-type-a-jadeite","14":"product_tag-unisex","15":"product_tag-yellow","16":"product_tag-yi-pin-qian-exclusive","18":"first","19":"instock","20":"sale","21":"shipping-taxable","22":"purchasable","23":"product-type-simple"},"_links":{"self":[{"href":"https:\/\/shop.yipinqian.com\/fr\/wp-json\/wp\/v2\/product\/11555","targetHints":{"allow":["GET"]}}],"collection":[{"href":"https:\/\/shop.yipinqian.com\/fr\/wp-json\/wp\/v2\/product"}],"about":[{"href":"https:\/\/shop.yipinqian.com\/fr\/wp-json\/wp\/v2\/types\/product"}],"replies":[{"embeddable":true,"href":"https:\/\/shop.yipinqian.com\/fr\/wp-json\/wp\/v2\/comments?post=11555"}],"version-history":[{"count":0,"href":"https:\/\/shop.yipinqian.com\/fr\/wp-json\/wp\/v2\/product\/11555\/revisions"}],"wp:featuredmedia":[{"embeddable":true,"href":"https:\/\/shop.yipinqian.com\/fr\/wp-json\/wp\/v2\/media\/11562"}],"wp:attachment":[{"href":"https:\/\/shop.yipinqian.com\/fr\/wp-json\/wp\/v2\/media?parent=11555"}],"wp:term":[{"taxonomy":"product_brand","embeddable":true,"href":"https:\/\/shop.yipinqian.com\/fr\/wp-json\/wp\/v2\/product_brand?post=11555"},{"taxonomy":"product_cat","embeddable":true,"href":"https:\/\/shop.yipinqian.com\/fr\/wp-json\/wp\/v2\/product_cat?post=11555"},{"taxonomy":"product_tag","embeddable":true,"href":"https:\/\/shop.yipinqian.com\/fr\/wp-json\/wp\/v2\/product_tag?post=11555"}],"curies":[{"name":"wp","href":"https:\/\/api.w.org\/{rel}","templated":true}]}}