{"id":11118,"date":"2024-11-13T13:56:51","date_gmt":"2024-11-13T05:56:51","guid":{"rendered":"https:\/\/shop.yipinqian.com\/singapore-new-arrival-light-green-light-lavender-natural-type-a-jadeite-jade-crafted-with-shape-of-dounut-as-pendant-certificate-weighs-15-63-grams-measurement-35-9-6-mm-pendant324\/"},"modified":"2025-01-09T01:24:11","modified_gmt":"2025-01-08T17:24:11","slug":"singapore-new-arrival-light-green-light-lavender-natural-type-a-jadeite-jade-crafted-with-shape-of-dounut-as-pendant-certificate-weighs-15-63-grams-measurement-35-9-6-mm-pendant324","status":"publish","type":"product","link":"https:\/\/shop.yipinqian.com\/fr\/produit\/singapore-new-arrival-light-green-light-lavender-natural-type-a-jadeite-jade-crafted-with-shape-of-dounut-as-pendant-certificate-weighs-15-63-grams-measurement-35-9-6-mm-pendant324\/","title":{"rendered":"Singapour Nouvelle arriv\u00e9e Vert clair, lavande clair Jade jad\u00e9ite naturelle de type A fabriqu\u00e9e en forme de Dounut comme certificat de pendentif p\u00e8se 15,63 grammes, mesure 35,9 * 6 mm (pendentif324)"},"content":{"rendered":"<p>Ce pendentif de Singapour, nouvelle arriv\u00e9e, pr\u00e9sente une superbe combinaison de jade jad\u00e9ite naturel de type A vert clair et lavande clair, con\u00e7u en forme de beignet. Le pendentif, pesant 15,63 grammes et mesurant 35,9 * 6 mm, respire l&#039;\u00e9l\u00e9gance et le style.<\/p>\n<p><\/p>\n<p>Num\u00e9ros de certificat : GD2111H005239<\/p>\n<p><img fetchpriority=\"high\" decoding=\"async\" src=\"https:\/\/shop.yipinqian.com\/wp-content\/uploads\/2024\/11\/175c3dd45a374c419ebc94d16a3fa59etplv-aphluv4xwc-origin-jpeg.jpeg?dr=15568&#038;nonce=86391&#038;refresh_token=239c4c06ce83884e973f1a530efd132a&#038;from=476444299&#038;idc=my&#038;ps=933b5bde&#038;shcp=9b759fb9&#038;shp=1c65f68b&#038;t=555f072d\" width=\"1080\" height=\"1080\"><\/p>\n<ul>\n<li>\n<strong>Mat\u00e9riel:<\/strong> Jade jad\u00e9ite naturelle de type A<\/li>\n<li>\n<strong>Forme:<\/strong> Pendentif Donut<\/li>\n<li>\n<strong>Certificat:<\/strong> Oui<\/li>\n<li>\n<strong>Type de jade :<\/strong> Jad\u00e9ite<\/li>\n<li>\n<strong>Poids naturel :<\/strong> 15,63 grammes<\/li>\n<li>\n<strong>Fabriqu\u00e9 en:<\/strong>Singapour (Pays d&#039;origine : Myanmar)<\/li>\n<li>Ooccasion : Quotidien (Style de collier : D\u00e9contract\u00e9) Ce pendentif exquis est parfait pour un usage quotidien ou des occasions sp\u00e9ciales, ajoutant une touche de sophistication \u00e0 n&#039;importe quelle tenue.<\/li>\n<\/ul>\n<p><img decoding=\"async\" src=\"https:\/\/shop.yipinqian.com\/wp-content\/uploads\/2024\/11\/e02daad6e34343fe98ec1e41ed2a80eatplv-aphluv4xwc-origin-jpeg.jpeg?dr=15568&#038;nonce=41120&#038;refresh_token=f0ea7a62f70de1df8cb434d209e29b7a&#038;from=476444299&#038;idc=my&#038;ps=933b5bde&#038;shcp=9b759fb9&#038;shp=1c65f68b&#038;t=555f072d\" width=\"1080\" height=\"1080\"><\/p>\n<p><strong>La jad\u00e9ite naturelle n&#039;est pas parfaite, juste un petit rappel : notre jad\u00e9ite naturelle, comme toutes les belles choses de la nature, poss\u00e8de ses caract\u00e9ristiques et ses variations uniques. Nous invitons nos pr\u00e9cieux clients \u00e0 adopter ces variations naturelles. Bon shopping !<\/strong><\/p>\n<p><\/p>\n<p><strong><u>Aucune des photos et des s\u00e9quences vid\u00e9o n&#039;a \u00e9t\u00e9 filtr\u00e9e. Nous encourageons nos clients \u00e0 regarder \u00e9galement les vid\u00e9os d&#039;accompagnement pour une vue plus compl\u00e8te de nos produits<\/u><\/strong><\/p>\n<p><\/p>\n<ul>\n<li>Diff\u00e9rentes plates-formes ne peuvent visionner des vid\u00e9os que via le bureau<\/li>\n<\/ul>","protected":false},"excerpt":{"rendered":"<p>This Singapore New Arrival pendant features a stunning combination of Light Green and Light Lavender Natural Type A Jadeite Jade, crafted in the shape of a donut. The pendant, weighing 15.63 grams and measuring 35.9 * 6 mm, exudes elegance and style. Certificate numbers: GD2111H005239 Material: Natural Type A Jadeite Jade Shape: Donut Pendant Certificate: [&hellip;]<\/p>","protected":false},"featured_media":11213,"comment_status":"open","ping_status":"closed","template":"","meta":[],"product_brand":[],"product_cat":[83,126,48],"product_tag":[52,55,82,108,58,73,75,60,61,62],"class_list":{"0":"post-11118","1":"product","2":"type-product","3":"status-publish","4":"has-post-thumbnail","6":"product_cat-jade-necklaces-pendants","7":"product_cat-new-arrivals","8":"product_cat-pendants","9":"product_tag-certified","10":"product_tag-jadeite","11":"product_tag-light-green","12":"product_tag-light-lavender","13":"product_tag-new-arrivals","14":"product_tag-pendant","15":"product_tag-traditional","16":"product_tag-type-a-jadeite","17":"product_tag-unisex","18":"product_tag-yi-pin-qian-exclusive","20":"first","21":"instock","22":"sale","23":"shipping-taxable","24":"purchasable","25":"product-type-simple"},"_links":{"self":[{"href":"https:\/\/shop.yipinqian.com\/fr\/wp-json\/wp\/v2\/product\/11118","targetHints":{"allow":["GET"]}}],"collection":[{"href":"https:\/\/shop.yipinqian.com\/fr\/wp-json\/wp\/v2\/product"}],"about":[{"href":"https:\/\/shop.yipinqian.com\/fr\/wp-json\/wp\/v2\/types\/product"}],"replies":[{"embeddable":true,"href":"https:\/\/shop.yipinqian.com\/fr\/wp-json\/wp\/v2\/comments?post=11118"}],"version-history":[{"count":0,"href":"https:\/\/shop.yipinqian.com\/fr\/wp-json\/wp\/v2\/product\/11118\/revisions"}],"wp:featuredmedia":[{"embeddable":true,"href":"https:\/\/shop.yipinqian.com\/fr\/wp-json\/wp\/v2\/media\/11213"}],"wp:attachment":[{"href":"https:\/\/shop.yipinqian.com\/fr\/wp-json\/wp\/v2\/media?parent=11118"}],"wp:term":[{"taxonomy":"product_brand","embeddable":true,"href":"https:\/\/shop.yipinqian.com\/fr\/wp-json\/wp\/v2\/product_brand?post=11118"},{"taxonomy":"product_cat","embeddable":true,"href":"https:\/\/shop.yipinqian.com\/fr\/wp-json\/wp\/v2\/product_cat?post=11118"},{"taxonomy":"product_tag","embeddable":true,"href":"https:\/\/shop.yipinqian.com\/fr\/wp-json\/wp\/v2\/product_tag?post=11118"}],"curies":[{"name":"wp","href":"https:\/\/api.w.org\/{rel}","templated":true}]}}