{"id":11108,"date":"2024-11-13T13:56:39","date_gmt":"2024-11-13T05:56:39","guid":{"rendered":"https:\/\/shop.yipinqian.com\/sg-new-arrival-crafted-as-faceless-guanyin-on-icy-translucent-natural-type-a-jadeite-jade-as-pendant-set-with-18k-gold-certificate-weighs-4-77-grams-measurement-51-2-16-6-mm-18kp72\/"},"modified":"2025-01-28T00:00:48","modified_gmt":"2025-01-27T16:00:48","slug":"sg-new-arrival-crafted-as-faceless-guanyin-on-icy-translucent-natural-type-a-jadeite-jade-as-pendant-set-with-18k-gold-certificate-weighs-4-77-grams-measurement-51-2-16-6-mm-18kp72","status":"publish","type":"product","link":"https:\/\/shop.yipinqian.com\/fr\/produit\/sg-new-arrival-crafted-as-faceless-guanyin-on-icy-translucent-natural-type-a-jadeite-jade-as-pendant-set-with-18k-gold-certificate-weighs-4-77-grams-measurement-51-2-16-6-mm-18kp72\/","title":{"rendered":"Nouvel arrivage SG - Fabriqu\u00e9 en tant que Guanyin sans visage sur du jade jad\u00e9ite naturel translucide de type A glac\u00e9 en pendentif serti d&#039;or 18 carats, le certificat p\u00e8se 4,77 grammes, mesure 51,2 * 16 * 6 mm (18kp72)"},"content":{"rendered":"<p>This SG New Arrival pendant features a stunning design of Faceless Guanyin on Icy Translucent Natural Type A Jadeite Jade, set with 18k gold for a luxurious touch.<\/p>\n<p><\/p>\n<p>Certificate numbers: GD2204H015349<\/p>\n<p>18k Gold: 1.63 grams<\/p>\n<p>Diamonds: 60 * 0.003 Carats<\/p>\n<p>Jadeite measurement: 37.6 * 9.3 * 4.1 mm<\/p>\n<p><img fetchpriority=\"high\" decoding=\"async\" src=\"https:\/\/shop.yipinqian.com\/wp-content\/uploads\/2024\/11\/8b2a363b886846728ed78368cbba18fftplv-aphluv4xwc-origin-jpeg.jpeg?dr=15568&#038;nonce=87402&#038;refresh_token=d72fc1cb158c68a8d14521bc6a94f044&#038;from=476444299&#038;idc=my&#038;ps=933b5bde&#038;shcp=9b759fb9&#038;shp=1c65f68b&#038;t=555f072d\" width=\"1080\" height=\"1080\"><\/p>\n<ul>\n<li>\n<strong>Mat\u00e9riel:<\/strong> Crafted with natural Type A Jadeite Jade and 18k gold<\/li>\n<li>\n<strong>Poids:<\/strong> Weighs 4.77 grams<\/li>\n<li>\n<strong>Mesures:<\/strong> Pendant size is 51.2 * 16 * 6 mm (18kp72)<\/li>\n<\/ul>\n<p><img decoding=\"async\" src=\"https:\/\/shop.yipinqian.com\/wp-content\/uploads\/2024\/11\/5c507e41cc20493199cc034a5cb2deb8tplv-aphluv4xwc-origin-jpeg.jpeg?dr=15568&#038;nonce=42714&#038;refresh_token=0a675613c6de467be1fd48f769ef5b34&#038;from=476444299&#038;idc=my&#038;ps=933b5bde&#038;shcp=9b759fb9&#038;shp=1c65f68b&#038;t=555f072d\" width=\"1080\" height=\"1080\"><\/p>\n<p>The icy translucent jade coupled with the intricate design makes this pendant a unique and elegant accessory suitable for various occasions.<\/p>\n<ul>\n<li>\n<strong>Certificat:<\/strong> Livr\u00e9 avec un certificat d&#039;authenticit\u00e9<\/li>\n<li>The secondary material features diamonds, adding an extra touch of sophistication to the piece.<\/li>\n<li>The necklace style is casual, making it versatile for everyday wear or special occasions.<\/li>\n<\/ul>\n<p>This unisex pendant makes an auspicious gift or personal accessory choice for those who appreciate the beauty and symbolism of jade jewelry. Made in Myanmar, this piece exudes craftsmanship and quality that you can cherish for years to come.<\/p>\n<p>.<\/p>\n<p>Yi Pin Qian \u2013 N\u00e9gociant en pierres pr\u00e9cieuses et m\u00e9taux pr\u00e9cieux \u00e0 Singapour \u2013 Num\u00e9ro de licence PS20190000031<\/p>\n<p><\/p>\n<p>*Toutes les jad\u00e9ites achet\u00e9es chez Yi Pin Qian \u00e0 Singapour, les clients peuvent r\u00e9server des cr\u00e9neaux pour le polissage ou une r\u00e9paration mineure en cas de mauvaise manipulation - des frais s&#039;appliquent et uniquement pour les clients de Yi Pin Qian \u00e0 Singapour*<\/p>\n<p><\/p>\n<p><strong>**Types de certificats**<\/strong><\/p>\n<p><\/p>\n<p><strong>NGI (Nan Yang Gemmologie)<\/strong><\/p>\n<p>ou <strong>Certificats \u00e9trangers <\/strong>(Yi Pin Qian utilise uniquement des certificats authentiques provenant de laboratoires \u00e9trangers et contr\u00f4le \u00e9galement la qualit\u00e9 de chacun de nos produits avant de les mettre en vente \u00e0 Singapour)<\/p>\n<p><\/p>\n<p>Chaque produit sur TikTok aura le type de certificat fourni indiqu\u00e9 dans la description. Pour tout client souhaitant envoyer sa commande \u00e0 NGI Singapore, il y aura un d\u00e9lai d&#039;attente pour la livraison de la commande estim\u00e9 \u00e0 environ 4 semaines pour recevoir votre commande. <strong>Les demandes de rapport NGI Gemstone doivent \u00eatre effectu\u00e9es en nous envoyant un message.<\/strong> Merci, <strong><u>des frais suppl\u00e9mentaires s&#039;appliquent<\/u><\/strong>.<\/p>\n<p><\/p>\n<p><strong>La jad\u00e9ite naturelle n&#039;est pas parfaite, juste un petit rappel : notre jad\u00e9ite naturelle, comme toutes les belles choses de la nature, poss\u00e8de ses caract\u00e9ristiques et ses variations uniques. Nous invitons nos pr\u00e9cieux clients \u00e0 adopter ces variations naturelles. Bon shopping !<\/strong><\/p>\n<p><\/p>\n<p><strong><u>Aucune des photos et des s\u00e9quences vid\u00e9o n&#039;a \u00e9t\u00e9 filtr\u00e9e. Nous encourageons nos clients \u00e0 regarder \u00e9galement les vid\u00e9os d&#039;accompagnement pour une vue plus compl\u00e8te de nos produits<\/u><\/strong><\/p>\n<p><\/p>\n<ul>\n<li>Diff\u00e9rentes plates-formes ne peuvent visionner des vid\u00e9os que via le bureau<\/li>\n<\/ul>","protected":false},"excerpt":{"rendered":"<p>This SG New Arrival pendant features a stunning design of Faceless Guanyin on Icy Translucent Natural Type A Jadeite Jade, set with 18k gold for a luxurious touch. Certificate numbers: GD2204H015349 18k Gold: 1.63 grams Diamonds: 60 * 0.003 Carats Jadeite measurement: 37.6 * 9.3 * 4.1 mm Material: Crafted with natural Type A Jadeite [&hellip;]<\/p>","protected":false},"featured_media":11144,"comment_status":"open","ping_status":"closed","template":"","meta":[],"product_brand":[],"product_cat":[120,83,126],"product_tag":[50,52,88,53,107,65,54,58,73,59,60,61,62],"class_list":{"0":"post-11108","1":"product","2":"type-product","3":"status-publish","4":"has-post-thumbnail","6":"product_cat-18k-gold-setting-pendants","7":"product_cat-jade-necklaces-pendants","8":"product_cat-new-arrivals","9":"product_tag-18k-gold","10":"product_tag-certified","11":"product_tag-diamonds","12":"product_tag-fine-quality","13":"product_tag-guanyin","14":"product_tag-high-quality","15":"product_tag-icy","16":"product_tag-new-arrivals","17":"product_tag-pendant","18":"product_tag-translucent","19":"product_tag-type-a-jadeite","20":"product_tag-unisex","21":"product_tag-yi-pin-qian-exclusive","23":"first","24":"instock","25":"sale","26":"shipping-taxable","27":"purchasable","28":"product-type-simple"},"_links":{"self":[{"href":"https:\/\/shop.yipinqian.com\/fr\/wp-json\/wp\/v2\/product\/11108","targetHints":{"allow":["GET"]}}],"collection":[{"href":"https:\/\/shop.yipinqian.com\/fr\/wp-json\/wp\/v2\/product"}],"about":[{"href":"https:\/\/shop.yipinqian.com\/fr\/wp-json\/wp\/v2\/types\/product"}],"replies":[{"embeddable":true,"href":"https:\/\/shop.yipinqian.com\/fr\/wp-json\/wp\/v2\/comments?post=11108"}],"version-history":[{"count":0,"href":"https:\/\/shop.yipinqian.com\/fr\/wp-json\/wp\/v2\/product\/11108\/revisions"}],"wp:featuredmedia":[{"embeddable":true,"href":"https:\/\/shop.yipinqian.com\/fr\/wp-json\/wp\/v2\/media\/11144"}],"wp:attachment":[{"href":"https:\/\/shop.yipinqian.com\/fr\/wp-json\/wp\/v2\/media?parent=11108"}],"wp:term":[{"taxonomy":"product_brand","embeddable":true,"href":"https:\/\/shop.yipinqian.com\/fr\/wp-json\/wp\/v2\/product_brand?post=11108"},{"taxonomy":"product_cat","embeddable":true,"href":"https:\/\/shop.yipinqian.com\/fr\/wp-json\/wp\/v2\/product_cat?post=11108"},{"taxonomy":"product_tag","embeddable":true,"href":"https:\/\/shop.yipinqian.com\/fr\/wp-json\/wp\/v2\/product_tag?post=11108"}],"curies":[{"name":"wp","href":"https:\/\/api.w.org\/{rel}","templated":true}]}}