{"id":11105,"date":"2024-11-13T13:56:37","date_gmt":"2024-11-13T05:56:37","guid":{"rendered":"https:\/\/shop.yipinqian.com\/sg-local-new-arrival-free-size-adjustable-s925-ring-with-crafting-of-dounut-shape-natural-type-a-green-jadeite-jade-certificate-weighs-2-18-grams-measurement-7-7-7-5-2-7-mm-s925ring21\/"},"modified":"2025-02-24T00:49:49","modified_gmt":"2025-02-23T16:49:49","slug":"sg-local-new-arrival-free-size-adjustable-s925-ring-with-crafting-of-dounut-shape-natural-type-a-green-jadeite-jade-certificate-weighs-2-18-grams-measurement-7-7-7-5-2-7-mm-s925ring21","status":"publish","type":"product","link":"https:\/\/shop.yipinqian.com\/fr\/produit\/sg-local-new-arrival-free-size-adjustable-s925-ring-with-crafting-of-dounut-shape-natural-type-a-green-jadeite-jade-certificate-weighs-2-18-grams-measurement-7-7-7-5-2-7-mm-s925ring21\/","title":{"rendered":"Nouvel arrivage local Sg - Bague r\u00e9glable en taille unique S925 avec fabrication en jade jad\u00e9ite vert naturel de type A en forme de beignet, certificat pesant 2,18 grammes, mesurant 7,7 * 7,5 * 2,7 mm (s925ring21)"},"content":{"rendered":"<p>Cette nouvelle arriv\u00e9e locale de Sg pr\u00e9sente une superbe et unique bague r\u00e9glable de taille libre S925 fabriqu\u00e9e avec un jade jad\u00e9ite vert naturel de type A en forme de beignet.<\/p>\n<p><\/p>\n<p>Num\u00e9ros de certificat : YJC2308343064<\/p>\n<p><img fetchpriority=\"high\" decoding=\"async\" src=\"https:\/\/shop.yipinqian.com\/wp-content\/uploads\/2024\/11\/b91af2525bef4c518741c6b2f0f24221tplv-aphluv4xwc-origin-jpeg.jpeg?dr=15568&#038;nonce=59685&#038;refresh_token=24ffb79435a8e23eed392c2f78542e8e&#038;from=476444299&#038;idc=my&#038;ps=933b5bde&#038;shcp=9b759fb9&#038;shp=1c65f68b&#038;t=555f072d\" width=\"1080\" height=\"1080\"><\/p>\n<ul>\n<li>\n<strong>Mat\u00e9riel:<\/strong> La bague est en argent s925, ajoutant une touche d&#039;\u00e9l\u00e9gance \u00e0 la belle pierre de jade.<\/li>\n<li>\n<strong>Certificat:<\/strong> Ce produit est accompagn\u00e9 d&#039;un certificat, garantissant l&#039;authenticit\u00e9 et la qualit\u00e9 du jade.<\/li>\n<li>\n<strong>Mesures:<\/strong> La bague p\u00e8se 2,18 grammes et a des dimensions de 7,7 * 7,5 * 2,7 mm, ce qui en fait une pi\u00e8ce d\u00e9licate et accrocheuse.<\/li>\n<\/ul>\n<p><img decoding=\"async\" src=\"https:\/\/shop.yipinqian.com\/wp-content\/uploads\/2024\/11\/1ea5e5543939463a88759eb683983aa4tplv-aphluv4xwc-origin-jpeg.jpeg?dr=15568&#038;nonce=4538&#038;refresh_token=6d26ce80f7380db1cda999a5c2ad4ff3&#038;from=476444299&#038;idc=my&#038;ps=933b5bde&#038;shcp=9b759fb9&#038;shp=1c65f68b&#038;t=555f072d\" width=\"1080\" height=\"1080\"><\/p>\n<p>Id\u00e9ale pour un usage quotidien, cette bague exquise provient du Myanmar, connu pour sa production de jade de haute qualit\u00e9.<\/p>\n<ul>\n<li><strong>Occasion : Cette pi\u00e8ce polyvalente est parfaite pour un usage quotidien ou pour des occasions sp\u00e9ciales<\/strong><\/li>\n<li><strong>.<\/strong><\/li>\n<li><strong>La conception r\u00e9glable assure un ajustement parfait \u00e0 toutes les tailles de doigts.<\/strong><\/li>\n<li><strong>.<\/strong><\/li>\n<\/ul>\n<p><strong>La jad\u00e9ite naturelle n&#039;est pas parfaite, juste un petit rappel : notre jad\u00e9ite naturelle, comme toutes les belles choses de la nature, poss\u00e8de ses caract\u00e9ristiques et ses variations uniques. Nous invitons nos pr\u00e9cieux clients \u00e0 adopter ces variations naturelles. Bon shopping !<\/strong><\/p>\n<p><\/p>\n<p><strong><u>Aucune des photos et des s\u00e9quences vid\u00e9o n&#039;a \u00e9t\u00e9 filtr\u00e9e. Nous encourageons nos clients \u00e0 regarder \u00e9galement les vid\u00e9os d&#039;accompagnement pour une vue plus compl\u00e8te de nos produits<\/u><\/strong><\/p>\n<p><\/p>\n<ul>\n<li>Diff\u00e9rentes plates-formes ne peuvent visionner des vid\u00e9os que via le bureau<\/li>\n<\/ul>","protected":false},"excerpt":{"rendered":"<p>Cette nouvelle arriv\u00e9e locale de Sg pr\u00e9sente une superbe et unique bague r\u00e9glable de taille libre S925 fabriqu\u00e9e avec un jade jad\u00e9ite vert naturel de type A en forme de beignet. Num\u00e9ros de certificat : YJC2308343064 Mat\u00e9riau : La bague est en argent s925, ajoutant une touche d&#039;\u00e9l\u00e9gance \u00e0 la belle pierre de jade. Certificat : Ce produit est livr\u00e9 avec un certificat, garantissant [\u2026]<\/p>","protected":false},"featured_media":11131,"comment_status":"open","ping_status":"closed","template":"","meta":[],"product_brand":[],"product_cat":[194],"product_tag":[101,64,52,72,92,70,65,66,55,56,58,71,67,60,62],"class_list":{"0":"post-11105","1":"product","2":"type-product","3":"status-publish","4":"has-post-thumbnail","6":"product_cat-value-picks","7":"product_tag-adjustable","8":"product_tag-cabochon","9":"product_tag-certified","10":"product_tag-female","11":"product_tag-free-size","12":"product_tag-green","13":"product_tag-high-quality","14":"product_tag-jade-ring","15":"product_tag-jadeite","16":"product_tag-limited-editions","17":"product_tag-new-arrivals","18":"product_tag-ring","19":"product_tag-s925","20":"product_tag-type-a-jadeite","21":"product_tag-yi-pin-qian-exclusive","23":"first","24":"instock","25":"sale","26":"shipping-taxable","27":"purchasable","28":"product-type-simple"},"_links":{"self":[{"href":"https:\/\/shop.yipinqian.com\/fr\/wp-json\/wp\/v2\/product\/11105","targetHints":{"allow":["GET"]}}],"collection":[{"href":"https:\/\/shop.yipinqian.com\/fr\/wp-json\/wp\/v2\/product"}],"about":[{"href":"https:\/\/shop.yipinqian.com\/fr\/wp-json\/wp\/v2\/types\/product"}],"replies":[{"embeddable":true,"href":"https:\/\/shop.yipinqian.com\/fr\/wp-json\/wp\/v2\/comments?post=11105"}],"version-history":[{"count":0,"href":"https:\/\/shop.yipinqian.com\/fr\/wp-json\/wp\/v2\/product\/11105\/revisions"}],"wp:featuredmedia":[{"embeddable":true,"href":"https:\/\/shop.yipinqian.com\/fr\/wp-json\/wp\/v2\/media\/11131"}],"wp:attachment":[{"href":"https:\/\/shop.yipinqian.com\/fr\/wp-json\/wp\/v2\/media?parent=11105"}],"wp:term":[{"taxonomy":"product_brand","embeddable":true,"href":"https:\/\/shop.yipinqian.com\/fr\/wp-json\/wp\/v2\/product_brand?post=11105"},{"taxonomy":"product_cat","embeddable":true,"href":"https:\/\/shop.yipinqian.com\/fr\/wp-json\/wp\/v2\/product_cat?post=11105"},{"taxonomy":"product_tag","embeddable":true,"href":"https:\/\/shop.yipinqian.com\/fr\/wp-json\/wp\/v2\/product_tag?post=11105"}],"curies":[{"name":"wp","href":"https:\/\/api.w.org\/{rel}","templated":true}]}}