{"id":11092,"date":"2024-11-13T13:56:20","date_gmt":"2024-11-13T05:56:20","guid":{"rendered":"https:\/\/shop.yipinqian.com\/rare-new-arrival-sg-local-crafted-as-snail-on-high-quality-translucent-natural-type-a-jadeite-jade-set-on-18k-gold-as-pendant-certificate-weighs-11-89-grams-measurement-52-12-1-16-6-mm-18kp71\/"},"modified":"2025-02-24T01:17:24","modified_gmt":"2025-02-23T17:17:24","slug":"rare-new-arrival-sg-local-crafted-as-snail-on-high-quality-translucent-natural-type-a-jadeite-jade-set-on-18k-gold-as-pendant-certificate-weighs-11-89-grams-measurement-52-12-1-16-6-mm-18kp71","status":"publish","type":"product","link":"https:\/\/shop.yipinqian.com\/fr\/produit\/rare-new-arrival-sg-local-crafted-as-snail-on-high-quality-translucent-natural-type-a-jadeite-jade-set-on-18k-gold-as-pendant-certificate-weighs-11-89-grams-measurement-52-12-1-16-6-mm-18kp71\/","title":{"rendered":"Nouvel arrivage rare Sg Local \u2013 Fabriqu\u00e9 en escargot sur du jade jad\u00e9ite naturel translucide de type A de haute qualit\u00e9 serti sur de l&#039;or 18 carats en pendentif, le certificat p\u00e8se 11,89 grammes, mesure 52 * 12,1 * 16,6 mm (18kp71)"},"content":{"rendered":"<p>Discover a rare and exquisite piece with this Rare New Arrival Snail Pendant crafted from high-quality translucent Type A Jadeite Jade. Set on 18k gold, this pendant showcases intricate details and exceptional craftsmanship.<\/p>\n<p><\/p>\n<p>Certificate numbers: GD2112H000254<\/p>\n<p>Or 18 carats : <strong>1.791 grams<\/strong><\/p>\n<p>Diamants : <strong>35 * 0.003 Carats \/ 1 * 0.01 Carat<\/strong><\/p>\n<p>Mesure de la jad\u00e9ite : <strong>41.3 * 12.1 * 14 mm<\/strong><\/p>\n<p><\/p>\n<ul>\n<li>Unique Design: Featuring a Snail design, this pendant is a one-of-a-kind accessory that adds elegance to any outfit.<\/li>\n<li>Premium Materials: Made from natural Type A Jadeite Jade and set on 18k gold, ensuring quality and durability.<\/li>\n<li>Certified Authenticity: Comes with a certificate verifying the authenticity of the jade pendant.<\/li>\n<\/ul>\n<p>Pes\u00e9e <strong>11.89<\/strong> grams with measurements of <strong>52 * 12.1 * 16.6 mm<\/strong>, this piece is truly special and eye-catching. Ideal for daily wear, this necklace exudes charm and sophistication for both men and women who appreciate unique jewelry pieces.<\/p>\n<p><\/p>\n<p>Yi Pin Qian \u2013 N\u00e9gociant en pierres pr\u00e9cieuses et m\u00e9taux pr\u00e9cieux \u00e0 Singapour \u2013 Num\u00e9ro de licence PS20190000031<\/p>\n<p><\/p>\n<p>*Toutes les jad\u00e9ites achet\u00e9es chez Yi Pin Qian \u00e0 Singapour, les clients peuvent r\u00e9server des cr\u00e9neaux pour le polissage ou une r\u00e9paration mineure en cas de mauvaise manipulation - des frais s&#039;appliquent et uniquement pour les clients de Yi Pin Qian \u00e0 Singapour*<\/p>\n<p><\/p>\n<p><strong>**Types de certificats**<\/strong><\/p>\n<p><\/p>\n<p><strong>NGI (Nan Yang Gemmologie)<\/strong><\/p>\n<p>ou <strong>Certificats \u00e9trangers <\/strong>(Yi Pin Qian utilise uniquement des certificats authentiques provenant de laboratoires \u00e9trangers et contr\u00f4le \u00e9galement la qualit\u00e9 de chacun de nos produits avant de les mettre en vente \u00e0 Singapour)<\/p>\n<p><\/p>\n<p>Chaque produit sur TikTok aura le type de certificat fourni indiqu\u00e9 dans la description. Pour tout client souhaitant envoyer sa commande \u00e0 NGI Singapore, il y aura un d\u00e9lai d&#039;attente pour la livraison de la commande estim\u00e9 \u00e0 environ 4 semaines pour recevoir votre commande. <strong>Les demandes de rapport NGI Gemstone doivent \u00eatre effectu\u00e9es en nous envoyant un message.<\/strong> Merci, <strong><u>des frais suppl\u00e9mentaires s&#039;appliquent<\/u><\/strong>.<\/p>\n<p><\/p>\n<p><strong>La jad\u00e9ite naturelle n&#039;est pas parfaite, juste un petit rappel : notre jad\u00e9ite naturelle, comme toutes les belles choses de la nature, poss\u00e8de ses caract\u00e9ristiques et ses variations uniques. Nous invitons nos pr\u00e9cieux clients \u00e0 adopter ces variations naturelles. Bon shopping !<\/strong><\/p>\n<p><\/p>\n<p><strong><u>Aucune des photos et des s\u00e9quences vid\u00e9o n&#039;a \u00e9t\u00e9 filtr\u00e9e. Nous encourageons nos clients \u00e0 regarder \u00e9galement les vid\u00e9os d&#039;accompagnement pour une vue plus compl\u00e8te de nos produits<\/u><\/strong><\/p>\n<p><\/p>\n<ul>\n<li>Diff\u00e9rentes plates-formes ne peuvent visionner des vid\u00e9os que via le bureau<\/li>\n<\/ul>","protected":false},"excerpt":{"rendered":"<p>Discover a rare and exquisite piece with this Rare New Arrival Snail Pendant crafted from high-quality translucent Type A Jadeite Jade. Set on 18k gold, this pendant showcases intricate details and exceptional craftsmanship. Certificate numbers: GD2112H000254 18k Gold: 1.791 grams Diamonds: 35 * 0.003 Carats \/ 1 * 0.01 Carat Jadeite measurement: 41.3 * 12.1 [&hellip;]<\/p>","protected":false},"featured_media":11115,"comment_status":"open","ping_status":"closed","template":"","meta":[],"product_brand":[],"product_cat":[195],"product_tag":[50,52,88,53,65,55,56,58,73,59,60,61,62],"class_list":{"0":"post-11092","1":"product","2":"type-product","3":"status-publish","4":"has-post-thumbnail","6":"product_cat-heirloom-grade","7":"product_tag-18k-gold","8":"product_tag-certified","9":"product_tag-diamonds","10":"product_tag-fine-quality","11":"product_tag-high-quality","12":"product_tag-jadeite","13":"product_tag-limited-editions","14":"product_tag-new-arrivals","15":"product_tag-pendant","16":"product_tag-translucent","17":"product_tag-type-a-jadeite","18":"product_tag-unisex","19":"product_tag-yi-pin-qian-exclusive","21":"first","22":"instock","23":"sale","24":"shipping-taxable","25":"purchasable","26":"product-type-simple"},"_links":{"self":[{"href":"https:\/\/shop.yipinqian.com\/fr\/wp-json\/wp\/v2\/product\/11092","targetHints":{"allow":["GET"]}}],"collection":[{"href":"https:\/\/shop.yipinqian.com\/fr\/wp-json\/wp\/v2\/product"}],"about":[{"href":"https:\/\/shop.yipinqian.com\/fr\/wp-json\/wp\/v2\/types\/product"}],"replies":[{"embeddable":true,"href":"https:\/\/shop.yipinqian.com\/fr\/wp-json\/wp\/v2\/comments?post=11092"}],"version-history":[{"count":0,"href":"https:\/\/shop.yipinqian.com\/fr\/wp-json\/wp\/v2\/product\/11092\/revisions"}],"wp:featuredmedia":[{"embeddable":true,"href":"https:\/\/shop.yipinqian.com\/fr\/wp-json\/wp\/v2\/media\/11115"}],"wp:attachment":[{"href":"https:\/\/shop.yipinqian.com\/fr\/wp-json\/wp\/v2\/media?parent=11092"}],"wp:term":[{"taxonomy":"product_brand","embeddable":true,"href":"https:\/\/shop.yipinqian.com\/fr\/wp-json\/wp\/v2\/product_brand?post=11092"},{"taxonomy":"product_cat","embeddable":true,"href":"https:\/\/shop.yipinqian.com\/fr\/wp-json\/wp\/v2\/product_cat?post=11092"},{"taxonomy":"product_tag","embeddable":true,"href":"https:\/\/shop.yipinqian.com\/fr\/wp-json\/wp\/v2\/product_tag?post=11092"}],"curies":[{"name":"wp","href":"https:\/\/api.w.org\/{rel}","templated":true}]}}