{"id":11060,"date":"2024-11-13T13:55:49","date_gmt":"2024-11-13T05:55:49","guid":{"rendered":"https:\/\/shop.yipinqian.com\/new-arrival-in-sg-flying-pixiu-with-movable-ball-in-mouth-crafted-on-natural-jadeite-jade-as-pendant-with-qic-labs-approved-certificate-weighs-49-07-grams-measurement-45-8-23-2-19-7-mm-pendant322\/"},"modified":"2025-02-24T00:49:49","modified_gmt":"2025-02-23T16:49:49","slug":"new-arrival-in-sg-flying-pixiu-with-movable-ball-in-mouth-crafted-on-natural-jadeite-jade-as-pendant-with-qic-labs-approved-certificate-weighs-49-07-grams-measurement-45-8-23-2-19-7-mm-pendant322","status":"publish","type":"product","link":"https:\/\/shop.yipinqian.com\/fr\/produit\/new-arrival-in-sg-flying-pixiu-with-movable-ball-in-mouth-crafted-on-natural-jadeite-jade-as-pendant-with-qic-labs-approved-certificate-weighs-49-07-grams-measurement-45-8-23-2-19-7-mm-pendant322\/","title":{"rendered":"Nouvel arrivage \u00e0 SG - Flying Pixiu avec boule mobile dans la bouche fabriqu\u00e9 en jade jad\u00e9ite naturel comme pendentif avec certificat approuv\u00e9 par les laboratoires QIC p\u00e8se 49,07 grammes, mesure 45,8 * 23,2 * 19,7 mm (pendentif322)"},"content":{"rendered":"<p>Pr\u00e9sentation du superbe pendentif Flying Pixiu fabriqu\u00e9 en jade jad\u00e9ite naturel, d\u00e9sormais disponible \u00e0 Singapour. Cette pi\u00e8ce unique comporte une boule mobile dans sa bouche et est accompagn\u00e9e d&#039;un certificat d&#039;authenticit\u00e9 approuv\u00e9 par les laboratoires QIC.<\/p>\n<p><\/p>\n<p>Num\u00e9ros de certificat : 5824032603807<\/p>\n<p><img fetchpriority=\"high\" decoding=\"async\" src=\"https:\/\/shop.yipinqian.com\/wp-content\/uploads\/2024\/11\/b8619751bb84442fb4076bc69914c2eatplv-aphluv4xwc-origin-jpeg.jpeg?dr=15568&#038;nonce=96119&#038;refresh_token=a33817db430d99206c1cc9db36e51124&#038;from=476444299&#038;idc=my&#038;ps=933b5bde&#038;shcp=9b759fb9&#038;shp=1c65f68b&#038;t=555f072d\" width=\"1080\" height=\"1080\"><\/p>\n<ul>\n<li>\n<strong>Pes\u00e9e:<\/strong> 49,07 grammes<\/li>\n<li>\n<strong>Mesures:<\/strong> 45,8 * 23,2 * 19,7 mm<\/li>\n<li>\n<strong>Type de jade :<\/strong> Jad\u00e9ite<\/li>\n<li>\n<strong>Certificat inclus :<\/strong> Oui<\/li>\n<li>\n<strong>Fabriqu\u00e9 en:<\/strong> Birmanie<\/li>\n<li>\n<strong>Convient pour : <\/strong>\u00c0 porter au quotidien, design unisexe adapt\u00e9 \u00e0 tous les sexes.<\/li>\n<\/ul>\n<p><img decoding=\"async\" src=\"https:\/\/shop.yipinqian.com\/wp-content\/uploads\/2024\/11\/8ce78626d933448e9d9e9278ce12cf50tplv-aphluv4xwc-origin-jpeg.jpeg?dr=15568&#038;nonce=19173&#038;refresh_token=17b398b066c22f88d4378d3c4427a84b&#038;from=476444299&#038;idc=my&#038;ps=933b5bde&#038;shcp=9b759fb9&#038;shp=1c65f68b&#038;t=555f072d\" width=\"1080\" height=\"1080\"><img decoding=\"async\" src=\"https:\/\/shop.yipinqian.com\/wp-content\/uploads\/2024\/11\/63d9b5adb5304b9cb6b2178b9ce9b450tplv-aphluv4xwc-origin-jpeg.jpeg?dr=15568&#038;nonce=5683&#038;refresh_token=a7b8dc300c3f82d198b93875198ec011&#038;from=476444299&#038;idc=my&#038;ps=933b5bde&#038;shcp=9b759fb9&#038;shp=1c65f68b&#038;t=555f072d\" width=\"1080\" height=\"1080\"><\/p>\n<p>Ce pendentif Flying Pixiu n&#039;est pas seulement un accessoire \u00e9l\u00e9gant, mais porte \u00e9galement l&#039;\u00e9nergie positive associ\u00e9e \u00e0 cette cr\u00e9ature mythique de la culture chinoise.<\/p>\n<ul>\n<li>Cette pi\u00e8ce polyvalente est parfaite pour les occasions d\u00e9contract\u00e9es et peut \u00eatre port\u00e9e par toute personne souhaitant ajouter une touche d&#039;\u00e9l\u00e9gance \u00e0 sa tenue.<\/li>\n<\/ul>\n<p><strong>La jad\u00e9ite naturelle n&#039;est pas parfaite, juste un petit rappel : notre jad\u00e9ite naturelle, comme toutes les belles choses de la nature, poss\u00e8de ses caract\u00e9ristiques et ses variations uniques. Nous invitons nos pr\u00e9cieux clients \u00e0 adopter ces variations naturelles. Bon shopping !<\/strong><\/p>\n<p><\/p>\n<p><strong><u>Aucune des photos et des s\u00e9quences vid\u00e9o n&#039;a \u00e9t\u00e9 filtr\u00e9e. Nous encourageons nos clients \u00e0 regarder \u00e9galement les vid\u00e9os d&#039;accompagnement pour une vue plus compl\u00e8te de nos produits<\/u><\/strong><\/p>\n<p><\/p>\n<ul>\n<li>Diff\u00e9rentes plates-formes ne peuvent visionner des vid\u00e9os que via le bureau<\/li>\n<\/ul>","protected":false},"excerpt":{"rendered":"<p>Introducing the exquisite Flying Pixiu pendant crafted on natural Jadeite Jade, now available in Singapore. This unique piece features a movable ball in its mouth and comes with a QIC labs approved certificate for authenticity. Certificate numbers: 5824032603807 Weighing: 49.07 grams Measurement: 45.8 * 23.2 * 19.7 mm Jade Type: Jadeite Certificate Included: Yes Made [&hellip;]<\/p>","protected":false},"featured_media":11073,"comment_status":"open","ping_status":"closed","template":"","meta":[],"product_brand":[],"product_cat":[194],"product_tag":[52,55,56,58,73,85,74,60,61],"class_list":{"0":"post-11060","1":"product","2":"type-product","3":"status-publish","4":"has-post-thumbnail","6":"product_cat-value-picks","7":"product_tag-certified","8":"product_tag-jadeite","9":"product_tag-limited-editions","10":"product_tag-new-arrivals","11":"product_tag-pendant","12":"product_tag-pixiu","13":"product_tag-qic-approved-certificate","14":"product_tag-type-a-jadeite","15":"product_tag-unisex","17":"first","18":"instock","19":"sale","20":"shipping-taxable","21":"purchasable","22":"product-type-simple"},"_links":{"self":[{"href":"https:\/\/shop.yipinqian.com\/fr\/wp-json\/wp\/v2\/product\/11060","targetHints":{"allow":["GET"]}}],"collection":[{"href":"https:\/\/shop.yipinqian.com\/fr\/wp-json\/wp\/v2\/product"}],"about":[{"href":"https:\/\/shop.yipinqian.com\/fr\/wp-json\/wp\/v2\/types\/product"}],"replies":[{"embeddable":true,"href":"https:\/\/shop.yipinqian.com\/fr\/wp-json\/wp\/v2\/comments?post=11060"}],"version-history":[{"count":0,"href":"https:\/\/shop.yipinqian.com\/fr\/wp-json\/wp\/v2\/product\/11060\/revisions"}],"wp:featuredmedia":[{"embeddable":true,"href":"https:\/\/shop.yipinqian.com\/fr\/wp-json\/wp\/v2\/media\/11073"}],"wp:attachment":[{"href":"https:\/\/shop.yipinqian.com\/fr\/wp-json\/wp\/v2\/media?parent=11060"}],"wp:term":[{"taxonomy":"product_brand","embeddable":true,"href":"https:\/\/shop.yipinqian.com\/fr\/wp-json\/wp\/v2\/product_brand?post=11060"},{"taxonomy":"product_cat","embeddable":true,"href":"https:\/\/shop.yipinqian.com\/fr\/wp-json\/wp\/v2\/product_cat?post=11060"},{"taxonomy":"product_tag","embeddable":true,"href":"https:\/\/shop.yipinqian.com\/fr\/wp-json\/wp\/v2\/product_tag?post=11060"}],"curies":[{"name":"wp","href":"https:\/\/api.w.org\/{rel}","templated":true}]}}