{"id":9623,"date":"2024-11-03T06:21:50","date_gmt":"2024-11-02T22:21:50","guid":{"rendered":"https:\/\/shop.yipinqian.com\/a-bamboo-with-pixiu-crafted-on-light-green-hue-with-light-lavender-natural-type-a-burmese-jadeite-jewellery-certificate-weighs-23-91-grams-measurement-50-3-20-6-12-8-mm-pendant-318\/"},"modified":"2025-02-24T00:49:49","modified_gmt":"2025-02-23T16:49:49","slug":"a-bamboo-with-pixiu-crafted-on-light-green-hue-with-light-lavender-natural-type-a-burmese-jadeite-jewellery-certificate-weighs-23-91-grams-measurement-50-3-20-6-12-8-mm-pendant-318","status":"publish","type":"product","link":"https:\/\/shop.yipinqian.com\/es\/producto\/a-bamboo-with-pixiu-crafted-on-light-green-hue-with-light-lavender-natural-type-a-burmese-jadeite-jewellery-certificate-weighs-23-91-grams-measurement-50-3-20-6-12-8-mm-pendant-318\/","title":{"rendered":"Un bamb\u00fa con Pixiu elaborado en tono verde claro con lavanda claro. El certificado de joyer\u00eda de jade\u00edta birmana tipo A natural pesa 23,91 gramos y mide 50,3 x 20,6 x 12,8 mm (colgante 318)."},"content":{"rendered":"<p>Este exquisito collar de jade presenta un dise\u00f1o de bamb\u00fa con Pixiu, elaborado en un tono verde claro con toques de lavanda claro, que muestra la belleza de la jade\u00edta birmana tipo A natural.<\/p>\n<p><\/p>\n<p>N\u00fameros de certificado: ZS22112101213<\/p>\n<p><img fetchpriority=\"high\" decoding=\"async\" src=\"https:\/\/shop.yipinqian.com\/wp-content\/uploads\/2024\/11\/d22885689e334e55acbdbf855f90cc04tplv-aphluv4xwc-origin-jpeg.jpeg?dr=15568&#038;nonce=69917&#038;refresh_token=44008c01322417bb6cfcb1fbf716c210&#038;from=476444299&#038;idc=my&#038;ps=933b5bde&#038;shcp=9b759fb9&#038;shp=1c65f68b&#038;t=555f072d\" width=\"1080\" height=\"1080\"><\/p>\n<ul>\n<li>\n<strong>Peso:<\/strong> 23,91 gramos<\/li>\n<li>\n<strong>Medici\u00f3n:<\/strong> 50,3 x 20,6 x 12,8 mm (tama\u00f1o del colgante: 318)<\/li>\n<\/ul>\n<p><img decoding=\"async\" src=\"https:\/\/shop.yipinqian.com\/wp-content\/uploads\/2024\/11\/86a8ac77618d4776a14acaa81a9255e1tplv-aphluv4xwc-origin-jpeg.jpeg?dr=15568&#038;nonce=66674&#038;refresh_token=172250f053a17f4686763cd3d76173d5&#038;from=476444299&#038;idc=my&#038;ps=933b5bde&#038;shcp=9b759fb9&#038;shp=1c65f68b&#038;t=555f072d\" width=\"1080\" height=\"1080\"><\/p>\n<p>El collar viene con un certificado de autenticidad y es originario de Myanmar, conocido por su rica herencia de jade.<\/p>\n<ul>\n<li>\n<strong>Ocasi\u00f3n:<\/strong> Perfecto para uso diario.<\/li>\n<li>\n<strong>Tipo de jade:<\/strong> Jade\u00edta de alta calidad<\/li>\n<li>Estilo del collar: informal y vers\u00e1til para uso diario.<\/li>\n<\/ul>\n<p><\/p>\n<p>Esta pieza unisex es un s\u00edmbolo de fuerza, buena fortuna y protecci\u00f3n, lo que la convierte no solo en un accesorio elegante, sino tambi\u00e9n en una adici\u00f3n significativa a su colecci\u00f3n.<\/p>\n<p><\/p>\n<p><strong>La jade\u00edta natural no es perfecta, solo un peque\u00f1o recordatorio: nuestra jade\u00edta natural, como todas las cosas hermosas de la naturaleza, tiene sus caracter\u00edsticas y variaciones \u00fanicas. Invitamos a nuestros valiosos clientes a adoptar estas variaciones naturales. \u00a1Felices compras!<\/strong><\/p>\n<p><\/p>\n<p><strong><u>Ninguna de las fotograf\u00edas ni los v\u00eddeos han sido filtrados. Animamos a nuestros clientes a que vean tambi\u00e9n los v\u00eddeos adjuntos para tener una visi\u00f3n m\u00e1s completa de nuestros productos.<\/u><\/strong><\/p>\n<p><\/p>\n<ul>\n<li>Las diferentes plataformas solo pueden ver videos a trav\u00e9s de la computadora de escritorio<\/li>\n<\/ul>","protected":false},"excerpt":{"rendered":"<p>This exquisite jade necklace features a Bamboo with Pixiu design, crafted on a light green hue with hints of light lavender, showcasing the beauty of natural Type A Burmese Jadeite. Certificate numbers: ZS22112101213 Weight: 23.91 grams Measurement: 50.3 * 20.6 * 12.8 mm (pendant size: 318) The necklace comes with a certificate of authenticity and [&hellip;]<\/p>","protected":false},"featured_media":9641,"comment_status":"open","ping_status":"closed","template":"","meta":[],"product_brand":[],"product_cat":[194],"product_tag":[52,65,56,58,73,85,60,61,62],"class_list":{"0":"post-9623","1":"product","2":"type-product","3":"status-publish","4":"has-post-thumbnail","6":"product_cat-value-picks","7":"product_tag-certified","8":"product_tag-high-quality","9":"product_tag-limited-editions","10":"product_tag-new-arrivals","11":"product_tag-pendant","12":"product_tag-pixiu","13":"product_tag-type-a-jadeite","14":"product_tag-unisex","15":"product_tag-yi-pin-qian-exclusive","17":"first","18":"instock","19":"sale","20":"shipping-taxable","21":"purchasable","22":"product-type-simple"},"_links":{"self":[{"href":"https:\/\/shop.yipinqian.com\/es\/wp-json\/wp\/v2\/product\/9623","targetHints":{"allow":["GET"]}}],"collection":[{"href":"https:\/\/shop.yipinqian.com\/es\/wp-json\/wp\/v2\/product"}],"about":[{"href":"https:\/\/shop.yipinqian.com\/es\/wp-json\/wp\/v2\/types\/product"}],"replies":[{"embeddable":true,"href":"https:\/\/shop.yipinqian.com\/es\/wp-json\/wp\/v2\/comments?post=9623"}],"version-history":[{"count":0,"href":"https:\/\/shop.yipinqian.com\/es\/wp-json\/wp\/v2\/product\/9623\/revisions"}],"wp:featuredmedia":[{"embeddable":true,"href":"https:\/\/shop.yipinqian.com\/es\/wp-json\/wp\/v2\/media\/9641"}],"wp:attachment":[{"href":"https:\/\/shop.yipinqian.com\/es\/wp-json\/wp\/v2\/media?parent=9623"}],"wp:term":[{"taxonomy":"product_brand","embeddable":true,"href":"https:\/\/shop.yipinqian.com\/es\/wp-json\/wp\/v2\/product_brand?post=9623"},{"taxonomy":"product_cat","embeddable":true,"href":"https:\/\/shop.yipinqian.com\/es\/wp-json\/wp\/v2\/product_cat?post=9623"},{"taxonomy":"product_tag","embeddable":true,"href":"https:\/\/shop.yipinqian.com\/es\/wp-json\/wp\/v2\/product_tag?post=9623"}],"curies":[{"name":"wp","href":"https:\/\/api.w.org\/{rel}","templated":true}]}}