{"id":9017,"date":"2024-10-28T20:04:42","date_gmt":"2024-10-28T12:04:42","guid":{"rendered":"https:\/\/shop.yipinqian.com\/product\/high-quality-light-green-hue-with-yellow-patches-natural-type-a-jadeite-jade-crafted-as-the-flying-pixiu-as-pendant-certificate-weighs-85-45-grams-measurement-54-54-6-14-6-mm-pendant312\/"},"modified":"2025-02-24T00:49:49","modified_gmt":"2025-02-23T16:49:49","slug":"high-quality-light-green-hue-with-yellow-patches-natural-type-a-jadeite-jade-crafted-as-the-flying-pixiu-as-pendant-certificate-weighs-85-45-grams-measurement-54-54-6-14-6-mm-pendant312","status":"publish","type":"product","link":"https:\/\/shop.yipinqian.com\/es\/producto\/high-quality-light-green-hue-with-yellow-patches-natural-type-a-jadeite-jade-crafted-as-the-flying-pixiu-as-pendant-certificate-weighs-85-45-grams-measurement-54-54-6-14-6-mm-pendant312\/","title":{"rendered":"Colgante de jade\u00edta natural tipo A de tono verde claro de alta calidad con manchas amarillas elaborado como el pixiu volador, certificado, pesa 85,45 gramos, medida 54 * 54,6 * 14,6 mm (colgante 312)"},"content":{"rendered":"<p>Mejore su estilo con este exquisito colgante de jade\u00edta natural tipo A de tono verde claro de alta calidad con manchas amarillas, elaborado con la forma de un pixiu volador.<\/p>\n<p><\/p>\n<p>N\u00fameros de certificado: 911289030030<\/p>\n<p><img fetchpriority=\"high\" decoding=\"async\" src=\"https:\/\/shop.yipinqian.com\/wp-content\/uploads\/2024\/10\/c484a818873e4589a42ffac1ee8ff068tplv-aphluv4xwc-origin-jpeg.jpeg?dr=15568&amp;nonce=50425&amp;refresh_token=5980ba91b6bd6dc99824636eb3321fed&amp;from=476444299&amp;idc=my&amp;ps=933b5bde&amp;shcp=9b759fb9&amp;shp=1c65f68b&amp;t=555f072d\" width=\"1080\" height=\"1080\"><\/p>\n<ul>\n<li>\n<strong>Material:<\/strong> Jade\u00edta natural tipo A<\/li>\n<li>\n<strong>Color:<\/strong> Verde claro con manchas amarillas<\/li>\n<li>\n<strong>Pesa:<\/strong> 85,45 gramos<\/li>\n<li>\n<strong>Certificado:<\/strong> S\u00ed<\/li>\n<li>\n<strong>Pa\u00eds de origen certificado:<\/strong> Birmania<\/li>\n<li>\n<strong>Ocasi\u00f3n:<\/strong>Propicio<\/li>\n<li>El colgante mide 54 * 54,6 * 14,6 mm, lo que lo convierte en una pieza destacada que es a la vez elegante y \u00fanica.<\/li>\n<li>Esta pieza presenta un dise\u00f1o unisex, adecuado tanto para hombres como para mujeres. El estilo del collar es informal, perfecto para usar a diario o en ocasiones especiales. Agregue un toque de misticismo y tradici\u00f3n a su colecci\u00f3n de joyas con este impresionante colgante de jade.<\/li>\n<\/ul>\n<p><img decoding=\"async\" src=\"https:\/\/shop.yipinqian.com\/wp-content\/uploads\/2024\/10\/157711a86d524723b3aea762bd106a89tplv-aphluv4xwc-origin-jpeg.jpeg?dr=15568&amp;nonce=90723&amp;refresh_token=6b975ff5da69dee0ff807d506214685a&amp;from=476444299&amp;idc=my&amp;ps=933b5bde&amp;shcp=9b759fb9&amp;shp=1c65f68b&amp;t=555f072d\" width=\"1080\" height=\"1080\"><\/p>\n<p><strong>La jade\u00edta natural no es perfecta, solo un peque\u00f1o recordatorio: nuestra jade\u00edta natural, como todas las cosas hermosas de la naturaleza, tiene sus caracter\u00edsticas y variaciones \u00fanicas. Invitamos a nuestros valiosos clientes a adoptar estas variaciones naturales. \u00a1Felices compras!<\/strong><\/p>\n<p><\/p>\n<p><strong><u>Ninguna de las fotograf\u00edas ni los v\u00eddeos han sido filtrados. Animamos a nuestros clientes a que vean tambi\u00e9n los v\u00eddeos adjuntos para tener una visi\u00f3n m\u00e1s completa de nuestros productos.<\/u><\/strong><\/p>\n<p><\/p>\n<ul>\n<li>Las diferentes plataformas solo pueden ver videos a trav\u00e9s de la computadora de escritorio<\/li>\n<\/ul>","protected":false},"excerpt":{"rendered":"<p>Enhance your style with this exquisite High Quality Light Green Hue with Yellow Patches Natural Type A Jadeite Jade pendant, crafted in the shape of a flying pixiu. Certificate numbers: 911289030030 Material: Natural Type A Jadeite Jade Color: Light Green with Yellow Patches Weighs: 85.45 grams Certificate: Yes Certified Country of Origin: Myanmar Ocassion:Auspicious The [&hellip;]<\/p>","protected":false},"featured_media":9155,"comment_status":"open","ping_status":"closed","template":"","meta":[],"product_brand":[],"product_cat":[194],"product_tag":[79,65,55,56,58,73,85,60,61,68,62],"class_list":{"0":"post-9017","1":"product","2":"type-product","3":"status-publish","4":"has-post-thumbnail","6":"product_cat-value-picks","7":"product_tag-green-hue","8":"product_tag-high-quality","9":"product_tag-jadeite","10":"product_tag-limited-editions","11":"product_tag-new-arrivals","12":"product_tag-pendant","13":"product_tag-pixiu","14":"product_tag-type-a-jadeite","15":"product_tag-unisex","16":"product_tag-yellow","17":"product_tag-yi-pin-qian-exclusive","19":"first","20":"instock","21":"sale","22":"shipping-taxable","23":"purchasable","24":"product-type-simple"},"_links":{"self":[{"href":"https:\/\/shop.yipinqian.com\/es\/wp-json\/wp\/v2\/product\/9017","targetHints":{"allow":["GET"]}}],"collection":[{"href":"https:\/\/shop.yipinqian.com\/es\/wp-json\/wp\/v2\/product"}],"about":[{"href":"https:\/\/shop.yipinqian.com\/es\/wp-json\/wp\/v2\/types\/product"}],"replies":[{"embeddable":true,"href":"https:\/\/shop.yipinqian.com\/es\/wp-json\/wp\/v2\/comments?post=9017"}],"version-history":[{"count":0,"href":"https:\/\/shop.yipinqian.com\/es\/wp-json\/wp\/v2\/product\/9017\/revisions"}],"wp:featuredmedia":[{"embeddable":true,"href":"https:\/\/shop.yipinqian.com\/es\/wp-json\/wp\/v2\/media\/9155"}],"wp:attachment":[{"href":"https:\/\/shop.yipinqian.com\/es\/wp-json\/wp\/v2\/media?parent=9017"}],"wp:term":[{"taxonomy":"product_brand","embeddable":true,"href":"https:\/\/shop.yipinqian.com\/es\/wp-json\/wp\/v2\/product_brand?post=9017"},{"taxonomy":"product_cat","embeddable":true,"href":"https:\/\/shop.yipinqian.com\/es\/wp-json\/wp\/v2\/product_cat?post=9017"},{"taxonomy":"product_tag","embeddable":true,"href":"https:\/\/shop.yipinqian.com\/es\/wp-json\/wp\/v2\/product_tag?post=9017"}],"curies":[{"name":"wp","href":"https:\/\/api.w.org\/{rel}","templated":true}]}}