{"id":9011,"date":"2024-10-28T20:04:36","date_gmt":"2024-10-28T12:04:36","guid":{"rendered":"https:\/\/shop.yipinqian.com\/product\/diy-crafting-with-enlightenment-hand-wrap-gf14k-as-pendant-on-natural-type-a-jadeite-jade-with-certificate-weighs-19-33-grams-made-in-singapore-pendant311\/"},"modified":"2025-01-26T00:00:48","modified_gmt":"2025-01-25T16:00:48","slug":"diy-crafting-with-enlightenment-hand-wrap-gf14k-as-pendant-on-natural-type-a-jadeite-jade-with-certificate-weighs-19-33-grams-made-in-singapore-pendant311","status":"publish","type":"product","link":"https:\/\/shop.yipinqian.com\/es\/producto\/diy-crafting-with-enlightenment-hand-wrap-gf14k-as-pendant-on-natural-type-a-jadeite-jade-with-certificate-weighs-19-33-grams-made-in-singapore-pendant311\/","title":{"rendered":"# Vendido \u2013 Manualidades DIY con iluminaci\u00f3n, colgante GF14k envuelto a mano en jade\u00edta natural tipo A con certificado, pesa 19,33 gramos ~ Hecho en Singapur (pendant311)"},"content":{"rendered":"<p>Este colgante DIY Crafting with Enlightenment presenta un dise\u00f1o GF14k envuelto a mano en un impresionante jade\u00edta natural tipo A, con un peso de 19,33 gramos. Fabricado en Singapur, este colgante \u00fanico (pendant311) viene con un certificado de autenticidad.<\/p>\n<p>&nbsp;<\/p>\n<p><strong>Nota: Este colgante fue elaborado con un dise\u00f1o muy simple. <u>No apto para coleccionistas exigentes de alta gama. <\/u>El peso ser\u00e1 diferente al del certificado, ya que fue refabricado para Enlightenment en Singapur. C\u00f3mprelo solo si desea obtener algo diferente. GF14k no es 14k, se mezcla con un porcentaje muy bajo de 14k sobre el metal para envolverlo usted mismo. Este colgante pas\u00f3 por un proceso de elaboraci\u00f3n simple, lijado, pulido y envuelto a mano para lanzarlo a un precio especial. Anteriormente, solo lo hac\u00edamos por diversi\u00f3n. Pero estamos cada vez m\u00e1s ocupados con m\u00faltiples tareas para la empresa. (Consid\u00e9relo antes de comprarlo, ya que es solo un colgante b\u00e1sico de calidad normal)<\/strong><\/p>\n<p>&nbsp;<\/p>\n<p>N\u00fameros de certificado: ZS240319048<\/p>\n<p>Medida: 65,5*<em> 26.2 <\/em>* 7 mm (con medida de envoltura)<\/p>\n<p><img fetchpriority=\"high\" decoding=\"async\" class=\"alignnone\" src=\"https:\/\/shop.yipinqian.com\/wp-content\/uploads\/2024\/10\/0cffdcd81f344ecc9628816f0a2fc1d0tplv-aphluv4xwc-origin-jpeg.jpeg?dr=15568&amp;nonce=57740&amp;refresh_token=700f48bf415eb2e05b510eb9ddb15c81&amp;from=476444299&amp;idc=my&amp;ps=933b5bde&amp;shcp=9b759fb9&amp;shp=1c65f68b&amp;t=555f072d\" alt=\"DIY Crafting with Enlightenment\" width=\"617\" height=\"576\" \/><img decoding=\"async\" src=\"https:\/\/shop.yipinqian.com\/wp-content\/uploads\/2024\/10\/e39ea073162b4c3fbf46deb8b774615atplv-aphluv4xwc-origin-jpeg.jpeg?dr=15568&amp;nonce=12251&amp;refresh_token=038368610a17194c74e5d63b44dc1e64&amp;from=476444299&amp;idc=my&amp;ps=933b5bde&amp;shcp=9b759fb9&amp;shp=1c65f68b&amp;t=555f072d\" width=\"624\" height=\"588\" \/><\/p>\n<ul>\n<li><strong>Con Certificado:<\/strong> S\u00ed<\/li>\n<li><strong>Material secundario:<\/strong> Ninguno<\/li>\n<li><strong>Material de configuraci\u00f3n:<\/strong> GF14k<\/li>\n<li><strong>Tipo de jade:<\/strong> Jade\u00edta<\/li>\n<li>Pa\u00eds de origen: Myanmar Ideal tanto para hombres como para mujeres, este accesorio de collar informal rezuma elegancia y sofisticaci\u00f3n. Una pieza perfecta para agregar a su colecci\u00f3n de joyas. Este colgante DIY es perfecto para quienes aprecian las piezas de joyer\u00eda \u00fanicas. Ideal para uso diario o para ocasiones especiales, agregando un toque de belleza natural a su atuendo.<\/li>\n<\/ul>\n<p><img decoding=\"async\" src=\"https:\/\/shop.yipinqian.com\/wp-content\/uploads\/2024\/10\/04ad208c33f04a48bc1830e717a65111tplv-aphluv4xwc-origin-jpeg.jpeg?dr=15568&amp;nonce=31813&amp;refresh_token=9a05ad1072d51c3fbd1dbb917925b703&amp;from=476444299&amp;idc=my&amp;ps=933b5bde&amp;shcp=9b759fb9&amp;shp=1c65f68b&amp;t=555f072d\" width=\"1080\" height=\"1080\" \/><img loading=\"lazy\" decoding=\"async\" src=\"https:\/\/shop.yipinqian.com\/wp-content\/uploads\/2024\/10\/565cc29a696948afad783e7f9ea29317tplv-aphluv4xwc-origin-jpeg.jpeg?dr=15568&amp;nonce=33215&amp;refresh_token=f5f38359cc53e2055b49da53fe9d0035&amp;from=476444299&amp;idc=my&amp;ps=933b5bde&amp;shcp=9b759fb9&amp;shp=1c65f68b&amp;t=555f072d\" width=\"1080\" height=\"1080\" \/><img loading=\"lazy\" decoding=\"async\" src=\"https:\/\/shop.yipinqian.com\/wp-content\/uploads\/2024\/10\/4767fa1377fd4f4585178444b266998dtplv-aphluv4xwc-origin-jpeg.jpeg?dr=15568&amp;nonce=57302&amp;refresh_token=081753c23368497fe82133f1c97ebacb&amp;from=476444299&amp;idc=my&amp;ps=933b5bde&amp;shcp=9b759fb9&amp;shp=1c65f68b&amp;t=555f072d\" width=\"1080\" height=\"1080\" \/><img loading=\"lazy\" decoding=\"async\" src=\"https:\/\/shop.yipinqian.com\/wp-content\/uploads\/2024\/10\/014178ea848049518371686ce178bdadtplv-aphluv4xwc-origin-jpeg.jpeg?dr=15568&amp;nonce=39394&amp;refresh_token=c87d038dca9a4d9a5143b60724048845&amp;from=476444299&amp;idc=my&amp;ps=933b5bde&amp;shcp=9b759fb9&amp;shp=1c65f68b&amp;t=555f072d\" width=\"609\" height=\"575\" \/><img loading=\"lazy\" decoding=\"async\" src=\"https:\/\/shop.yipinqian.com\/wp-content\/uploads\/2024\/10\/8baaf00a57064ce78c3216267fac9e1btplv-aphluv4xwc-origin-jpeg.jpeg?dr=15568&amp;nonce=23698&amp;refresh_token=3705db56535ecf7d6ca804a5f9137554&amp;from=476444299&amp;idc=my&amp;ps=933b5bde&amp;shcp=9b759fb9&amp;shp=1c65f68b&amp;t=555f072d\" width=\"623\" height=\"589\" \/><\/p>\n<p><strong>La jade\u00edta natural no es perfecta, solo un peque\u00f1o recordatorio: nuestra jade\u00edta natural, como todas las cosas hermosas de la naturaleza, tiene sus caracter\u00edsticas y variaciones \u00fanicas. Invitamos a nuestros valiosos clientes a adoptar estas variaciones naturales. \u00a1Felices compras!<\/strong><\/p>\n<p>&nbsp;<\/p>\n<p><strong><u>Ninguna de las fotograf\u00edas ni los v\u00eddeos han sido filtrados. Animamos a nuestros clientes a que vean tambi\u00e9n los v\u00eddeos adjuntos para tener una visi\u00f3n m\u00e1s completa de nuestros productos.<\/u><\/strong><\/p>\n<p>&nbsp;<\/p>\n<ul>\n<li>Las diferentes plataformas solo pueden ver videos a trav\u00e9s de la computadora de escritorio<\/li>\n<\/ul>","protected":false},"excerpt":{"rendered":"<p>DIY Crafting with Enlightenment &#8211; Sold<\/p>","protected":false},"featured_media":9115,"comment_status":"open","ping_status":"closed","template":"","meta":[],"product_brand":[],"product_cat":[83,126,48],"product_tag":[52,138,55,98,58,73,60,61,62],"class_list":{"0":"post-9011","1":"product","2":"type-product","3":"status-publish","4":"has-post-thumbnail","6":"product_cat-jade-necklaces-pendants","7":"product_cat-new-arrivals","8":"product_cat-pendants","9":"product_tag-certified","10":"product_tag-diy","11":"product_tag-jadeite","12":"product_tag-necklace","13":"product_tag-new-arrivals","14":"product_tag-pendant","15":"product_tag-type-a-jadeite","16":"product_tag-unisex","17":"product_tag-yi-pin-qian-exclusive","19":"first","20":"outofstock","21":"sale","22":"shipping-taxable","23":"purchasable","24":"product-type-simple"},"_links":{"self":[{"href":"https:\/\/shop.yipinqian.com\/es\/wp-json\/wp\/v2\/product\/9011","targetHints":{"allow":["GET"]}}],"collection":[{"href":"https:\/\/shop.yipinqian.com\/es\/wp-json\/wp\/v2\/product"}],"about":[{"href":"https:\/\/shop.yipinqian.com\/es\/wp-json\/wp\/v2\/types\/product"}],"replies":[{"embeddable":true,"href":"https:\/\/shop.yipinqian.com\/es\/wp-json\/wp\/v2\/comments?post=9011"}],"version-history":[{"count":0,"href":"https:\/\/shop.yipinqian.com\/es\/wp-json\/wp\/v2\/product\/9011\/revisions"}],"wp:featuredmedia":[{"embeddable":true,"href":"https:\/\/shop.yipinqian.com\/es\/wp-json\/wp\/v2\/media\/9115"}],"wp:attachment":[{"href":"https:\/\/shop.yipinqian.com\/es\/wp-json\/wp\/v2\/media?parent=9011"}],"wp:term":[{"taxonomy":"product_brand","embeddable":true,"href":"https:\/\/shop.yipinqian.com\/es\/wp-json\/wp\/v2\/product_brand?post=9011"},{"taxonomy":"product_cat","embeddable":true,"href":"https:\/\/shop.yipinqian.com\/es\/wp-json\/wp\/v2\/product_cat?post=9011"},{"taxonomy":"product_tag","embeddable":true,"href":"https:\/\/shop.yipinqian.com\/es\/wp-json\/wp\/v2\/product_tag?post=9011"}],"curies":[{"name":"wp","href":"https:\/\/api.w.org\/{rel}","templated":true}]}}