{"id":9005,"date":"2024-10-28T20:04:33","date_gmt":"2024-10-28T12:04:33","guid":{"rendered":"https:\/\/shop.yipinqian.com\/product\/crafted-as-guanyin-with-yellow-natural-type-a-jadeite-jade-pendant-necklace-certificate-weighs-36-58-grams-measurement-53-5-36-9-12-mm-pendant310\/"},"modified":"2025-01-09T01:30:51","modified_gmt":"2025-01-08T17:30:51","slug":"crafted-as-guanyin-with-yellow-natural-type-a-jadeite-jade-pendant-necklace-certificate-weighs-36-58-grams-measurement-53-5-36-9-12-mm-pendant310","status":"publish","type":"product","link":"https:\/\/shop.yipinqian.com\/es\/producto\/crafted-as-guanyin-with-yellow-natural-type-a-jadeite-jade-pendant-necklace-certificate-weighs-36-58-grams-measurement-53-5-36-9-12-mm-pendant310\/","title":{"rendered":"Collar colgante de jade\u00edta natural tipo A amarillo Guanyin elaborado a mano, peso 36,58 gramos, medida 53,5 * 36,9 * 12 mm (colgante 310)"},"content":{"rendered":"<p>Este exquisito collar presenta un dise\u00f1o Guanyin meticulosamente elaborado, hecho con impresionante jade\u00edta natural tipo A amarillo.<\/p>\n<p><\/p>\n<p>N\u00fameros de certificado: ZGDTD080096<\/p>\n<p><img fetchpriority=\"high\" decoding=\"async\" src=\"https:\/\/shop.yipinqian.com\/wp-content\/uploads\/2024\/10\/2061698d6e62429583e3c7e3a8e146c6tplv-aphluv4xwc-origin-jpeg.jpeg?dr=15568&#038;nonce=13444&#038;refresh_token=49150d7a81063e8ab7d42d8b93439f9c&#038;from=476444299&#038;idc=my&#038;ps=933b5bde&#038;shcp=9b759fb9&#038;shp=1c65f68b&#038;t=555f072d\" width=\"1080\" height=\"1080\"><\/p>\n<ul>\n<li><strong>Caracter\u00edsticas principales:<\/strong><\/li>\n<li>Pesa 36,58 gramos<\/li>\n<li>Medida: 53,5 * 36,9 * 12 mm<\/li>\n<li>Viene con un certificado (S\u00ed)<\/li>\n<li>Originario de Myanmar<\/li>\n<\/ul>\n<p><img decoding=\"async\" src=\"https:\/\/shop.yipinqian.com\/wp-content\/uploads\/2024\/10\/6ef593a6142d4a6391d95ab2a62b81aatplv-aphluv4xwc-origin-jpeg.jpeg?dr=15568&#038;nonce=54562&#038;refresh_token=7e86b90bd30ba0d2e62cad524b60aef3&#038;from=476444299&#038;idc=my&#038;ps=933b5bde&#038;shcp=9b759fb9&#038;shp=1c65f68b&#038;t=555f072d\" width=\"1080\" height=\"1080\"><\/p>\n<p>El collar colgante est\u00e1 dise\u00f1ado para brindar vibraciones auspiciosas, perfecto para cualquier ocasi\u00f3n y adecuado tanto para hombres como para mujeres.<\/p>\n<ul>\n<li><strong>Informaci\u00f3n adicional:<\/strong><\/li>\n<li>Tipo de jade: jade\u00edta<\/li>\n<li>Estilo del collar: Casual<\/li>\n<li>Sin garant\u00eda<\/li>\n<\/ul>\n<p>Yi Pin Qian \u2013 Comerciante de piedras preciosas y metales preciosos en Singapur \u2013 N\u00famero de licencia PS20190000031<\/p>\n<p><\/p>\n<p>*Todos los jade\u00edtas comprados a Yi Pin Qian en Singapur, los clientes pueden reservar espacios para pulirlos o hacer reparaciones menores por mal manejo; se aplican tarifas y solo para los clientes de Yi Pin Qian en Singapur*<\/p>\n<p><\/p>\n<p><strong>**Tipos de certificados**<\/strong><\/p>\n<p><\/p>\n<p><strong>NGI (Gemolog\u00eda Nan Yang)<\/strong><\/p>\n<p>o <strong>Certificados en el extranjero <\/strong>(Yi Pin Qian solo utiliza certificados aut\u00e9nticos de laboratorios extranjeros y tambi\u00e9n controla la calidad de cada uno de nuestros productos antes de ponerlos a la venta en SG)<\/p>\n<p><\/p>\n<p>Todos los productos de TikTok contar\u00e1n con el tipo de certificado que se indica en la descripci\u00f3n. Para cualquier cliente que desee enviar su pedido a NGI Singapur, habr\u00e1 un tiempo de espera para la entrega del pedido estimado de aproximadamente 4 semanas para recibirlo. <strong>Las solicitudes de informes de NGI Gemstone deben realizarse envi\u00e1ndonos un mensaje.<\/strong> Gracias, <strong><u>Se aplican tarifas adicionales<\/u><\/strong>.<\/p>\n<p><\/p>\n<p><strong>La jade\u00edta natural no es perfecta, solo un peque\u00f1o recordatorio: nuestra jade\u00edta natural, como todas las cosas hermosas de la naturaleza, tiene sus caracter\u00edsticas y variaciones \u00fanicas. Invitamos a nuestros valiosos clientes a adoptar estas variaciones naturales. \u00a1Felices compras!<\/strong><\/p>\n<p><\/p>\n<p><strong><u>Ninguna de las fotograf\u00edas ni los v\u00eddeos han sido filtrados. Animamos a nuestros clientes a que vean tambi\u00e9n los v\u00eddeos adjuntos para tener una visi\u00f3n m\u00e1s completa de nuestros productos.<\/u><\/strong><\/p>\n<p><\/p>\n<ul>\n<li>Las diferentes plataformas solo pueden ver videos a trav\u00e9s de la computadora de escritorio<\/li>\n<\/ul>","protected":false},"excerpt":{"rendered":"<p>This exquisite necklace features a meticulously crafted Guanyin design, made with stunning Yellow Natural Type A Jadeite Jade. Certificate numbers: ZGDTD080096 Key Features: Weighs 36.58 grams Measurement: 53.5 * 36.9 * 12 mm Comes with a certificate (Yes) Originates from Myanmar The pendant necklace is designed to bring auspicious vibes, perfect for any occasion and [&hellip;]<\/p>","protected":false},"featured_media":9053,"comment_status":"open","ping_status":"closed","template":"","meta":[],"product_brand":[],"product_cat":[83,126,48],"product_tag":[52,107,65,55,82,56,58,75,60,68,62],"class_list":{"0":"post-9005","1":"product","2":"type-product","3":"status-publish","4":"has-post-thumbnail","6":"product_cat-jade-necklaces-pendants","7":"product_cat-new-arrivals","8":"product_cat-pendants","9":"product_tag-certified","10":"product_tag-guanyin","11":"product_tag-high-quality","12":"product_tag-jadeite","13":"product_tag-light-green","14":"product_tag-limited-editions","15":"product_tag-new-arrivals","16":"product_tag-traditional","17":"product_tag-type-a-jadeite","18":"product_tag-yellow","19":"product_tag-yi-pin-qian-exclusive","21":"first","22":"instock","23":"sale","24":"shipping-taxable","25":"purchasable","26":"product-type-simple"},"_links":{"self":[{"href":"https:\/\/shop.yipinqian.com\/es\/wp-json\/wp\/v2\/product\/9005","targetHints":{"allow":["GET"]}}],"collection":[{"href":"https:\/\/shop.yipinqian.com\/es\/wp-json\/wp\/v2\/product"}],"about":[{"href":"https:\/\/shop.yipinqian.com\/es\/wp-json\/wp\/v2\/types\/product"}],"replies":[{"embeddable":true,"href":"https:\/\/shop.yipinqian.com\/es\/wp-json\/wp\/v2\/comments?post=9005"}],"version-history":[{"count":0,"href":"https:\/\/shop.yipinqian.com\/es\/wp-json\/wp\/v2\/product\/9005\/revisions"}],"wp:featuredmedia":[{"embeddable":true,"href":"https:\/\/shop.yipinqian.com\/es\/wp-json\/wp\/v2\/media\/9053"}],"wp:attachment":[{"href":"https:\/\/shop.yipinqian.com\/es\/wp-json\/wp\/v2\/media?parent=9005"}],"wp:term":[{"taxonomy":"product_brand","embeddable":true,"href":"https:\/\/shop.yipinqian.com\/es\/wp-json\/wp\/v2\/product_brand?post=9005"},{"taxonomy":"product_cat","embeddable":true,"href":"https:\/\/shop.yipinqian.com\/es\/wp-json\/wp\/v2\/product_cat?post=9005"},{"taxonomy":"product_tag","embeddable":true,"href":"https:\/\/shop.yipinqian.com\/es\/wp-json\/wp\/v2\/product_tag?post=9005"}],"curies":[{"name":"wp","href":"https:\/\/api.w.org\/{rel}","templated":true}]}}