{"id":9001,"date":"2024-10-28T20:04:31","date_gmt":"2024-10-28T12:04:31","guid":{"rendered":"https:\/\/shop.yipinqian.com\/product\/burma-premium-quality-icy-translucent-natural-type-a-jadeite-jade-crafted-as-milo-buddha-added-18k-gold-clasp-as-pendant-certificate-weighs-4-9-grams-measurement-18-25-1-7-mm-18kp69\/"},"modified":"2025-02-24T01:17:24","modified_gmt":"2025-02-23T17:17:24","slug":"burma-premium-quality-icy-translucent-natural-type-a-jadeite-jade-crafted-as-milo-buddha-added-18k-gold-clasp-as-pendant-certificate-weighs-4-9-grams-measurement-18-25-1-7-mm-18kp69","status":"publish","type":"product","link":"https:\/\/shop.yipinqian.com\/es\/producto\/burma-premium-quality-icy-translucent-natural-type-a-jadeite-jade-crafted-as-milo-buddha-added-18k-gold-clasp-as-pendant-certificate-weighs-4-9-grams-measurement-18-25-1-7-mm-18kp69\/","title":{"rendered":"Jade\u00edta natural transl\u00facida helada de calidad superior de Birmania tipo A, elaborado como Buda Milo, con cierre de oro de 18 k como colgante, certificado que pesa 4,9 gramos, medida 18 * 25,1 * 7 mm (18kp69)"},"content":{"rendered":"<p>This Burma Premium Quality Icy Translucent Natural Type A Jadeite Jade pendant is expertly crafted in the shape of Milo Buddha, accented with an elegant 18k Gold Clasp.<\/p>\n<p><\/p>\n<p>Certificate numbers: GD2112H009376<\/p>\n<p><img fetchpriority=\"high\" decoding=\"async\" src=\"https:\/\/shop.yipinqian.com\/wp-content\/uploads\/2024\/10\/06fe784420b44943b78406e1e5bdb485tplv-aphluv4xwc-origin-jpeg.jpeg?dr=15568&#038;nonce=1927&#038;refresh_token=b94d1869ea8b06d72179b1d2ca313e98&#038;from=476444299&#038;idc=my&#038;ps=933b5bde&#038;shcp=9b759fb9&#038;shp=1c65f68b&#038;t=555f072d\" width=\"1080\" height=\"1080\"><\/p>\n<ul>\n<li>Material: PT\/Carat Gold: 0.3 grams<\/li>\n<li>Weight: 4.9 grams<\/li>\n<li>Measurement: 18 * 25.1 * 7 mm<\/li>\n<li>Tipo de jade: jade\u00edta<\/li>\n<li>Certificado incluido: S\u00ed<\/li>\n<li>Pa\u00eds de origen: Myanmar<\/li>\n<li>Occasion: Auspicious, perfect for everyday wear or special occasions.<\/li>\n<\/ul>\n<p><img decoding=\"async\" src=\"https:\/\/shop.yipinqian.com\/wp-content\/uploads\/2024\/10\/3be0c7310746406f967a9c0873e683e9tplv-aphluv4xwc-origin-jpeg.jpeg?dr=15568&#038;nonce=26934&#038;refresh_token=78f7c54cdbabe4474b3434450f5471d8&#038;from=476444299&#038;idc=my&#038;ps=933b5bde&#038;shcp=9b759fb9&#038;shp=1c65f68b&#038;t=555f072d\" width=\"1080\" height=\"1080\"><\/p>\n<p>This unique pendant exudes a sense of elegance and spirituality, suitable for both men and women with a unisex design. The icy translucent quality of the jadeite jade adds a touch of sophistication to any outfit.<\/p>\n<ul>\n<li>Necklace Style: Casual, versatile enough to complement various styles and outfits effortlessly.<\/li>\n<\/ul>\n<p>Yi Pin Qian \u2013 Comerciante de piedras preciosas y metales preciosos en Singapur \u2013 N\u00famero de licencia PS20190000031<\/p>\n<p><\/p>\n<p>*Todos los jade\u00edtas comprados a Yi Pin Qian en Singapur, los clientes pueden reservar espacios para pulirlos o hacer reparaciones menores por mal manejo; se aplican tarifas y solo para los clientes de Yi Pin Qian en Singapur*<\/p>\n<p><\/p>\n<p><strong>**Tipos de certificados**<\/strong><\/p>\n<p><\/p>\n<p><strong>NGI (Gemolog\u00eda Nan Yang)<\/strong><\/p>\n<p>o <strong>Certificados en el extranjero <\/strong>(Yi Pin Qian solo utiliza certificados aut\u00e9nticos de laboratorios extranjeros y tambi\u00e9n controla la calidad de cada uno de nuestros productos antes de ponerlos a la venta en SG)<\/p>\n<p><\/p>\n<p>Todos los productos de TikTok contar\u00e1n con el tipo de certificado que se indica en la descripci\u00f3n. Para cualquier cliente que desee enviar su pedido a NGI Singapur, habr\u00e1 un tiempo de espera para la entrega del pedido estimado de aproximadamente 4 semanas para recibirlo. <strong>Las solicitudes de informes de NGI Gemstone deben realizarse envi\u00e1ndonos un mensaje.<\/strong> Gracias, <strong><u>Se aplican tarifas adicionales<\/u><\/strong>.<\/p>\n<p><\/p>\n<p><strong>La jade\u00edta natural no es perfecta, solo un peque\u00f1o recordatorio: nuestra jade\u00edta natural, como todas las cosas hermosas de la naturaleza, tiene sus caracter\u00edsticas y variaciones \u00fanicas. Invitamos a nuestros valiosos clientes a adoptar estas variaciones naturales. \u00a1Felices compras!<\/strong><\/p>\n<p><\/p>\n<p><strong><u>Ninguna de las fotograf\u00edas ni los v\u00eddeos han sido filtrados. Animamos a nuestros clientes a que vean tambi\u00e9n los v\u00eddeos adjuntos para tener una visi\u00f3n m\u00e1s completa de nuestros productos.<\/u><\/strong><\/p>\n<p><\/p>\n<ul>\n<li>Las diferentes plataformas solo pueden ver videos a trav\u00e9s de la computadora de escritorio<\/li>\n<\/ul>","protected":false},"excerpt":{"rendered":"<p>This Burma Premium Quality Icy Translucent Natural Type A Jadeite Jade pendant is expertly crafted in the shape of Milo Buddha, accented with an elegant 18k Gold Clasp. Certificate numbers: GD2112H009376 Material: PT\/Carat Gold: 0.3 grams Weight: 4.9 grams Measurement: 18 * 25.1 * 7 mm Jade Type: Jadeite Certificate Included: Yes Country of Origin: [&hellip;]<\/p>","protected":false},"featured_media":9027,"comment_status":"open","ping_status":"closed","template":"","meta":[],"product_brand":[],"product_cat":[195],"product_tag":[50,51,52,53,65,54,55,56,57,58,73,59,60,61,62],"class_list":{"0":"post-9001","1":"product","2":"type-product","3":"status-publish","4":"has-post-thumbnail","6":"product_cat-heirloom-grade","7":"product_tag-18k-gold","8":"product_tag-buddha","9":"product_tag-certified","10":"product_tag-fine-quality","11":"product_tag-high-quality","12":"product_tag-icy","13":"product_tag-jadeite","14":"product_tag-limited-editions","15":"product_tag-milo-buddha","16":"product_tag-new-arrivals","17":"product_tag-pendant","18":"product_tag-translucent","19":"product_tag-type-a-jadeite","20":"product_tag-unisex","21":"product_tag-yi-pin-qian-exclusive","23":"first","24":"instock","25":"sale","26":"shipping-taxable","27":"purchasable","28":"product-type-simple"},"_links":{"self":[{"href":"https:\/\/shop.yipinqian.com\/es\/wp-json\/wp\/v2\/product\/9001","targetHints":{"allow":["GET"]}}],"collection":[{"href":"https:\/\/shop.yipinqian.com\/es\/wp-json\/wp\/v2\/product"}],"about":[{"href":"https:\/\/shop.yipinqian.com\/es\/wp-json\/wp\/v2\/types\/product"}],"replies":[{"embeddable":true,"href":"https:\/\/shop.yipinqian.com\/es\/wp-json\/wp\/v2\/comments?post=9001"}],"version-history":[{"count":0,"href":"https:\/\/shop.yipinqian.com\/es\/wp-json\/wp\/v2\/product\/9001\/revisions"}],"wp:featuredmedia":[{"embeddable":true,"href":"https:\/\/shop.yipinqian.com\/es\/wp-json\/wp\/v2\/media\/9027"}],"wp:attachment":[{"href":"https:\/\/shop.yipinqian.com\/es\/wp-json\/wp\/v2\/media?parent=9001"}],"wp:term":[{"taxonomy":"product_brand","embeddable":true,"href":"https:\/\/shop.yipinqian.com\/es\/wp-json\/wp\/v2\/product_brand?post=9001"},{"taxonomy":"product_cat","embeddable":true,"href":"https:\/\/shop.yipinqian.com\/es\/wp-json\/wp\/v2\/product_cat?post=9001"},{"taxonomy":"product_tag","embeddable":true,"href":"https:\/\/shop.yipinqian.com\/es\/wp-json\/wp\/v2\/product_tag?post=9001"}],"curies":[{"name":"wp","href":"https:\/\/api.w.org\/{rel}","templated":true}]}}