{"id":1884,"date":"2024-10-24T23:23:25","date_gmt":"2024-10-24T15:23:25","guid":{"rendered":"https:\/\/shop.yipinqian.com\/product\/yellow-natural-type-a-jadeite-pendant-carved-as-fish-with-certificate-weigh-28-33-grams-55-50-2-7-mm-meaning-many-sons-and-many-blessings-full-of-children-and-grandchildren-and-life-is-harmonious-and\/"},"modified":"2025-02-17T00:04:19","modified_gmt":"2025-02-16T16:04:19","slug":"yellow-natural-type-a-jadeite-pendant-carved-as-fish-with-certificate-weigh-28-33-grams-55-50-2-7-mm-meaning-many-sons-and-many-blessings-full-of-children-and-grandchildren-and-life-is-harmonious-and","status":"publish","type":"product","link":"https:\/\/shop.yipinqian.com\/es\/producto\/yellow-natural-type-a-jadeite-pendant-carved-as-fish-with-certificate-weigh-28-33-grams-55-50-2-7-mm-meaning-many-sons-and-many-blessings-full-of-children-and-grandchildren-and-life-is-harmonious-and\/","title":{"rendered":"Yellow Natural Type A Jadeite Pendant carved as Fish with certificate weigh 28.33 grams, 55 * 50.2 * 7 mm, meaning Many sons and many blessings, full of children and grandchildren and Life is harmonious and smooth,free from worries and sorrows (pendant77)"},"content":{"rendered":"<ul>\n<li>This Yellow Natural Type A Jadeite Pendant is truly a work of art, carved in the shape of a fish and weighing 28.33 grams, with dimensions of 55 * 50.2 * 7 mm.<\/li>\n<\/ul>\n<ul>\n<li>It comes with a certificate which confirms its authenticity.<\/li>\n<\/ul>\n<p><strong>Certificate numbers: GD2110H018515<\/strong><\/p>\n<ul>\n<li>The pendant is believed to bring good luck to the wearer, as it signifies &#8220;Many sons and many blessings, full of children and grandchildren&#8221; as well as &#8220;Life is harmonious and smooth, free from worries and sorrows.&#8221;<\/li>\n<\/ul>\n<p><img fetchpriority=\"high\" decoding=\"async\" height=\"1080\" src=\"https:\/\/shop.yipinqian.com\/wp-content\/uploads\/2024\/10\/93675bf5c1fcfe47bb987fb113f4a129-1.jpg?from=476444299\" width=\"1080\"><\/p>\n<ul>\n<li>This makes it an ideal accessory for daily wear. This unisex pendant has been crafted using Jadeite which gives it an air of elegance.<\/li>\n<\/ul>\n<ul>\n<li>The necklace style can be best described as casual but can complement any outfit without being too loud or overpowering.<\/li>\n<\/ul>\n<ul>\n<li>If you&#8217;re looking for an accessory that will add some charm to your outfit while bringing good fortune your way \u2013 this Yellow Natural Type A Jadeite Pendant carved as Fish could be just what you need!<\/li>\n<\/ul>\n<p>Yi Pin Qian \u2013 Comerciante de piedras preciosas y metales preciosos en Singapur \u2013 N\u00famero de licencia PS20190000031<\/p>\n<p>*Todos los jade\u00edtas comprados a Yi Pin Qian en Singapur, los clientes pueden reservar espacios para pulirlos o hacer reparaciones menores por mal manejo; se aplican tarifas y solo para los clientes de Yi Pin Qian en Singapur*<\/p>\n<p><strong>**Tipos de certificados**<\/strong><\/p>\n<p><strong>NGI (Gemolog\u00eda Nan Yang)<\/strong><\/p>\n<p>o <strong>Certificados en el extranjero <\/strong>(Yi Pin Qian solo utiliza certificados aut\u00e9nticos de laboratorios extranjeros y tambi\u00e9n controla la calidad de cada uno de nuestros productos antes de ponerlos a la venta en SG)<\/p>\n<p>Todos los productos de TikTok contar\u00e1n con el tipo de certificado que se indica en la descripci\u00f3n. Para cualquier cliente que desee enviar su pedido a NGI Singapur, habr\u00e1 un tiempo de espera para la entrega del pedido estimado de aproximadamente 4 semanas para recibirlo. <strong>Las solicitudes de informes de NGI Gemstone deben realizarse enviando un mensaje a la tienda TikTok de Yi Pin Qian.<\/strong> Gracias, <strong><u>Se aplican tarifas adicionales<\/u><\/strong>.<\/p>\n<p><strong>La jade\u00edta natural no es perfecta, solo un peque\u00f1o recordatorio: nuestra jade\u00edta natural, como todas las cosas hermosas de la naturaleza, tiene sus caracter\u00edsticas y variaciones \u00fanicas. Invitamos a nuestros valiosos clientes a adoptar estas variaciones naturales. \u00a1Felices compras!<\/strong><\/p>\n<p><strong><u>Ninguna de las fotograf\u00edas ni los v\u00eddeos han sido filtrados. Animamos a nuestros clientes a que vean tambi\u00e9n los v\u00eddeos adjuntos para tener una visi\u00f3n m\u00e1s completa de nuestros productos.<\/u><\/strong><\/p>","protected":false},"excerpt":{"rendered":"<p>This Yellow Natural Type A Jadeite Pendant is truly a work of art, carved in the shape of a fish and weighing 28.33 grams, with dimensions of 55 * 50.2 * 7 mm. It comes with a certificate which confirms its authenticity. Certificate numbers: GD2110H018515 The pendant is believed to bring good luck to the [&hellip;]<\/p>","protected":false},"featured_media":1929,"comment_status":"open","ping_status":"closed","template":"","meta":[],"product_brand":[],"product_cat":[48],"product_tag":[],"class_list":{"0":"post-1884","1":"product","2":"type-product","3":"status-publish","4":"has-post-thumbnail","6":"product_cat-pendants","8":"first","9":"instock","10":"sale","11":"shipping-taxable","12":"purchasable","13":"product-type-simple"},"_links":{"self":[{"href":"https:\/\/shop.yipinqian.com\/es\/wp-json\/wp\/v2\/product\/1884","targetHints":{"allow":["GET"]}}],"collection":[{"href":"https:\/\/shop.yipinqian.com\/es\/wp-json\/wp\/v2\/product"}],"about":[{"href":"https:\/\/shop.yipinqian.com\/es\/wp-json\/wp\/v2\/types\/product"}],"replies":[{"embeddable":true,"href":"https:\/\/shop.yipinqian.com\/es\/wp-json\/wp\/v2\/comments?post=1884"}],"version-history":[{"count":0,"href":"https:\/\/shop.yipinqian.com\/es\/wp-json\/wp\/v2\/product\/1884\/revisions"}],"wp:featuredmedia":[{"embeddable":true,"href":"https:\/\/shop.yipinqian.com\/es\/wp-json\/wp\/v2\/media\/1929"}],"wp:attachment":[{"href":"https:\/\/shop.yipinqian.com\/es\/wp-json\/wp\/v2\/media?parent=1884"}],"wp:term":[{"taxonomy":"product_brand","embeddable":true,"href":"https:\/\/shop.yipinqian.com\/es\/wp-json\/wp\/v2\/product_brand?post=1884"},{"taxonomy":"product_cat","embeddable":true,"href":"https:\/\/shop.yipinqian.com\/es\/wp-json\/wp\/v2\/product_cat?post=1884"},{"taxonomy":"product_tag","embeddable":true,"href":"https:\/\/shop.yipinqian.com\/es\/wp-json\/wp\/v2\/product_tag?post=1884"}],"curies":[{"name":"wp","href":"https:\/\/api.w.org\/{rel}","templated":true}]}}