{"id":1882,"date":"2024-10-24T23:23:23","date_gmt":"2024-10-24T15:23:23","guid":{"rendered":"https:\/\/shop.yipinqian.com\/product\/yellow-natural-type-a-jadeite-jade-pendant-crafted-as-dragon-turtle-set-on-18k-gold-with-diamond-certificate-weigh-6-69-grams-measurement-33-8-17-7-11-6-mm-18kp16\/"},"modified":"2025-02-17T00:04:19","modified_gmt":"2025-02-16T16:04:19","slug":"yellow-natural-type-a-jadeite-jade-pendant-crafted-as-dragon-turtle-set-on-18k-gold-with-diamond-certificate-weigh-6-69-grams-measurement-33-8-17-7-11-6-mm-18kp16","status":"publish","type":"product","link":"https:\/\/shop.yipinqian.com\/es\/producto\/yellow-natural-type-a-jadeite-jade-pendant-crafted-as-dragon-turtle-set-on-18k-gold-with-diamond-certificate-weigh-6-69-grams-measurement-33-8-17-7-11-6-mm-18kp16\/","title":{"rendered":"Colgante de jade\u00edta natural tipo A amarillo elaborado como tortuga drag\u00f3n engastada en oro de 18 k con diamante, certificado, peso 6,69 gramos, medida 33,8 * 17,7 * 11,6 mm (18kp16)"},"content":{"rendered":"<p>Este hermoso colgante de jade\u00edta natural tipo A de color amarillo es una incorporaci\u00f3n imprescindible a su colecci\u00f3n de joyas. Elaborado en forma de tortuga drag\u00f3n y montado en oro de 18 quilates con diamantes, este colgante es una verdadera obra maestra que agregar\u00e1 elegancia y estilo a cualquier atuendo.<\/p>\n<p>\u00a0<\/p>\n<p><strong>N\u00fameros de certificado: ZSJ12209021962<\/strong><\/p>\n<p>\u00a0<\/p>\n<p><strong>Jade\u00edta Tortuga Drag\u00f3n: 26,2 *<em> 17 *<\/em> 8,3 mil\u00edmetros<\/strong><\/p>\n<p><strong>Oro de 18k Peso: 1,65 gramos<\/strong><\/p>\n<p><strong>Diamante: 1 * 0,06 = 0,06 quilates<\/strong><\/p>\n<p>\u00a0<\/p>\n<ul>\n<li>\n<strong>Alta calidad:<\/strong> Hecho de jade\u00edta natural tipo A, este colgante es de la m\u00e1s alta calidad.<\/li>\n<li>\n<strong>Dise\u00f1o \u00fanico:<\/strong> Elaborado como Tortuga Drag\u00f3n, este colgante tiene un dise\u00f1o llamativo que simboliza la longevidad y la buena fortuna.<\/li>\n<li>\n<strong>Material de primera calidad:<\/strong> Montado en oro de 18 quilates con diamante, el material secundario de este collar a\u00f1ade un toque de sofisticaci\u00f3n y lujo.<\/li>\n<\/ul>\n<p>Con un peso de 6,69 gramos y unas medidas de 33,8*17,7*11,6 mm (18kp16), este collar es perfecto tanto para hombres como para mujeres amantes de los accesorios de joyer\u00eda de estilo casual.\u00a0<\/p>\n<ul>\n<li>\n<strong>Certificado incluido:<\/strong>Este producto viene con certificado de Myanmar que garantiza su autenticidad.<\/li>\n<\/ul>\n<p>\u00a1Agrega un poco de encanto a tu colecci\u00f3n de estilo casual adquiriendo uno hoy!<\/p>\n<p>\u00a0<\/p>\n<p>Yi Pin Qian \u2013 Comerciante de piedras preciosas y metales preciosos en Singapur \u2013 N\u00famero de licencia PS20190000031<\/p>\n<p>\u00a0<\/p>\n<p>*Todos los jade\u00edtas comprados a Yi Pin Qian en Singapur, los clientes pueden reservar espacios para pulirlos o hacer reparaciones menores por mal manejo; se aplican tarifas y solo para los clientes de Yi Pin Qian en Singapur*<\/p>\n<p>\u00a0<\/p>\n<p><strong>**Tipos de certificados**<\/strong><\/p>\n<p>\u00a0<\/p>\n<p><strong>NGI (Gemolog\u00eda Nan Yang)<\/strong><\/p>\n<p>o <strong>Certificados en el extranjero <\/strong>(Yi Pin Qian solo utiliza certificados aut\u00e9nticos de laboratorios extranjeros y tambi\u00e9n controla la calidad de cada uno de nuestros productos antes de ponerlos a la venta en SG)<\/p>\n<p>\u00a0<\/p>\n<p>Todos los productos de TikTok contar\u00e1n con el tipo de certificado que se indica en la descripci\u00f3n. Para cualquier cliente que desee enviar su pedido a NGI Singapur, habr\u00e1 un tiempo de espera para la entrega del pedido estimado de aproximadamente 4 semanas para recibirlo. <strong>Las solicitudes de informes de NGI Gemstone deben realizarse enviando un mensaje a la tienda TikTok de Yi Pin Qian.<\/strong> Gracias, <strong><u>Se aplican tarifas adicionales<\/u><\/strong>.<\/p>\n<p>\u00a0<\/p>\n<p><strong>La jade\u00edta natural no es perfecta, solo un peque\u00f1o recordatorio: nuestra jade\u00edta natural, como todas las cosas hermosas de la naturaleza, tiene sus caracter\u00edsticas y variaciones \u00fanicas. Invitamos a nuestros valiosos clientes a adoptar estas variaciones naturales. \u00a1Felices compras!<\/strong><\/p>\n<p>\u00a0<\/p>\n<p><strong><u>Ninguna de las fotograf\u00edas ni los v\u00eddeos han sido filtrados. Animamos a nuestros clientes a que vean tambi\u00e9n los v\u00eddeos adjuntos para tener una visi\u00f3n m\u00e1s completa de nuestros productos.<\/u><\/strong><\/p>","protected":false},"excerpt":{"rendered":"<p>This beautiful Yellow Natural Type A Jadeite Jade Pendant is a must-have addition to your jewelry collection. Crafted as Dragon Turtle and set on 18k gold with diamond, this pendant is a true masterpiece that will add elegance and style to any outfit. \u00a0 Certificate numbers: ZSJ12209021962 \u00a0 Dragon Turtle Jadeite: 26.2 * 17 * [&hellip;]<\/p>","protected":false},"featured_media":8727,"comment_status":"open","ping_status":"closed","template":"","meta":[],"product_brand":[],"product_cat":[120,48],"product_tag":[],"class_list":{"0":"post-1882","1":"product","2":"type-product","3":"status-publish","4":"has-post-thumbnail","6":"product_cat-18k-gold-setting-pendants","7":"product_cat-pendants","9":"first","10":"instock","11":"sale","12":"shipping-taxable","13":"purchasable","14":"product-type-simple"},"_links":{"self":[{"href":"https:\/\/shop.yipinqian.com\/es\/wp-json\/wp\/v2\/product\/1882","targetHints":{"allow":["GET"]}}],"collection":[{"href":"https:\/\/shop.yipinqian.com\/es\/wp-json\/wp\/v2\/product"}],"about":[{"href":"https:\/\/shop.yipinqian.com\/es\/wp-json\/wp\/v2\/types\/product"}],"replies":[{"embeddable":true,"href":"https:\/\/shop.yipinqian.com\/es\/wp-json\/wp\/v2\/comments?post=1882"}],"version-history":[{"count":0,"href":"https:\/\/shop.yipinqian.com\/es\/wp-json\/wp\/v2\/product\/1882\/revisions"}],"wp:featuredmedia":[{"embeddable":true,"href":"https:\/\/shop.yipinqian.com\/es\/wp-json\/wp\/v2\/media\/8727"}],"wp:attachment":[{"href":"https:\/\/shop.yipinqian.com\/es\/wp-json\/wp\/v2\/media?parent=1882"}],"wp:term":[{"taxonomy":"product_brand","embeddable":true,"href":"https:\/\/shop.yipinqian.com\/es\/wp-json\/wp\/v2\/product_brand?post=1882"},{"taxonomy":"product_cat","embeddable":true,"href":"https:\/\/shop.yipinqian.com\/es\/wp-json\/wp\/v2\/product_cat?post=1882"},{"taxonomy":"product_tag","embeddable":true,"href":"https:\/\/shop.yipinqian.com\/es\/wp-json\/wp\/v2\/product_tag?post=1882"}],"curies":[{"name":"wp","href":"https:\/\/api.w.org\/{rel}","templated":true}]}}