{"id":1880,"date":"2024-10-24T23:23:22","date_gmt":"2024-10-24T15:23:22","guid":{"rendered":"https:\/\/shop.yipinqian.com\/product\/yellow-icy-translucent-natural-type-a-jadeite-jade-crafted-with-shape-of-ginseng-as-pendant-set-with-18k-gold-clasp-certificate-weighs-4-85-grams-18kp39\/"},"modified":"2025-02-24T00:49:49","modified_gmt":"2025-02-23T16:49:49","slug":"yellow-icy-translucent-natural-type-a-jadeite-jade-crafted-with-shape-of-ginseng-as-pendant-set-with-18k-gold-clasp-certificate-weighs-4-85-grams-18kp39","status":"publish","type":"product","link":"https:\/\/shop.yipinqian.com\/es\/producto\/yellow-icy-translucent-natural-type-a-jadeite-jade-crafted-with-shape-of-ginseng-as-pendant-set-with-18k-gold-clasp-certificate-weighs-4-85-grams-18kp39\/","title":{"rendered":"Colgante de jade\u00edta natural transl\u00facido amarillo helado tipo A elaborado con forma de ginseng con cierre de oro de 18 k, certificado que pesa 4,85 gramos (18kp39)"},"content":{"rendered":"<p>Este colgante de jade\u00edta natural tipo A transl\u00facido amarillo helado es una impresionante pieza de joyer\u00eda elaborada con la forma de ginseng y engastada con un elegante cierre de oro de 18 quilates.<\/p>\n<p data-pm-slice=\"1 1 []\">Medida de jade\u00edta: 34,6*<em> 14.5 *<\/em> 5,9 mil\u00edmetros<\/p>\n<p>N\u00fameros de certificado: GD2111H018855<\/p>\n<p>Cierre de oro de 18 quilates: 0,33 gramos<\/p>\n<p>Diamantes: 0,003 quilates<\/p>\n<ul>\n<li>Certificado incluido<\/li>\n<li>Pesa 4,85 gramos<\/li>\n<\/ul>\n<p>El jade jade\u00edta utilizado en este colgante es de alta calidad, originario de Myanmar, y emana un hermoso tono transl\u00facido amarillo helado.<\/p>\n<ul>\n<li>Con Certificado: Si<\/li>\n<li>Material secundario: Diamante<\/li>\n<li>Material de la montura: oro de 1 quilate<\/li>\n<li>Ocasi\u00f3n: uso diario<\/li>\n<\/ul>\n<p>Este estilo de collar es perfecto para uso casual, a\u00f1adiendo un toque de elegancia a tus atuendos diarios.<\/p>\n<p>\u00a0<\/p>\n<p><strong>La jade\u00edta natural no es perfecta, solo un peque\u00f1o recordatorio: nuestra jade\u00edta natural, como todas las cosas hermosas de la naturaleza, tiene sus caracter\u00edsticas y variaciones \u00fanicas. Invitamos a nuestros valiosos clientes a adoptar estas variaciones naturales. \u00a1Felices compras!<\/strong><\/p>\n<p>\u00a0<\/p>\n<p><strong><u>Ninguna de las fotograf\u00edas ni los v\u00eddeos han sido filtrados. Animamos a nuestros clientes a que vean tambi\u00e9n los v\u00eddeos adjuntos para tener una visi\u00f3n m\u00e1s completa de nuestros productos.<\/u><\/strong><\/p>","protected":false},"excerpt":{"rendered":"<p>This Yellow Icy Translucent Natural Type A Jadeite Jade pendant is a stunning piece of jewelry crafted in the shape of a ginseng and set with an elegant 18k gold clasp. Jadeite measurement: 34.6 * 14.5 * 5.9 mm Certificate numbers: GD2111H018855 18k Gold Clasp: 0.33 grams Diamonds: 0.003 carats Certificate included Weighs 4.85 grams [&hellip;]<\/p>","protected":false},"featured_media":8706,"comment_status":"open","ping_status":"closed","template":"","meta":[],"product_brand":[],"product_cat":[194],"product_tag":[],"class_list":{"0":"post-1880","1":"product","2":"type-product","3":"status-publish","4":"has-post-thumbnail","6":"product_cat-value-picks","8":"first","9":"instock","10":"sale","11":"shipping-taxable","12":"purchasable","13":"product-type-simple"},"_links":{"self":[{"href":"https:\/\/shop.yipinqian.com\/es\/wp-json\/wp\/v2\/product\/1880","targetHints":{"allow":["GET"]}}],"collection":[{"href":"https:\/\/shop.yipinqian.com\/es\/wp-json\/wp\/v2\/product"}],"about":[{"href":"https:\/\/shop.yipinqian.com\/es\/wp-json\/wp\/v2\/types\/product"}],"replies":[{"embeddable":true,"href":"https:\/\/shop.yipinqian.com\/es\/wp-json\/wp\/v2\/comments?post=1880"}],"version-history":[{"count":0,"href":"https:\/\/shop.yipinqian.com\/es\/wp-json\/wp\/v2\/product\/1880\/revisions"}],"wp:featuredmedia":[{"embeddable":true,"href":"https:\/\/shop.yipinqian.com\/es\/wp-json\/wp\/v2\/media\/8706"}],"wp:attachment":[{"href":"https:\/\/shop.yipinqian.com\/es\/wp-json\/wp\/v2\/media?parent=1880"}],"wp:term":[{"taxonomy":"product_brand","embeddable":true,"href":"https:\/\/shop.yipinqian.com\/es\/wp-json\/wp\/v2\/product_brand?post=1880"},{"taxonomy":"product_cat","embeddable":true,"href":"https:\/\/shop.yipinqian.com\/es\/wp-json\/wp\/v2\/product_cat?post=1880"},{"taxonomy":"product_tag","embeddable":true,"href":"https:\/\/shop.yipinqian.com\/es\/wp-json\/wp\/v2\/product_tag?post=1880"}],"curies":[{"name":"wp","href":"https:\/\/api.w.org\/{rel}","templated":true}]}}