{"id":1877,"date":"2024-10-24T23:23:21","date_gmt":"2024-10-24T15:23:21","guid":{"rendered":"https:\/\/shop.yipinqian.com\/product\/yellow-and-white-semi-icy-natural-type-a-jadeite-pendant-necklace-crafted-with-nine-tail-fox-symbols-of-love-charisma-and-good-luck-gic-labs-approved-certificate-included-weigh-32-9-grams-44-36-9-mm-s\/"},"modified":"2025-02-24T00:49:49","modified_gmt":"2025-02-23T16:49:49","slug":"yellow-and-white-semi-icy-natural-type-a-jadeite-pendant-necklace-crafted-with-nine-tail-fox-symbols-of-love-charisma-and-good-luck-gic-labs-approved-certificate-included-weigh-32-9-grams-44-36-9-mm-s","status":"publish","type":"product","link":"https:\/\/shop.yipinqian.com\/es\/producto\/yellow-and-white-semi-icy-natural-type-a-jadeite-pendant-necklace-crafted-with-nine-tail-fox-symbols-of-love-charisma-and-good-luck-gic-labs-approved-certificate-included-weigh-32-9-grams-44-36-9-mm-s\/","title":{"rendered":"Collar colgante de jade\u00edta natural tipo A semihelado amarillo y blanco elaborado con nueve s\u00edmbolos de cola de zorro de amor, carisma y buena suerte, certificado aprobado por QIC Labs incluido, pesa 32,9 gramos, 44 * 36 * 9 mm, adecuado para uso diario"},"content":{"rendered":"<p>Este collar con colgante de jade\u00edta natural tipo A semiglacial de color amarillo y blanco es un accesorio de joyer\u00eda impresionante que te brindar\u00e1 amor, carisma y buena suerte. Los s\u00edmbolos de nueve colas de zorro est\u00e1n bellamente elaborados para crear una pieza elegante adecuada para el uso diario.<\/p>\n<ul>\n<li>Dise\u00f1o simb\u00f3lico: Los s\u00edmbolos del zorro de nueve colas representan el amor, el carisma y la buena suerte.<\/li>\n<li>Alta calidad: este collar colgante est\u00e1 elaborado con jade\u00edta natural tipo A semihelada amarilla y blanca.<\/li>\n<li>Certificado de autenticidad: este collar viene con un certificado aprobado por QIC Labs para su tranquilidad.<\/li>\n<\/ul>\n<p><strong>N\u00fameros de certificado: SD24022006513<\/strong><\/p>\n<p><img fetchpriority=\"high\" decoding=\"async\" src=\"https:\/\/shop.yipinqian.com\/wp-content\/uploads\/2024\/10\/d88bf61c310353f736d044ad7ac09c4e.jpg?from=476444299\" width=\"1080\" height=\"1080\" \/><\/p>\n<p>Este collar unisex, que pesa 32,9 gramos y mide 44 x 36 x 9 mm, es perfecto para llevar de forma informal en cualquier ocasi\u00f3n. Est\u00e1 elaborado con jade\u00edta de alta calidad de origen birmano y es un collar de estilo informal que promete realzar tu estilo sin comprometer la comodidad ni la calidad.<\/p>\n<p>\u00a0<\/p>\n<p>Yi Pin Qian \u2013 Comerciante de piedras preciosas y metales preciosos en Singapur \u2013 N\u00famero de licencia PS20190000031<\/p>\n<p>\u00a0<\/p>\n<p>*Todos los jade\u00edtas comprados a Yi Pin Qian en Singapur, los clientes pueden reservar espacios para pulirlos o hacer reparaciones menores por mal manejo; se aplican tarifas y solo para los clientes de Yi Pin Qian en Singapur*<\/p>\n<p>\u00a0<\/p>\n<p><strong>**Tipos de certificados**<\/strong><\/p>\n<p>\u00a0<\/p>\n<p><strong>NGI (Gemolog\u00eda Nan Yang)<\/strong><\/p>\n<p>o <strong>Certificados en el extranjero <\/strong>(Yi Pin Qian solo utiliza certificados aut\u00e9nticos de laboratorios extranjeros y tambi\u00e9n controla la calidad de cada uno de nuestros productos antes de ponerlos a la venta en SG)<\/p>\n<p>\u00a0<\/p>\n<p>Todos los productos de TikTok contar\u00e1n con el tipo de certificado que se indica en la descripci\u00f3n. Para cualquier cliente que desee enviar su pedido a NGI Singapur, habr\u00e1 un tiempo de espera para la entrega del pedido estimado de aproximadamente 4 semanas para recibirlo. <strong>Las solicitudes de informes de NGI Gemstone deben realizarse enviando un mensaje a la tienda TikTok de Yi Pin Qian.<\/strong> Gracias, <strong><u>Se aplican tarifas adicionales<\/u><\/strong>.<\/p>\n<p>\u00a0<\/p>\n<p><strong>La jade\u00edta natural no es perfecta, solo un peque\u00f1o recordatorio: nuestra jade\u00edta natural, como todas las cosas hermosas de la naturaleza, tiene sus caracter\u00edsticas y variaciones \u00fanicas. Invitamos a nuestros valiosos clientes a adoptar estas variaciones naturales. \u00a1Felices compras!<\/strong><\/p>\n<p>\u00a0<\/p>\n<p><strong><u>Ninguna de las fotograf\u00edas ni los v\u00eddeos han sido filtrados. Animamos a nuestros clientes a que vean tambi\u00e9n los v\u00eddeos adjuntos para tener una visi\u00f3n m\u00e1s completa de nuestros productos.<\/u><\/strong><\/p>\n<p>\u00a0<\/p>\n<p>.<\/p>","protected":false},"excerpt":{"rendered":"<p>This Yellow and White Semi Icy Natural Type A Jadeite Pendant Necklace is a stunning Jewelry Accessory that will bring you Love, Charisma, and Good Luck. The nine tail fox symbols are beautifully crafted to create an elegant piece suitable for Daily wear. Symbolic Design: The nine tail fox symbols represent Love, Charisma, and Good [&hellip;]<\/p>","protected":false},"featured_media":8684,"comment_status":"open","ping_status":"closed","template":"","meta":[],"product_brand":[],"product_cat":[194],"product_tag":[],"class_list":{"0":"post-1877","1":"product","2":"type-product","3":"status-publish","4":"has-post-thumbnail","6":"product_cat-value-picks","8":"first","9":"instock","10":"sale","11":"shipping-taxable","12":"purchasable","13":"product-type-simple"},"_links":{"self":[{"href":"https:\/\/shop.yipinqian.com\/es\/wp-json\/wp\/v2\/product\/1877","targetHints":{"allow":["GET"]}}],"collection":[{"href":"https:\/\/shop.yipinqian.com\/es\/wp-json\/wp\/v2\/product"}],"about":[{"href":"https:\/\/shop.yipinqian.com\/es\/wp-json\/wp\/v2\/types\/product"}],"replies":[{"embeddable":true,"href":"https:\/\/shop.yipinqian.com\/es\/wp-json\/wp\/v2\/comments?post=1877"}],"version-history":[{"count":0,"href":"https:\/\/shop.yipinqian.com\/es\/wp-json\/wp\/v2\/product\/1877\/revisions"}],"wp:featuredmedia":[{"embeddable":true,"href":"https:\/\/shop.yipinqian.com\/es\/wp-json\/wp\/v2\/media\/8684"}],"wp:attachment":[{"href":"https:\/\/shop.yipinqian.com\/es\/wp-json\/wp\/v2\/media?parent=1877"}],"wp:term":[{"taxonomy":"product_brand","embeddable":true,"href":"https:\/\/shop.yipinqian.com\/es\/wp-json\/wp\/v2\/product_brand?post=1877"},{"taxonomy":"product_cat","embeddable":true,"href":"https:\/\/shop.yipinqian.com\/es\/wp-json\/wp\/v2\/product_cat?post=1877"},{"taxonomy":"product_tag","embeddable":true,"href":"https:\/\/shop.yipinqian.com\/es\/wp-json\/wp\/v2\/product_tag?post=1877"}],"curies":[{"name":"wp","href":"https:\/\/api.w.org\/{rel}","templated":true}]}}